{"id":32813,"date":"2025-03-17T07:15:18","date_gmt":"2025-03-17T07:15:18","guid":{"rendered":"https:\/\/yumicos.com\/product\/final-fantasy-xiv-red-mage-cosplay-costume-roupa-de-mago-vermelho-autentica-e-de-alta-qualidade\/"},"modified":"2025-10-20T15:47:56","modified_gmt":"2025-10-20T15:47:56","slug":"ffxiv-red-mage-costume","status":"publish","type":"product","link":"https:\/\/yumicos.com\/pt-pt\/product\/ffxiv-red-mage-costume\/","title":{"rendered":"Final Fantasy XIV Red Mage Cosplay Costume &#8211; Roupa de Mago Vermelho aut\u00eantica e de alta qualidade"},"content":{"rendered":"<p><img fetchpriority=\"high\" decoding=\"async\" class=\"alignnone size-full wp-image-285\" src=\"https:\/\/yumicos.com\/wp-content\/uploads\/2025\/01\/chanp.jpg\" alt=\"\" width=\"790\" height=\"92\" srcset=\"https:\/\/yumicos.com\/wp-content\/uploads\/2025\/01\/chanp.jpg 790w, https:\/\/yumicos.com\/wp-content\/uploads\/2025\/01\/chanp-300x35.jpg 300w, https:\/\/yumicos.com\/wp-content\/uploads\/2025\/01\/chanp-768x89.jpg 768w, https:\/\/yumicos.com\/wp-content\/uploads\/2025\/01\/chanp-600x70.jpg 600w\" sizes=\"(max-width: 790px) 100vw, 790px\" \/><\/p>\n<p><strong>Fonte<\/strong>:FF14<\/p>\n<p><strong>Personagem<\/strong>: Mago Vermelho<\/p>\n<p><strong>Inclu\u00eddo<\/strong>: roupas e acess\u00f3rios<\/p>\n<p data-start=\"0\" data-end=\"105\"><strong data-start=\"0\" data-end=\"13\">Material:<\/strong> Feito de poli\u00e9ster de alta qualidade e couro sint\u00e9tico para um ajuste confort\u00e1vel e dur\u00e1vel.<\/p>\n<p data-start=\"107\" data-end=\"204\"><strong data-start=\"107\" data-end=\"129\">Instru\u00e7\u00f5es de manuten\u00e7\u00e3o:<\/strong> Lavar \u00e0 m\u00e3o em \u00e1gua fria, evitar lix\u00edvia e pendurar para secar para obter melhores resultados.<\/p>\n<p data-start=\"206\" data-end=\"319\"><strong data-start=\"206\" data-end=\"215\">Tamanho:<\/strong> Por favor, note que o tamanho segue os padr\u00f5es asi\u00e1ticos e pode variar de 1-3 cm devido \u00e0 medi\u00e7\u00e3o manual.<\/p>\n<p data-start=\"321\" data-end=\"347\" data-is-last-node=\"\" data-is-only-node=\"\"><strong data-start=\"321\" data-end=\"329\">Ponta:<\/strong> 1 cm \u2248 0,39 polegadas.<\/p>\n<p><img decoding=\"async\" class=\"alignnone size-full wp-image-287\" src=\"https:\/\/yumicos.com\/wp-content\/uploads\/2025\/01\/xijie.jpg\" alt=\"\" width=\"790\" height=\"92\" srcset=\"https:\/\/yumicos.com\/wp-content\/uploads\/2025\/01\/xijie.jpg 790w, https:\/\/yumicos.com\/wp-content\/uploads\/2025\/01\/xijie-300x35.jpg 300w, https:\/\/yumicos.com\/wp-content\/uploads\/2025\/01\/xijie-768x89.jpg 768w, https:\/\/yumicos.com\/wp-content\/uploads\/2025\/01\/xijie-600x70.jpg 600w\" sizes=\"(max-width: 790px) 100vw, 790px\" \/><\/p>\n<p><img decoding=\"async\" class=\" wp-image-1454\" src=\"https:\/\/yumicos.com\/wp-content\/uploads\/2025\/03\/3-5-872x1024.jpg\" alt=\"Red Mage Cosplay Costume Detail View \u2013 Final Fantasy XIV\" width=\"750\" height=\"881\" srcset=\"https:\/\/yumicos.com\/wp-content\/uploads\/2025\/03\/3-5-872x1024.jpg 872w, https:\/\/yumicos.com\/wp-content\/uploads\/2025\/03\/3-5-255x300.jpg 255w, https:\/\/yumicos.com\/wp-content\/uploads\/2025\/03\/3-5-768x902.jpg 768w, https:\/\/yumicos.com\/wp-content\/uploads\/2025\/03\/3-5-1308x1536.jpg 1308w, https:\/\/yumicos.com\/wp-content\/uploads\/2025\/03\/3-5-600x705.jpg 600w, https:\/\/yumicos.com\/wp-content\/uploads\/2025\/03\/3-5.jpg 1500w\" sizes=\"(max-width: 750px) 100vw, 750px\" \/><\/p>\n<p><img loading=\"lazy\" decoding=\"async\" class=\" wp-image-1455\" src=\"https:\/\/yumicos.com\/wp-content\/uploads\/2025\/03\/4-4-746x1024.jpg\" alt=\"Red Mage Cosplay Costume Detail View \u2013 Final Fantasy XIV\" width=\"750\" height=\"1029\" srcset=\"https:\/\/yumicos.com\/wp-content\/uploads\/2025\/03\/4-4-746x1024.jpg 746w, https:\/\/yumicos.com\/wp-content\/uploads\/2025\/03\/4-4-218x300.jpg 218w, https:\/\/yumicos.com\/wp-content\/uploads\/2025\/03\/4-4-768x1055.jpg 768w, https:\/\/yumicos.com\/wp-content\/uploads\/2025\/03\/4-4-1118x1536.jpg 1118w, https:\/\/yumicos.com\/wp-content\/uploads\/2025\/03\/4-4-600x824.jpg 600w, https:\/\/yumicos.com\/wp-content\/uploads\/2025\/03\/4-4.jpg 1398w\" sizes=\"(max-width: 750px) 100vw, 750px\" \/><\/p>\n<p><img loading=\"lazy\" decoding=\"async\" class=\" wp-image-1456\" src=\"https:\/\/yumicos.com\/wp-content\/uploads\/2025\/03\/5-4-826x1024.jpg\" alt=\"Red Mage Cosplay Costume Detail View \u2013 Final Fantasy XIV\" width=\"750\" height=\"930\" srcset=\"https:\/\/yumicos.com\/wp-content\/uploads\/2025\/03\/5-4-826x1024.jpg 826w, https:\/\/yumicos.com\/wp-content\/uploads\/2025\/03\/5-4-242x300.jpg 242w, https:\/\/yumicos.com\/wp-content\/uploads\/2025\/03\/5-4-768x952.jpg 768w, https:\/\/yumicos.com\/wp-content\/uploads\/2025\/03\/5-4-1239x1536.jpg 1239w, https:\/\/yumicos.com\/wp-content\/uploads\/2025\/03\/5-4-600x744.jpg 600w, https:\/\/yumicos.com\/wp-content\/uploads\/2025\/03\/5-4.jpg 1500w\" sizes=\"(max-width: 750px) 100vw, 750px\" \/><\/p>\n<p><img loading=\"lazy\" decoding=\"async\" class=\" wp-image-1457\" src=\"https:\/\/yumicos.com\/wp-content\/uploads\/2025\/03\/6-3-938x1024.jpg\" alt=\"Red Mage Cosplay Costume Detail View \u2013 Final Fantasy XIV\" width=\"750\" height=\"819\" srcset=\"https:\/\/yumicos.com\/wp-content\/uploads\/2025\/03\/6-3-938x1024.jpg 938w, https:\/\/yumicos.com\/wp-content\/uploads\/2025\/03\/6-3-275x300.jpg 275w, https:\/\/yumicos.com\/wp-content\/uploads\/2025\/03\/6-3-768x838.jpg 768w, https:\/\/yumicos.com\/wp-content\/uploads\/2025\/03\/6-3-1407x1536.jpg 1407w, https:\/\/yumicos.com\/wp-content\/uploads\/2025\/03\/6-3-600x655.jpg 600w, https:\/\/yumicos.com\/wp-content\/uploads\/2025\/03\/6-3.jpg 1500w\" sizes=\"(max-width: 750px) 100vw, 750px\" \/><\/p>\n","protected":false},"excerpt":{"rendered":"<p data-start=\"577\" data-end=\"833\">Este traje de cosplay de Red Mage de Final Fantasy XIV apresenta materiais de primeira qualidade e um design detalhado fiel ao personagem do jogo. Perfeita para conven\u00e7\u00f5es, representa\u00e7\u00f5es e sess\u00f5es fotogr\u00e1ficas, esta roupa garante que te destacas como um verdadeiro Red Mage.<\/p>\n","protected":false},"featured_media":10657,"comment_status":"open","ping_status":"closed","template":"","meta":{"_acf_changed":false,"_monsterinsights_skip_tracking":false,"_monsterinsights_sitenote_active":false,"_monsterinsights_sitenote_note":"","_monsterinsights_sitenote_category":0,"site-sidebar-layout":"default","site-content-layout":"","ast-site-content-layout":"default","site-content-style":"default","site-sidebar-style":"default","ast-global-header-display":"","ast-banner-title-visibility":"","ast-main-header-display":"","ast-hfb-above-header-display":"","ast-hfb-below-header-display":"","ast-hfb-mobile-header-display":"","site-post-title":"","ast-breadcrumbs-content":"","ast-featured-img":"","footer-sml-layout":"","theme-transparent-header-meta":"default","adv-header-id-meta":"","stick-header-meta":"default","header-above-stick-meta":"","header-main-stick-meta":"","header-below-stick-meta":"","astra-migrate-meta-layouts":"default","ast-page-background-enabled":"default","ast-page-background-meta":{"desktop":{"background-color":"var(--ast-global-color-4)","background-image":"","background-repeat":"repeat","background-position":"center center","background-size":"auto","background-attachment":"scroll","background-type":"","background-media":"","overlay-type":"","overlay-color":"","overlay-opacity":"","overlay-gradient":""},"tablet":{"background-color":"","background-image":"","background-repeat":"repeat","background-position":"center center","background-size":"auto","background-attachment":"scroll","background-type":"","background-media":"","overlay-type":"","overlay-color":"","overlay-opacity":"","overlay-gradient":""},"mobile":{"background-color":"","background-image":"","background-repeat":"repeat","background-position":"center center","background-size":"auto","background-attachment":"scroll","background-type":"","background-media":"","overlay-type":"","overlay-color":"","overlay-opacity":"","overlay-gradient":""}},"ast-content-background-meta":{"desktop":{"background-color":"var(--ast-global-color-5)","background-image":"","background-repeat":"repeat","background-position":"center center","background-size":"auto","background-attachment":"scroll","background-type":"","background-media":"","overlay-type":"","overlay-color":"","overlay-opacity":"","overlay-gradient":""},"tablet":{"background-color":"var(--ast-global-color-5)","background-image":"","background-repeat":"repeat","background-position":"center center","background-size":"auto","background-attachment":"scroll","background-type":"","background-media":"","overlay-type":"","overlay-color":"","overlay-opacity":"","overlay-gradient":""},"mobile":{"background-color":"var(--ast-global-color-5)","background-image":"","background-repeat":"repeat","background-position":"center center","background-size":"auto","background-attachment":"scroll","background-type":"","background-media":"","overlay-type":"","overlay-color":"","overlay-opacity":"","overlay-gradient":""}}},"product_brand":[],"product_cat":[156,114,360],"product_tag":[],"class_list":{"0":"post-32813","1":"product","2":"type-product","3":"status-publish","4":"has-post-thumbnail","6":"product_cat-anime","7":"product_cat-game-cosplay","8":"product_cat-final-fantasy-outfits","9":"desktop-align-left","10":"tablet-align-left","11":"mobile-align-left","12":"ast-product-gallery-layout-horizontal-slider","13":"ast-product-single-variable","14":"ast-product-tabs-layout-horizontal","16":"first","17":"instock","18":"sale","19":"purchasable","20":"product-type-variable"},"acf":[],"aioseo_notices":[],"_links":{"self":[{"href":"https:\/\/yumicos.com\/pt-pt\/wp-json\/wp\/v2\/product\/32813","targetHints":{"allow":["GET"]}}],"collection":[{"href":"https:\/\/yumicos.com\/pt-pt\/wp-json\/wp\/v2\/product"}],"about":[{"href":"https:\/\/yumicos.com\/pt-pt\/wp-json\/wp\/v2\/types\/product"}],"replies":[{"embeddable":true,"href":"https:\/\/yumicos.com\/pt-pt\/wp-json\/wp\/v2\/comments?post=32813"}],"wp:featuredmedia":[{"embeddable":true,"href":"https:\/\/yumicos.com\/pt-pt\/wp-json\/wp\/v2\/media\/10657"}],"wp:attachment":[{"href":"https:\/\/yumicos.com\/pt-pt\/wp-json\/wp\/v2\/media?parent=32813"}],"wp:term":[{"taxonomy":"product_brand","embeddable":true,"href":"https:\/\/yumicos.com\/pt-pt\/wp-json\/wp\/v2\/product_brand?post=32813"},{"taxonomy":"product_cat","embeddable":true,"href":"https:\/\/yumicos.com\/pt-pt\/wp-json\/wp\/v2\/product_cat?post=32813"},{"taxonomy":"product_tag","embeddable":true,"href":"https:\/\/yumicos.com\/pt-pt\/wp-json\/wp\/v2\/product_tag?post=32813"}],"curies":[{"name":"wp","href":"https:\/\/api.w.org\/{rel}","templated":true}]}}