{"id":32159,"date":"2025-03-20T10:31:09","date_gmt":"2025-03-20T10:31:09","guid":{"rendered":"https:\/\/yumicos.com\/product\/peruca-de-cosplay-raiden-shogun-peruca-inspirada-em-genshin-impact-para-cosplay\/"},"modified":"2025-10-20T12:35:22","modified_gmt":"2025-10-20T12:35:22","slug":"raiden-shogun-cosplay-wig","status":"publish","type":"product","link":"https:\/\/yumicos.com\/pt-pt\/product\/raiden-shogun-cosplay-wig\/","title":{"rendered":"Peruca de Cosplay Raiden Shogun &#8211; Peruca inspirada em Genshin Impact para Cosplay"},"content":{"rendered":"<figure id=\"attachment_1653\" aria-describedby=\"caption-attachment-1653\" style=\"width: 800px\" class=\"wp-caption alignnone\"><img fetchpriority=\"high\" decoding=\"async\" class=\"size-full wp-image-1653\" src=\"https:\/\/yumicos.com\/wp-content\/uploads\/2025\/03\/1742466310.png\" alt=\"Raiden Shogun Cosplay Wig \u2013 Genshin Impact Inspired\" width=\"800\" height=\"800\" srcset=\"https:\/\/yumicos.com\/wp-content\/uploads\/2025\/03\/1742466310.png 800w, https:\/\/yumicos.com\/wp-content\/uploads\/2025\/03\/1742466310-300x300.png 300w, https:\/\/yumicos.com\/wp-content\/uploads\/2025\/03\/1742466310-150x150.png 150w, https:\/\/yumicos.com\/wp-content\/uploads\/2025\/03\/1742466310-768x768.png 768w, https:\/\/yumicos.com\/wp-content\/uploads\/2025\/03\/1742466310-70x70.png 70w, https:\/\/yumicos.com\/wp-content\/uploads\/2025\/03\/1742466310-600x600.png 600w, https:\/\/yumicos.com\/wp-content\/uploads\/2025\/03\/1742466310-100x100.png 100w, https:\/\/yumicos.com\/wp-content\/uploads\/2025\/03\/1742466310-50x50.png 50w\" sizes=\"(max-width: 800px) 100vw, 800px\" \/><figcaption id=\"caption-attachment-1653\" class=\"wp-caption-text\">Peruca de cosplay do Raiden Shogun para eventos de cosplay<\/figcaption><\/figure>\n","protected":false},"excerpt":{"rendered":"<p>Peruca de cosplay de Raiden Shogun de qualidade superior inspirada em <em data-start=\"206\" data-end=\"222\">Genshin Impact<\/em>. Feita de fibras sint\u00e9ticas resistentes ao calor, apresenta a sua cor p\u00farpura profunda carater\u00edstica com ondas naturais. Perfeita para conven\u00e7\u00f5es e eventos de cosplay.<\/p>\n","protected":false},"featured_media":11201,"comment_status":"open","ping_status":"closed","template":"","meta":{"_acf_changed":false,"_monsterinsights_skip_tracking":false,"_monsterinsights_sitenote_active":false,"_monsterinsights_sitenote_note":"","_monsterinsights_sitenote_category":0,"site-sidebar-layout":"default","site-content-layout":"","ast-site-content-layout":"default","site-content-style":"default","site-sidebar-style":"default","ast-global-header-display":"","ast-banner-title-visibility":"","ast-main-header-display":"","ast-hfb-above-header-display":"","ast-hfb-below-header-display":"","ast-hfb-mobile-header-display":"","site-post-title":"","ast-breadcrumbs-content":"","ast-featured-img":"","footer-sml-layout":"","theme-transparent-header-meta":"default","adv-header-id-meta":"","stick-header-meta":"default","header-above-stick-meta":"","header-main-stick-meta":"","header-below-stick-meta":"","astra-migrate-meta-layouts":"default","ast-page-background-enabled":"default","ast-page-background-meta":{"desktop":{"background-color":"var(--ast-global-color-4)","background-image":"","background-repeat":"repeat","background-position":"center center","background-size":"auto","background-attachment":"scroll","background-type":"","background-media":"","overlay-type":"","overlay-color":"","overlay-opacity":"","overlay-gradient":""},"tablet":{"background-color":"","background-image":"","background-repeat":"repeat","background-position":"center center","background-size":"auto","background-attachment":"scroll","background-type":"","background-media":"","overlay-type":"","overlay-color":"","overlay-opacity":"","overlay-gradient":""},"mobile":{"background-color":"","background-image":"","background-repeat":"repeat","background-position":"center center","background-size":"auto","background-attachment":"scroll","background-type":"","background-media":"","overlay-type":"","overlay-color":"","overlay-opacity":"","overlay-gradient":""}},"ast-content-background-meta":{"desktop":{"background-color":"var(--ast-global-color-5)","background-image":"","background-repeat":"repeat","background-position":"center center","background-size":"auto","background-attachment":"scroll","background-type":"","background-media":"","overlay-type":"","overlay-color":"","overlay-opacity":"","overlay-gradient":""},"tablet":{"background-color":"var(--ast-global-color-5)","background-image":"","background-repeat":"repeat","background-position":"center center","background-size":"auto","background-attachment":"scroll","background-type":"","background-media":"","overlay-type":"","overlay-color":"","overlay-opacity":"","overlay-gradient":""},"mobile":{"background-color":"var(--ast-global-color-5)","background-image":"","background-repeat":"repeat","background-position":"center center","background-size":"auto","background-attachment":"scroll","background-type":"","background-media":"","overlay-type":"","overlay-color":"","overlay-opacity":"","overlay-gradient":""}}},"product_brand":[],"product_cat":[114,185],"product_tag":[],"class_list":{"0":"post-32159","1":"product","2":"type-product","3":"status-publish","4":"has-post-thumbnail","6":"product_cat-game-cosplay","7":"product_cat-genshin-impact-cosplay","8":"desktop-align-left","9":"tablet-align-left","10":"mobile-align-left","11":"ast-product-gallery-layout-horizontal-slider","12":"ast-product-gallery-with-no-image","13":"ast-product-tabs-layout-horizontal","15":"first","16":"instock","17":"purchasable","18":"product-type-simple"},"acf":[],"aioseo_notices":[],"_links":{"self":[{"href":"https:\/\/yumicos.com\/pt-pt\/wp-json\/wp\/v2\/product\/32159","targetHints":{"allow":["GET"]}}],"collection":[{"href":"https:\/\/yumicos.com\/pt-pt\/wp-json\/wp\/v2\/product"}],"about":[{"href":"https:\/\/yumicos.com\/pt-pt\/wp-json\/wp\/v2\/types\/product"}],"replies":[{"embeddable":true,"href":"https:\/\/yumicos.com\/pt-pt\/wp-json\/wp\/v2\/comments?post=32159"}],"wp:featuredmedia":[{"embeddable":true,"href":"https:\/\/yumicos.com\/pt-pt\/wp-json\/wp\/v2\/media\/11201"}],"wp:attachment":[{"href":"https:\/\/yumicos.com\/pt-pt\/wp-json\/wp\/v2\/media?parent=32159"}],"wp:term":[{"taxonomy":"product_brand","embeddable":true,"href":"https:\/\/yumicos.com\/pt-pt\/wp-json\/wp\/v2\/product_brand?post=32159"},{"taxonomy":"product_cat","embeddable":true,"href":"https:\/\/yumicos.com\/pt-pt\/wp-json\/wp\/v2\/product_cat?post=32159"},{"taxonomy":"product_tag","embeddable":true,"href":"https:\/\/yumicos.com\/pt-pt\/wp-json\/wp\/v2\/product_tag?post=32159"}],"curies":[{"name":"wp","href":"https:\/\/api.w.org\/{rel}","templated":true}]}}