{"id":30975,"date":"2025-04-01T10:27:33","date_gmt":"2025-04-01T10:27:33","guid":{"rendered":"https:\/\/yumicos.com\/product\/project-sekaii-asahinaa-mafuyuu-cosplay-costume-conjunto-completo\/"},"modified":"2025-10-19T14:33:32","modified_gmt":"2025-10-19T14:33:32","slug":"asahinaa-mafuyuu-project-sekaii-cosplay-costume","status":"publish","type":"product","link":"https:\/\/yumicos.com\/pt-pt\/product\/asahinaa-mafuyuu-project-sekaii-cosplay-costume\/","title":{"rendered":"Project Sekaii Asahinaa Mafuyuu Cosplay Costume &#8211; Conjunto completo"},"content":{"rendered":"<p><img fetchpriority=\"high\" decoding=\"async\" class=\"alignnone size-full wp-image-285\" src=\"https:\/\/yumicos.com\/wp-content\/uploads\/2025\/01\/chanp.jpg\" alt=\"\" width=\"790\" height=\"92\" srcset=\"https:\/\/yumicos.com\/wp-content\/uploads\/2025\/01\/chanp.jpg 790w, https:\/\/yumicos.com\/wp-content\/uploads\/2025\/01\/chanp-300x35.jpg 300w, https:\/\/yumicos.com\/wp-content\/uploads\/2025\/01\/chanp-768x89.jpg 768w, https:\/\/yumicos.com\/wp-content\/uploads\/2025\/01\/chanp-600x70.jpg 600w\" sizes=\"(max-width: 790px) 100vw, 790px\" \/><\/p>\n<p><strong>Fonte<\/strong>:  <a title=\"Honkai Impact 3rd\" href=\"https:\/\/yumicos.com\/pt-pt\/product-category\/anime\/h-i-j-k-l-m-n\/anime-love-chunibyo-other-delusions\/\" target=\"_blank\" rel=\"noopener noreferrer\"><strong>Projeto Sekaii<\/strong><\/a><\/p>\n<p><strong>Personagem<\/strong>:Asahinaa Mafuyuu<\/p>\n<p><strong>Inclu\u00eddo<\/strong>::Tops,Saia,Saia de fio,La\u00e7o,Enfeite Neeck<\/p>\n<p data-start=\"0\" data-end=\"105\"><strong data-start=\"0\" data-end=\"13\">Material:<\/strong> Feito de poli\u00e9ster de alta qualidade e couro sint\u00e9tico para um ajuste confort\u00e1vel e dur\u00e1vel.<\/p>\n<p data-start=\"107\" data-end=\"204\"><strong data-start=\"107\" data-end=\"129\">Instru\u00e7\u00f5es de cuidados:<\/strong> Lavar \u00e0 m\u00e3o em \u00e1gua fria, evitar lix\u00edvia e pendurar para secar para obter melhores resultados.<\/p>\n<p data-start=\"206\" data-end=\"319\"><strong data-start=\"206\" data-end=\"215\">Tamanho:<\/strong> Por favor, note que o tamanho segue os padr\u00f5es asi\u00e1ticos e pode variar de 1-3 cm devido \u00e0 medi\u00e7\u00e3o manual.<\/p>\n<p data-start=\"321\" data-end=\"347\" data-is-last-node=\"\" data-is-only-node=\"\"><strong data-start=\"321\" data-end=\"329\">Ponta:<\/strong> 1 cm \u2248 0,39 polegadas.<\/p>\n<p><img decoding=\"async\" class=\"alignnone size-full wp-image-288\" src=\"https:\/\/yumicos.com\/wp-content\/uploads\/2025\/01\/shiwuzhanshi.jpg\" alt=\"\" width=\"790\" height=\"92\" srcset=\"https:\/\/yumicos.com\/wp-content\/uploads\/2025\/01\/shiwuzhanshi.jpg 790w, https:\/\/yumicos.com\/wp-content\/uploads\/2025\/01\/shiwuzhanshi-300x35.jpg 300w, https:\/\/yumicos.com\/wp-content\/uploads\/2025\/01\/shiwuzhanshi-768x89.jpg 768w, https:\/\/yumicos.com\/wp-content\/uploads\/2025\/01\/shiwuzhanshi-600x70.jpg 600w\" sizes=\"(max-width: 790px) 100vw, 790px\" \/><\/p>\n<p><img decoding=\"async\" class=\"size-full wp-image-2055\" src=\"https:\/\/yumicos.com\/wp-content\/uploads\/2025\/04\/1000-1.jpg\" alt=\"Front view of Asahinaa Mafuyuu Cosplay Costume from Project Sekaii\" width=\"750\" height=\"1000\" srcset=\"https:\/\/yumicos.com\/wp-content\/uploads\/2025\/04\/1000-1.jpg 750w, https:\/\/yumicos.com\/wp-content\/uploads\/2025\/04\/1000-1-225x300.jpg 225w, https:\/\/yumicos.com\/wp-content\/uploads\/2025\/04\/1000-1-9x12.jpg 9w, https:\/\/yumicos.com\/wp-content\/uploads\/2025\/04\/1000-1-600x800.jpg 600w\" sizes=\"(max-width: 750px) 100vw, 750px\" \/><\/p>\n<p><img loading=\"lazy\" decoding=\"async\" class=\"size-full wp-image-2056\" src=\"https:\/\/yumicos.com\/wp-content\/uploads\/2025\/04\/1000-2.jpg\" alt=\"Front view of Asahinaa Mafuyuu Cosplay Costume from Project Sekaii\" width=\"750\" height=\"1000\" srcset=\"https:\/\/yumicos.com\/wp-content\/uploads\/2025\/04\/1000-2.jpg 750w, https:\/\/yumicos.com\/wp-content\/uploads\/2025\/04\/1000-2-225x300.jpg 225w, https:\/\/yumicos.com\/wp-content\/uploads\/2025\/04\/1000-2-9x12.jpg 9w, https:\/\/yumicos.com\/wp-content\/uploads\/2025\/04\/1000-2-600x800.jpg 600w\" sizes=\"(max-width: 750px) 100vw, 750px\" \/><\/p>\n<p><img loading=\"lazy\" decoding=\"async\" class=\"alignnone size-full wp-image-287\" src=\"https:\/\/yumicos.com\/wp-content\/uploads\/2025\/01\/xijie.jpg\" alt=\"\" width=\"790\" height=\"92\" srcset=\"https:\/\/yumicos.com\/wp-content\/uploads\/2025\/01\/xijie.jpg 790w, https:\/\/yumicos.com\/wp-content\/uploads\/2025\/01\/xijie-300x35.jpg 300w, https:\/\/yumicos.com\/wp-content\/uploads\/2025\/01\/xijie-768x89.jpg 768w, https:\/\/yumicos.com\/wp-content\/uploads\/2025\/01\/xijie-600x70.jpg 600w\" sizes=\"(max-width: 790px) 100vw, 790px\" \/><\/p>\n<p><img loading=\"lazy\" decoding=\"async\" class=\"size-full wp-image-2057\" src=\"https:\/\/yumicos.com\/wp-content\/uploads\/2025\/04\/1.jpg\" alt=\"Close-up details of Asahinaa Mafuyuu Cosplay Costume\" width=\"750\" height=\"1000\" srcset=\"https:\/\/yumicos.com\/wp-content\/uploads\/2025\/04\/1.jpg 750w, https:\/\/yumicos.com\/wp-content\/uploads\/2025\/04\/1-225x300.jpg 225w, https:\/\/yumicos.com\/wp-content\/uploads\/2025\/04\/1-9x12.jpg 9w, https:\/\/yumicos.com\/wp-content\/uploads\/2025\/04\/1-600x800.jpg 600w\" sizes=\"(max-width: 750px) 100vw, 750px\" \/><\/p>\n<p><img loading=\"lazy\" decoding=\"async\" class=\"size-full wp-image-2058\" src=\"https:\/\/yumicos.com\/wp-content\/uploads\/2025\/04\/2.jpg\" alt=\"Close-up details of Asahinaa Mafuyuu Cosplay Costume\" width=\"750\" height=\"1000\" srcset=\"https:\/\/yumicos.com\/wp-content\/uploads\/2025\/04\/2.jpg 750w, https:\/\/yumicos.com\/wp-content\/uploads\/2025\/04\/2-225x300.jpg 225w, https:\/\/yumicos.com\/wp-content\/uploads\/2025\/04\/2-9x12.jpg 9w, https:\/\/yumicos.com\/wp-content\/uploads\/2025\/04\/2-600x800.jpg 600w\" sizes=\"(max-width: 750px) 100vw, 750px\" \/><\/p>\n","protected":false},"excerpt":{"rendered":"<p class=\"\" data-start=\"2639\" data-end=\"2890\">Capture a ess\u00eancia de <strong data-start=\"2662\" data-end=\"2682\">Asahinaa Mafuyuu<\/strong> com esta fantasia de cosplay de alta qualidade do <strong data-start=\"2727\" data-end=\"2745\">Project Sekaii<\/strong>. Este conjunto completo inclui tudo o que precisa para se transformar na sua personagem favorita. Perfeito para eventos de cosplay, conven\u00e7\u00f5es e sess\u00f5es de fotos!<\/p>\n","protected":false},"featured_media":12057,"comment_status":"open","ping_status":"closed","template":"","meta":{"_acf_changed":false,"_monsterinsights_skip_tracking":false,"_monsterinsights_sitenote_active":false,"_monsterinsights_sitenote_note":"","_monsterinsights_sitenote_category":0,"site-sidebar-layout":"default","site-content-layout":"","ast-site-content-layout":"default","site-content-style":"default","site-sidebar-style":"default","ast-global-header-display":"","ast-banner-title-visibility":"","ast-main-header-display":"","ast-hfb-above-header-display":"","ast-hfb-below-header-display":"","ast-hfb-mobile-header-display":"","site-post-title":"","ast-breadcrumbs-content":"","ast-featured-img":"","footer-sml-layout":"","theme-transparent-header-meta":"default","adv-header-id-meta":"","stick-header-meta":"default","header-above-stick-meta":"","header-main-stick-meta":"","header-below-stick-meta":"","astra-migrate-meta-layouts":"default","ast-page-background-enabled":"default","ast-page-background-meta":{"desktop":{"background-color":"var(--ast-global-color-4)","background-image":"","background-repeat":"repeat","background-position":"center center","background-size":"auto","background-attachment":"scroll","background-type":"","background-media":"","overlay-type":"","overlay-color":"","overlay-opacity":"","overlay-gradient":""},"tablet":{"background-color":"","background-image":"","background-repeat":"repeat","background-position":"center center","background-size":"auto","background-attachment":"scroll","background-type":"","background-media":"","overlay-type":"","overlay-color":"","overlay-opacity":"","overlay-gradient":""},"mobile":{"background-color":"","background-image":"","background-repeat":"repeat","background-position":"center center","background-size":"auto","background-attachment":"scroll","background-type":"","background-media":"","overlay-type":"","overlay-color":"","overlay-opacity":"","overlay-gradient":""}},"ast-content-background-meta":{"desktop":{"background-color":"var(--ast-global-color-5)","background-image":"","background-repeat":"repeat","background-position":"center center","background-size":"auto","background-attachment":"scroll","background-type":"","background-media":"","overlay-type":"","overlay-color":"","overlay-opacity":"","overlay-gradient":""},"tablet":{"background-color":"var(--ast-global-color-5)","background-image":"","background-repeat":"repeat","background-position":"center center","background-size":"auto","background-attachment":"scroll","background-type":"","background-media":"","overlay-type":"","overlay-color":"","overlay-opacity":"","overlay-gradient":""},"mobile":{"background-color":"var(--ast-global-color-5)","background-image":"","background-repeat":"repeat","background-position":"center center","background-size":"auto","background-attachment":"scroll","background-type":"","background-media":"","overlay-type":"","overlay-color":"","overlay-opacity":"","overlay-gradient":""}}},"product_brand":[],"product_cat":[114,302],"product_tag":[],"class_list":{"0":"post-30975","1":"product","2":"type-product","3":"status-publish","4":"has-post-thumbnail","6":"product_cat-game-cosplay","7":"product_cat-projectt-sekaii-cosplay","8":"desktop-align-left","9":"tablet-align-left","10":"mobile-align-left","11":"ast-product-gallery-layout-horizontal-slider","12":"ast-product-single-variable","13":"ast-product-tabs-layout-horizontal","15":"first","16":"instock","17":"purchasable","18":"product-type-variable"},"acf":[],"aioseo_notices":[],"_links":{"self":[{"href":"https:\/\/yumicos.com\/pt-pt\/wp-json\/wp\/v2\/product\/30975","targetHints":{"allow":["GET"]}}],"collection":[{"href":"https:\/\/yumicos.com\/pt-pt\/wp-json\/wp\/v2\/product"}],"about":[{"href":"https:\/\/yumicos.com\/pt-pt\/wp-json\/wp\/v2\/types\/product"}],"replies":[{"embeddable":true,"href":"https:\/\/yumicos.com\/pt-pt\/wp-json\/wp\/v2\/comments?post=30975"}],"wp:featuredmedia":[{"embeddable":true,"href":"https:\/\/yumicos.com\/pt-pt\/wp-json\/wp\/v2\/media\/12057"}],"wp:attachment":[{"href":"https:\/\/yumicos.com\/pt-pt\/wp-json\/wp\/v2\/media?parent=30975"}],"wp:term":[{"taxonomy":"product_brand","embeddable":true,"href":"https:\/\/yumicos.com\/pt-pt\/wp-json\/wp\/v2\/product_brand?post=30975"},{"taxonomy":"product_cat","embeddable":true,"href":"https:\/\/yumicos.com\/pt-pt\/wp-json\/wp\/v2\/product_cat?post=30975"},{"taxonomy":"product_tag","embeddable":true,"href":"https:\/\/yumicos.com\/pt-pt\/wp-json\/wp\/v2\/product_tag?post=30975"}],"curies":[{"name":"wp","href":"https:\/\/api.w.org\/{rel}","templated":true}]}}