{"id":29747,"date":"2025-04-07T19:26:09","date_gmt":"2025-04-07T19:26:09","guid":{"rendered":"https:\/\/yumicos.com\/product\/roupa-de-cosplay-maomao-verde-estilo-hanfu-hunt-the-apothecary-diaries\/"},"modified":"2025-04-07T19:26:09","modified_gmt":"2025-04-07T19:26:09","slug":"maomao-green-hanfu-style-hunt-cosplay-costume","status":"publish","type":"product","link":"https:\/\/yumicos.com\/pt-pt\/product\/maomao-green-hanfu-style-hunt-cosplay-costume\/","title":{"rendered":"Roupa de Cosplay Maomao Verde Estilo Hanfu Hunt &#8211; The Apothecary Diaries"},"content":{"rendered":"<p><img fetchpriority=\"high\" decoding=\"async\" class=\"alignnone size-full wp-image-285\" src=\"https:\/\/yumicos.com\/wp-content\/uploads\/2025\/01\/chanp.jpg\" alt=\"\" width=\"790\" height=\"92\" srcset=\"https:\/\/yumicos.com\/wp-content\/uploads\/2025\/01\/chanp.jpg 790w, https:\/\/yumicos.com\/wp-content\/uploads\/2025\/01\/chanp-300x35.jpg 300w, https:\/\/yumicos.com\/wp-content\/uploads\/2025\/01\/chanp-768x89.jpg 768w, https:\/\/yumicos.com\/wp-content\/uploads\/2025\/01\/chanp-600x70.jpg 600w\" sizes=\"(max-width: 790px) 100vw, 790px\" \/><\/p>\n<p><strong>Notas: Em stock!!!<\/strong><\/p>\n<p><strong>Fonte<\/strong>:<a title=\"The Apothecary Diaries\" href=\"https:\/\/yumicos.com\/pt-pt\/product-category\/the-apothecary-diaries\/\" target=\"_blank\" rel=\"noopener noreferrer\"><strong> Os Di\u00e1rios do Botic\u00e1rio<\/strong><\/a><\/p>\n<p><strong>Personagem<\/strong>: Maomao Verde Hanfu<\/p>\n<p><strong>Inclu\u00eddo<\/strong>: Casaco + Vestido + Brinco + Acess\u00f3rios para o cabelo + Cinta<\/p>\n<p><strong>Instru\u00e7\u00f5es de manuten\u00e7\u00e3o<\/strong>: Lavar \u00e0 m\u00e3o em \u00e1gua fria, pendurar para secar, sem lix\u00edvia<\/p>\n<p><strong>Tamanho:<\/strong>Por favor, note que os tamanhos asi\u00e1ticos podem ter uma discrep\u00e2ncia de 1-3 cm devido \u00e0 t\u00e9cnica de medi\u00e7\u00e3o.<\/p>\n<p><strong>Ponta:<\/strong> 1CM \u2248 0.39Inch<\/p>\n<p><img decoding=\"async\" class=\"size-full wp-image-2280\" src=\"https:\/\/yumicos.com\/wp-content\/uploads\/2025\/04\/5-2.jpg\" alt=\"Close-up details of Maomao Green Hanfu Style Cosplay Costume\" width=\"750\" height=\"570\" srcset=\"https:\/\/yumicos.com\/wp-content\/uploads\/2025\/04\/5-2.jpg 750w, https:\/\/yumicos.com\/wp-content\/uploads\/2025\/04\/5-2-300x228.jpg 300w, https:\/\/yumicos.com\/wp-content\/uploads\/2025\/04\/5-2-16x12.jpg 16w, https:\/\/yumicos.com\/wp-content\/uploads\/2025\/04\/5-2-600x456.jpg 600w\" sizes=\"(max-width: 750px) 100vw, 750px\" \/><br \/>\n<img decoding=\"async\" class=\"size-full wp-image-2281\" src=\"https:\/\/yumicos.com\/wp-content\/uploads\/2025\/04\/6-3.jpg\" alt=\"Close-up details of Maomao Green Hanfu Style Cosplay Costume\" width=\"750\" height=\"350\" srcset=\"https:\/\/yumicos.com\/wp-content\/uploads\/2025\/04\/6-3.jpg 750w, https:\/\/yumicos.com\/wp-content\/uploads\/2025\/04\/6-3-300x140.jpg 300w, https:\/\/yumicos.com\/wp-content\/uploads\/2025\/04\/6-3-18x8.jpg 18w, https:\/\/yumicos.com\/wp-content\/uploads\/2025\/04\/6-3-600x280.jpg 600w\" sizes=\"(max-width: 750px) 100vw, 750px\" \/><br \/>\n<img loading=\"lazy\" decoding=\"async\" class=\"size-full wp-image-2282\" src=\"https:\/\/yumicos.com\/wp-content\/uploads\/2025\/04\/7-3.jpg\" alt=\"Close-up details of Maomao Green Hanfu Style Cosplay Costume\" width=\"750\" height=\"357\" srcset=\"https:\/\/yumicos.com\/wp-content\/uploads\/2025\/04\/7-3.jpg 750w, https:\/\/yumicos.com\/wp-content\/uploads\/2025\/04\/7-3-300x143.jpg 300w, https:\/\/yumicos.com\/wp-content\/uploads\/2025\/04\/7-3-18x9.jpg 18w, https:\/\/yumicos.com\/wp-content\/uploads\/2025\/04\/7-3-600x286.jpg 600w\" sizes=\"(max-width: 750px) 100vw, 750px\" \/><br \/>\n<img loading=\"lazy\" decoding=\"async\" class=\"size-full wp-image-2283\" src=\"https:\/\/yumicos.com\/wp-content\/uploads\/2025\/04\/8-3.jpg\" alt=\"Close-up details of Maomao Green Hanfu Style Cosplay Costume\" width=\"750\" height=\"868\" srcset=\"https:\/\/yumicos.com\/wp-content\/uploads\/2025\/04\/8-3.jpg 750w, https:\/\/yumicos.com\/wp-content\/uploads\/2025\/04\/8-3-259x300.jpg 259w, https:\/\/yumicos.com\/wp-content\/uploads\/2025\/04\/8-3-10x12.jpg 10w, https:\/\/yumicos.com\/wp-content\/uploads\/2025\/04\/8-3-600x694.jpg 600w\" sizes=\"(max-width: 750px) 100vw, 750px\" \/><br \/>\n<img loading=\"lazy\" decoding=\"async\" class=\"size-full wp-image-2284\" src=\"https:\/\/yumicos.com\/wp-content\/uploads\/2025\/04\/9-3.jpg\" alt=\"Close-up details of Maomao Green Hanfu Style Cosplay Costume\" width=\"750\" height=\"701\" srcset=\"https:\/\/yumicos.com\/wp-content\/uploads\/2025\/04\/9-3.jpg 750w, https:\/\/yumicos.com\/wp-content\/uploads\/2025\/04\/9-3-300x280.jpg 300w, https:\/\/yumicos.com\/wp-content\/uploads\/2025\/04\/9-3-13x12.jpg 13w, https:\/\/yumicos.com\/wp-content\/uploads\/2025\/04\/9-3-600x561.jpg 600w\" sizes=\"(max-width: 750px) 100vw, 750px\" \/><br \/>\n<img loading=\"lazy\" decoding=\"async\" class=\"size-full wp-image-2285\" src=\"https:\/\/yumicos.com\/wp-content\/uploads\/2025\/04\/10-2.jpg\" alt=\"Close-up details of Maomao Green Hanfu Style Cosplay Costume\" width=\"750\" height=\"733\" srcset=\"https:\/\/yumicos.com\/wp-content\/uploads\/2025\/04\/10-2.jpg 750w, https:\/\/yumicos.com\/wp-content\/uploads\/2025\/04\/10-2-300x293.jpg 300w, https:\/\/yumicos.com\/wp-content\/uploads\/2025\/04\/10-2-12x12.jpg 12w, https:\/\/yumicos.com\/wp-content\/uploads\/2025\/04\/10-2-600x586.jpg 600w, https:\/\/yumicos.com\/wp-content\/uploads\/2025\/04\/10-2-50x50.jpg 50w\" sizes=\"(max-width: 750px) 100vw, 750px\" \/><br \/>\n<img loading=\"lazy\" decoding=\"async\" class=\"size-full wp-image-2286\" src=\"https:\/\/yumicos.com\/wp-content\/uploads\/2025\/04\/11-1.jpg\" alt=\"Close-up details of Maomao Green Hanfu Style Cosplay Costume\" width=\"750\" height=\"1090\" srcset=\"https:\/\/yumicos.com\/wp-content\/uploads\/2025\/04\/11-1.jpg 750w, https:\/\/yumicos.com\/wp-content\/uploads\/2025\/04\/11-1-206x300.jpg 206w, https:\/\/yumicos.com\/wp-content\/uploads\/2025\/04\/11-1-705x1024.jpg 705w, https:\/\/yumicos.com\/wp-content\/uploads\/2025\/04\/11-1-8x12.jpg 8w, https:\/\/yumicos.com\/wp-content\/uploads\/2025\/04\/11-1-600x872.jpg 600w\" sizes=\"(max-width: 750px) 100vw, 750px\" \/><br \/>\n<img loading=\"lazy\" decoding=\"async\" class=\"size-full wp-image-2287\" src=\"https:\/\/yumicos.com\/wp-content\/uploads\/2025\/04\/12-1.jpg\" alt=\"Close-up details of Maomao Green Hanfu Style Cosplay Costume\" width=\"750\" height=\"936\" srcset=\"https:\/\/yumicos.com\/wp-content\/uploads\/2025\/04\/12-1.jpg 750w, https:\/\/yumicos.com\/wp-content\/uploads\/2025\/04\/12-1-240x300.jpg 240w, https:\/\/yumicos.com\/wp-content\/uploads\/2025\/04\/12-1-10x12.jpg 10w, https:\/\/yumicos.com\/wp-content\/uploads\/2025\/04\/12-1-600x749.jpg 600w\" sizes=\"(max-width: 750px) 100vw, 750px\" \/><br \/>\n<img loading=\"lazy\" decoding=\"async\" class=\"size-full wp-image-2288\" src=\"https:\/\/yumicos.com\/wp-content\/uploads\/2025\/04\/13-1.jpg\" alt=\"Close-up details of Maomao Green Hanfu Style Cosplay Costume \" width=\"750\" height=\"939\" srcset=\"https:\/\/yumicos.com\/wp-content\/uploads\/2025\/04\/13-1.jpg 750w, https:\/\/yumicos.com\/wp-content\/uploads\/2025\/04\/13-1-240x300.jpg 240w, https:\/\/yumicos.com\/wp-content\/uploads\/2025\/04\/13-1-10x12.jpg 10w, https:\/\/yumicos.com\/wp-content\/uploads\/2025\/04\/13-1-600x751.jpg 600w\" sizes=\"(max-width: 750px) 100vw, 750px\" \/><\/p>\n","protected":false},"excerpt":{"rendered":"<p>D\u00e1 vida \u00e0 Maomao de The Apothecary Diaries com este bonito fato de cosplay verde estilo Hanfu. Com desenhos complexos e materiais de alta qualidade, este fato \u00e9 perfeito para eventos de cosplay, conven\u00e7\u00f5es e amantes de anime. Confort\u00e1vel e elegante, inclui todos os acess\u00f3rios essenciais para completar o visual ic\u00f3nico da Maomao.<\/p>\n","protected":false},"featured_media":12849,"comment_status":"open","ping_status":"closed","template":"","meta":{"_acf_changed":false,"_monsterinsights_skip_tracking":false,"_monsterinsights_sitenote_active":false,"_monsterinsights_sitenote_note":"","_monsterinsights_sitenote_category":0,"site-sidebar-layout":"default","site-content-layout":"","ast-site-content-layout":"default","site-content-style":"default","site-sidebar-style":"default","ast-global-header-display":"","ast-banner-title-visibility":"","ast-main-header-display":"","ast-hfb-above-header-display":"","ast-hfb-below-header-display":"","ast-hfb-mobile-header-display":"","site-post-title":"","ast-breadcrumbs-content":"","ast-featured-img":"","footer-sml-layout":"","theme-transparent-header-meta":"default","adv-header-id-meta":"","stick-header-meta":"default","header-above-stick-meta":"","header-main-stick-meta":"","header-below-stick-meta":"","astra-migrate-meta-layouts":"default","ast-page-background-enabled":"default","ast-page-background-meta":{"desktop":{"background-color":"var(--ast-global-color-4)","background-image":"","background-repeat":"repeat","background-position":"center center","background-size":"auto","background-attachment":"scroll","background-type":"","background-media":"","overlay-type":"","overlay-color":"","overlay-opacity":"","overlay-gradient":""},"tablet":{"background-color":"","background-image":"","background-repeat":"repeat","background-position":"center center","background-size":"auto","background-attachment":"scroll","background-type":"","background-media":"","overlay-type":"","overlay-color":"","overlay-opacity":"","overlay-gradient":""},"mobile":{"background-color":"","background-image":"","background-repeat":"repeat","background-position":"center center","background-size":"auto","background-attachment":"scroll","background-type":"","background-media":"","overlay-type":"","overlay-color":"","overlay-opacity":"","overlay-gradient":""}},"ast-content-background-meta":{"desktop":{"background-color":"var(--ast-global-color-5)","background-image":"","background-repeat":"repeat","background-position":"center center","background-size":"auto","background-attachment":"scroll","background-type":"","background-media":"","overlay-type":"","overlay-color":"","overlay-opacity":"","overlay-gradient":""},"tablet":{"background-color":"var(--ast-global-color-5)","background-image":"","background-repeat":"repeat","background-position":"center center","background-size":"auto","background-attachment":"scroll","background-type":"","background-media":"","overlay-type":"","overlay-color":"","overlay-opacity":"","overlay-gradient":""},"mobile":{"background-color":"var(--ast-global-color-5)","background-image":"","background-repeat":"repeat","background-position":"center center","background-size":"auto","background-attachment":"scroll","background-type":"","background-media":"","overlay-type":"","overlay-color":"","overlay-opacity":"","overlay-gradient":""}}},"product_brand":[],"product_cat":[156,270],"product_tag":[],"class_list":{"0":"post-29747","1":"product","2":"type-product","3":"status-publish","4":"has-post-thumbnail","6":"product_cat-anime","7":"product_cat-the-apothecary-diaries","8":"desktop-align-left","9":"tablet-align-left","10":"mobile-align-left","11":"ast-product-gallery-layout-horizontal-slider","12":"ast-product-single-variable","13":"ast-product-tabs-layout-horizontal","15":"first","16":"instock","17":"purchasable","18":"product-type-variable"},"acf":[],"aioseo_notices":[],"_links":{"self":[{"href":"https:\/\/yumicos.com\/pt-pt\/wp-json\/wp\/v2\/product\/29747","targetHints":{"allow":["GET"]}}],"collection":[{"href":"https:\/\/yumicos.com\/pt-pt\/wp-json\/wp\/v2\/product"}],"about":[{"href":"https:\/\/yumicos.com\/pt-pt\/wp-json\/wp\/v2\/types\/product"}],"replies":[{"embeddable":true,"href":"https:\/\/yumicos.com\/pt-pt\/wp-json\/wp\/v2\/comments?post=29747"}],"wp:featuredmedia":[{"embeddable":true,"href":"https:\/\/yumicos.com\/pt-pt\/wp-json\/wp\/v2\/media\/12849"}],"wp:attachment":[{"href":"https:\/\/yumicos.com\/pt-pt\/wp-json\/wp\/v2\/media?parent=29747"}],"wp:term":[{"taxonomy":"product_brand","embeddable":true,"href":"https:\/\/yumicos.com\/pt-pt\/wp-json\/wp\/v2\/product_brand?post=29747"},{"taxonomy":"product_cat","embeddable":true,"href":"https:\/\/yumicos.com\/pt-pt\/wp-json\/wp\/v2\/product_cat?post=29747"},{"taxonomy":"product_tag","embeddable":true,"href":"https:\/\/yumicos.com\/pt-pt\/wp-json\/wp\/v2\/product_tag?post=29747"}],"curies":[{"name":"wp","href":"https:\/\/api.w.org\/{rel}","templated":true}]}}