{"id":29400,"date":"2025-04-17T13:39:09","date_gmt":"2025-04-17T13:39:09","guid":{"rendered":"https:\/\/yumicos.com\/product\/roupa-de-cosplay-nikki-infinity-vestido-rosa-nikki\/"},"modified":"2025-10-16T14:48:21","modified_gmt":"2025-10-16T14:48:21","slug":"infinity-nikki-cosplay-nikki-pink-dress","status":"publish","type":"product","link":"https:\/\/yumicos.com\/pt-pt\/product\/infinity-nikki-cosplay-nikki-pink-dress\/","title":{"rendered":"Roupa de Cosplay Nikki Infinity &#8211; Vestido Rosa Nikki"},"content":{"rendered":"<p><img fetchpriority=\"high\" decoding=\"async\" class=\"alignnone size-full wp-image-285\" src=\"https:\/\/yumicos.com\/wp-content\/uploads\/2025\/01\/chanp.jpg\" alt=\"\" width=\"790\" height=\"92\" srcset=\"https:\/\/yumicos.com\/wp-content\/uploads\/2025\/01\/chanp.jpg 790w, https:\/\/yumicos.com\/wp-content\/uploads\/2025\/01\/chanp-300x35.jpg 300w, https:\/\/yumicos.com\/wp-content\/uploads\/2025\/01\/chanp-768x89.jpg 768w, https:\/\/yumicos.com\/wp-content\/uploads\/2025\/01\/chanp-600x70.jpg 600w\" sizes=\"(max-width: 790px) 100vw, 790px\" \/><\/p>\n<p><strong>Fonte<\/strong><a href=\"https:\/\/yumicos.com\/pt-pt\/product-category\/game-cosplay\/infinity-nikki\/\">:Infinity Nikki<\/a><\/p>\n<p><strong>Personagem<\/strong>:Nikki<\/p>\n<p><strong>Inclu\u00eddo<\/strong>:Vestido,Meias,Bracelete,Fita para o pesco\u00e7o<\/p>\n<p data-start=\"0\" data-end=\"105\"><strong data-start=\"0\" data-end=\"13\">Material:<\/strong> Feito de poli\u00e9ster de alta qualidade e couro sint\u00e9tico para um ajuste confort\u00e1vel e dur\u00e1vel.<\/p>\n<p data-start=\"107\" data-end=\"204\"><strong data-start=\"107\" data-end=\"129\">Instru\u00e7\u00f5es de cuidados:<\/strong> Lavar \u00e0 m\u00e3o em \u00e1gua fria, evitar lix\u00edvia e pendurar para secar para obter melhores resultados.<\/p>\n<p data-start=\"206\" data-end=\"319\"><strong data-start=\"206\" data-end=\"215\">Tamanho:<\/strong> Por favor, note que o tamanho segue os padr\u00f5es asi\u00e1ticos e pode variar de 1-3 cm devido \u00e0 medi\u00e7\u00e3o manual.<\/p>\n<p data-start=\"321\" data-end=\"347\" data-is-last-node=\"\" data-is-only-node=\"\"><strong data-start=\"321\" data-end=\"329\">Ponta:<\/strong> 1 cm \u2248 0,39 polegadas.<\/p>\n<p><img decoding=\"async\" class=\"size-full wp-image-2559\" src=\"https:\/\/yumicos.com\/wp-content\/uploads\/2025\/04\/ll_01.jpg\" alt=\"Close-up details of Nikki Cosplay Pink Dress\" width=\"750\" height=\"450\" srcset=\"https:\/\/yumicos.com\/wp-content\/uploads\/2025\/04\/ll_01.jpg 750w, https:\/\/yumicos.com\/wp-content\/uploads\/2025\/04\/ll_01-300x180.jpg 300w, https:\/\/yumicos.com\/wp-content\/uploads\/2025\/04\/ll_01-18x12.jpg 18w, https:\/\/yumicos.com\/wp-content\/uploads\/2025\/04\/ll_01-600x360.jpg 600w\" sizes=\"(max-width: 750px) 100vw, 750px\" \/><br \/>\n<img decoding=\"async\" class=\"size-full wp-image-2560\" src=\"https:\/\/yumicos.com\/wp-content\/uploads\/2025\/04\/ll_02.jpg\" alt=\"Close-up details of Nikki Cosplay Pink Dress\" width=\"750\" height=\"830\" srcset=\"https:\/\/yumicos.com\/wp-content\/uploads\/2025\/04\/ll_02.jpg 750w, https:\/\/yumicos.com\/wp-content\/uploads\/2025\/04\/ll_02-271x300.jpg 271w, https:\/\/yumicos.com\/wp-content\/uploads\/2025\/04\/ll_02-11x12.jpg 11w, https:\/\/yumicos.com\/wp-content\/uploads\/2025\/04\/ll_02-600x664.jpg 600w\" sizes=\"(max-width: 750px) 100vw, 750px\" \/><br \/>\n<img loading=\"lazy\" decoding=\"async\" class=\"size-full wp-image-2561\" src=\"https:\/\/yumicos.com\/wp-content\/uploads\/2025\/04\/ll_03.jpg\" alt=\"Close-up details of Nikki Cosplay Pink Dress\" width=\"750\" height=\"704\" srcset=\"https:\/\/yumicos.com\/wp-content\/uploads\/2025\/04\/ll_03.jpg 750w, https:\/\/yumicos.com\/wp-content\/uploads\/2025\/04\/ll_03-300x282.jpg 300w, https:\/\/yumicos.com\/wp-content\/uploads\/2025\/04\/ll_03-13x12.jpg 13w, https:\/\/yumicos.com\/wp-content\/uploads\/2025\/04\/ll_03-600x563.jpg 600w\" sizes=\"(max-width: 750px) 100vw, 750px\" \/><br \/>\n<img loading=\"lazy\" decoding=\"async\" class=\"size-full wp-image-2562\" src=\"https:\/\/yumicos.com\/wp-content\/uploads\/2025\/04\/ll_04.jpg\" alt=\"Close-up details of Nikki Cosplay Pink Dress\" width=\"750\" height=\"840\" srcset=\"https:\/\/yumicos.com\/wp-content\/uploads\/2025\/04\/ll_04.jpg 750w, https:\/\/yumicos.com\/wp-content\/uploads\/2025\/04\/ll_04-268x300.jpg 268w, https:\/\/yumicos.com\/wp-content\/uploads\/2025\/04\/ll_04-11x12.jpg 11w, https:\/\/yumicos.com\/wp-content\/uploads\/2025\/04\/ll_04-600x672.jpg 600w\" sizes=\"(max-width: 750px) 100vw, 750px\" \/><br \/>\n<img loading=\"lazy\" decoding=\"async\" class=\"size-full wp-image-2563\" src=\"https:\/\/yumicos.com\/wp-content\/uploads\/2025\/04\/ll_05.jpg\" alt=\" Front view of Infinity Nikki Nikki Cosplay Pink Dress \" width=\"750\" height=\"826\" srcset=\"https:\/\/yumicos.com\/wp-content\/uploads\/2025\/04\/ll_05.jpg 750w, https:\/\/yumicos.com\/wp-content\/uploads\/2025\/04\/ll_05-272x300.jpg 272w, https:\/\/yumicos.com\/wp-content\/uploads\/2025\/04\/ll_05-11x12.jpg 11w, https:\/\/yumicos.com\/wp-content\/uploads\/2025\/04\/ll_05-600x661.jpg 600w\" sizes=\"(max-width: 750px) 100vw, 750px\" \/><br \/>\n<img loading=\"lazy\" decoding=\"async\" class=\"size-full wp-image-2564\" src=\"https:\/\/yumicos.com\/wp-content\/uploads\/2025\/04\/ll_06.jpg\" alt=\"Front view of Infinity Nikki Nikki Cosplay Pink Dress\" width=\"750\" height=\"800\" srcset=\"https:\/\/yumicos.com\/wp-content\/uploads\/2025\/04\/ll_06.jpg 750w, https:\/\/yumicos.com\/wp-content\/uploads\/2025\/04\/ll_06-281x300.jpg 281w, https:\/\/yumicos.com\/wp-content\/uploads\/2025\/04\/ll_06-11x12.jpg 11w, https:\/\/yumicos.com\/wp-content\/uploads\/2025\/04\/ll_06-600x640.jpg 600w\" sizes=\"(max-width: 750px) 100vw, 750px\" \/><br \/>\n<img loading=\"lazy\" decoding=\"async\" class=\"size-full wp-image-2565\" src=\"https:\/\/yumicos.com\/wp-content\/uploads\/2025\/04\/ll_07.jpg\" alt=\"Front view of Infinity Nikki Nikki Cosplay Pink Dress\" width=\"750\" height=\"800\" srcset=\"https:\/\/yumicos.com\/wp-content\/uploads\/2025\/04\/ll_07.jpg 750w, https:\/\/yumicos.com\/wp-content\/uploads\/2025\/04\/ll_07-281x300.jpg 281w, https:\/\/yumicos.com\/wp-content\/uploads\/2025\/04\/ll_07-11x12.jpg 11w, https:\/\/yumicos.com\/wp-content\/uploads\/2025\/04\/ll_07-600x640.jpg 600w\" sizes=\"(max-width: 750px) 100vw, 750px\" \/><br \/>\n<img loading=\"lazy\" decoding=\"async\" class=\"size-full wp-image-2566\" src=\"https:\/\/yumicos.com\/wp-content\/uploads\/2025\/04\/ll_08.jpg\" alt=\"Back view of Infinity Nikki Nikki Cosplay Pink Dress\" width=\"750\" height=\"830\" srcset=\"https:\/\/yumicos.com\/wp-content\/uploads\/2025\/04\/ll_08.jpg 750w, https:\/\/yumicos.com\/wp-content\/uploads\/2025\/04\/ll_08-271x300.jpg 271w, https:\/\/yumicos.com\/wp-content\/uploads\/2025\/04\/ll_08-11x12.jpg 11w, https:\/\/yumicos.com\/wp-content\/uploads\/2025\/04\/ll_08-600x664.jpg 600w\" sizes=\"(max-width: 750px) 100vw, 750px\" \/><br \/>\n<img loading=\"lazy\" decoding=\"async\" class=\"size-full wp-image-2567\" src=\"https:\/\/yumicos.com\/wp-content\/uploads\/2025\/04\/ll_09.jpg\" alt=\"Back view of Infinity Nikki Nikki Cosplay Pink Dress\" width=\"750\" height=\"861\" srcset=\"https:\/\/yumicos.com\/wp-content\/uploads\/2025\/04\/ll_09.jpg 750w, https:\/\/yumicos.com\/wp-content\/uploads\/2025\/04\/ll_09-261x300.jpg 261w, https:\/\/yumicos.com\/wp-content\/uploads\/2025\/04\/ll_09-10x12.jpg 10w, https:\/\/yumicos.com\/wp-content\/uploads\/2025\/04\/ll_09-600x689.jpg 600w\" sizes=\"(max-width: 750px) 100vw, 750px\" \/><br \/>\n<img loading=\"lazy\" decoding=\"async\" class=\"size-full wp-image-2568\" src=\"https:\/\/yumicos.com\/wp-content\/uploads\/2025\/04\/ll_10.jpg\" alt=\"Front view of Infinity Nikki Nikki Cosplay Pink Dress\" width=\"750\" height=\"795\" srcset=\"https:\/\/yumicos.com\/wp-content\/uploads\/2025\/04\/ll_10.jpg 750w, https:\/\/yumicos.com\/wp-content\/uploads\/2025\/04\/ll_10-283x300.jpg 283w, https:\/\/yumicos.com\/wp-content\/uploads\/2025\/04\/ll_10-11x12.jpg 11w, https:\/\/yumicos.com\/wp-content\/uploads\/2025\/04\/ll_10-600x636.jpg 600w\" sizes=\"(max-width: 750px) 100vw, 750px\" \/><br \/>\n<img loading=\"lazy\" decoding=\"async\" class=\"size-full wp-image-2569\" src=\"https:\/\/yumicos.com\/wp-content\/uploads\/2025\/04\/ll_11.jpg\" alt=\" Front view of Infinity Nikki Nikki Cosplay Pink Dress\" width=\"750\" height=\"788\" srcset=\"https:\/\/yumicos.com\/wp-content\/uploads\/2025\/04\/ll_11.jpg 750w, https:\/\/yumicos.com\/wp-content\/uploads\/2025\/04\/ll_11-286x300.jpg 286w, https:\/\/yumicos.com\/wp-content\/uploads\/2025\/04\/ll_11-11x12.jpg 11w, https:\/\/yumicos.com\/wp-content\/uploads\/2025\/04\/ll_11-600x630.jpg 600w\" sizes=\"(max-width: 750px) 100vw, 750px\" \/><br \/>\n<img loading=\"lazy\" decoding=\"async\" class=\"size-full wp-image-2570\" src=\"https:\/\/yumicos.com\/wp-content\/uploads\/2025\/04\/ll_12.jpg\" alt=\"Front view of Infinity Nikki Nikki Cosplay Pink Dress\" width=\"750\" height=\"658\" srcset=\"https:\/\/yumicos.com\/wp-content\/uploads\/2025\/04\/ll_12.jpg 750w, https:\/\/yumicos.com\/wp-content\/uploads\/2025\/04\/ll_12-300x263.jpg 300w, https:\/\/yumicos.com\/wp-content\/uploads\/2025\/04\/ll_12-14x12.jpg 14w, https:\/\/yumicos.com\/wp-content\/uploads\/2025\/04\/ll_12-600x526.jpg 600w\" sizes=\"(max-width: 750px) 100vw, 750px\" \/><br \/>\n<img loading=\"lazy\" decoding=\"async\" class=\"size-full wp-image-2571\" src=\"https:\/\/yumicos.com\/wp-content\/uploads\/2025\/04\/ll_13.jpg\" alt=\"Front view of Infinity Nikki Nikki Cosplay Pink Dress\" width=\"750\" height=\"768\" srcset=\"https:\/\/yumicos.com\/wp-content\/uploads\/2025\/04\/ll_13.jpg 750w, https:\/\/yumicos.com\/wp-content\/uploads\/2025\/04\/ll_13-293x300.jpg 293w, https:\/\/yumicos.com\/wp-content\/uploads\/2025\/04\/ll_13-12x12.jpg 12w, https:\/\/yumicos.com\/wp-content\/uploads\/2025\/04\/ll_13-600x614.jpg 600w, https:\/\/yumicos.com\/wp-content\/uploads\/2025\/04\/ll_13-50x50.jpg 50w\" sizes=\"(max-width: 750px) 100vw, 750px\" \/><br \/>\n<img loading=\"lazy\" decoding=\"async\" class=\"size-full wp-image-2572\" src=\"https:\/\/yumicos.com\/wp-content\/uploads\/2025\/04\/ll_14.jpg\" alt=\"Front view of Infinity Nikki Nikki Cosplay Pink Dress\" width=\"750\" height=\"1050\" srcset=\"https:\/\/yumicos.com\/wp-content\/uploads\/2025\/04\/ll_14.jpg 750w, https:\/\/yumicos.com\/wp-content\/uploads\/2025\/04\/ll_14-214x300.jpg 214w, https:\/\/yumicos.com\/wp-content\/uploads\/2025\/04\/ll_14-731x1024.jpg 731w, https:\/\/yumicos.com\/wp-content\/uploads\/2025\/04\/ll_14-9x12.jpg 9w, https:\/\/yumicos.com\/wp-content\/uploads\/2025\/04\/ll_14-600x840.jpg 600w\" sizes=\"(max-width: 750px) 100vw, 750px\" \/><\/p>\n","protected":false},"excerpt":{"rendered":"<p>Entra no mundo da <strong data-start=\"821\" data-end=\"839\">Infinity Nikki<\/strong> com este deslumbrante <strong data-start=\"859\" data-end=\"887\">Nikki Cosplay Pink Dress<\/strong>! Feito com materiais de primeira qualidade e um design aut\u00eantico, este fato capta perfeitamente a personagem Nikki. Perfeito para os entusiastas do cosplay e para os f\u00e3s <strong data-start=\"1029\" data-end=\"1047\">da Infinity Nikki<\/strong>.<\/p>\n","protected":false},"featured_media":13217,"comment_status":"open","ping_status":"closed","template":"","meta":{"_acf_changed":false,"_monsterinsights_skip_tracking":false,"_monsterinsights_sitenote_active":false,"_monsterinsights_sitenote_note":"","_monsterinsights_sitenote_category":0,"site-sidebar-layout":"default","site-content-layout":"","ast-site-content-layout":"default","site-content-style":"default","site-sidebar-style":"default","ast-global-header-display":"","ast-banner-title-visibility":"","ast-main-header-display":"","ast-hfb-above-header-display":"","ast-hfb-below-header-display":"","ast-hfb-mobile-header-display":"","site-post-title":"","ast-breadcrumbs-content":"","ast-featured-img":"","footer-sml-layout":"","theme-transparent-header-meta":"default","adv-header-id-meta":"","stick-header-meta":"default","header-above-stick-meta":"","header-main-stick-meta":"","header-below-stick-meta":"","astra-migrate-meta-layouts":"default","ast-page-background-enabled":"default","ast-page-background-meta":{"desktop":{"background-color":"var(--ast-global-color-4)","background-image":"","background-repeat":"repeat","background-position":"center center","background-size":"auto","background-attachment":"scroll","background-type":"","background-media":"","overlay-type":"","overlay-color":"","overlay-opacity":"","overlay-gradient":""},"tablet":{"background-color":"","background-image":"","background-repeat":"repeat","background-position":"center center","background-size":"auto","background-attachment":"scroll","background-type":"","background-media":"","overlay-type":"","overlay-color":"","overlay-opacity":"","overlay-gradient":""},"mobile":{"background-color":"","background-image":"","background-repeat":"repeat","background-position":"center center","background-size":"auto","background-attachment":"scroll","background-type":"","background-media":"","overlay-type":"","overlay-color":"","overlay-opacity":"","overlay-gradient":""}},"ast-content-background-meta":{"desktop":{"background-color":"var(--ast-global-color-5)","background-image":"","background-repeat":"repeat","background-position":"center center","background-size":"auto","background-attachment":"scroll","background-type":"","background-media":"","overlay-type":"","overlay-color":"","overlay-opacity":"","overlay-gradient":""},"tablet":{"background-color":"var(--ast-global-color-5)","background-image":"","background-repeat":"repeat","background-position":"center center","background-size":"auto","background-attachment":"scroll","background-type":"","background-media":"","overlay-type":"","overlay-color":"","overlay-opacity":"","overlay-gradient":""},"mobile":{"background-color":"var(--ast-global-color-5)","background-image":"","background-repeat":"repeat","background-position":"center center","background-size":"auto","background-attachment":"scroll","background-type":"","background-media":"","overlay-type":"","overlay-color":"","overlay-opacity":"","overlay-gradient":""}}},"product_brand":[],"product_cat":[114,326],"product_tag":[],"class_list":{"0":"post-29400","1":"product","2":"type-product","3":"status-publish","4":"has-post-thumbnail","6":"product_cat-game-cosplay","7":"product_cat-infinity-nikki","8":"desktop-align-left","9":"tablet-align-left","10":"mobile-align-left","11":"ast-product-gallery-layout-horizontal-slider","12":"ast-product-single-variable","13":"ast-product-tabs-layout-horizontal","15":"first","16":"instock","17":"purchasable","18":"product-type-variable"},"acf":[],"aioseo_notices":[],"_links":{"self":[{"href":"https:\/\/yumicos.com\/pt-pt\/wp-json\/wp\/v2\/product\/29400","targetHints":{"allow":["GET"]}}],"collection":[{"href":"https:\/\/yumicos.com\/pt-pt\/wp-json\/wp\/v2\/product"}],"about":[{"href":"https:\/\/yumicos.com\/pt-pt\/wp-json\/wp\/v2\/types\/product"}],"replies":[{"embeddable":true,"href":"https:\/\/yumicos.com\/pt-pt\/wp-json\/wp\/v2\/comments?post=29400"}],"wp:featuredmedia":[{"embeddable":true,"href":"https:\/\/yumicos.com\/pt-pt\/wp-json\/wp\/v2\/media\/13217"}],"wp:attachment":[{"href":"https:\/\/yumicos.com\/pt-pt\/wp-json\/wp\/v2\/media?parent=29400"}],"wp:term":[{"taxonomy":"product_brand","embeddable":true,"href":"https:\/\/yumicos.com\/pt-pt\/wp-json\/wp\/v2\/product_brand?post=29400"},{"taxonomy":"product_cat","embeddable":true,"href":"https:\/\/yumicos.com\/pt-pt\/wp-json\/wp\/v2\/product_cat?post=29400"},{"taxonomy":"product_tag","embeddable":true,"href":"https:\/\/yumicos.com\/pt-pt\/wp-json\/wp\/v2\/product_tag?post=29400"}],"curies":[{"name":"wp","href":"https:\/\/api.w.org\/{rel}","templated":true}]}}