{"id":29107,"date":"2025-04-21T18:55:09","date_gmt":"2025-04-21T18:55:09","guid":{"rendered":"https:\/\/yumicos.com\/product\/peruca-de-cosplay-genshin-impact-mizuki-yumemizuki-estilo-da-personagem-inazuma\/"},"modified":"2025-04-21T18:55:09","modified_gmt":"2025-04-21T18:55:09","slug":"genshin-impact-mizuki-yumemizuki-cosplay-wig","status":"publish","type":"product","link":"https:\/\/yumicos.com\/pt-pt\/product\/genshin-impact-mizuki-yumemizuki-cosplay-wig\/","title":{"rendered":"Peruca de Cosplay Genshin Impact Mizuki Yumemizuki &#8211; Estilo da Personagem Inazuma"},"content":{"rendered":"<figure id=\"attachment_2708\" aria-describedby=\"caption-attachment-2708\" style=\"width: 750px\" class=\"wp-caption alignnone\"><img fetchpriority=\"high\" decoding=\"async\" class=\" wp-image-2708\" src=\"https:\/\/yumicos.com\/wp-content\/uploads\/2025\/04\/7-7.jpg\" alt=\"Front view of Mizuki Yumemizuki Cosplay Wig\" width=\"750\" height=\"750\" srcset=\"https:\/\/yumicos.com\/wp-content\/uploads\/2025\/04\/7-7.jpg 1920w, https:\/\/yumicos.com\/wp-content\/uploads\/2025\/04\/7-7-300x300.jpg 300w, https:\/\/yumicos.com\/wp-content\/uploads\/2025\/04\/7-7-1024x1024.jpg 1024w, https:\/\/yumicos.com\/wp-content\/uploads\/2025\/04\/7-7-150x150.jpg 150w, https:\/\/yumicos.com\/wp-content\/uploads\/2025\/04\/7-7-768x768.jpg 768w, https:\/\/yumicos.com\/wp-content\/uploads\/2025\/04\/7-7-1536x1536.jpg 1536w, https:\/\/yumicos.com\/wp-content\/uploads\/2025\/04\/7-7-12x12.jpg 12w, https:\/\/yumicos.com\/wp-content\/uploads\/2025\/04\/7-7-70x70.jpg 70w, https:\/\/yumicos.com\/wp-content\/uploads\/2025\/04\/7-7-600x600.jpg 600w, https:\/\/yumicos.com\/wp-content\/uploads\/2025\/04\/7-7-100x100.jpg 100w, https:\/\/yumicos.com\/wp-content\/uploads\/2025\/04\/7-7-50x50.jpg 50w\" sizes=\"(max-width: 750px) 100vw, 750px\" \/><figcaption id=\"caption-attachment-2708\" class=\"wp-caption-text\">Mostrando a vista frontal da peruca Mizuki Cosplay<\/figcaption><\/figure>\n","protected":false},"excerpt":{"rendered":"<p>Esta <strong data-start=\"914\" data-end=\"947\">peruca de cosplay de Mizuki Yumemizuki<\/strong> \u00e9 a combina\u00e7\u00e3o perfeita para o seu <strong data-start=\"978\" data-end=\"1012\">cosplay de Genshin Impact Inazuma<\/strong>. Fabricada com fibras sint\u00e9ticas de primeira qualidade para um aspeto natural e uma utiliza\u00e7\u00e3o confort\u00e1vel.<\/p>\n","protected":false},"featured_media":13833,"comment_status":"open","ping_status":"closed","template":"","meta":{"_acf_changed":false,"_monsterinsights_skip_tracking":false,"_monsterinsights_sitenote_active":false,"_monsterinsights_sitenote_note":"","_monsterinsights_sitenote_category":0,"site-sidebar-layout":"default","site-content-layout":"","ast-site-content-layout":"default","site-content-style":"default","site-sidebar-style":"default","ast-global-header-display":"","ast-banner-title-visibility":"","ast-main-header-display":"","ast-hfb-above-header-display":"","ast-hfb-below-header-display":"","ast-hfb-mobile-header-display":"","site-post-title":"","ast-breadcrumbs-content":"","ast-featured-img":"","footer-sml-layout":"","theme-transparent-header-meta":"default","adv-header-id-meta":"","stick-header-meta":"default","header-above-stick-meta":"","header-main-stick-meta":"","header-below-stick-meta":"","astra-migrate-meta-layouts":"default","ast-page-background-enabled":"default","ast-page-background-meta":{"desktop":{"background-color":"var(--ast-global-color-4)","background-image":"","background-repeat":"repeat","background-position":"center center","background-size":"auto","background-attachment":"scroll","background-type":"","background-media":"","overlay-type":"","overlay-color":"","overlay-opacity":"","overlay-gradient":""},"tablet":{"background-color":"","background-image":"","background-repeat":"repeat","background-position":"center center","background-size":"auto","background-attachment":"scroll","background-type":"","background-media":"","overlay-type":"","overlay-color":"","overlay-opacity":"","overlay-gradient":""},"mobile":{"background-color":"","background-image":"","background-repeat":"repeat","background-position":"center center","background-size":"auto","background-attachment":"scroll","background-type":"","background-media":"","overlay-type":"","overlay-color":"","overlay-opacity":"","overlay-gradient":""}},"ast-content-background-meta":{"desktop":{"background-color":"var(--ast-global-color-5)","background-image":"","background-repeat":"repeat","background-position":"center center","background-size":"auto","background-attachment":"scroll","background-type":"","background-media":"","overlay-type":"","overlay-color":"","overlay-opacity":"","overlay-gradient":""},"tablet":{"background-color":"var(--ast-global-color-5)","background-image":"","background-repeat":"repeat","background-position":"center center","background-size":"auto","background-attachment":"scroll","background-type":"","background-media":"","overlay-type":"","overlay-color":"","overlay-opacity":"","overlay-gradient":""},"mobile":{"background-color":"var(--ast-global-color-5)","background-image":"","background-repeat":"repeat","background-position":"center center","background-size":"auto","background-attachment":"scroll","background-type":"","background-media":"","overlay-type":"","overlay-color":"","overlay-opacity":"","overlay-gradient":""}}},"product_brand":[],"product_cat":[114,185],"product_tag":[],"class_list":{"0":"post-29107","1":"product","2":"type-product","3":"status-publish","4":"has-post-thumbnail","6":"product_cat-game-cosplay","7":"product_cat-genshin-impact-cosplay","8":"desktop-align-left","9":"tablet-align-left","10":"mobile-align-left","11":"ast-product-gallery-layout-horizontal-slider","12":"ast-product-gallery-with-no-image","13":"ast-product-tabs-layout-horizontal","15":"first","16":"instock","17":"purchasable","18":"product-type-simple"},"acf":[],"aioseo_notices":[],"_links":{"self":[{"href":"https:\/\/yumicos.com\/pt-pt\/wp-json\/wp\/v2\/product\/29107","targetHints":{"allow":["GET"]}}],"collection":[{"href":"https:\/\/yumicos.com\/pt-pt\/wp-json\/wp\/v2\/product"}],"about":[{"href":"https:\/\/yumicos.com\/pt-pt\/wp-json\/wp\/v2\/types\/product"}],"replies":[{"embeddable":true,"href":"https:\/\/yumicos.com\/pt-pt\/wp-json\/wp\/v2\/comments?post=29107"}],"wp:featuredmedia":[{"embeddable":true,"href":"https:\/\/yumicos.com\/pt-pt\/wp-json\/wp\/v2\/media\/13833"}],"wp:attachment":[{"href":"https:\/\/yumicos.com\/pt-pt\/wp-json\/wp\/v2\/media?parent=29107"}],"wp:term":[{"taxonomy":"product_brand","embeddable":true,"href":"https:\/\/yumicos.com\/pt-pt\/wp-json\/wp\/v2\/product_brand?post=29107"},{"taxonomy":"product_cat","embeddable":true,"href":"https:\/\/yumicos.com\/pt-pt\/wp-json\/wp\/v2\/product_cat?post=29107"},{"taxonomy":"product_tag","embeddable":true,"href":"https:\/\/yumicos.com\/pt-pt\/wp-json\/wp\/v2\/product_tag?post=29107"}],"curies":[{"name":"wp","href":"https:\/\/api.w.org\/{rel}","templated":true}]}}