{"id":25931,"date":"2025-05-14T15:53:01","date_gmt":"2025-05-14T15:53:01","guid":{"rendered":"https:\/\/yumicos.com\/product\/peruca-de-cosplay-genshin-impact-sigewinne\/"},"modified":"2025-10-13T15:45:57","modified_gmt":"2025-10-13T15:45:57","slug":"genshin-impact-sigewinne-cosplay-wig","status":"publish","type":"product","link":"https:\/\/yumicos.com\/pt-pt\/product\/genshin-impact-sigewinne-cosplay-wig\/","title":{"rendered":"Peruca de Cosplay Genshin Impact Sigewinne"},"content":{"rendered":"<figure id=\"attachment_3496\" aria-describedby=\"caption-attachment-3496\" style=\"width: 750px\" class=\"wp-caption alignnone\"><img fetchpriority=\"high\" decoding=\"async\" class=\"size-full wp-image-3496\" src=\"https:\/\/yumicos.com\/wp-content\/uploads\/2025\/05\/6-7.jpg\" alt=\"Front of Genshin Impact Sigewinne wig\" width=\"750\" height=\"750\" srcset=\"https:\/\/yumicos.com\/wp-content\/uploads\/2025\/05\/6-7.jpg 800w, https:\/\/yumicos.com\/wp-content\/uploads\/2025\/05\/6-7-300x300.jpg 300w, https:\/\/yumicos.com\/wp-content\/uploads\/2025\/05\/6-7-150x150.jpg 150w, https:\/\/yumicos.com\/wp-content\/uploads\/2025\/05\/6-7-768x768.jpg 768w, https:\/\/yumicos.com\/wp-content\/uploads\/2025\/05\/6-7-12x12.jpg 12w, https:\/\/yumicos.com\/wp-content\/uploads\/2025\/05\/6-7-70x70.jpg 70w, https:\/\/yumicos.com\/wp-content\/uploads\/2025\/05\/6-7-600x600.jpg 600w, https:\/\/yumicos.com\/wp-content\/uploads\/2025\/05\/6-7-100x100.jpg 100w, https:\/\/yumicos.com\/wp-content\/uploads\/2025\/05\/6-7-50x50.jpg 50w\" sizes=\"(max-width: 750px) 100vw, 750px\" \/><figcaption id=\"caption-attachment-3496\" class=\"wp-caption-text\">P\u00e3o duplo azul suave<\/figcaption><\/figure>\n","protected":false},"excerpt":{"rendered":"<p>Esta peruca para cosplay reproduz na perfei\u00e7\u00e3o os p\u00e3ezinhos duplos azuis e curtos da Sigewinne. Feita com fibras sint\u00e9ticas de alta qualidade, \u00e9 confort\u00e1vel com uma touca respir\u00e1vel e tiras ajust\u00e1veis.<\/p>\n","protected":false},"featured_media":15769,"comment_status":"open","ping_status":"closed","template":"","meta":{"_acf_changed":false,"_monsterinsights_skip_tracking":false,"_monsterinsights_sitenote_active":false,"_monsterinsights_sitenote_note":"","_monsterinsights_sitenote_category":0,"site-sidebar-layout":"default","site-content-layout":"","ast-site-content-layout":"default","site-content-style":"default","site-sidebar-style":"default","ast-global-header-display":"","ast-banner-title-visibility":"","ast-main-header-display":"","ast-hfb-above-header-display":"","ast-hfb-below-header-display":"","ast-hfb-mobile-header-display":"","site-post-title":"","ast-breadcrumbs-content":"","ast-featured-img":"","footer-sml-layout":"","theme-transparent-header-meta":"default","adv-header-id-meta":"","stick-header-meta":"default","header-above-stick-meta":"","header-main-stick-meta":"","header-below-stick-meta":"","astra-migrate-meta-layouts":"default","ast-page-background-enabled":"default","ast-page-background-meta":{"desktop":{"background-color":"var(--ast-global-color-4)","background-image":"","background-repeat":"repeat","background-position":"center center","background-size":"auto","background-attachment":"scroll","background-type":"","background-media":"","overlay-type":"","overlay-color":"","overlay-opacity":"","overlay-gradient":""},"tablet":{"background-color":"","background-image":"","background-repeat":"repeat","background-position":"center center","background-size":"auto","background-attachment":"scroll","background-type":"","background-media":"","overlay-type":"","overlay-color":"","overlay-opacity":"","overlay-gradient":""},"mobile":{"background-color":"","background-image":"","background-repeat":"repeat","background-position":"center center","background-size":"auto","background-attachment":"scroll","background-type":"","background-media":"","overlay-type":"","overlay-color":"","overlay-opacity":"","overlay-gradient":""}},"ast-content-background-meta":{"desktop":{"background-color":"var(--ast-global-color-5)","background-image":"","background-repeat":"repeat","background-position":"center center","background-size":"auto","background-attachment":"scroll","background-type":"","background-media":"","overlay-type":"","overlay-color":"","overlay-opacity":"","overlay-gradient":""},"tablet":{"background-color":"var(--ast-global-color-5)","background-image":"","background-repeat":"repeat","background-position":"center center","background-size":"auto","background-attachment":"scroll","background-type":"","background-media":"","overlay-type":"","overlay-color":"","overlay-opacity":"","overlay-gradient":""},"mobile":{"background-color":"var(--ast-global-color-5)","background-image":"","background-repeat":"repeat","background-position":"center center","background-size":"auto","background-attachment":"scroll","background-type":"","background-media":"","overlay-type":"","overlay-color":"","overlay-opacity":"","overlay-gradient":""}}},"product_brand":[],"product_cat":[156],"product_tag":[],"class_list":{"0":"post-25931","1":"product","2":"type-product","3":"status-publish","4":"has-post-thumbnail","6":"product_cat-anime","7":"desktop-align-left","8":"tablet-align-left","9":"mobile-align-left","10":"ast-product-gallery-layout-horizontal-slider","11":"ast-product-gallery-with-no-image","12":"ast-product-tabs-layout-horizontal","14":"first","15":"instock","16":"purchasable","17":"product-type-simple"},"acf":[],"aioseo_notices":[],"_links":{"self":[{"href":"https:\/\/yumicos.com\/pt-pt\/wp-json\/wp\/v2\/product\/25931","targetHints":{"allow":["GET"]}}],"collection":[{"href":"https:\/\/yumicos.com\/pt-pt\/wp-json\/wp\/v2\/product"}],"about":[{"href":"https:\/\/yumicos.com\/pt-pt\/wp-json\/wp\/v2\/types\/product"}],"replies":[{"embeddable":true,"href":"https:\/\/yumicos.com\/pt-pt\/wp-json\/wp\/v2\/comments?post=25931"}],"wp:featuredmedia":[{"embeddable":true,"href":"https:\/\/yumicos.com\/pt-pt\/wp-json\/wp\/v2\/media\/15769"}],"wp:attachment":[{"href":"https:\/\/yumicos.com\/pt-pt\/wp-json\/wp\/v2\/media?parent=25931"}],"wp:term":[{"taxonomy":"product_brand","embeddable":true,"href":"https:\/\/yumicos.com\/pt-pt\/wp-json\/wp\/v2\/product_brand?post=25931"},{"taxonomy":"product_cat","embeddable":true,"href":"https:\/\/yumicos.com\/pt-pt\/wp-json\/wp\/v2\/product_cat?post=25931"},{"taxonomy":"product_tag","embeddable":true,"href":"https:\/\/yumicos.com\/pt-pt\/wp-json\/wp\/v2\/product_tag?post=25931"}],"curies":[{"name":"wp","href":"https:\/\/api.w.org\/{rel}","templated":true}]}}