{"id":24216,"date":"2025-05-27T18:01:10","date_gmt":"2025-05-27T18:01:10","guid":{"rendered":"https:\/\/yumicos.com\/product\/love-and-deepspace-xavier-light-hunter-cosplay-costume-set\/"},"modified":"2025-10-13T15:16:51","modified_gmt":"2025-10-13T15:16:51","slug":"love-and-deepspace-xavier-cosplay","status":"publish","type":"product","link":"https:\/\/yumicos.com\/pt-pt\/product\/love-and-deepspace-xavier-cosplay\/","title":{"rendered":"Conjunto de Fantasia de Cosplay de Xavier &#8220;Ca\u00e7ador de Luz&#8221; para Love and Deepspace"},"content":{"rendered":"<p><img fetchpriority=\"high\" decoding=\"async\" class=\"alignnone size-full wp-image-285\" src=\"https:\/\/yumicos.com\/wp-content\/uploads\/2025\/01\/chanp.jpg\" alt=\"\" width=\"790\" height=\"92\" srcset=\"https:\/\/yumicos.com\/wp-content\/uploads\/2025\/01\/chanp.jpg 790w, https:\/\/yumicos.com\/wp-content\/uploads\/2025\/01\/chanp-300x35.jpg 300w, https:\/\/yumicos.com\/wp-content\/uploads\/2025\/01\/chanp-768x89.jpg 768w, https:\/\/yumicos.com\/wp-content\/uploads\/2025\/01\/chanp-600x70.jpg 600w\" sizes=\"(max-width: 790px) 100vw, 790px\" \/><\/p>\n<p><strong>Fonte<\/strong>: <a href=\"https:\/\/yumicos.com\/pt-pt\/product-category\/game-cosplay-pt\/love-and-deepspace-pt-pt\/\">Amor e DeepSpace<\/a><\/p>\n<p><strong>Personagem<\/strong>: Xavier<\/p>\n<p><strong>Inclu\u00eddo<\/strong>:Casaco+Vestu\u00e1rio interior+Cal\u00e7as+Gola+Bunda de ver\u00e3o+Decora\u00e7\u00e3o de mangas+Luva+Decora\u00e7\u00e3o de bra\u00e7os+Decora\u00e7\u00e3o de cintura \u00e0 frente+Decora\u00e7\u00e3o de cintura atr\u00e1s<\/p>\n<p data-start=\"0\" data-end=\"105\"><strong data-start=\"0\" data-end=\"13\">Material:<\/strong> Feito de poli\u00e9ster de alta qualidade e couro sint\u00e9tico para um ajuste confort\u00e1vel e dur\u00e1vel.<\/p>\n<p data-start=\"107\" data-end=\"204\"><strong data-start=\"107\" data-end=\"129\">Instru\u00e7\u00f5es de manuten\u00e7\u00e3o:<\/strong> Lavar \u00e0 m\u00e3o em \u00e1gua fria, evitar lix\u00edvia e pendurar para secar para obter melhores resultados.<\/p>\n<p data-start=\"206\" data-end=\"319\"><strong data-start=\"206\" data-end=\"215\">Tamanho:<\/strong> Por favor, note que o tamanho segue os padr\u00f5es asi\u00e1ticos e pode variar de 1-3 cm devido \u00e0 medi\u00e7\u00e3o manual.<\/p>\n<p data-start=\"321\" data-end=\"347\" data-is-last-node=\"\" data-is-only-node=\"\"><strong data-start=\"321\" data-end=\"329\">Ponta:<\/strong> 1 cm \u2248 0,39 polegadas.<\/p>\n<p><img decoding=\"async\" class=\"alignnone size-full wp-image-288\" src=\"https:\/\/yumicos.com\/wp-content\/uploads\/2025\/01\/shiwuzhanshi.jpg\" alt=\"\" width=\"790\" height=\"92\" srcset=\"https:\/\/yumicos.com\/wp-content\/uploads\/2025\/01\/shiwuzhanshi.jpg 790w, https:\/\/yumicos.com\/wp-content\/uploads\/2025\/01\/shiwuzhanshi-300x35.jpg 300w, https:\/\/yumicos.com\/wp-content\/uploads\/2025\/01\/shiwuzhanshi-768x89.jpg 768w, https:\/\/yumicos.com\/wp-content\/uploads\/2025\/01\/shiwuzhanshi-600x70.jpg 600w\" sizes=\"(max-width: 790px) 100vw, 790px\" \/><\/p>\n<p><img decoding=\"async\" class=\"size-full wp-image-4157\" src=\"https:\/\/yumicos.com\/wp-content\/uploads\/2025\/05\/7-11.jpg\" alt=\"Love and Deepspace Xavier Light Hunter cosplay front\" width=\"750\" height=\"1764\" \/><\/p>\n<p><img loading=\"lazy\" decoding=\"async\" class=\"size-full wp-image-4158\" src=\"https:\/\/yumicos.com\/wp-content\/uploads\/2025\/05\/8-11.jpg\" alt=\"Xavier cosplay outfit Light Hunter skin \u2013 back\" width=\"750\" height=\"1764\" \/><\/p>\n<p><img loading=\"lazy\" decoding=\"async\" class=\"alignnone size-full wp-image-287\" src=\"https:\/\/yumicos.com\/wp-content\/uploads\/2025\/01\/xijie.jpg\" alt=\"\" width=\"790\" height=\"92\" srcset=\"https:\/\/yumicos.com\/wp-content\/uploads\/2025\/01\/xijie.jpg 790w, https:\/\/yumicos.com\/wp-content\/uploads\/2025\/01\/xijie-300x35.jpg 300w, https:\/\/yumicos.com\/wp-content\/uploads\/2025\/01\/xijie-768x89.jpg 768w, https:\/\/yumicos.com\/wp-content\/uploads\/2025\/01\/xijie-600x70.jpg 600w\" sizes=\"(max-width: 790px) 100vw, 790px\" \/><\/p>\n<p><img loading=\"lazy\" decoding=\"async\" class=\"size-full wp-image-4159\" src=\"https:\/\/yumicos.com\/wp-content\/uploads\/2025\/05\/9-11.jpg\" alt=\"Xavier Light Hunter skin cosplay close-up\" width=\"750\" height=\"1605\" \/><\/p>\n<p><img loading=\"lazy\" decoding=\"async\" class=\"size-full wp-image-4160\" src=\"https:\/\/yumicos.com\/wp-content\/uploads\/2025\/05\/10-8.jpg\" alt=\"Xavier Light Hunter skin cosplay close-up\" width=\"750\" height=\"1701\" \/><\/p>\n<p><img loading=\"lazy\" decoding=\"async\" class=\"size-full wp-image-4161\" src=\"https:\/\/yumicos.com\/wp-content\/uploads\/2025\/05\/11-9.jpg\" alt=\"Xavier Light Hunter skin cosplay close-up\" width=\"750\" height=\"1642\" \/><\/p>\n<p><img loading=\"lazy\" decoding=\"async\" class=\"size-full wp-image-4162\" src=\"https:\/\/yumicos.com\/wp-content\/uploads\/2025\/05\/12-9.jpg\" alt=\"Xavier Light Hunter skin cosplay close-up\" width=\"750\" height=\"1443\" \/><\/p>\n<p><img loading=\"lazy\" decoding=\"async\" class=\"size-full wp-image-4163\" src=\"https:\/\/yumicos.com\/wp-content\/uploads\/2025\/05\/13-9.jpg\" alt=\"Xavier Light Hunter skin cosplay close-up\" width=\"750\" height=\"1518\" \/><\/p>\n<p><img loading=\"lazy\" decoding=\"async\" class=\"size-full wp-image-4164\" src=\"https:\/\/yumicos.com\/wp-content\/uploads\/2025\/05\/14-7.jpg\" alt=\"Xavier Light Hunter skin cosplay close-up\" width=\"750\" height=\"1512\" \/><\/p>\n<p><img loading=\"lazy\" decoding=\"async\" class=\"size-full wp-image-4165\" src=\"https:\/\/yumicos.com\/wp-content\/uploads\/2025\/05\/15-6.jpg\" alt=\"Xavier Light Hunter skin cosplay close-up\" width=\"750\" height=\"1408\" \/><\/p>\n<p><img loading=\"lazy\" decoding=\"async\" class=\"size-full wp-image-4166\" src=\"https:\/\/yumicos.com\/wp-content\/uploads\/2025\/05\/16-5.jpg\" alt=\"Xavier Light Hunter skin cosplay close-up\" width=\"750\" height=\"1433\" \/><\/p>\n<p><img loading=\"lazy\" decoding=\"async\" class=\"size-full wp-image-4167\" src=\"https:\/\/yumicos.com\/wp-content\/uploads\/2025\/05\/17-5.jpg\" alt=\"Xavier Light Hunter skin cosplay close-up\" width=\"750\" height=\"1551\" \/><\/p>\n<p><img loading=\"lazy\" decoding=\"async\" class=\"size-full wp-image-4168\" src=\"https:\/\/yumicos.com\/wp-content\/uploads\/2025\/05\/18-2.jpg\" alt=\"Xavier Light Hunter skin cosplay close-up\" width=\"750\" height=\"1627\" \/><\/p>\n","protected":false},"excerpt":{"rendered":"<p>D\u00e1 vida ao novo visual &#8220;Ca\u00e7ador de Luz&#8221; do Xavier com este fato de cosplay de primeira qualidade. O conjunto inclui um casaco elegante, acess\u00f3rios t\u00e1cticos, luvas e elementos de assinatura fi\u00e9is ao seu visual no jogo. Perfeito para conven\u00e7\u00f5es, sess\u00f5es fotogr\u00e1ficas ou f\u00e3s de <em data-start=\"993\" data-end=\"1013\">Love and Deepspace<\/em>.<\/p>\n","protected":false},"featured_media":16305,"comment_status":"open","ping_status":"closed","template":"","meta":{"_acf_changed":false,"_monsterinsights_skip_tracking":false,"_monsterinsights_sitenote_active":false,"_monsterinsights_sitenote_note":"","_monsterinsights_sitenote_category":0,"site-sidebar-layout":"default","site-content-layout":"","ast-site-content-layout":"default","site-content-style":"default","site-sidebar-style":"default","ast-global-header-display":"","ast-banner-title-visibility":"","ast-main-header-display":"","ast-hfb-above-header-display":"","ast-hfb-below-header-display":"","ast-hfb-mobile-header-display":"","site-post-title":"","ast-breadcrumbs-content":"","ast-featured-img":"","footer-sml-layout":"","theme-transparent-header-meta":"default","adv-header-id-meta":"","stick-header-meta":"default","header-above-stick-meta":"","header-main-stick-meta":"","header-below-stick-meta":"","astra-migrate-meta-layouts":"default","ast-page-background-enabled":"default","ast-page-background-meta":{"desktop":{"background-color":"var(--ast-global-color-4)","background-image":"","background-repeat":"repeat","background-position":"center center","background-size":"auto","background-attachment":"scroll","background-type":"","background-media":"","overlay-type":"","overlay-color":"","overlay-opacity":"","overlay-gradient":""},"tablet":{"background-color":"","background-image":"","background-repeat":"repeat","background-position":"center center","background-size":"auto","background-attachment":"scroll","background-type":"","background-media":"","overlay-type":"","overlay-color":"","overlay-opacity":"","overlay-gradient":""},"mobile":{"background-color":"","background-image":"","background-repeat":"repeat","background-position":"center center","background-size":"auto","background-attachment":"scroll","background-type":"","background-media":"","overlay-type":"","overlay-color":"","overlay-opacity":"","overlay-gradient":""}},"ast-content-background-meta":{"desktop":{"background-color":"var(--ast-global-color-5)","background-image":"","background-repeat":"repeat","background-position":"center center","background-size":"auto","background-attachment":"scroll","background-type":"","background-media":"","overlay-type":"","overlay-color":"","overlay-opacity":"","overlay-gradient":""},"tablet":{"background-color":"var(--ast-global-color-5)","background-image":"","background-repeat":"repeat","background-position":"center center","background-size":"auto","background-attachment":"scroll","background-type":"","background-media":"","overlay-type":"","overlay-color":"","overlay-opacity":"","overlay-gradient":""},"mobile":{"background-color":"var(--ast-global-color-5)","background-image":"","background-repeat":"repeat","background-position":"center center","background-size":"auto","background-attachment":"scroll","background-type":"","background-media":"","overlay-type":"","overlay-color":"","overlay-opacity":"","overlay-gradient":""}}},"product_brand":[],"product_cat":[114,197],"product_tag":[],"class_list":{"0":"post-24216","1":"product","2":"type-product","3":"status-publish","4":"has-post-thumbnail","6":"product_cat-game-cosplay","7":"product_cat-love-and-deepspace","8":"desktop-align-left","9":"tablet-align-left","10":"mobile-align-left","11":"ast-product-gallery-layout-horizontal-slider","12":"ast-product-single-variable","13":"ast-product-tabs-layout-horizontal","15":"first","16":"instock","17":"purchasable","18":"product-type-variable"},"acf":[],"aioseo_notices":[],"_links":{"self":[{"href":"https:\/\/yumicos.com\/pt-pt\/wp-json\/wp\/v2\/product\/24216","targetHints":{"allow":["GET"]}}],"collection":[{"href":"https:\/\/yumicos.com\/pt-pt\/wp-json\/wp\/v2\/product"}],"about":[{"href":"https:\/\/yumicos.com\/pt-pt\/wp-json\/wp\/v2\/types\/product"}],"replies":[{"embeddable":true,"href":"https:\/\/yumicos.com\/pt-pt\/wp-json\/wp\/v2\/comments?post=24216"}],"wp:featuredmedia":[{"embeddable":true,"href":"https:\/\/yumicos.com\/pt-pt\/wp-json\/wp\/v2\/media\/16305"}],"wp:attachment":[{"href":"https:\/\/yumicos.com\/pt-pt\/wp-json\/wp\/v2\/media?parent=24216"}],"wp:term":[{"taxonomy":"product_brand","embeddable":true,"href":"https:\/\/yumicos.com\/pt-pt\/wp-json\/wp\/v2\/product_brand?post=24216"},{"taxonomy":"product_cat","embeddable":true,"href":"https:\/\/yumicos.com\/pt-pt\/wp-json\/wp\/v2\/product_cat?post=24216"},{"taxonomy":"product_tag","embeddable":true,"href":"https:\/\/yumicos.com\/pt-pt\/wp-json\/wp\/v2\/product_tag?post=24216"}],"curies":[{"name":"wp","href":"https:\/\/api.w.org\/{rel}","templated":true}]}}