{"id":35248,"date":"2025-01-27T17:01:23","date_gmt":"2025-01-27T17:01:23","guid":{"rendered":"https:\/\/yumicos.com\/product\/yorha-no-2-costume-cosplay-tipo-b-nier-automata-2b-per-i-fan\/"},"modified":"2025-10-22T12:45:06","modified_gmt":"2025-10-22T12:45:06","slug":"yorha-no-2-type-b-cosplay-costume","status":"publish","type":"product","link":"https:\/\/yumicos.com\/it\/product\/yorha-no-2-type-b-cosplay-costume\/","title":{"rendered":"YoRHa No. 2 Costume Cosplay Tipo B &#8211; Nier: Automata 2B per i fan"},"content":{"rendered":"<p><strong><img fetchpriority=\"high\" decoding=\"async\" class=\"alignnone size-full wp-image-285\" src=\"https:\/\/yumicos.com\/wp-content\/uploads\/2025\/01\/chanp.jpg\" alt=\"\" width=\"790\" height=\"92\" srcset=\"https:\/\/yumicos.com\/wp-content\/uploads\/2025\/01\/chanp.jpg 790w, https:\/\/yumicos.com\/wp-content\/uploads\/2025\/01\/chanp-300x35.jpg 300w, https:\/\/yumicos.com\/wp-content\/uploads\/2025\/01\/chanp-768x89.jpg 768w, https:\/\/yumicos.com\/wp-content\/uploads\/2025\/01\/chanp-600x70.jpg 600w\" sizes=\"(max-width: 790px) 100vw, 790px\" \/><\/strong><\/p>\n<p><strong> Anime<\/strong>:<a title=\"Nier: Automata\" href=\"https:\/\/yumicos.com\/it\/product-category\/game-cosplay\/nier-automata-yorha-cosplay\/\" target=\"_blank\" rel=\"noopener\"><strong> Nier: Automata<\/strong><\/a><\/p>\n<p><strong> Personaggio<\/strong>: 2b<\/p>\n<p><strong> Inclusi<\/strong>: Abito + guanti + toppa + cintura + forcina + calze di seta<\/p>\n<p><strong> Materiale<\/strong>: poliestere<\/p>\n<p><strong> Colore<\/strong>: nero<\/p>\n<p><strong> Istruzioni per la cura<\/strong>: Lavare a mano in acqua fredda, appendere ad asciugare, non candeggiare<\/p>\n<p> <strong> Dimensioni<\/strong>: Si prega di notare che le taglie asiatiche possono avere una discrepanza di 1-3 cm a causa della tecnica di misurazione.<\/p>\n<p><img decoding=\"async\" class=\"alignnone size-full wp-image-288\" src=\"https:\/\/yumicos.com\/wp-content\/uploads\/2025\/01\/shiwuzhanshi.jpg\" alt=\"\" width=\"790\" height=\"92\" srcset=\"https:\/\/yumicos.com\/wp-content\/uploads\/2025\/01\/shiwuzhanshi.jpg 790w, https:\/\/yumicos.com\/wp-content\/uploads\/2025\/01\/shiwuzhanshi-300x35.jpg 300w, https:\/\/yumicos.com\/wp-content\/uploads\/2025\/01\/shiwuzhanshi-768x89.jpg 768w, https:\/\/yumicos.com\/wp-content\/uploads\/2025\/01\/shiwuzhanshi-600x70.jpg 600w\" sizes=\"(max-width: 790px) 100vw, 790px\" \/><\/p>\n<p><img decoding=\"async\" class=\" wp-image-398\" src=\"https:\/\/yumicos.com\/wp-content\/uploads\/2025\/01\/1737995260-1024x1024.png\" alt=\"Front view of YoRHa No. 2 Type B cosplay costume from Nier: Automata, featuring detailed design and premium fabric.\" width=\"768\" height=\"768\" srcset=\"https:\/\/yumicos.com\/wp-content\/uploads\/2025\/01\/1737995260-1024x1024.png 1024w, https:\/\/yumicos.com\/wp-content\/uploads\/2025\/01\/1737995260-300x300.png 300w, https:\/\/yumicos.com\/wp-content\/uploads\/2025\/01\/1737995260-150x150.png 150w, https:\/\/yumicos.com\/wp-content\/uploads\/2025\/01\/1737995260-768x768.png 768w, https:\/\/yumicos.com\/wp-content\/uploads\/2025\/01\/1737995260-1536x1536.png 1536w, https:\/\/yumicos.com\/wp-content\/uploads\/2025\/01\/1737995260-600x600.png 600w, https:\/\/yumicos.com\/wp-content\/uploads\/2025\/01\/1737995260-100x100.png 100w, https:\/\/yumicos.com\/wp-content\/uploads\/2025\/01\/1737995260-50x50.png 50w, https:\/\/yumicos.com\/wp-content\/uploads\/2025\/01\/1737995260.png 1920w\" sizes=\"(max-width: 768px) 100vw, 768px\" \/><\/p>\n<p><img loading=\"lazy\" decoding=\"async\" class=\" wp-image-400\" src=\"https:\/\/yumicos.com\/wp-content\/uploads\/2025\/01\/3-1024x1024.png\" alt=\"Front view of YoRHa No. 2 Type B cosplay costume from Nier: Automata, featuring detailed design and premium fabric.\" width=\"768\" height=\"768\" srcset=\"https:\/\/yumicos.com\/wp-content\/uploads\/2025\/01\/3-1024x1024.png 1024w, https:\/\/yumicos.com\/wp-content\/uploads\/2025\/01\/3-300x300.png 300w, https:\/\/yumicos.com\/wp-content\/uploads\/2025\/01\/3-150x150.png 150w, https:\/\/yumicos.com\/wp-content\/uploads\/2025\/01\/3-768x768.png 768w, https:\/\/yumicos.com\/wp-content\/uploads\/2025\/01\/3-1536x1536.png 1536w, https:\/\/yumicos.com\/wp-content\/uploads\/2025\/01\/3-600x600.png 600w, https:\/\/yumicos.com\/wp-content\/uploads\/2025\/01\/3-100x100.png 100w, https:\/\/yumicos.com\/wp-content\/uploads\/2025\/01\/3-50x50.png 50w, https:\/\/yumicos.com\/wp-content\/uploads\/2025\/01\/3.png 1920w\" sizes=\"(max-width: 768px) 100vw, 768px\" \/><\/p>\n<p><img loading=\"lazy\" decoding=\"async\" class=\" wp-image-401\" src=\"https:\/\/yumicos.com\/wp-content\/uploads\/2025\/01\/4-1024x1024.png\" alt=\"Front view of YoRHa No. 2 Type B cosplay costume from Nier: Automata, featuring detailed design and premium fabric.\" width=\"768\" height=\"768\" srcset=\"https:\/\/yumicos.com\/wp-content\/uploads\/2025\/01\/4-1024x1024.png 1024w, https:\/\/yumicos.com\/wp-content\/uploads\/2025\/01\/4-300x300.png 300w, https:\/\/yumicos.com\/wp-content\/uploads\/2025\/01\/4-150x150.png 150w, https:\/\/yumicos.com\/wp-content\/uploads\/2025\/01\/4-768x768.png 768w, https:\/\/yumicos.com\/wp-content\/uploads\/2025\/01\/4-1536x1536.png 1536w, https:\/\/yumicos.com\/wp-content\/uploads\/2025\/01\/4-600x600.png 600w, https:\/\/yumicos.com\/wp-content\/uploads\/2025\/01\/4-100x100.png 100w, https:\/\/yumicos.com\/wp-content\/uploads\/2025\/01\/4-50x50.png 50w, https:\/\/yumicos.com\/wp-content\/uploads\/2025\/01\/4.png 1920w\" sizes=\"(max-width: 768px) 100vw, 768px\" \/><\/p>\n<p><img loading=\"lazy\" decoding=\"async\" class=\" wp-image-399\" src=\"https:\/\/yumicos.com\/wp-content\/uploads\/2025\/01\/2-1024x1024.png\" alt=\"Front view of YoRHa No. 2 Type B cosplay costume from Nier: Automata, featuring detailed design and premium fabric.\" width=\"768\" height=\"768\" srcset=\"https:\/\/yumicos.com\/wp-content\/uploads\/2025\/01\/2-1024x1024.png 1024w, https:\/\/yumicos.com\/wp-content\/uploads\/2025\/01\/2-300x300.png 300w, https:\/\/yumicos.com\/wp-content\/uploads\/2025\/01\/2-150x150.png 150w, https:\/\/yumicos.com\/wp-content\/uploads\/2025\/01\/2-768x768.png 768w, https:\/\/yumicos.com\/wp-content\/uploads\/2025\/01\/2-1536x1536.png 1536w, https:\/\/yumicos.com\/wp-content\/uploads\/2025\/01\/2-600x600.png 600w, https:\/\/yumicos.com\/wp-content\/uploads\/2025\/01\/2-100x100.png 100w, https:\/\/yumicos.com\/wp-content\/uploads\/2025\/01\/2-50x50.png 50w, https:\/\/yumicos.com\/wp-content\/uploads\/2025\/01\/2.png 1920w\" sizes=\"(max-width: 768px) 100vw, 768px\" \/><\/p>\n<p><img loading=\"lazy\" decoding=\"async\" class=\"alignnone size-full wp-image-287\" src=\"https:\/\/yumicos.com\/wp-content\/uploads\/2025\/01\/xijie.jpg\" alt=\"\" width=\"790\" height=\"92\" srcset=\"https:\/\/yumicos.com\/wp-content\/uploads\/2025\/01\/xijie.jpg 790w, https:\/\/yumicos.com\/wp-content\/uploads\/2025\/01\/xijie-300x35.jpg 300w, https:\/\/yumicos.com\/wp-content\/uploads\/2025\/01\/xijie-768x89.jpg 768w, https:\/\/yumicos.com\/wp-content\/uploads\/2025\/01\/xijie-600x70.jpg 600w\" sizes=\"(max-width: 790px) 100vw, 790px\" \/><\/p>\n<p><img loading=\"lazy\" decoding=\"async\" class=\" wp-image-403\" src=\"https:\/\/yumicos.com\/wp-content\/uploads\/2025\/01\/5-1024x682.png\" alt=\"Close-up of the YoRHa No. 2 Type B cosplay costume showing fabric texture and embroidery. \" width=\"768\" height=\"512\" srcset=\"https:\/\/yumicos.com\/wp-content\/uploads\/2025\/01\/5-1024x682.png 1024w, https:\/\/yumicos.com\/wp-content\/uploads\/2025\/01\/5-300x200.png 300w, https:\/\/yumicos.com\/wp-content\/uploads\/2025\/01\/5-768x512.png 768w, https:\/\/yumicos.com\/wp-content\/uploads\/2025\/01\/5-1536x1023.png 1536w, https:\/\/yumicos.com\/wp-content\/uploads\/2025\/01\/5-600x400.png 600w, https:\/\/yumicos.com\/wp-content\/uploads\/2025\/01\/5.png 1920w\" sizes=\"(max-width: 768px) 100vw, 768px\" \/><\/p>\n<p><img loading=\"lazy\" decoding=\"async\" class=\" wp-image-404\" src=\"https:\/\/yumicos.com\/wp-content\/uploads\/2025\/01\/6-1024x682.png\" alt=\"Close-up of the YoRHa No. 2 Type B cosplay costume showing fabric texture and embroidery. \" width=\"768\" height=\"511\" srcset=\"https:\/\/yumicos.com\/wp-content\/uploads\/2025\/01\/6-1024x682.png 1024w, https:\/\/yumicos.com\/wp-content\/uploads\/2025\/01\/6-300x200.png 300w, https:\/\/yumicos.com\/wp-content\/uploads\/2025\/01\/6-768x512.png 768w, https:\/\/yumicos.com\/wp-content\/uploads\/2025\/01\/6-1536x1023.png 1536w, https:\/\/yumicos.com\/wp-content\/uploads\/2025\/01\/6-600x400.png 600w, https:\/\/yumicos.com\/wp-content\/uploads\/2025\/01\/6.png 1920w\" sizes=\"(max-width: 768px) 100vw, 768px\" \/><\/p>\n<p><img loading=\"lazy\" decoding=\"async\" class=\" wp-image-405\" src=\"https:\/\/yumicos.com\/wp-content\/uploads\/2025\/01\/7-1024x682.png\" alt=\"Close-up of the YoRHa No. 2 Type B cosplay costume showing fabric texture and embroidery. \" width=\"768\" height=\"512\" srcset=\"https:\/\/yumicos.com\/wp-content\/uploads\/2025\/01\/7-1024x682.png 1024w, https:\/\/yumicos.com\/wp-content\/uploads\/2025\/01\/7-300x200.png 300w, https:\/\/yumicos.com\/wp-content\/uploads\/2025\/01\/7-768x512.png 768w, https:\/\/yumicos.com\/wp-content\/uploads\/2025\/01\/7-1536x1023.png 1536w, https:\/\/yumicos.com\/wp-content\/uploads\/2025\/01\/7-600x400.png 600w, https:\/\/yumicos.com\/wp-content\/uploads\/2025\/01\/7.png 1920w\" sizes=\"(max-width: 768px) 100vw, 768px\" \/><\/p>\n<p><img loading=\"lazy\" decoding=\"async\" class=\" wp-image-407\" src=\"https:\/\/yumicos.com\/wp-content\/uploads\/2025\/01\/11-683x1024.png\" alt=\"Close-up of the YoRHa No. 2 Type B cosplay costume showing fabric texture and embroidery. \" width=\"768\" height=\"1151\" srcset=\"https:\/\/yumicos.com\/wp-content\/uploads\/2025\/01\/11-683x1024.png 683w, https:\/\/yumicos.com\/wp-content\/uploads\/2025\/01\/11-200x300.png 200w, https:\/\/yumicos.com\/wp-content\/uploads\/2025\/01\/11-768x1152.png 768w, https:\/\/yumicos.com\/wp-content\/uploads\/2025\/01\/11-1024x1536.png 1024w, https:\/\/yumicos.com\/wp-content\/uploads\/2025\/01\/11-600x900.png 600w, https:\/\/yumicos.com\/wp-content\/uploads\/2025\/01\/11.png 1280w\" sizes=\"(max-width: 768px) 100vw, 768px\" \/><\/p>\n<p><img loading=\"lazy\" decoding=\"async\" class=\"wp-image-406\" src=\"https:\/\/yumicos.com\/wp-content\/uploads\/2025\/01\/10-683x1024.png\" alt=\"Close-up of the YoRHa No. 2 Type B cosplay costume showing fabric texture and embroidery. \" width=\"768\" height=\"1151\" srcset=\"https:\/\/yumicos.com\/wp-content\/uploads\/2025\/01\/10-683x1024.png 683w, https:\/\/yumicos.com\/wp-content\/uploads\/2025\/01\/10-200x300.png 200w, https:\/\/yumicos.com\/wp-content\/uploads\/2025\/01\/10-768x1152.png 768w, https:\/\/yumicos.com\/wp-content\/uploads\/2025\/01\/10-1024x1536.png 1024w, https:\/\/yumicos.com\/wp-content\/uploads\/2025\/01\/10-600x900.png 600w, https:\/\/yumicos.com\/wp-content\/uploads\/2025\/01\/10.png 1280w\" sizes=\"(max-width: 768px) 100vw, 768px\" \/><\/p>\n","protected":false},"excerpt":{"rendered":"<p>Entra nel mondo di Nier: Automata nei panni di YoRHa No. 2 Type B con questo costume cosplay di alta qualit\u00e0. Realizzato con materiali di alta qualit\u00e0 e attenzione ai dettagli, \u00e8 perfetto per eventi cosplay, servizi fotografici e convention.<\/p>\n","protected":false},"featured_media":7480,"comment_status":"open","ping_status":"closed","template":"","meta":{"_acf_changed":false,"_monsterinsights_skip_tracking":false,"_monsterinsights_sitenote_active":false,"_monsterinsights_sitenote_note":"","_monsterinsights_sitenote_category":0,"site-sidebar-layout":"default","site-content-layout":"","ast-site-content-layout":"default","site-content-style":"default","site-sidebar-style":"default","ast-global-header-display":"","ast-banner-title-visibility":"","ast-main-header-display":"","ast-hfb-above-header-display":"","ast-hfb-below-header-display":"","ast-hfb-mobile-header-display":"","site-post-title":"","ast-breadcrumbs-content":"","ast-featured-img":"","footer-sml-layout":"","theme-transparent-header-meta":"default","adv-header-id-meta":"","stick-header-meta":"default","header-above-stick-meta":"","header-main-stick-meta":"","header-below-stick-meta":"","astra-migrate-meta-layouts":"default","ast-page-background-enabled":"default","ast-page-background-meta":{"desktop":{"background-color":"var(--ast-global-color-4)","background-image":"","background-repeat":"repeat","background-position":"center center","background-size":"auto","background-attachment":"scroll","background-type":"","background-media":"","overlay-type":"","overlay-color":"","overlay-opacity":"","overlay-gradient":""},"tablet":{"background-color":"","background-image":"","background-repeat":"repeat","background-position":"center center","background-size":"auto","background-attachment":"scroll","background-type":"","background-media":"","overlay-type":"","overlay-color":"","overlay-opacity":"","overlay-gradient":""},"mobile":{"background-color":"","background-image":"","background-repeat":"repeat","background-position":"center center","background-size":"auto","background-attachment":"scroll","background-type":"","background-media":"","overlay-type":"","overlay-color":"","overlay-opacity":"","overlay-gradient":""}},"ast-content-background-meta":{"desktop":{"background-color":"var(--ast-global-color-5)","background-image":"","background-repeat":"repeat","background-position":"center center","background-size":"auto","background-attachment":"scroll","background-type":"","background-media":"","overlay-type":"","overlay-color":"","overlay-opacity":"","overlay-gradient":""},"tablet":{"background-color":"var(--ast-global-color-5)","background-image":"","background-repeat":"repeat","background-position":"center center","background-size":"auto","background-attachment":"scroll","background-type":"","background-media":"","overlay-type":"","overlay-color":"","overlay-opacity":"","overlay-gradient":""},"mobile":{"background-color":"var(--ast-global-color-5)","background-image":"","background-repeat":"repeat","background-position":"center center","background-size":"auto","background-attachment":"scroll","background-type":"","background-media":"","overlay-type":"","overlay-color":"","overlay-opacity":"","overlay-gradient":""}}},"product_brand":[],"product_cat":[116,309],"product_tag":[],"class_list":{"0":"post-35248","1":"product","2":"type-product","3":"status-publish","4":"has-post-thumbnail","6":"product_cat-game-cosplay","7":"product_cat-nier-automata-yorha-cosplay","8":"desktop-align-left","9":"tablet-align-left","10":"mobile-align-left","11":"ast-product-gallery-layout-horizontal-slider","12":"ast-product-single-variable","13":"ast-product-tabs-layout-horizontal","15":"first","16":"instock","17":"sale","18":"purchasable","19":"product-type-variable"},"acf":[],"aioseo_notices":[],"_links":{"self":[{"href":"https:\/\/yumicos.com\/it\/wp-json\/wp\/v2\/product\/35248","targetHints":{"allow":["GET"]}}],"collection":[{"href":"https:\/\/yumicos.com\/it\/wp-json\/wp\/v2\/product"}],"about":[{"href":"https:\/\/yumicos.com\/it\/wp-json\/wp\/v2\/types\/product"}],"replies":[{"embeddable":true,"href":"https:\/\/yumicos.com\/it\/wp-json\/wp\/v2\/comments?post=35248"}],"wp:featuredmedia":[{"embeddable":true,"href":"https:\/\/yumicos.com\/it\/wp-json\/wp\/v2\/media\/7480"}],"wp:attachment":[{"href":"https:\/\/yumicos.com\/it\/wp-json\/wp\/v2\/media?parent=35248"}],"wp:term":[{"taxonomy":"product_brand","embeddable":true,"href":"https:\/\/yumicos.com\/it\/wp-json\/wp\/v2\/product_brand?post=35248"},{"taxonomy":"product_cat","embeddable":true,"href":"https:\/\/yumicos.com\/it\/wp-json\/wp\/v2\/product_cat?post=35248"},{"taxonomy":"product_tag","embeddable":true,"href":"https:\/\/yumicos.com\/it\/wp-json\/wp\/v2\/product_tag?post=35248"}],"curies":[{"name":"wp","href":"https:\/\/api.w.org\/{rel}","templated":true}]}}