{"id":33191,"date":"2025-03-06T07:46:13","date_gmt":"2025-03-06T07:46:13","guid":{"rendered":"https:\/\/yumicos.com\/product\/genshin-impact-shenhe-frostflower-dew-costume-cosplay-vestito-di-capodanno\/"},"modified":"2025-10-21T10:14:02","modified_gmt":"2025-10-21T10:14:02","slug":"shenhe-frostflower-dew-cosplay","status":"publish","type":"product","link":"https:\/\/yumicos.com\/it\/product\/shenhe-frostflower-dew-cosplay\/","title":{"rendered":"Genshin Impact Shenhe Frostflower Dew Costume Cosplay &#8211; Vestito di Capodanno"},"content":{"rendered":"<p><img fetchpriority=\"high\" decoding=\"async\" class=\"alignnone size-full wp-image-285\" src=\"https:\/\/yumicos.com\/wp-content\/uploads\/2025\/01\/chanp.jpg\" alt=\"\" width=\"790\" height=\"92\" srcset=\"https:\/\/yumicos.com\/wp-content\/uploads\/2025\/01\/chanp.jpg 790w, https:\/\/yumicos.com\/wp-content\/uploads\/2025\/01\/chanp-300x35.jpg 300w, https:\/\/yumicos.com\/wp-content\/uploads\/2025\/01\/chanp-768x89.jpg 768w, https:\/\/yumicos.com\/wp-content\/uploads\/2025\/01\/chanp-600x70.jpg 600w\" sizes=\"(max-width: 790px) 100vw, 790px\" \/><\/p>\n<p><strong>Fonte<\/strong>: <a title=\"Genshin Impact\" href=\"https:\/\/yumicos.com\/it\/product-category\/game-cosplay\/impatto-genshin\/\" target=\"_blank\" rel=\"noopener\"><strong>Impatto Genshin<\/strong><\/a><\/p>\n<p><strong>Personaggio<\/strong>: Frostflower Dew Shenhe<\/p>\n<p><strong>Incluso<\/strong>: Cheongsam, fodera, maniche, accessori per la schiena, accessori per capelli, orecchini, braccialetti e altri accessori.<\/p>\n<p><strong>Materiale<\/strong>: poliestere.<\/p>\n<div class=\"table\">\n<p><strong>Istruzioni per la cura<\/strong>: Lavare a mano in acqua fredda, appendere ad asciugare, non candeggiare<\/p>\n<p><strong>Taglia:<\/strong>si prega di notare che le taglie asiatiche possono avere una discrepanza di 1-3 cm a causa della tecnica di misurazione.<\/p>\n<p><strong>Punta:<\/strong> 1CM \u2248 0.39Inch<\/p>\n<\/div>\n<p><img decoding=\"async\" class=\"alignnone size-full wp-image-288\" src=\"https:\/\/yumicos.com\/wp-content\/uploads\/2025\/01\/shiwuzhanshi.jpg\" alt=\"\" width=\"790\" height=\"92\" srcset=\"https:\/\/yumicos.com\/wp-content\/uploads\/2025\/01\/shiwuzhanshi.jpg 790w, https:\/\/yumicos.com\/wp-content\/uploads\/2025\/01\/shiwuzhanshi-300x35.jpg 300w, https:\/\/yumicos.com\/wp-content\/uploads\/2025\/01\/shiwuzhanshi-768x89.jpg 768w, https:\/\/yumicos.com\/wp-content\/uploads\/2025\/01\/shiwuzhanshi-600x70.jpg 600w\" sizes=\"(max-width: 790px) 100vw, 790px\" \/><\/p>\n<p><img decoding=\"async\" class=\" wp-image-1294\" src=\"https:\/\/yumicos.com\/wp-content\/uploads\/2025\/03\/3972cf8d2336a0fb6346729b283e231e-scaled.jpg\" alt=\" Front view of Shenhe Frostflower Dew Cosplay Costume from Genshin Impact\" width=\"800\" height=\"1250\" srcset=\"https:\/\/yumicos.com\/wp-content\/uploads\/2025\/03\/3972cf8d2336a0fb6346729b283e231e-scaled.jpg 1639w, https:\/\/yumicos.com\/wp-content\/uploads\/2025\/03\/3972cf8d2336a0fb6346729b283e231e-192x300.jpg 192w, https:\/\/yumicos.com\/wp-content\/uploads\/2025\/03\/3972cf8d2336a0fb6346729b283e231e-656x1024.jpg 656w, https:\/\/yumicos.com\/wp-content\/uploads\/2025\/03\/3972cf8d2336a0fb6346729b283e231e-768x1199.jpg 768w, https:\/\/yumicos.com\/wp-content\/uploads\/2025\/03\/3972cf8d2336a0fb6346729b283e231e-984x1536.jpg 984w, https:\/\/yumicos.com\/wp-content\/uploads\/2025\/03\/3972cf8d2336a0fb6346729b283e231e-1311x2048.jpg 1311w, https:\/\/yumicos.com\/wp-content\/uploads\/2025\/03\/3972cf8d2336a0fb6346729b283e231e-600x937.jpg 600w\" sizes=\"(max-width: 800px) 100vw, 800px\" \/><\/p>\n<p><img loading=\"lazy\" decoding=\"async\" class=\"alignnone size-full wp-image-287\" src=\"https:\/\/yumicos.com\/wp-content\/uploads\/2025\/01\/xijie.jpg\" alt=\"\" width=\"790\" height=\"92\" srcset=\"https:\/\/yumicos.com\/wp-content\/uploads\/2025\/01\/xijie.jpg 790w, https:\/\/yumicos.com\/wp-content\/uploads\/2025\/01\/xijie-300x35.jpg 300w, https:\/\/yumicos.com\/wp-content\/uploads\/2025\/01\/xijie-768x89.jpg 768w, https:\/\/yumicos.com\/wp-content\/uploads\/2025\/01\/xijie-600x70.jpg 600w\" sizes=\"(max-width: 790px) 100vw, 790px\" \/><\/p>\n<p><img loading=\"lazy\" decoding=\"async\" class=\"size-full wp-image-1295\" src=\"https:\/\/yumicos.com\/wp-content\/uploads\/2025\/03\/7.jpg\" alt=\"Close-up details of Shenhe Frostflower Dew New Year Outfit\" width=\"800\" height=\"800\" srcset=\"https:\/\/yumicos.com\/wp-content\/uploads\/2025\/03\/7.jpg 800w, https:\/\/yumicos.com\/wp-content\/uploads\/2025\/03\/7-300x300.jpg 300w, https:\/\/yumicos.com\/wp-content\/uploads\/2025\/03\/7-150x150.jpg 150w, https:\/\/yumicos.com\/wp-content\/uploads\/2025\/03\/7-768x768.jpg 768w, https:\/\/yumicos.com\/wp-content\/uploads\/2025\/03\/7-600x600.jpg 600w, https:\/\/yumicos.com\/wp-content\/uploads\/2025\/03\/7-100x100.jpg 100w, https:\/\/yumicos.com\/wp-content\/uploads\/2025\/03\/7-50x50.jpg 50w\" sizes=\"(max-width: 800px) 100vw, 800px\" \/><\/p>\n<p><img loading=\"lazy\" decoding=\"async\" class=\"size-full wp-image-1296\" src=\"https:\/\/yumicos.com\/wp-content\/uploads\/2025\/03\/8.jpg\" alt=\"Close-up details of Shenhe Frostflower Dew New Year Outfit\" width=\"800\" height=\"800\" srcset=\"https:\/\/yumicos.com\/wp-content\/uploads\/2025\/03\/8.jpg 800w, https:\/\/yumicos.com\/wp-content\/uploads\/2025\/03\/8-300x300.jpg 300w, https:\/\/yumicos.com\/wp-content\/uploads\/2025\/03\/8-150x150.jpg 150w, https:\/\/yumicos.com\/wp-content\/uploads\/2025\/03\/8-768x768.jpg 768w, https:\/\/yumicos.com\/wp-content\/uploads\/2025\/03\/8-600x600.jpg 600w, https:\/\/yumicos.com\/wp-content\/uploads\/2025\/03\/8-100x100.jpg 100w, https:\/\/yumicos.com\/wp-content\/uploads\/2025\/03\/8-50x50.jpg 50w\" sizes=\"(max-width: 800px) 100vw, 800px\" \/><\/p>\n<p><img loading=\"lazy\" decoding=\"async\" class=\"size-full wp-image-1297\" src=\"https:\/\/yumicos.com\/wp-content\/uploads\/2025\/03\/9.jpg\" alt=\"Close-up details of Shenhe Frostflower Dew New Year Outfit\" width=\"800\" height=\"800\" srcset=\"https:\/\/yumicos.com\/wp-content\/uploads\/2025\/03\/9.jpg 800w, https:\/\/yumicos.com\/wp-content\/uploads\/2025\/03\/9-300x300.jpg 300w, https:\/\/yumicos.com\/wp-content\/uploads\/2025\/03\/9-150x150.jpg 150w, https:\/\/yumicos.com\/wp-content\/uploads\/2025\/03\/9-768x768.jpg 768w, https:\/\/yumicos.com\/wp-content\/uploads\/2025\/03\/9-600x600.jpg 600w, https:\/\/yumicos.com\/wp-content\/uploads\/2025\/03\/9-100x100.jpg 100w, https:\/\/yumicos.com\/wp-content\/uploads\/2025\/03\/9-50x50.jpg 50w\" sizes=\"(max-width: 800px) 100vw, 800px\" \/><\/p>\n<p><img loading=\"lazy\" decoding=\"async\" class=\"size-full wp-image-1299\" src=\"https:\/\/yumicos.com\/wp-content\/uploads\/2025\/03\/10.jpg\" alt=\"Close-up details of Shenhe Frostflower Dew New Year Outfit\" width=\"800\" height=\"800\" srcset=\"https:\/\/yumicos.com\/wp-content\/uploads\/2025\/03\/10.jpg 800w, https:\/\/yumicos.com\/wp-content\/uploads\/2025\/03\/10-300x300.jpg 300w, https:\/\/yumicos.com\/wp-content\/uploads\/2025\/03\/10-150x150.jpg 150w, https:\/\/yumicos.com\/wp-content\/uploads\/2025\/03\/10-768x768.jpg 768w, https:\/\/yumicos.com\/wp-content\/uploads\/2025\/03\/10-600x600.jpg 600w, https:\/\/yumicos.com\/wp-content\/uploads\/2025\/03\/10-100x100.jpg 100w, https:\/\/yumicos.com\/wp-content\/uploads\/2025\/03\/10-50x50.jpg 50w\" sizes=\"(max-width: 800px) 100vw, 800px\" \/><\/p>\n<p><img loading=\"lazy\" decoding=\"async\" class=\"size-full wp-image-1300\" src=\"https:\/\/yumicos.com\/wp-content\/uploads\/2025\/03\/11.jpg\" alt=\"Close-up details of Shenhe Frostflower Dew New Year Outfit\" width=\"800\" height=\"800\" srcset=\"https:\/\/yumicos.com\/wp-content\/uploads\/2025\/03\/11.jpg 800w, https:\/\/yumicos.com\/wp-content\/uploads\/2025\/03\/11-300x300.jpg 300w, https:\/\/yumicos.com\/wp-content\/uploads\/2025\/03\/11-150x150.jpg 150w, https:\/\/yumicos.com\/wp-content\/uploads\/2025\/03\/11-768x768.jpg 768w, https:\/\/yumicos.com\/wp-content\/uploads\/2025\/03\/11-600x600.jpg 600w, https:\/\/yumicos.com\/wp-content\/uploads\/2025\/03\/11-100x100.jpg 100w, https:\/\/yumicos.com\/wp-content\/uploads\/2025\/03\/11-50x50.jpg 50w\" sizes=\"(max-width: 800px) 100vw, 800px\" \/><\/p>\n","protected":false},"excerpt":{"rendered":"<p data-start=\"736\" data-end=\"1056\">Questo costume Cosplay Shenhe Frostflower Dew di Genshin Impact \u00e8 caratterizzato da un abito di Capodanno splendidamente realizzato con ricami intricati e materiali di prima qualit\u00e0. Progettato per garantire comfort e autenticit\u00e0, questo set include il costume completo con accessori dettagliati. Perfetto per eventi cosplay, convention e servizi fotografici!<\/p>\n","protected":false},"featured_media":10008,"comment_status":"open","ping_status":"closed","template":"","meta":{"_acf_changed":false,"_monsterinsights_skip_tracking":false,"_monsterinsights_sitenote_active":false,"_monsterinsights_sitenote_note":"","_monsterinsights_sitenote_category":0,"site-sidebar-layout":"default","site-content-layout":"","ast-site-content-layout":"default","site-content-style":"default","site-sidebar-style":"default","ast-global-header-display":"","ast-banner-title-visibility":"","ast-main-header-display":"","ast-hfb-above-header-display":"","ast-hfb-below-header-display":"","ast-hfb-mobile-header-display":"","site-post-title":"","ast-breadcrumbs-content":"","ast-featured-img":"","footer-sml-layout":"","theme-transparent-header-meta":"default","adv-header-id-meta":"","stick-header-meta":"default","header-above-stick-meta":"","header-main-stick-meta":"","header-below-stick-meta":"","astra-migrate-meta-layouts":"default","ast-page-background-enabled":"default","ast-page-background-meta":{"desktop":{"background-color":"var(--ast-global-color-4)","background-image":"","background-repeat":"repeat","background-position":"center center","background-size":"auto","background-attachment":"scroll","background-type":"","background-media":"","overlay-type":"","overlay-color":"","overlay-opacity":"","overlay-gradient":""},"tablet":{"background-color":"","background-image":"","background-repeat":"repeat","background-position":"center center","background-size":"auto","background-attachment":"scroll","background-type":"","background-media":"","overlay-type":"","overlay-color":"","overlay-opacity":"","overlay-gradient":""},"mobile":{"background-color":"","background-image":"","background-repeat":"repeat","background-position":"center center","background-size":"auto","background-attachment":"scroll","background-type":"","background-media":"","overlay-type":"","overlay-color":"","overlay-opacity":"","overlay-gradient":""}},"ast-content-background-meta":{"desktop":{"background-color":"var(--ast-global-color-5)","background-image":"","background-repeat":"repeat","background-position":"center center","background-size":"auto","background-attachment":"scroll","background-type":"","background-media":"","overlay-type":"","overlay-color":"","overlay-opacity":"","overlay-gradient":""},"tablet":{"background-color":"var(--ast-global-color-5)","background-image":"","background-repeat":"repeat","background-position":"center center","background-size":"auto","background-attachment":"scroll","background-type":"","background-media":"","overlay-type":"","overlay-color":"","overlay-opacity":"","overlay-gradient":""},"mobile":{"background-color":"var(--ast-global-color-5)","background-image":"","background-repeat":"repeat","background-position":"center center","background-size":"auto","background-attachment":"scroll","background-type":"","background-media":"","overlay-type":"","overlay-color":"","overlay-opacity":"","overlay-gradient":""}}},"product_brand":[],"product_cat":[116,186],"product_tag":[],"class_list":{"0":"post-33191","1":"product","2":"type-product","3":"status-publish","4":"has-post-thumbnail","6":"product_cat-game-cosplay","7":"product_cat-impatto-genshin","8":"desktop-align-left","9":"tablet-align-left","10":"mobile-align-left","11":"ast-product-gallery-layout-horizontal-slider","12":"ast-product-single-variable","13":"ast-product-tabs-layout-horizontal","15":"first","16":"instock","17":"purchasable","18":"product-type-variable"},"acf":[],"aioseo_notices":[],"_links":{"self":[{"href":"https:\/\/yumicos.com\/it\/wp-json\/wp\/v2\/product\/33191","targetHints":{"allow":["GET"]}}],"collection":[{"href":"https:\/\/yumicos.com\/it\/wp-json\/wp\/v2\/product"}],"about":[{"href":"https:\/\/yumicos.com\/it\/wp-json\/wp\/v2\/types\/product"}],"replies":[{"embeddable":true,"href":"https:\/\/yumicos.com\/it\/wp-json\/wp\/v2\/comments?post=33191"}],"wp:featuredmedia":[{"embeddable":true,"href":"https:\/\/yumicos.com\/it\/wp-json\/wp\/v2\/media\/10008"}],"wp:attachment":[{"href":"https:\/\/yumicos.com\/it\/wp-json\/wp\/v2\/media?parent=33191"}],"wp:term":[{"taxonomy":"product_brand","embeddable":true,"href":"https:\/\/yumicos.com\/it\/wp-json\/wp\/v2\/product_brand?post=33191"},{"taxonomy":"product_cat","embeddable":true,"href":"https:\/\/yumicos.com\/it\/wp-json\/wp\/v2\/product_cat?post=33191"},{"taxonomy":"product_tag","embeddable":true,"href":"https:\/\/yumicos.com\/it\/wp-json\/wp\/v2\/product_tag?post=33191"}],"curies":[{"name":"wp","href":"https:\/\/api.w.org\/{rel}","templated":true}]}}