{"id":35152,"date":"2025-02-07T04:25:42","date_gmt":"2025-02-07T04:25:42","guid":{"rendered":"https:\/\/yumicos.com\/product\/costume-cosplay-jinx-arcane-league-of-legends-tenue-de-jinx\/"},"modified":"2025-10-22T12:31:40","modified_gmt":"2025-10-22T12:31:40","slug":"jinx-cosplay-costume","status":"publish","type":"product","link":"https:\/\/yumicos.com\/fr\/product\/jinx-cosplay-costume\/","title":{"rendered":"Costume Cosplay Jinx &#8211; Arcane : League of Legends Tenue de Jinx"},"content":{"rendered":"<p><img fetchpriority=\"high\" decoding=\"async\" class=\"alignnone size-full wp-image-285\" src=\"https:\/\/yumicos.com\/wp-content\/uploads\/2025\/01\/chanp.jpg\" alt=\"\" width=\"790\" height=\"92\" srcset=\"https:\/\/yumicos.com\/wp-content\/uploads\/2025\/01\/chanp.jpg 790w, https:\/\/yumicos.com\/wp-content\/uploads\/2025\/01\/chanp-300x35.jpg 300w, https:\/\/yumicos.com\/wp-content\/uploads\/2025\/01\/chanp-768x89.jpg 768w, https:\/\/yumicos.com\/wp-content\/uploads\/2025\/01\/chanp-600x70.jpg 600w\" sizes=\"(max-width: 790px) 100vw, 790px\" \/><\/p>\n<p><strong>Notes : En stock !<\/strong><\/p>\n<p><strong>Source<\/strong>: <a href=\"https:\/\/yumicos.com\/fr\/product-category\/game-cosplay\/league-of-legends-cosplay\/\" target=\"_blank\" rel=\"noopener\">League of Legends<\/a><\/p>\n<p><strong>Personnage<\/strong>: Arcane Jinx<\/p>\n<p><strong>Inclus<\/strong>: Casque, haut, pantalon, ornement de poignet, ornement de bras, gants, manches, ceintures, colliers.<\/p>\n<p><strong>Mati\u00e8re<\/strong>: polyester, cuir.<\/p>\n<p><strong>Instructions d&#8217;entretien<\/strong>: Laver \u00e0 la main \u00e0 l&#8217;eau froide, suspendre pour s\u00e9cher, pas d&#8217;eau de javel.<\/p>\n<p><strong>Taille :<\/strong>Veuillez noter que les tailles asiatiques peuvent pr\u00e9senter un \u00e9cart de 1 \u00e0 3 cm en raison de la technique de mesure.<\/p>\n<p><strong>Pointe :<\/strong> 1CM \u2248 0.39Inch<\/p>\n<p><img decoding=\"async\" class=\"alignnone size-full wp-image-288\" src=\"https:\/\/yumicos.com\/wp-content\/uploads\/2025\/01\/shiwuzhanshi.jpg\" alt=\"\" width=\"790\" height=\"92\" srcset=\"https:\/\/yumicos.com\/wp-content\/uploads\/2025\/01\/shiwuzhanshi.jpg 790w, https:\/\/yumicos.com\/wp-content\/uploads\/2025\/01\/shiwuzhanshi-300x35.jpg 300w, https:\/\/yumicos.com\/wp-content\/uploads\/2025\/01\/shiwuzhanshi-768x89.jpg 768w, https:\/\/yumicos.com\/wp-content\/uploads\/2025\/01\/shiwuzhanshi-600x70.jpg 600w\" sizes=\"(max-width: 790px) 100vw, 790px\" \/><\/p>\n<p><img decoding=\"async\" class=\"size-full wp-image-423\" src=\"https:\/\/yumicos.com\/wp-content\/uploads\/2025\/02\/800-2.jpg\" alt=\"Jinx Cosplay Costume from Arcane: League of Legends \u2013 Front view of the outfit\" width=\"800\" height=\"800\" srcset=\"https:\/\/yumicos.com\/wp-content\/uploads\/2025\/02\/800-2.jpg 800w, https:\/\/yumicos.com\/wp-content\/uploads\/2025\/02\/800-2-300x300.jpg 300w, https:\/\/yumicos.com\/wp-content\/uploads\/2025\/02\/800-2-150x150.jpg 150w, https:\/\/yumicos.com\/wp-content\/uploads\/2025\/02\/800-2-768x768.jpg 768w, https:\/\/yumicos.com\/wp-content\/uploads\/2025\/02\/800-2-600x600.jpg 600w, https:\/\/yumicos.com\/wp-content\/uploads\/2025\/02\/800-2-100x100.jpg 100w, https:\/\/yumicos.com\/wp-content\/uploads\/2025\/02\/800-2-50x50.jpg 50w\" sizes=\"(max-width: 800px) 100vw, 800px\" \/><\/p>\n<p><img loading=\"lazy\" decoding=\"async\" class=\"size-full wp-image-424\" src=\"https:\/\/yumicos.com\/wp-content\/uploads\/2025\/02\/800-3.jpg\" alt=\"Jinx Cosplay Costume from Arcane: League of Legends \u2013 Front view of the outfit\" width=\"800\" height=\"800\" srcset=\"https:\/\/yumicos.com\/wp-content\/uploads\/2025\/02\/800-3.jpg 800w, https:\/\/yumicos.com\/wp-content\/uploads\/2025\/02\/800-3-300x300.jpg 300w, https:\/\/yumicos.com\/wp-content\/uploads\/2025\/02\/800-3-150x150.jpg 150w, https:\/\/yumicos.com\/wp-content\/uploads\/2025\/02\/800-3-768x768.jpg 768w, https:\/\/yumicos.com\/wp-content\/uploads\/2025\/02\/800-3-600x600.jpg 600w, https:\/\/yumicos.com\/wp-content\/uploads\/2025\/02\/800-3-100x100.jpg 100w, https:\/\/yumicos.com\/wp-content\/uploads\/2025\/02\/800-3-50x50.jpg 50w\" sizes=\"(max-width: 800px) 100vw, 800px\" \/><\/p>\n<p><img loading=\"lazy\" decoding=\"async\" class=\"size-full wp-image-422\" src=\"https:\/\/yumicos.com\/wp-content\/uploads\/2025\/02\/800-1.jpg\" alt=\"Jinx Cosplay Costume from Arcane: League of Legends \u2013 Front view of the outfit\" width=\"800\" height=\"800\" srcset=\"https:\/\/yumicos.com\/wp-content\/uploads\/2025\/02\/800-1.jpg 800w, https:\/\/yumicos.com\/wp-content\/uploads\/2025\/02\/800-1-300x300.jpg 300w, https:\/\/yumicos.com\/wp-content\/uploads\/2025\/02\/800-1-150x150.jpg 150w, https:\/\/yumicos.com\/wp-content\/uploads\/2025\/02\/800-1-768x768.jpg 768w, https:\/\/yumicos.com\/wp-content\/uploads\/2025\/02\/800-1-600x600.jpg 600w, https:\/\/yumicos.com\/wp-content\/uploads\/2025\/02\/800-1-100x100.jpg 100w, https:\/\/yumicos.com\/wp-content\/uploads\/2025\/02\/800-1-50x50.jpg 50w\" sizes=\"(max-width: 800px) 100vw, 800px\" \/><\/p>\n<p><img loading=\"lazy\" decoding=\"async\" class=\"alignnone size-full wp-image-287\" src=\"https:\/\/yumicos.com\/wp-content\/uploads\/2025\/01\/xijie.jpg\" alt=\"\" width=\"790\" height=\"92\" srcset=\"https:\/\/yumicos.com\/wp-content\/uploads\/2025\/01\/xijie.jpg 790w, https:\/\/yumicos.com\/wp-content\/uploads\/2025\/01\/xijie-300x35.jpg 300w, https:\/\/yumicos.com\/wp-content\/uploads\/2025\/01\/xijie-768x89.jpg 768w, https:\/\/yumicos.com\/wp-content\/uploads\/2025\/01\/xijie-600x70.jpg 600w\" sizes=\"(max-width: 790px) 100vw, 790px\" \/><\/p>\n<p><img loading=\"lazy\" decoding=\"async\" class=\"size-full wp-image-425\" src=\"https:\/\/yumicos.com\/wp-content\/uploads\/2025\/02\/800-4.jpg\" alt=\"Jinx Cosplay Costume from Arcane: League of Legends \u2013 Front view of the outfit\" width=\"800\" height=\"800\" srcset=\"https:\/\/yumicos.com\/wp-content\/uploads\/2025\/02\/800-4.jpg 800w, https:\/\/yumicos.com\/wp-content\/uploads\/2025\/02\/800-4-300x300.jpg 300w, https:\/\/yumicos.com\/wp-content\/uploads\/2025\/02\/800-4-150x150.jpg 150w, https:\/\/yumicos.com\/wp-content\/uploads\/2025\/02\/800-4-768x768.jpg 768w, https:\/\/yumicos.com\/wp-content\/uploads\/2025\/02\/800-4-600x600.jpg 600w, https:\/\/yumicos.com\/wp-content\/uploads\/2025\/02\/800-4-100x100.jpg 100w, https:\/\/yumicos.com\/wp-content\/uploads\/2025\/02\/800-4-50x50.jpg 50w\" sizes=\"(max-width: 800px) 100vw, 800px\" \/><\/p>\n<p><img loading=\"lazy\" decoding=\"async\" class=\" wp-image-428\" src=\"https:\/\/yumicos.com\/wp-content\/uploads\/2025\/02\/5-1024x942.jpg\" alt=\"Jinx Cosplay Costume from Arcane: League of Legends \u2013 Front view of the outfit \" width=\"800\" height=\"736\" srcset=\"https:\/\/yumicos.com\/wp-content\/uploads\/2025\/02\/5-1024x942.jpg 1024w, https:\/\/yumicos.com\/wp-content\/uploads\/2025\/02\/5-300x276.jpg 300w, https:\/\/yumicos.com\/wp-content\/uploads\/2025\/02\/5-768x707.jpg 768w, https:\/\/yumicos.com\/wp-content\/uploads\/2025\/02\/5-600x552.jpg 600w, https:\/\/yumicos.com\/wp-content\/uploads\/2025\/02\/5.jpg 1500w\" sizes=\"(max-width: 800px) 100vw, 800px\" \/><\/p>\n<p><img loading=\"lazy\" decoding=\"async\" class=\"size-full wp-image-426\" src=\"https:\/\/yumicos.com\/wp-content\/uploads\/2025\/02\/800-5.jpg\" alt=\"Jinx Cosplay Costume from Arcane: League of Legends \u2013 Front view of the outfit\" width=\"800\" height=\"800\" srcset=\"https:\/\/yumicos.com\/wp-content\/uploads\/2025\/02\/800-5.jpg 800w, https:\/\/yumicos.com\/wp-content\/uploads\/2025\/02\/800-5-300x300.jpg 300w, https:\/\/yumicos.com\/wp-content\/uploads\/2025\/02\/800-5-150x150.jpg 150w, https:\/\/yumicos.com\/wp-content\/uploads\/2025\/02\/800-5-768x768.jpg 768w, https:\/\/yumicos.com\/wp-content\/uploads\/2025\/02\/800-5-600x600.jpg 600w, https:\/\/yumicos.com\/wp-content\/uploads\/2025\/02\/800-5-100x100.jpg 100w, https:\/\/yumicos.com\/wp-content\/uploads\/2025\/02\/800-5-50x50.jpg 50w\" sizes=\"(max-width: 800px) 100vw, 800px\" \/><\/p>\n","protected":false},"excerpt":{"rendered":"<p>Entrez dans le monde d&#8217;Arcane : League of Legends avec ce costume de cosplay Jinx. Fabriqu\u00e9 avec des mat\u00e9riaux de haute qualit\u00e9, ce costume reproduit chaque d\u00e9tail du look embl\u00e9matique de Jinx, ce qui le rend parfait pour les \u00e9v\u00e9nements de cosplay, les conventions et les s\u00e9ances photos.<\/p>\n","protected":false},"featured_media":7556,"comment_status":"open","ping_status":"closed","template":"","meta":{"_acf_changed":false,"_monsterinsights_skip_tracking":false,"_monsterinsights_sitenote_active":false,"_monsterinsights_sitenote_note":"","_monsterinsights_sitenote_category":0,"site-sidebar-layout":"default","site-content-layout":"","ast-site-content-layout":"default","site-content-style":"default","site-sidebar-style":"default","ast-global-header-display":"","ast-banner-title-visibility":"","ast-main-header-display":"","ast-hfb-above-header-display":"","ast-hfb-below-header-display":"","ast-hfb-mobile-header-display":"","site-post-title":"","ast-breadcrumbs-content":"","ast-featured-img":"","footer-sml-layout":"","theme-transparent-header-meta":"default","adv-header-id-meta":"","stick-header-meta":"default","header-above-stick-meta":"","header-main-stick-meta":"","header-below-stick-meta":"","astra-migrate-meta-layouts":"default","ast-page-background-enabled":"default","ast-page-background-meta":{"desktop":{"background-color":"var(--ast-global-color-4)","background-image":"","background-repeat":"repeat","background-position":"center center","background-size":"auto","background-attachment":"scroll","background-type":"","background-media":"","overlay-type":"","overlay-color":"","overlay-opacity":"","overlay-gradient":""},"tablet":{"background-color":"","background-image":"","background-repeat":"repeat","background-position":"center center","background-size":"auto","background-attachment":"scroll","background-type":"","background-media":"","overlay-type":"","overlay-color":"","overlay-opacity":"","overlay-gradient":""},"mobile":{"background-color":"","background-image":"","background-repeat":"repeat","background-position":"center center","background-size":"auto","background-attachment":"scroll","background-type":"","background-media":"","overlay-type":"","overlay-color":"","overlay-opacity":"","overlay-gradient":""}},"ast-content-background-meta":{"desktop":{"background-color":"var(--ast-global-color-5)","background-image":"","background-repeat":"repeat","background-position":"center center","background-size":"auto","background-attachment":"scroll","background-type":"","background-media":"","overlay-type":"","overlay-color":"","overlay-opacity":"","overlay-gradient":""},"tablet":{"background-color":"var(--ast-global-color-5)","background-image":"","background-repeat":"repeat","background-position":"center center","background-size":"auto","background-attachment":"scroll","background-type":"","background-media":"","overlay-type":"","overlay-color":"","overlay-opacity":"","overlay-gradient":""},"mobile":{"background-color":"var(--ast-global-color-5)","background-image":"","background-repeat":"repeat","background-position":"center center","background-size":"auto","background-attachment":"scroll","background-type":"","background-media":"","overlay-type":"","overlay-color":"","overlay-opacity":"","overlay-gradient":""}}},"product_brand":[],"product_cat":[115,313],"product_tag":[],"class_list":{"0":"post-35152","1":"product","2":"type-product","3":"status-publish","4":"has-post-thumbnail","6":"product_cat-game-cosplay","7":"product_cat-league-of-legends-cosplay","8":"desktop-align-left","9":"tablet-align-left","10":"mobile-align-left","11":"ast-product-gallery-layout-horizontal-slider","12":"ast-product-single-variable","13":"ast-product-tabs-layout-horizontal","15":"first","16":"instock","17":"sale","18":"purchasable","19":"product-type-variable"},"acf":[],"aioseo_notices":[],"_links":{"self":[{"href":"https:\/\/yumicos.com\/fr\/wp-json\/wp\/v2\/product\/35152","targetHints":{"allow":["GET"]}}],"collection":[{"href":"https:\/\/yumicos.com\/fr\/wp-json\/wp\/v2\/product"}],"about":[{"href":"https:\/\/yumicos.com\/fr\/wp-json\/wp\/v2\/types\/product"}],"replies":[{"embeddable":true,"href":"https:\/\/yumicos.com\/fr\/wp-json\/wp\/v2\/comments?post=35152"}],"wp:featuredmedia":[{"embeddable":true,"href":"https:\/\/yumicos.com\/fr\/wp-json\/wp\/v2\/media\/7556"}],"wp:attachment":[{"href":"https:\/\/yumicos.com\/fr\/wp-json\/wp\/v2\/media?parent=35152"}],"wp:term":[{"taxonomy":"product_brand","embeddable":true,"href":"https:\/\/yumicos.com\/fr\/wp-json\/wp\/v2\/product_brand?post=35152"},{"taxonomy":"product_cat","embeddable":true,"href":"https:\/\/yumicos.com\/fr\/wp-json\/wp\/v2\/product_cat?post=35152"},{"taxonomy":"product_tag","embeddable":true,"href":"https:\/\/yumicos.com\/fr\/wp-json\/wp\/v2\/product_tag?post=35152"}],"curies":[{"name":"wp","href":"https:\/\/api.w.org\/{rel}","templated":true}]}}