{"id":34209,"date":"2025-02-13T10:07:43","date_gmt":"2025-02-13T10:07:43","guid":{"rendered":"https:\/\/yumicos.com\/product\/ellen-joe-cosplay-shoes-zenless-zone-zero\/"},"modified":"2025-02-13T10:07:43","modified_gmt":"2025-02-13T10:07:43","slug":"ellen-joe-cosplay-footwear","status":"publish","type":"product","link":"https:\/\/yumicos.com\/fr\/product\/ellen-joe-cosplay-footwear\/","title":{"rendered":"Ellen Joe Cosplay Shoes &#8211; Zenless Zone Zero"},"content":{"rendered":"<div style=\"width: 100%;\">\n<p><strong>Note : Les produits seront exp\u00e9di\u00e9s dans les 7-10 jours.<\/strong><strong>Source :<\/strong><a title=\"Zenless Zone Zero\" href=\"\/?product_cat=zenless-zone-zero-cosplay-outfits-zenless-zone-zero-character-apparel\" target=\"_blank\" rel=\"noopener\"><strong>Zenless Zone Zero<\/strong><\/a><strong>Personnage<\/strong>: Ellen Joe<\/p>\n<p><strong>Inclus<\/strong>: Chaussures<\/p>\n<p><strong>Veuillez noter :<\/strong><\/p>\n<ul>\n<li data-start=\"17\" data-end=\"132\">Les tailles de chaussures sont aux normes chinoises. Veuillez vous r\u00e9f\u00e9rer au tableau des tailles ci-dessous pour choisir la taille qui vous convient.<\/li>\n<li data-start=\"133\" data-end=\"430\">Pour les chaussures \u00e0 talons hauts, si la longueur du pied d\u00e9passe 26,5 cm, elles seront transform\u00e9es en talons bas et devront \u00eatre personnalis\u00e9es.<\/li>\n<li data-start=\"133\" data-end=\"430\">Elles n&#8217;auront pas le m\u00eame aspect que sur les photos. Veuillez r\u00e9fl\u00e9chir attentivement avant d&#8217;acheter si cela vous importe. Contactez le service client\u00e8le si vous avez des questions.<\/li>\n<li data-start=\"431\" data-end=\"544\">Pour les chaussures pour hommes dont la longueur du pied est sup\u00e9rieure \u00e0 26,5 cm, veuillez contacter le service client\u00e8le pour une personnalisation.<\/li>\n<\/ul>\n<table style=\"height: 50px;\" border=\"1px\">\n<tbody>\n<tr>\n<td style=\"width: 20px;\"><strong>Longueur du pied<\/strong><\/td>\n<td style=\"width: 20px;\"><strong>22cm<\/strong><\/td>\n<td style=\"width: 20px;\"><strong>22.5cm<\/strong><\/td>\n<td style=\"width: 20px;\"><strong>23cm<\/strong><\/td>\n<td style=\"width: 20px;\"><strong>23.5cm<\/strong><\/td>\n<td style=\"width: 20px;\"><strong>24 cm<\/strong><\/td>\n<td style=\"width: 20px;\"><strong>24.5cm<\/strong><\/td>\n<td style=\"width: 20px;\"><strong>25cm<\/strong><\/td>\n<td style=\"width: 20px;\"><strong>25.5cm<\/strong><\/td>\n<td style=\"width: 20px;\"><strong>26cm<\/strong><\/td>\n<td style=\"width: 20px;\"><strong>26.5cm<\/strong><\/td>\n<\/tr>\n<tr>\n<td style=\"width: 20px;\"><strong>Taille US<\/strong><\/td>\n<td style=\"width: 20px;\">4.5<\/td>\n<td style=\"width: 20px;\">5<\/td>\n<td style=\"width: 20px;\">6<\/td>\n<td style=\"width: 20px;\">6.5<\/td>\n<td style=\"width: 20px;\">7.5<\/td>\n<td style=\"width: 20px;\">8.5<\/td>\n<td style=\"width: 20px;\">9.5<\/td>\n<td style=\"width: 20px;\">10<\/td>\n<td style=\"width: 20px;\">10.5<\/td>\n<td style=\"width: 20px;\">11<\/td>\n<\/tr>\n<tr>\n<td style=\"width: 20px;\"><strong>Taille UK<\/strong><\/td>\n<td style=\"width: 20px;\">2<\/td>\n<td style=\"width: 20px;\">2.5<\/td>\n<td style=\"width: 20px;\">3.5<\/td>\n<td style=\"width: 20px;\">4<\/td>\n<td style=\"width: 20px;\">5<\/td>\n<td style=\"width: 20px;\">6<\/td>\n<td style=\"width: 20px;\">7<\/td>\n<td style=\"width: 20px;\">7.5<\/td>\n<td style=\"width: 20px;\">8<\/td>\n<td style=\"width: 20px;\">8.5<\/td>\n<\/tr>\n<tr>\n<td style=\"width: 20px;\"><strong>Taille de la Chine<\/strong><\/td>\n<td style=\"width: 20px;\">34<\/td>\n<td style=\"width: 20px;\">35<\/td>\n<td style=\"width: 20px;\">36<\/td>\n<td style=\"width: 20px;\">37<\/td>\n<td style=\"width: 20px;\">38<\/td>\n<td style=\"width: 20px;\">39<\/td>\n<td style=\"width: 20px;\">40<\/td>\n<td style=\"width: 20px;\">41<\/td>\n<td style=\"width: 20px;\">42<\/td>\n<td style=\"width: 20px;\">43<\/td>\n<\/tr>\n<\/tbody>\n<\/table>\n<\/div>\n<p><img fetchpriority=\"high\" decoding=\"async\" class=\" wp-image-705\" src=\"https:\/\/yumicos.com\/wp-content\/uploads\/2025\/02\/xie-1024x1024.jpg\" alt=\"Front view of Ellen Joe cosplay shoes, featuring a sleek design\" width=\"800\" height=\"800\" srcset=\"https:\/\/yumicos.com\/wp-content\/uploads\/2025\/02\/xie-1024x1024.jpg 1024w, https:\/\/yumicos.com\/wp-content\/uploads\/2025\/02\/xie-300x300.jpg 300w, https:\/\/yumicos.com\/wp-content\/uploads\/2025\/02\/xie-150x150.jpg 150w, https:\/\/yumicos.com\/wp-content\/uploads\/2025\/02\/xie-768x768.jpg 768w, https:\/\/yumicos.com\/wp-content\/uploads\/2025\/02\/xie-1536x1536.jpg 1536w, https:\/\/yumicos.com\/wp-content\/uploads\/2025\/02\/xie-600x600.jpg 600w, https:\/\/yumicos.com\/wp-content\/uploads\/2025\/02\/xie-100x100.jpg 100w, https:\/\/yumicos.com\/wp-content\/uploads\/2025\/02\/xie-50x50.jpg 50w, https:\/\/yumicos.com\/wp-content\/uploads\/2025\/02\/xie.jpg 1600w\" sizes=\"(max-width: 800px) 100vw, 800px\" \/><\/p>\n","protected":false},"excerpt":{"rendered":"<p data-start=\"633\" data-end=\"823\">Ces chaussures de cosplay Ellen Joe sont con\u00e7ues pour \u00eatre parfaitement assorties \u00e0 sa tenue dans Zenless Zone Zero. Con\u00e7ues pour durer et \u00eatre confortables, elles sont indispensables \u00e0 tout fan convaincu.<\/p>\n<p data-start=\"825\" data-end=\"847\">\n","protected":false},"featured_media":8556,"comment_status":"open","ping_status":"closed","template":"","meta":{"_acf_changed":false,"_monsterinsights_skip_tracking":false,"_monsterinsights_sitenote_active":false,"_monsterinsights_sitenote_note":"","_monsterinsights_sitenote_category":0,"site-sidebar-layout":"default","site-content-layout":"","ast-site-content-layout":"default","site-content-style":"default","site-sidebar-style":"default","ast-global-header-display":"","ast-banner-title-visibility":"","ast-main-header-display":"","ast-hfb-above-header-display":"","ast-hfb-below-header-display":"","ast-hfb-mobile-header-display":"","site-post-title":"","ast-breadcrumbs-content":"","ast-featured-img":"","footer-sml-layout":"","theme-transparent-header-meta":"default","adv-header-id-meta":"","stick-header-meta":"default","header-above-stick-meta":"","header-main-stick-meta":"","header-below-stick-meta":"","astra-migrate-meta-layouts":"default","ast-page-background-enabled":"default","ast-page-background-meta":{"desktop":{"background-color":"var(--ast-global-color-4)","background-image":"","background-repeat":"repeat","background-position":"center center","background-size":"auto","background-attachment":"scroll","background-type":"","background-media":"","overlay-type":"","overlay-color":"","overlay-opacity":"","overlay-gradient":""},"tablet":{"background-color":"","background-image":"","background-repeat":"repeat","background-position":"center center","background-size":"auto","background-attachment":"scroll","background-type":"","background-media":"","overlay-type":"","overlay-color":"","overlay-opacity":"","overlay-gradient":""},"mobile":{"background-color":"","background-image":"","background-repeat":"repeat","background-position":"center center","background-size":"auto","background-attachment":"scroll","background-type":"","background-media":"","overlay-type":"","overlay-color":"","overlay-opacity":"","overlay-gradient":""}},"ast-content-background-meta":{"desktop":{"background-color":"var(--ast-global-color-5)","background-image":"","background-repeat":"repeat","background-position":"center center","background-size":"auto","background-attachment":"scroll","background-type":"","background-media":"","overlay-type":"","overlay-color":"","overlay-opacity":"","overlay-gradient":""},"tablet":{"background-color":"var(--ast-global-color-5)","background-image":"","background-repeat":"repeat","background-position":"center center","background-size":"auto","background-attachment":"scroll","background-type":"","background-media":"","overlay-type":"","overlay-color":"","overlay-opacity":"","overlay-gradient":""},"mobile":{"background-color":"var(--ast-global-color-5)","background-image":"","background-repeat":"repeat","background-position":"center center","background-size":"auto","background-attachment":"scroll","background-type":"","background-media":"","overlay-type":"","overlay-color":"","overlay-opacity":"","overlay-gradient":""}}},"product_brand":[],"product_cat":[115,281],"product_tag":[],"class_list":{"0":"post-34209","1":"product","2":"type-product","3":"status-publish","4":"has-post-thumbnail","6":"product_cat-game-cosplay","7":"product_cat-zenless-zone-zero-cosplay","8":"desktop-align-left","9":"tablet-align-left","10":"mobile-align-left","11":"ast-product-gallery-layout-horizontal-slider","12":"ast-product-gallery-with-no-image","13":"ast-product-single-variable","14":"ast-product-tabs-layout-horizontal","16":"first","17":"instock","18":"purchasable","19":"product-type-variable"},"acf":[],"aioseo_notices":[],"_links":{"self":[{"href":"https:\/\/yumicos.com\/fr\/wp-json\/wp\/v2\/product\/34209","targetHints":{"allow":["GET"]}}],"collection":[{"href":"https:\/\/yumicos.com\/fr\/wp-json\/wp\/v2\/product"}],"about":[{"href":"https:\/\/yumicos.com\/fr\/wp-json\/wp\/v2\/types\/product"}],"replies":[{"embeddable":true,"href":"https:\/\/yumicos.com\/fr\/wp-json\/wp\/v2\/comments?post=34209"}],"wp:featuredmedia":[{"embeddable":true,"href":"https:\/\/yumicos.com\/fr\/wp-json\/wp\/v2\/media\/8556"}],"wp:attachment":[{"href":"https:\/\/yumicos.com\/fr\/wp-json\/wp\/v2\/media?parent=34209"}],"wp:term":[{"taxonomy":"product_brand","embeddable":true,"href":"https:\/\/yumicos.com\/fr\/wp-json\/wp\/v2\/product_brand?post=34209"},{"taxonomy":"product_cat","embeddable":true,"href":"https:\/\/yumicos.com\/fr\/wp-json\/wp\/v2\/product_cat?post=34209"},{"taxonomy":"product_tag","embeddable":true,"href":"https:\/\/yumicos.com\/fr\/wp-json\/wp\/v2\/product_tag?post=34209"}],"curies":[{"name":"wp","href":"https:\/\/api.w.org\/{rel}","templated":true}]}}