{"id":34079,"date":"2025-02-14T10:18:44","date_gmt":"2025-02-14T10:18:44","guid":{"rendered":"https:\/\/yumicos.com\/product\/costume-cosplay-nicola-demara-zenless-zone-zero\/"},"modified":"2025-10-22T09:41:09","modified_gmt":"2025-10-22T09:41:09","slug":"nicola-demara-cosplay","status":"publish","type":"product","link":"https:\/\/yumicos.com\/fr\/product\/nicola-demara-cosplay\/","title":{"rendered":"Costume Cosplay Nicola Demara &#8211; Zenless Zone Zero"},"content":{"rendered":"<p><img fetchpriority=\"high\" decoding=\"async\" class=\"alignnone size-full wp-image-285\" src=\"https:\/\/yumicos.com\/wp-content\/uploads\/2025\/01\/chanp.jpg\" alt=\"\" width=\"790\" height=\"92\" srcset=\"https:\/\/yumicos.com\/wp-content\/uploads\/2025\/01\/chanp.jpg 790w, https:\/\/yumicos.com\/wp-content\/uploads\/2025\/01\/chanp-300x35.jpg 300w, https:\/\/yumicos.com\/wp-content\/uploads\/2025\/01\/chanp-768x89.jpg 768w, https:\/\/yumicos.com\/wp-content\/uploads\/2025\/01\/chanp-600x70.jpg 600w\" sizes=\"(max-width: 790px) 100vw, 790px\" \/><\/p>\n<p><strong>Source<\/strong>: <a title=\"Zenless Zone Zero\" href=\"\/?product_cat=zenless-zone-zero-cosplay-outfits-zenless-zone-zero-character-apparel\" target=\"_blank\" rel=\"noopener\"><strong>Zenless Zone Zero<\/strong><\/a><\/p>\n<p><strong>Personnage : <\/strong>Nicole Demara<\/p>\n<p><strong>Articles inclus<\/strong>:  Manteau, D\u00e9bardeur, Short, Manches, Collier, Ceinture, Coiffure, Pinces \u00e0 cheveux, Ceinture crois\u00e9e, Anneau d&#8217;oreille, Chaussettes, Accessoires, Collier, Anneaux de jambe.<\/p>\n<p><strong>Mati\u00e8re<\/strong>: Polyester, uniforme, cuir<\/p>\n<p><strong>Instructions d&#8217;entretien<\/strong>: Laver \u00e0 la main \u00e0 l&#8217;eau froide, suspendre pour s\u00e9cher, pas d&#8217;eau de Javel.<\/p>\n<p><strong>Taille:<\/strong>Veuillez noter que les tailles asiatiques peuvent pr\u00e9senter un \u00e9cart de 1 \u00e0 3 cm en raison de la technique de mesure.<br \/>\n<img decoding=\"async\" class=\"alignnone size-full wp-image-749\" src=\"https:\/\/yumicos.com\/wp-content\/uploads\/2025\/02\/x1-1.jpg\" alt=\"\" width=\"750\" height=\"739\" srcset=\"https:\/\/yumicos.com\/wp-content\/uploads\/2025\/02\/x1-1.jpg 750w, https:\/\/yumicos.com\/wp-content\/uploads\/2025\/02\/x1-1-300x296.jpg 300w, https:\/\/yumicos.com\/wp-content\/uploads\/2025\/02\/x1-1-600x591.jpg 600w, https:\/\/yumicos.com\/wp-content\/uploads\/2025\/02\/x1-1-100x100.jpg 100w, https:\/\/yumicos.com\/wp-content\/uploads\/2025\/02\/x1-1-50x50.jpg 50w\" sizes=\"(max-width: 750px) 100vw, 750px\" \/><br \/>\n<img decoding=\"async\" class=\"alignnone size-full wp-image-750\" src=\"https:\/\/yumicos.com\/wp-content\/uploads\/2025\/02\/x2-1.jpg\" alt=\"\" width=\"750\" height=\"605\" srcset=\"https:\/\/yumicos.com\/wp-content\/uploads\/2025\/02\/x2-1.jpg 750w, https:\/\/yumicos.com\/wp-content\/uploads\/2025\/02\/x2-1-300x242.jpg 300w, https:\/\/yumicos.com\/wp-content\/uploads\/2025\/02\/x2-1-600x484.jpg 600w\" sizes=\"(max-width: 750px) 100vw, 750px\" \/><br \/>\n<img loading=\"lazy\" decoding=\"async\" class=\"alignnone size-full wp-image-751\" src=\"https:\/\/yumicos.com\/wp-content\/uploads\/2025\/02\/x3-1.jpg\" alt=\"\" width=\"750\" height=\"542\" srcset=\"https:\/\/yumicos.com\/wp-content\/uploads\/2025\/02\/x3-1.jpg 750w, https:\/\/yumicos.com\/wp-content\/uploads\/2025\/02\/x3-1-300x217.jpg 300w, https:\/\/yumicos.com\/wp-content\/uploads\/2025\/02\/x3-1-600x434.jpg 600w\" sizes=\"(max-width: 750px) 100vw, 750px\" \/><br \/>\n<img loading=\"lazy\" decoding=\"async\" class=\"size-full wp-image-752\" src=\"https:\/\/yumicos.com\/wp-content\/uploads\/2025\/02\/x4-1.jpg\" alt=\"Nicola Demara Cosplay Costume Detail View from Zenless Zone Zero\" width=\"750\" height=\"759\" srcset=\"https:\/\/yumicos.com\/wp-content\/uploads\/2025\/02\/x4-1.jpg 750w, https:\/\/yumicos.com\/wp-content\/uploads\/2025\/02\/x4-1-296x300.jpg 296w, https:\/\/yumicos.com\/wp-content\/uploads\/2025\/02\/x4-1-600x607.jpg 600w, https:\/\/yumicos.com\/wp-content\/uploads\/2025\/02\/x4-1-100x100.jpg 100w, https:\/\/yumicos.com\/wp-content\/uploads\/2025\/02\/x4-1-50x50.jpg 50w\" sizes=\"(max-width: 750px) 100vw, 750px\" \/><br \/>\n<img loading=\"lazy\" decoding=\"async\" class=\"size-full wp-image-753\" src=\"https:\/\/yumicos.com\/wp-content\/uploads\/2025\/02\/x5-1.jpg\" alt=\"Nicola Demara Cosplay Costume Detail View from Zenless Zone Zero\" width=\"750\" height=\"531\" srcset=\"https:\/\/yumicos.com\/wp-content\/uploads\/2025\/02\/x5-1.jpg 750w, https:\/\/yumicos.com\/wp-content\/uploads\/2025\/02\/x5-1-300x212.jpg 300w, https:\/\/yumicos.com\/wp-content\/uploads\/2025\/02\/x5-1-600x425.jpg 600w\" sizes=\"(max-width: 750px) 100vw, 750px\" \/><br \/>\n<img loading=\"lazy\" decoding=\"async\" class=\"size-full wp-image-754\" src=\"https:\/\/yumicos.com\/wp-content\/uploads\/2025\/02\/x6-1.jpg\" alt=\"Nicola Demara Cosplay Costume Detail View from Zenless Zone Zero\" width=\"750\" height=\"708\" srcset=\"https:\/\/yumicos.com\/wp-content\/uploads\/2025\/02\/x6-1.jpg 750w, https:\/\/yumicos.com\/wp-content\/uploads\/2025\/02\/x6-1-300x283.jpg 300w, https:\/\/yumicos.com\/wp-content\/uploads\/2025\/02\/x6-1-600x566.jpg 600w\" sizes=\"(max-width: 750px) 100vw, 750px\" \/><br \/>\n<img loading=\"lazy\" decoding=\"async\" class=\"size-full wp-image-755\" src=\"https:\/\/yumicos.com\/wp-content\/uploads\/2025\/02\/X7-1.jpg\" alt=\"Nicola Demara Cosplay Costume Front View from Zenless Zone Zero\" width=\"750\" height=\"1161\" srcset=\"https:\/\/yumicos.com\/wp-content\/uploads\/2025\/02\/X7-1.jpg 750w, https:\/\/yumicos.com\/wp-content\/uploads\/2025\/02\/X7-1-194x300.jpg 194w, https:\/\/yumicos.com\/wp-content\/uploads\/2025\/02\/X7-1-661x1024.jpg 661w, https:\/\/yumicos.com\/wp-content\/uploads\/2025\/02\/X7-1-600x929.jpg 600w\" sizes=\"(max-width: 750px) 100vw, 750px\" \/><br \/>\n<img loading=\"lazy\" decoding=\"async\" class=\"size-full wp-image-756\" src=\"https:\/\/yumicos.com\/wp-content\/uploads\/2025\/02\/x9-1.jpg\" alt=\"Nicola Demara Cosplay Costume Back View from Zenless Zone Zero\" width=\"750\" height=\"1145\" srcset=\"https:\/\/yumicos.com\/wp-content\/uploads\/2025\/02\/x9-1.jpg 750w, https:\/\/yumicos.com\/wp-content\/uploads\/2025\/02\/x9-1-197x300.jpg 197w, https:\/\/yumicos.com\/wp-content\/uploads\/2025\/02\/x9-1-671x1024.jpg 671w, https:\/\/yumicos.com\/wp-content\/uploads\/2025\/02\/x9-1-600x916.jpg 600w\" sizes=\"(max-width: 750px) 100vw, 750px\" \/><br \/>\n<img loading=\"lazy\" decoding=\"async\" class=\"size-full wp-image-757\" src=\"https:\/\/yumicos.com\/wp-content\/uploads\/2025\/02\/x10-1.jpg\" alt=\"Nicola Demara Cosplay Costume Detail View from Zenless Zone Zero\" width=\"750\" height=\"774\" srcset=\"https:\/\/yumicos.com\/wp-content\/uploads\/2025\/02\/x10-1.jpg 750w, https:\/\/yumicos.com\/wp-content\/uploads\/2025\/02\/x10-1-291x300.jpg 291w, https:\/\/yumicos.com\/wp-content\/uploads\/2025\/02\/x10-1-600x619.jpg 600w\" sizes=\"(max-width: 750px) 100vw, 750px\" \/><br \/>\n<img loading=\"lazy\" decoding=\"async\" class=\"size-full wp-image-758\" src=\"https:\/\/yumicos.com\/wp-content\/uploads\/2025\/02\/x11-1.jpg\" alt=\" Nicola Demara Cosplay Costume Detail View from Zenless Zone Zero\" width=\"750\" height=\"734\" srcset=\"https:\/\/yumicos.com\/wp-content\/uploads\/2025\/02\/x11-1.jpg 750w, https:\/\/yumicos.com\/wp-content\/uploads\/2025\/02\/x11-1-300x294.jpg 300w, https:\/\/yumicos.com\/wp-content\/uploads\/2025\/02\/x11-1-600x587.jpg 600w, https:\/\/yumicos.com\/wp-content\/uploads\/2025\/02\/x11-1-50x50.jpg 50w\" sizes=\"(max-width: 750px) 100vw, 750px\" \/><br \/>\n<img loading=\"lazy\" decoding=\"async\" class=\"size-full wp-image-759\" src=\"https:\/\/yumicos.com\/wp-content\/uploads\/2025\/02\/x12-1.jpg\" alt=\"Nicola Demara Cosplay Costume Detail View from Zenless Zone Zero\" width=\"750\" height=\"745\" srcset=\"https:\/\/yumicos.com\/wp-content\/uploads\/2025\/02\/x12-1.jpg 750w, https:\/\/yumicos.com\/wp-content\/uploads\/2025\/02\/x12-1-300x298.jpg 300w, https:\/\/yumicos.com\/wp-content\/uploads\/2025\/02\/x12-1-150x150.jpg 150w, https:\/\/yumicos.com\/wp-content\/uploads\/2025\/02\/x12-1-600x596.jpg 600w, https:\/\/yumicos.com\/wp-content\/uploads\/2025\/02\/x12-1-100x100.jpg 100w, https:\/\/yumicos.com\/wp-content\/uploads\/2025\/02\/x12-1-50x50.jpg 50w\" sizes=\"(max-width: 750px) 100vw, 750px\" \/><br \/>\n<img loading=\"lazy\" decoding=\"async\" class=\"size-full wp-image-760\" src=\"https:\/\/yumicos.com\/wp-content\/uploads\/2025\/02\/x13-1.jpg\" alt=\" Nicola Demara Cosplay Costume Detail View from Zenless Zone Zero\" width=\"750\" height=\"751\" srcset=\"https:\/\/yumicos.com\/wp-content\/uploads\/2025\/02\/x13-1.jpg 750w, https:\/\/yumicos.com\/wp-content\/uploads\/2025\/02\/x13-1-300x300.jpg 300w, https:\/\/yumicos.com\/wp-content\/uploads\/2025\/02\/x13-1-150x150.jpg 150w, https:\/\/yumicos.com\/wp-content\/uploads\/2025\/02\/x13-1-600x601.jpg 600w, https:\/\/yumicos.com\/wp-content\/uploads\/2025\/02\/x13-1-100x100.jpg 100w, https:\/\/yumicos.com\/wp-content\/uploads\/2025\/02\/x13-1-50x50.jpg 50w\" sizes=\"(max-width: 750px) 100vw, 750px\" \/><br \/>\n<img loading=\"lazy\" decoding=\"async\" class=\"size-full wp-image-761\" src=\"https:\/\/yumicos.com\/wp-content\/uploads\/2025\/02\/x14.jpg\" alt=\"Nicola Demara Cosplay Costume Detail View from Zenless Zone Zero\" width=\"750\" height=\"757\" srcset=\"https:\/\/yumicos.com\/wp-content\/uploads\/2025\/02\/x14.jpg 750w, https:\/\/yumicos.com\/wp-content\/uploads\/2025\/02\/x14-297x300.jpg 297w, https:\/\/yumicos.com\/wp-content\/uploads\/2025\/02\/x14-150x150.jpg 150w, https:\/\/yumicos.com\/wp-content\/uploads\/2025\/02\/x14-600x606.jpg 600w, https:\/\/yumicos.com\/wp-content\/uploads\/2025\/02\/x14-100x100.jpg 100w, https:\/\/yumicos.com\/wp-content\/uploads\/2025\/02\/x14-50x50.jpg 50w\" sizes=\"(max-width: 750px) 100vw, 750px\" \/><br \/>\n<img loading=\"lazy\" decoding=\"async\" class=\"size-full wp-image-762\" src=\"https:\/\/yumicos.com\/wp-content\/uploads\/2025\/02\/x15.jpg\" alt=\"Nicola Demara Cosplay Costume Detail View from Zenless Zone Zero\" width=\"750\" height=\"724\" srcset=\"https:\/\/yumicos.com\/wp-content\/uploads\/2025\/02\/x15.jpg 750w, https:\/\/yumicos.com\/wp-content\/uploads\/2025\/02\/x15-300x290.jpg 300w, https:\/\/yumicos.com\/wp-content\/uploads\/2025\/02\/x15-600x579.jpg 600w\" sizes=\"(max-width: 750px) 100vw, 750px\" \/><\/p>\n","protected":false},"excerpt":{"rendered":"<p data-start=\"650\" data-end=\"807\">Entrez dans la peau de Nicola Demara avec ce costume de cosplay de haute qualit\u00e9, con\u00e7u pour les fans de Zenless Zone Zero. Id\u00e9al pour les conventions et les \u00e9v\u00e9nements \u00e0 th\u00e8me.<\/p>\n","protected":false},"featured_media":8692,"comment_status":"open","ping_status":"closed","template":"","meta":{"_acf_changed":false,"_monsterinsights_skip_tracking":false,"_monsterinsights_sitenote_active":false,"_monsterinsights_sitenote_note":"","_monsterinsights_sitenote_category":0,"site-sidebar-layout":"default","site-content-layout":"","ast-site-content-layout":"default","site-content-style":"default","site-sidebar-style":"default","ast-global-header-display":"","ast-banner-title-visibility":"","ast-main-header-display":"","ast-hfb-above-header-display":"","ast-hfb-below-header-display":"","ast-hfb-mobile-header-display":"","site-post-title":"","ast-breadcrumbs-content":"","ast-featured-img":"","footer-sml-layout":"","theme-transparent-header-meta":"default","adv-header-id-meta":"","stick-header-meta":"default","header-above-stick-meta":"","header-main-stick-meta":"","header-below-stick-meta":"","astra-migrate-meta-layouts":"default","ast-page-background-enabled":"default","ast-page-background-meta":{"desktop":{"background-color":"var(--ast-global-color-4)","background-image":"","background-repeat":"repeat","background-position":"center center","background-size":"auto","background-attachment":"scroll","background-type":"","background-media":"","overlay-type":"","overlay-color":"","overlay-opacity":"","overlay-gradient":""},"tablet":{"background-color":"","background-image":"","background-repeat":"repeat","background-position":"center center","background-size":"auto","background-attachment":"scroll","background-type":"","background-media":"","overlay-type":"","overlay-color":"","overlay-opacity":"","overlay-gradient":""},"mobile":{"background-color":"","background-image":"","background-repeat":"repeat","background-position":"center center","background-size":"auto","background-attachment":"scroll","background-type":"","background-media":"","overlay-type":"","overlay-color":"","overlay-opacity":"","overlay-gradient":""}},"ast-content-background-meta":{"desktop":{"background-color":"var(--ast-global-color-5)","background-image":"","background-repeat":"repeat","background-position":"center center","background-size":"auto","background-attachment":"scroll","background-type":"","background-media":"","overlay-type":"","overlay-color":"","overlay-opacity":"","overlay-gradient":""},"tablet":{"background-color":"var(--ast-global-color-5)","background-image":"","background-repeat":"repeat","background-position":"center center","background-size":"auto","background-attachment":"scroll","background-type":"","background-media":"","overlay-type":"","overlay-color":"","overlay-opacity":"","overlay-gradient":""},"mobile":{"background-color":"var(--ast-global-color-5)","background-image":"","background-repeat":"repeat","background-position":"center center","background-size":"auto","background-attachment":"scroll","background-type":"","background-media":"","overlay-type":"","overlay-color":"","overlay-opacity":"","overlay-gradient":""}}},"product_brand":[],"product_cat":[115,281],"product_tag":[],"class_list":{"0":"post-34079","1":"product","2":"type-product","3":"status-publish","4":"has-post-thumbnail","6":"product_cat-game-cosplay","7":"product_cat-zenless-zone-zero-cosplay","8":"desktop-align-left","9":"tablet-align-left","10":"mobile-align-left","11":"ast-product-gallery-layout-horizontal-slider","12":"ast-product-single-variable","13":"ast-product-tabs-layout-horizontal","15":"first","16":"instock","17":"purchasable","18":"product-type-variable"},"acf":[],"aioseo_notices":[],"_links":{"self":[{"href":"https:\/\/yumicos.com\/fr\/wp-json\/wp\/v2\/product\/34079","targetHints":{"allow":["GET"]}}],"collection":[{"href":"https:\/\/yumicos.com\/fr\/wp-json\/wp\/v2\/product"}],"about":[{"href":"https:\/\/yumicos.com\/fr\/wp-json\/wp\/v2\/types\/product"}],"replies":[{"embeddable":true,"href":"https:\/\/yumicos.com\/fr\/wp-json\/wp\/v2\/comments?post=34079"}],"wp:featuredmedia":[{"embeddable":true,"href":"https:\/\/yumicos.com\/fr\/wp-json\/wp\/v2\/media\/8692"}],"wp:attachment":[{"href":"https:\/\/yumicos.com\/fr\/wp-json\/wp\/v2\/media?parent=34079"}],"wp:term":[{"taxonomy":"product_brand","embeddable":true,"href":"https:\/\/yumicos.com\/fr\/wp-json\/wp\/v2\/product_brand?post=34079"},{"taxonomy":"product_cat","embeddable":true,"href":"https:\/\/yumicos.com\/fr\/wp-json\/wp\/v2\/product_cat?post=34079"},{"taxonomy":"product_tag","embeddable":true,"href":"https:\/\/yumicos.com\/fr\/wp-json\/wp\/v2\/product_tag?post=34079"}],"curies":[{"name":"wp","href":"https:\/\/api.w.org\/{rel}","templated":true}]}}