{"id":33822,"date":"2025-02-18T07:47:11","date_gmt":"2025-02-18T07:47:11","guid":{"rendered":"https:\/\/yumicos.com\/product\/frieren-beyond-journeys-end-costume-cosplay-stark\/"},"modified":"2025-10-22T09:08:41","modified_gmt":"2025-10-22T09:08:41","slug":"stark-cosplay-outfit","status":"publish","type":"product","link":"https:\/\/yumicos.com\/fr\/product\/stark-cosplay-outfit\/","title":{"rendered":"Frieren : Beyond Journey&#8217;s End Costume Cosplay Stark"},"content":{"rendered":"<p><img fetchpriority=\"high\" decoding=\"async\" class=\"alignnone size-full wp-image-285\" src=\"https:\/\/yumicos.com\/wp-content\/uploads\/2025\/01\/chanp.jpg\" alt=\"\" width=\"790\" height=\"92\" srcset=\"https:\/\/yumicos.com\/wp-content\/uploads\/2025\/01\/chanp.jpg 790w, https:\/\/yumicos.com\/wp-content\/uploads\/2025\/01\/chanp-300x35.jpg 300w, https:\/\/yumicos.com\/wp-content\/uploads\/2025\/01\/chanp-768x89.jpg 768w, https:\/\/yumicos.com\/wp-content\/uploads\/2025\/01\/chanp-600x70.jpg 600w\" sizes=\"(max-width: 790px) 100vw, 790px\" \/><\/p>\n<p><strong>Source<\/strong>: <a href=\"https:\/\/yumicos.com\/fr\/product-category\/anime\/a-b-c-d-e-f-g\/frieren-cosplay-outfits\/\"><span class=\"text_ki2nn\" data-text=\"true\">Frieren : Au-del\u00e0 de la fin du voyage<\/span><\/a><\/p>\n<p><strong>Personnage<\/strong>: Stark<\/p>\n<p><strong>Inclus<\/strong>:  Manteau, maillot de corps, pantalon, ceinture, gants, bretelles<\/p>\n<p><strong>Mati\u00e8re<\/strong>: Polyester, uniforme, cuir<\/p>\n<p><strong>Instructions d&#8217;entretien<\/strong>: Laver \u00e0 la main \u00e0 l&#8217;eau froide, suspendre pour s\u00e9cher, pas d&#8217;eau de Javel<\/p>\n<p><strong>Taille:<\/strong>Veuillez noter que les tailles asiatiques peuvent pr\u00e9senter un \u00e9cart de 1 \u00e0 3 cm en raison de la technique de mesure.<\/p>\n<p><strong>Pointe :<\/strong> 1CM \u2248 0.39Inch<\/p>\n<p><img decoding=\"async\" class=\"alignnone size-full wp-image-288\" src=\"https:\/\/yumicos.com\/wp-content\/uploads\/2025\/01\/shiwuzhanshi.jpg\" alt=\"\" width=\"790\" height=\"92\" srcset=\"https:\/\/yumicos.com\/wp-content\/uploads\/2025\/01\/shiwuzhanshi.jpg 790w, https:\/\/yumicos.com\/wp-content\/uploads\/2025\/01\/shiwuzhanshi-300x35.jpg 300w, https:\/\/yumicos.com\/wp-content\/uploads\/2025\/01\/shiwuzhanshi-768x89.jpg 768w, https:\/\/yumicos.com\/wp-content\/uploads\/2025\/01\/shiwuzhanshi-600x70.jpg 600w\" sizes=\"(max-width: 790px) 100vw, 790px\" \/><\/p>\n<p><img decoding=\"async\" class=\"size-full wp-image-857\" src=\"https:\/\/yumicos.com\/wp-content\/uploads\/2025\/02\/1000-1-1.jpg\" alt=\"Stark Cosplay Costume - Back view, showcasing the complete design\" width=\"750\" height=\"1000\" srcset=\"https:\/\/yumicos.com\/wp-content\/uploads\/2025\/02\/1000-1-1.jpg 750w, https:\/\/yumicos.com\/wp-content\/uploads\/2025\/02\/1000-1-1-225x300.jpg 225w, https:\/\/yumicos.com\/wp-content\/uploads\/2025\/02\/1000-1-1-600x800.jpg 600w\" sizes=\"(max-width: 750px) 100vw, 750px\" \/><\/p>\n<p><img loading=\"lazy\" decoding=\"async\" class=\" wp-image-858\" src=\"https:\/\/yumicos.com\/wp-content\/uploads\/2025\/02\/\u4f11\u590f6-\u62f7\u8d1d-scaled.jpg\" alt=\" Stark Cosplay Costume - Back view, showcasing the complete design\" width=\"750\" height=\"1125\" srcset=\"https:\/\/yumicos.com\/wp-content\/uploads\/2025\/02\/\u4f11\u590f6-\u62f7\u8d1d-scaled.jpg 1707w, https:\/\/yumicos.com\/wp-content\/uploads\/2025\/02\/\u4f11\u590f6-\u62f7\u8d1d-200x300.jpg 200w, https:\/\/yumicos.com\/wp-content\/uploads\/2025\/02\/\u4f11\u590f6-\u62f7\u8d1d-683x1024.jpg 683w, https:\/\/yumicos.com\/wp-content\/uploads\/2025\/02\/\u4f11\u590f6-\u62f7\u8d1d-768x1152.jpg 768w, https:\/\/yumicos.com\/wp-content\/uploads\/2025\/02\/\u4f11\u590f6-\u62f7\u8d1d-1024x1536.jpg 1024w, https:\/\/yumicos.com\/wp-content\/uploads\/2025\/02\/\u4f11\u590f6-\u62f7\u8d1d-1365x2048.jpg 1365w, https:\/\/yumicos.com\/wp-content\/uploads\/2025\/02\/\u4f11\u590f6-\u62f7\u8d1d-600x900.jpg 600w\" sizes=\"(max-width: 750px) 100vw, 750px\" \/><\/p>\n<p><img loading=\"lazy\" decoding=\"async\" class=\"alignnone size-full wp-image-287\" src=\"https:\/\/yumicos.com\/wp-content\/uploads\/2025\/01\/xijie.jpg\" alt=\"\" width=\"790\" height=\"92\" srcset=\"https:\/\/yumicos.com\/wp-content\/uploads\/2025\/01\/xijie.jpg 790w, https:\/\/yumicos.com\/wp-content\/uploads\/2025\/01\/xijie-300x35.jpg 300w, https:\/\/yumicos.com\/wp-content\/uploads\/2025\/01\/xijie-768x89.jpg 768w, https:\/\/yumicos.com\/wp-content\/uploads\/2025\/01\/xijie-600x70.jpg 600w\" sizes=\"(max-width: 790px) 100vw, 790px\" \/><\/p>\n<p><img loading=\"lazy\" decoding=\"async\" class=\"size-full wp-image-859\" src=\"https:\/\/yumicos.com\/wp-content\/uploads\/2025\/02\/\u672a\u6807\u9898-1.jpg\" alt=\"Stark Cosplay Costume - Close-up of details\" width=\"800\" height=\"718\" srcset=\"https:\/\/yumicos.com\/wp-content\/uploads\/2025\/02\/\u672a\u6807\u9898-1.jpg 800w, https:\/\/yumicos.com\/wp-content\/uploads\/2025\/02\/\u672a\u6807\u9898-1-300x269.jpg 300w, https:\/\/yumicos.com\/wp-content\/uploads\/2025\/02\/\u672a\u6807\u9898-1-768x689.jpg 768w, https:\/\/yumicos.com\/wp-content\/uploads\/2025\/02\/\u672a\u6807\u9898-1-600x539.jpg 600w\" sizes=\"(max-width: 800px) 100vw, 800px\" \/><\/p>\n<p><img loading=\"lazy\" decoding=\"async\" class=\" wp-image-860\" src=\"https:\/\/yumicos.com\/wp-content\/uploads\/2025\/02\/O1CN01H1x57M1sc2XxYvQmK_2215929295786-0-cib-1024x826.jpg\" alt=\"Stark Cosplay Costume - Close-up of details\" width=\"800\" height=\"645\" srcset=\"https:\/\/yumicos.com\/wp-content\/uploads\/2025\/02\/O1CN01H1x57M1sc2XxYvQmK_2215929295786-0-cib-1024x826.jpg 1024w, https:\/\/yumicos.com\/wp-content\/uploads\/2025\/02\/O1CN01H1x57M1sc2XxYvQmK_2215929295786-0-cib-300x242.jpg 300w, https:\/\/yumicos.com\/wp-content\/uploads\/2025\/02\/O1CN01H1x57M1sc2XxYvQmK_2215929295786-0-cib-768x619.jpg 768w, https:\/\/yumicos.com\/wp-content\/uploads\/2025\/02\/O1CN01H1x57M1sc2XxYvQmK_2215929295786-0-cib-1536x1238.jpg 1536w, https:\/\/yumicos.com\/wp-content\/uploads\/2025\/02\/O1CN01H1x57M1sc2XxYvQmK_2215929295786-0-cib-600x484.jpg 600w, https:\/\/yumicos.com\/wp-content\/uploads\/2025\/02\/O1CN01H1x57M1sc2XxYvQmK_2215929295786-0-cib.jpg 1600w\" sizes=\"(max-width: 800px) 100vw, 800px\" \/><\/p>\n","protected":false},"excerpt":{"rendered":"<p>L&#8217;exquis costume de Cosplay Stark de Frieren : Beyond Journey&#8217;s End. Fabriqu\u00e9 avec des mat\u00e9riaux de haute qualit\u00e9 et un design d\u00e9taill\u00e9, il est parfait pour les \u00e9v\u00e9nements de cosplay afin de mettre en valeur le charme et l&#8217;attrait du personnage.<\/p>\n","protected":false},"featured_media":9236,"comment_status":"open","ping_status":"closed","template":"","meta":{"_acf_changed":false,"_monsterinsights_skip_tracking":false,"_monsterinsights_sitenote_active":false,"_monsterinsights_sitenote_note":"","_monsterinsights_sitenote_category":0,"site-sidebar-layout":"default","site-content-layout":"","ast-site-content-layout":"default","site-content-style":"default","site-sidebar-style":"default","ast-global-header-display":"","ast-banner-title-visibility":"","ast-main-header-display":"","ast-hfb-above-header-display":"","ast-hfb-below-header-display":"","ast-hfb-mobile-header-display":"","site-post-title":"","ast-breadcrumbs-content":"","ast-featured-img":"","footer-sml-layout":"","theme-transparent-header-meta":"default","adv-header-id-meta":"","stick-header-meta":"default","header-above-stick-meta":"","header-main-stick-meta":"","header-below-stick-meta":"","astra-migrate-meta-layouts":"default","ast-page-background-enabled":"default","ast-page-background-meta":{"desktop":{"background-color":"var(--ast-global-color-4)","background-image":"","background-repeat":"repeat","background-position":"center center","background-size":"auto","background-attachment":"scroll","background-type":"","background-media":"","overlay-type":"","overlay-color":"","overlay-opacity":"","overlay-gradient":""},"tablet":{"background-color":"","background-image":"","background-repeat":"repeat","background-position":"center center","background-size":"auto","background-attachment":"scroll","background-type":"","background-media":"","overlay-type":"","overlay-color":"","overlay-opacity":"","overlay-gradient":""},"mobile":{"background-color":"","background-image":"","background-repeat":"repeat","background-position":"center center","background-size":"auto","background-attachment":"scroll","background-type":"","background-media":"","overlay-type":"","overlay-color":"","overlay-opacity":"","overlay-gradient":""}},"ast-content-background-meta":{"desktop":{"background-color":"var(--ast-global-color-5)","background-image":"","background-repeat":"repeat","background-position":"center center","background-size":"auto","background-attachment":"scroll","background-type":"","background-media":"","overlay-type":"","overlay-color":"","overlay-opacity":"","overlay-gradient":""},"tablet":{"background-color":"var(--ast-global-color-5)","background-image":"","background-repeat":"repeat","background-position":"center center","background-size":"auto","background-attachment":"scroll","background-type":"","background-media":"","overlay-type":"","overlay-color":"","overlay-opacity":"","overlay-gradient":""},"mobile":{"background-color":"var(--ast-global-color-5)","background-image":"","background-repeat":"repeat","background-position":"center center","background-size":"auto","background-attachment":"scroll","background-type":"","background-media":"","overlay-type":"","overlay-color":"","overlay-opacity":"","overlay-gradient":""}}},"product_brand":[],"product_cat":[155,338,233],"product_tag":[],"class_list":{"0":"post-33822","1":"product","2":"type-product","3":"status-publish","4":"has-post-thumbnail","6":"product_cat-anime","7":"product_cat-a-b-c-d-e-f-g","8":"product_cat-frieren-cosplay-outfits","9":"desktop-align-left","10":"tablet-align-left","11":"mobile-align-left","12":"ast-product-gallery-layout-horizontal-slider","13":"ast-product-single-variable","14":"ast-product-tabs-layout-horizontal","16":"first","17":"instock","18":"purchasable","19":"product-type-variable"},"acf":[],"aioseo_notices":[],"_links":{"self":[{"href":"https:\/\/yumicos.com\/fr\/wp-json\/wp\/v2\/product\/33822","targetHints":{"allow":["GET"]}}],"collection":[{"href":"https:\/\/yumicos.com\/fr\/wp-json\/wp\/v2\/product"}],"about":[{"href":"https:\/\/yumicos.com\/fr\/wp-json\/wp\/v2\/types\/product"}],"replies":[{"embeddable":true,"href":"https:\/\/yumicos.com\/fr\/wp-json\/wp\/v2\/comments?post=33822"}],"wp:featuredmedia":[{"embeddable":true,"href":"https:\/\/yumicos.com\/fr\/wp-json\/wp\/v2\/media\/9236"}],"wp:attachment":[{"href":"https:\/\/yumicos.com\/fr\/wp-json\/wp\/v2\/media?parent=33822"}],"wp:term":[{"taxonomy":"product_brand","embeddable":true,"href":"https:\/\/yumicos.com\/fr\/wp-json\/wp\/v2\/product_brand?post=33822"},{"taxonomy":"product_cat","embeddable":true,"href":"https:\/\/yumicos.com\/fr\/wp-json\/wp\/v2\/product_cat?post=33822"},{"taxonomy":"product_tag","embeddable":true,"href":"https:\/\/yumicos.com\/fr\/wp-json\/wp\/v2\/product_tag?post=33822"}],"curies":[{"name":"wp","href":"https:\/\/api.w.org\/{rel}","templated":true}]}}