{"id":33742,"date":"2025-02-18T08:45:03","date_gmt":"2025-02-18T08:45:03","guid":{"rendered":"https:\/\/yumicos.com\/product\/simmel-cosplay-costume-frieren-beyond-journeys-end-character-outfit\/"},"modified":"2025-10-22T08:58:54","modified_gmt":"2025-10-22T08:58:54","slug":"himmel-cosplay-outfit","status":"publish","type":"product","link":"https:\/\/yumicos.com\/fr\/product\/himmel-cosplay-outfit\/","title":{"rendered":"Simmel Cosplay Costume &#8211; Frieren : Beyond Journey&#8217;s End Character Outfit"},"content":{"rendered":"<p><img fetchpriority=\"high\" decoding=\"async\" class=\"alignnone size-full wp-image-285\" src=\"https:\/\/yumicos.com\/wp-content\/uploads\/2025\/01\/chanp.jpg\" alt=\"\" width=\"790\" height=\"92\" srcset=\"https:\/\/yumicos.com\/wp-content\/uploads\/2025\/01\/chanp.jpg 790w, https:\/\/yumicos.com\/wp-content\/uploads\/2025\/01\/chanp-300x35.jpg 300w, https:\/\/yumicos.com\/wp-content\/uploads\/2025\/01\/chanp-768x89.jpg 768w, https:\/\/yumicos.com\/wp-content\/uploads\/2025\/01\/chanp-600x70.jpg 600w\" sizes=\"(max-width: 790px) 100vw, 790px\" \/><\/p>\n<p><strong>Source<\/strong>: <a href=\"https:\/\/yumicos.com\/fr\/product-category\/anime\/a-b-c-d-e-f-g\/frieren-cosplay-outfits\/\"><span class=\"text_ki2nn\" data-text=\"true\">Frieren : Au-del\u00e0 de la fin du voyage<\/span><\/a><\/p>\n<p><strong>Personnage<\/strong>: Himmel<\/p>\n<p><strong>Inclus<\/strong>:  Chemise, pantalon, cape, colliers, ceinture.<\/p>\n<p><strong>Mati\u00e8re<\/strong>: Polyester, uniforme, cuir<\/p>\n<p><strong>Instructions d&#8217;entretien<\/strong>: Laver \u00e0 la main \u00e0 l&#8217;eau froide, suspendre pour s\u00e9cher, pas d&#8217;eau de Javel<\/p>\n<p><strong>Taille:<\/strong>Veuillez noter que les tailles asiatiques peuvent pr\u00e9senter un \u00e9cart de 1 \u00e0 3 cm en raison de la technique de mesure.<\/p>\n<p><strong>Pointe :<\/strong> 1CM \u2248 0.39Inch<\/p>\n<p><img decoding=\"async\" class=\"alignnone wp-image-878\" src=\"https:\/\/yumicos.com\/wp-content\/uploads\/2025\/02\/10-5-1024x860.jpg\" alt=\"\" width=\"800\" height=\"672\" srcset=\"https:\/\/yumicos.com\/wp-content\/uploads\/2025\/02\/10-5-1024x860.jpg 1024w, https:\/\/yumicos.com\/wp-content\/uploads\/2025\/02\/10-5-300x252.jpg 300w, https:\/\/yumicos.com\/wp-content\/uploads\/2025\/02\/10-5-768x645.jpg 768w, https:\/\/yumicos.com\/wp-content\/uploads\/2025\/02\/10-5-1536x1290.jpg 1536w, https:\/\/yumicos.com\/wp-content\/uploads\/2025\/02\/10-5-600x504.jpg 600w, https:\/\/yumicos.com\/wp-content\/uploads\/2025\/02\/10-5.jpg 1600w\" sizes=\"(max-width: 800px) 100vw, 800px\" \/><\/p>\n<p><img decoding=\"async\" class=\"alignnone wp-image-879\" src=\"https:\/\/yumicos.com\/wp-content\/uploads\/2025\/02\/11-3-1024x674.jpg\" alt=\"\" width=\"800\" height=\"526\" srcset=\"https:\/\/yumicos.com\/wp-content\/uploads\/2025\/02\/11-3-1024x674.jpg 1024w, https:\/\/yumicos.com\/wp-content\/uploads\/2025\/02\/11-3-300x197.jpg 300w, https:\/\/yumicos.com\/wp-content\/uploads\/2025\/02\/11-3-768x505.jpg 768w, https:\/\/yumicos.com\/wp-content\/uploads\/2025\/02\/11-3-1536x1011.jpg 1536w, https:\/\/yumicos.com\/wp-content\/uploads\/2025\/02\/11-3-600x395.jpg 600w, https:\/\/yumicos.com\/wp-content\/uploads\/2025\/02\/11-3.jpg 1600w\" sizes=\"(max-width: 800px) 100vw, 800px\" \/><\/p>\n<p><img loading=\"lazy\" decoding=\"async\" class=\"alignnone size-full wp-image-288\" src=\"https:\/\/yumicos.com\/wp-content\/uploads\/2025\/01\/shiwuzhanshi.jpg\" alt=\"\" width=\"790\" height=\"92\" srcset=\"https:\/\/yumicos.com\/wp-content\/uploads\/2025\/01\/shiwuzhanshi.jpg 790w, https:\/\/yumicos.com\/wp-content\/uploads\/2025\/01\/shiwuzhanshi-300x35.jpg 300w, https:\/\/yumicos.com\/wp-content\/uploads\/2025\/01\/shiwuzhanshi-768x89.jpg 768w, https:\/\/yumicos.com\/wp-content\/uploads\/2025\/01\/shiwuzhanshi-600x70.jpg 600w\" sizes=\"(max-width: 790px) 100vw, 790px\" \/><\/p>\n<p><img loading=\"lazy\" decoding=\"async\" class=\" wp-image-876\" src=\"https:\/\/yumicos.com\/wp-content\/uploads\/2025\/02\/3-11-1024x1024.jpg\" alt=\"Himmel cosplay costume front view \u2013 Frieren: Beyond Journey\u2019s End character outfit\" width=\"800\" height=\"800\" srcset=\"https:\/\/yumicos.com\/wp-content\/uploads\/2025\/02\/3-11-1024x1024.jpg 1024w, https:\/\/yumicos.com\/wp-content\/uploads\/2025\/02\/3-11-300x300.jpg 300w, https:\/\/yumicos.com\/wp-content\/uploads\/2025\/02\/3-11-150x150.jpg 150w, https:\/\/yumicos.com\/wp-content\/uploads\/2025\/02\/3-11-768x768.jpg 768w, https:\/\/yumicos.com\/wp-content\/uploads\/2025\/02\/3-11-1536x1536.jpg 1536w, https:\/\/yumicos.com\/wp-content\/uploads\/2025\/02\/3-11-600x600.jpg 600w, https:\/\/yumicos.com\/wp-content\/uploads\/2025\/02\/3-11-100x100.jpg 100w, https:\/\/yumicos.com\/wp-content\/uploads\/2025\/02\/3-11-50x50.jpg 50w, https:\/\/yumicos.com\/wp-content\/uploads\/2025\/02\/3-11.jpg 1600w\" sizes=\"(max-width: 800px) 100vw, 800px\" \/><\/p>\n<p><img loading=\"lazy\" decoding=\"async\" class=\" wp-image-875\" src=\"https:\/\/yumicos.com\/wp-content\/uploads\/2025\/02\/2-11-1024x1024.jpg\" alt=\"Himmel cosplay costume back view \u2013 Frieren anime character outfit\" width=\"800\" height=\"800\" srcset=\"https:\/\/yumicos.com\/wp-content\/uploads\/2025\/02\/2-11-1024x1024.jpg 1024w, https:\/\/yumicos.com\/wp-content\/uploads\/2025\/02\/2-11-300x300.jpg 300w, https:\/\/yumicos.com\/wp-content\/uploads\/2025\/02\/2-11-150x150.jpg 150w, https:\/\/yumicos.com\/wp-content\/uploads\/2025\/02\/2-11-768x768.jpg 768w, https:\/\/yumicos.com\/wp-content\/uploads\/2025\/02\/2-11-1536x1536.jpg 1536w, https:\/\/yumicos.com\/wp-content\/uploads\/2025\/02\/2-11-600x600.jpg 600w, https:\/\/yumicos.com\/wp-content\/uploads\/2025\/02\/2-11-100x100.jpg 100w, https:\/\/yumicos.com\/wp-content\/uploads\/2025\/02\/2-11-50x50.jpg 50w, https:\/\/yumicos.com\/wp-content\/uploads\/2025\/02\/2-11.jpg 1600w\" sizes=\"(max-width: 800px) 100vw, 800px\" \/><\/p>\n<p><img loading=\"lazy\" decoding=\"async\" class=\"alignnone size-full wp-image-287\" src=\"https:\/\/yumicos.com\/wp-content\/uploads\/2025\/01\/xijie.jpg\" alt=\"\" width=\"790\" height=\"92\" srcset=\"https:\/\/yumicos.com\/wp-content\/uploads\/2025\/01\/xijie.jpg 790w, https:\/\/yumicos.com\/wp-content\/uploads\/2025\/01\/xijie-300x35.jpg 300w, https:\/\/yumicos.com\/wp-content\/uploads\/2025\/01\/xijie-768x89.jpg 768w, https:\/\/yumicos.com\/wp-content\/uploads\/2025\/01\/xijie-600x70.jpg 600w\" sizes=\"(max-width: 790px) 100vw, 790px\" \/><\/p>\n<p><img loading=\"lazy\" decoding=\"async\" class=\" wp-image-880\" src=\"https:\/\/yumicos.com\/wp-content\/uploads\/2025\/02\/5-10-1024x807.jpg\" alt=\"Close-up detail of Himmel cosplay costume \u2013 Frieren: Beyond Journey\u2019s End\" width=\"800\" height=\"630\" srcset=\"https:\/\/yumicos.com\/wp-content\/uploads\/2025\/02\/5-10-1024x807.jpg 1024w, https:\/\/yumicos.com\/wp-content\/uploads\/2025\/02\/5-10-300x236.jpg 300w, https:\/\/yumicos.com\/wp-content\/uploads\/2025\/02\/5-10-768x605.jpg 768w, https:\/\/yumicos.com\/wp-content\/uploads\/2025\/02\/5-10-1536x1211.jpg 1536w, https:\/\/yumicos.com\/wp-content\/uploads\/2025\/02\/5-10-600x473.jpg 600w, https:\/\/yumicos.com\/wp-content\/uploads\/2025\/02\/5-10.jpg 1600w\" sizes=\"(max-width: 800px) 100vw, 800px\" \/><\/p>\n<p><img loading=\"lazy\" decoding=\"async\" class=\" wp-image-881\" src=\"https:\/\/yumicos.com\/wp-content\/uploads\/2025\/02\/6-7-914x1024.jpg\" alt=\"Close-up detail of Himmel cosplay costume \u2013 Frieren: Beyond Journey\u2019s End\" width=\"800\" height=\"896\" srcset=\"https:\/\/yumicos.com\/wp-content\/uploads\/2025\/02\/6-7-914x1024.jpg 914w, https:\/\/yumicos.com\/wp-content\/uploads\/2025\/02\/6-7-268x300.jpg 268w, https:\/\/yumicos.com\/wp-content\/uploads\/2025\/02\/6-7-768x860.jpg 768w, https:\/\/yumicos.com\/wp-content\/uploads\/2025\/02\/6-7-1371x1536.jpg 1371w, https:\/\/yumicos.com\/wp-content\/uploads\/2025\/02\/6-7-600x672.jpg 600w, https:\/\/yumicos.com\/wp-content\/uploads\/2025\/02\/6-7.jpg 1600w\" sizes=\"(max-width: 800px) 100vw, 800px\" \/><\/p>\n<p><img loading=\"lazy\" decoding=\"async\" class=\" wp-image-882\" src=\"https:\/\/yumicos.com\/wp-content\/uploads\/2025\/02\/7-7-1024x788.jpg\" alt=\"Close-up detail of Himmel cosplay costume \u2013 Frieren: Beyond Journey\u2019s End\" width=\"800\" height=\"616\" srcset=\"https:\/\/yumicos.com\/wp-content\/uploads\/2025\/02\/7-7-1024x788.jpg 1024w, https:\/\/yumicos.com\/wp-content\/uploads\/2025\/02\/7-7-300x231.jpg 300w, https:\/\/yumicos.com\/wp-content\/uploads\/2025\/02\/7-7-768x591.jpg 768w, https:\/\/yumicos.com\/wp-content\/uploads\/2025\/02\/7-7-1536x1183.jpg 1536w, https:\/\/yumicos.com\/wp-content\/uploads\/2025\/02\/7-7-600x462.jpg 600w, https:\/\/yumicos.com\/wp-content\/uploads\/2025\/02\/7-7.jpg 1600w\" sizes=\"(max-width: 800px) 100vw, 800px\" \/><\/p>\n<p><img loading=\"lazy\" decoding=\"async\" class=\" wp-image-883\" src=\"https:\/\/yumicos.com\/wp-content\/uploads\/2025\/02\/8-7-1024x794.jpg\" alt=\"Close-up detail of Himmel cosplay costume \u2013 Frieren: Beyond Journey\u2019s End\" width=\"800\" height=\"620\" srcset=\"https:\/\/yumicos.com\/wp-content\/uploads\/2025\/02\/8-7-1024x794.jpg 1024w, https:\/\/yumicos.com\/wp-content\/uploads\/2025\/02\/8-7-300x233.jpg 300w, https:\/\/yumicos.com\/wp-content\/uploads\/2025\/02\/8-7-768x595.jpg 768w, https:\/\/yumicos.com\/wp-content\/uploads\/2025\/02\/8-7-1536x1190.jpg 1536w, https:\/\/yumicos.com\/wp-content\/uploads\/2025\/02\/8-7-600x465.jpg 600w, https:\/\/yumicos.com\/wp-content\/uploads\/2025\/02\/8-7.jpg 1600w\" sizes=\"(max-width: 800px) 100vw, 800px\" \/><\/p>\n","protected":false},"excerpt":{"rendered":"<p data-start=\"801\" data-end=\"963\"><strong data-start=\"801\" data-end=\"963\">Costume de cosplay Himmel de Frieren : Beyond Journey&#8217;s End. Parfait pour les fans d&#8217;anime, ce costume a \u00e9t\u00e9 con\u00e7u avec le souci du d\u00e9tail. Id\u00e9al pour les \u00e9v\u00e9nements de cosplay et les conventions.<\/strong><\/p>\n<h3 data-start=\"965\" data-end=\"1032\"><\/h3>\n","protected":false},"featured_media":9316,"comment_status":"open","ping_status":"closed","template":"","meta":{"_acf_changed":false,"_monsterinsights_skip_tracking":false,"_monsterinsights_sitenote_active":false,"_monsterinsights_sitenote_note":"","_monsterinsights_sitenote_category":0,"site-sidebar-layout":"default","site-content-layout":"","ast-site-content-layout":"default","site-content-style":"default","site-sidebar-style":"default","ast-global-header-display":"","ast-banner-title-visibility":"","ast-main-header-display":"","ast-hfb-above-header-display":"","ast-hfb-below-header-display":"","ast-hfb-mobile-header-display":"","site-post-title":"","ast-breadcrumbs-content":"","ast-featured-img":"","footer-sml-layout":"","theme-transparent-header-meta":"default","adv-header-id-meta":"","stick-header-meta":"default","header-above-stick-meta":"","header-main-stick-meta":"","header-below-stick-meta":"","astra-migrate-meta-layouts":"default","ast-page-background-enabled":"default","ast-page-background-meta":{"desktop":{"background-color":"var(--ast-global-color-4)","background-image":"","background-repeat":"repeat","background-position":"center center","background-size":"auto","background-attachment":"scroll","background-type":"","background-media":"","overlay-type":"","overlay-color":"","overlay-opacity":"","overlay-gradient":""},"tablet":{"background-color":"","background-image":"","background-repeat":"repeat","background-position":"center center","background-size":"auto","background-attachment":"scroll","background-type":"","background-media":"","overlay-type":"","overlay-color":"","overlay-opacity":"","overlay-gradient":""},"mobile":{"background-color":"","background-image":"","background-repeat":"repeat","background-position":"center center","background-size":"auto","background-attachment":"scroll","background-type":"","background-media":"","overlay-type":"","overlay-color":"","overlay-opacity":"","overlay-gradient":""}},"ast-content-background-meta":{"desktop":{"background-color":"var(--ast-global-color-5)","background-image":"","background-repeat":"repeat","background-position":"center center","background-size":"auto","background-attachment":"scroll","background-type":"","background-media":"","overlay-type":"","overlay-color":"","overlay-opacity":"","overlay-gradient":""},"tablet":{"background-color":"var(--ast-global-color-5)","background-image":"","background-repeat":"repeat","background-position":"center center","background-size":"auto","background-attachment":"scroll","background-type":"","background-media":"","overlay-type":"","overlay-color":"","overlay-opacity":"","overlay-gradient":""},"mobile":{"background-color":"var(--ast-global-color-5)","background-image":"","background-repeat":"repeat","background-position":"center center","background-size":"auto","background-attachment":"scroll","background-type":"","background-media":"","overlay-type":"","overlay-color":"","overlay-opacity":"","overlay-gradient":""}}},"product_brand":[],"product_cat":[155,338,233],"product_tag":[],"class_list":{"0":"post-33742","1":"product","2":"type-product","3":"status-publish","4":"has-post-thumbnail","6":"product_cat-anime","7":"product_cat-a-b-c-d-e-f-g","8":"product_cat-frieren-cosplay-outfits","9":"desktop-align-left","10":"tablet-align-left","11":"mobile-align-left","12":"ast-product-gallery-layout-horizontal-slider","13":"ast-product-single-variable","14":"ast-product-tabs-layout-horizontal","16":"first","17":"instock","18":"purchasable","19":"product-type-variable"},"acf":[],"aioseo_notices":[],"_links":{"self":[{"href":"https:\/\/yumicos.com\/fr\/wp-json\/wp\/v2\/product\/33742","targetHints":{"allow":["GET"]}}],"collection":[{"href":"https:\/\/yumicos.com\/fr\/wp-json\/wp\/v2\/product"}],"about":[{"href":"https:\/\/yumicos.com\/fr\/wp-json\/wp\/v2\/types\/product"}],"replies":[{"embeddable":true,"href":"https:\/\/yumicos.com\/fr\/wp-json\/wp\/v2\/comments?post=33742"}],"wp:featuredmedia":[{"embeddable":true,"href":"https:\/\/yumicos.com\/fr\/wp-json\/wp\/v2\/media\/9316"}],"wp:attachment":[{"href":"https:\/\/yumicos.com\/fr\/wp-json\/wp\/v2\/media?parent=33742"}],"wp:term":[{"taxonomy":"product_brand","embeddable":true,"href":"https:\/\/yumicos.com\/fr\/wp-json\/wp\/v2\/product_brand?post=33742"},{"taxonomy":"product_cat","embeddable":true,"href":"https:\/\/yumicos.com\/fr\/wp-json\/wp\/v2\/product_cat?post=33742"},{"taxonomy":"product_tag","embeddable":true,"href":"https:\/\/yumicos.com\/fr\/wp-json\/wp\/v2\/product_tag?post=33742"}],"curies":[{"name":"wp","href":"https:\/\/api.w.org\/{rel}","templated":true}]}}