{"id":33041,"date":"2025-03-06T10:13:59","date_gmt":"2025-03-06T10:13:59","guid":{"rendered":"https:\/\/yumicos.com\/product\/league-of-legends-arcane-saison-2-costume-cosplay-caitlyn-ensemble-complet\/"},"modified":"2025-10-21T10:12:55","modified_gmt":"2025-10-21T10:12:55","slug":"caitlyn-arcane-season-2-cosplay-costume","status":"publish","type":"product","link":"https:\/\/yumicos.com\/fr\/product\/caitlyn-arcane-season-2-cosplay-costume\/","title":{"rendered":"League of Legends Arcane Saison 2 Costume Cosplay Caitlyn &#8211; Ensemble complet"},"content":{"rendered":"<p><img fetchpriority=\"high\" decoding=\"async\" class=\"alignnone size-full wp-image-285\" src=\"https:\/\/yumicos.com\/wp-content\/uploads\/2025\/01\/chanp.jpg\" alt=\"\" width=\"790\" height=\"92\" srcset=\"https:\/\/yumicos.com\/wp-content\/uploads\/2025\/01\/chanp.jpg 790w, https:\/\/yumicos.com\/wp-content\/uploads\/2025\/01\/chanp-300x35.jpg 300w, https:\/\/yumicos.com\/wp-content\/uploads\/2025\/01\/chanp-768x89.jpg 768w, https:\/\/yumicos.com\/wp-content\/uploads\/2025\/01\/chanp-600x70.jpg 600w\" sizes=\"(max-width: 790px) 100vw, 790px\" \/><\/p>\n<p><strong>Source<\/strong>: <strong><a title=\"X-Men\" href=\"https:\/\/yumicos.com\/fr\/product-category\/game-cosplay\/league-of-legends-cosplay\/\" target=\"_blank\" rel=\"noopener\">League of Legends<\/a> <\/strong><\/p>\n<p><strong>Personnage<\/strong>:  Caitlyn<\/p>\n<p><strong>Inclus<\/strong>: Chapeau, manteau, v\u00eatement int\u00e9rieur, pantalon, ornement de jambe, gants, armement, ornement de v\u00eatement, dentelle de cou<\/p>\n<p><strong>Mati\u00e8re :<\/strong> Polyester, uniforme, cuir.<\/p>\n<p><strong>Instructions d&#8217;entretien<\/strong>: Laver \u00e0 la main \u00e0 l&#8217;eau froide, suspendre pour s\u00e9cher, pas d&#8217;eau de Javel<\/p>\n<p><strong>Taille :<\/strong>Veuillez noter que les tailles asiatiques peuvent pr\u00e9senter un \u00e9cart de 1 \u00e0 3 cm en raison de la technique de mesure.<\/p>\n<p><strong>Pointe :<\/strong> 1CM \u2248 0.39Inch<\/p>\n<p><img decoding=\"async\" class=\"alignnone size-full wp-image-288\" src=\"https:\/\/yumicos.com\/wp-content\/uploads\/2025\/01\/shiwuzhanshi.jpg\" alt=\"\" width=\"790\" height=\"92\" srcset=\"https:\/\/yumicos.com\/wp-content\/uploads\/2025\/01\/shiwuzhanshi.jpg 790w, https:\/\/yumicos.com\/wp-content\/uploads\/2025\/01\/shiwuzhanshi-300x35.jpg 300w, https:\/\/yumicos.com\/wp-content\/uploads\/2025\/01\/shiwuzhanshi-768x89.jpg 768w, https:\/\/yumicos.com\/wp-content\/uploads\/2025\/01\/shiwuzhanshi-600x70.jpg 600w\" sizes=\"(max-width: 790px) 100vw, 790px\" \/><\/p>\n<p><img decoding=\"async\" class=\" wp-image-1334\" src=\"https:\/\/yumicos.com\/wp-content\/uploads\/2025\/03\/O1CN01d1AjOv1XKXacy6i0x_3046442905-1024x1024.jpg\" alt=\"Front view of Caitlyn Cosplay Costume from Arcane Season 2\" width=\"800\" height=\"800\" srcset=\"https:\/\/yumicos.com\/wp-content\/uploads\/2025\/03\/O1CN01d1AjOv1XKXacy6i0x_3046442905-1024x1024.jpg 1024w, https:\/\/yumicos.com\/wp-content\/uploads\/2025\/03\/O1CN01d1AjOv1XKXacy6i0x_3046442905-300x300.jpg 300w, https:\/\/yumicos.com\/wp-content\/uploads\/2025\/03\/O1CN01d1AjOv1XKXacy6i0x_3046442905-150x150.jpg 150w, https:\/\/yumicos.com\/wp-content\/uploads\/2025\/03\/O1CN01d1AjOv1XKXacy6i0x_3046442905-768x768.jpg 768w, https:\/\/yumicos.com\/wp-content\/uploads\/2025\/03\/O1CN01d1AjOv1XKXacy6i0x_3046442905-1536x1536.jpg 1536w, https:\/\/yumicos.com\/wp-content\/uploads\/2025\/03\/O1CN01d1AjOv1XKXacy6i0x_3046442905-600x600.jpg 600w, https:\/\/yumicos.com\/wp-content\/uploads\/2025\/03\/O1CN01d1AjOv1XKXacy6i0x_3046442905-100x100.jpg 100w, https:\/\/yumicos.com\/wp-content\/uploads\/2025\/03\/O1CN01d1AjOv1XKXacy6i0x_3046442905-50x50.jpg 50w, https:\/\/yumicos.com\/wp-content\/uploads\/2025\/03\/O1CN01d1AjOv1XKXacy6i0x_3046442905.jpg 1920w\" sizes=\"(max-width: 800px) 100vw, 800px\" \/><\/p>\n<p><img loading=\"lazy\" decoding=\"async\" class=\"alignnone size-full wp-image-287\" src=\"https:\/\/yumicos.com\/wp-content\/uploads\/2025\/01\/xijie.jpg\" alt=\"\" width=\"790\" height=\"92\" srcset=\"https:\/\/yumicos.com\/wp-content\/uploads\/2025\/01\/xijie.jpg 790w, https:\/\/yumicos.com\/wp-content\/uploads\/2025\/01\/xijie-300x35.jpg 300w, https:\/\/yumicos.com\/wp-content\/uploads\/2025\/01\/xijie-768x89.jpg 768w, https:\/\/yumicos.com\/wp-content\/uploads\/2025\/01\/xijie-600x70.jpg 600w\" sizes=\"(max-width: 790px) 100vw, 790px\" \/><\/p>\n<p><img loading=\"lazy\" decoding=\"async\" class=\" wp-image-1341\" src=\"https:\/\/yumicos.com\/wp-content\/uploads\/2025\/03\/7-2-848x1024.jpg\" alt=\"Close-up details of Caitlyn Cosplay Costume, showcasing fabric and design \" width=\"800\" height=\"966\" srcset=\"https:\/\/yumicos.com\/wp-content\/uploads\/2025\/03\/7-2-848x1024.jpg 848w, https:\/\/yumicos.com\/wp-content\/uploads\/2025\/03\/7-2-248x300.jpg 248w, https:\/\/yumicos.com\/wp-content\/uploads\/2025\/03\/7-2-768x927.jpg 768w, https:\/\/yumicos.com\/wp-content\/uploads\/2025\/03\/7-2-600x725.jpg 600w, https:\/\/yumicos.com\/wp-content\/uploads\/2025\/03\/7-2.jpg 1200w\" sizes=\"(max-width: 800px) 100vw, 800px\" \/><\/p>\n<p><img loading=\"lazy\" decoding=\"async\" class=\" wp-image-1340\" src=\"https:\/\/yumicos.com\/wp-content\/uploads\/2025\/03\/4-2.jpg\" alt=\"Close-up details of Caitlyn Cosplay Costume, showcasing fabric and design \" width=\"800\" height=\"1083\" srcset=\"https:\/\/yumicos.com\/wp-content\/uploads\/2025\/03\/4-2.jpg 1200w, https:\/\/yumicos.com\/wp-content\/uploads\/2025\/03\/4-2-222x300.jpg 222w, https:\/\/yumicos.com\/wp-content\/uploads\/2025\/03\/4-2-757x1024.jpg 757w, https:\/\/yumicos.com\/wp-content\/uploads\/2025\/03\/4-2-768x1039.jpg 768w, https:\/\/yumicos.com\/wp-content\/uploads\/2025\/03\/4-2-1135x1536.jpg 1135w, https:\/\/yumicos.com\/wp-content\/uploads\/2025\/03\/4-2-600x812.jpg 600w\" sizes=\"(max-width: 800px) 100vw, 800px\" \/><\/p>\n<p><img loading=\"lazy\" decoding=\"async\" class=\" wp-image-1342\" src=\"https:\/\/yumicos.com\/wp-content\/uploads\/2025\/03\/8-2.jpg\" alt=\"Close-up details of Caitlyn Cosplay Costume, showcasing fabric and design \" width=\"800\" height=\"961\" srcset=\"https:\/\/yumicos.com\/wp-content\/uploads\/2025\/03\/8-2.jpg 1200w, https:\/\/yumicos.com\/wp-content\/uploads\/2025\/03\/8-2-250x300.jpg 250w, https:\/\/yumicos.com\/wp-content\/uploads\/2025\/03\/8-2-852x1024.jpg 852w, https:\/\/yumicos.com\/wp-content\/uploads\/2025\/03\/8-2-768x923.jpg 768w, https:\/\/yumicos.com\/wp-content\/uploads\/2025\/03\/8-2-600x721.jpg 600w\" sizes=\"(max-width: 800px) 100vw, 800px\" \/><\/p>\n<p><img loading=\"lazy\" decoding=\"async\" class=\" wp-image-1343\" src=\"https:\/\/yumicos.com\/wp-content\/uploads\/2025\/03\/10-2-1024x911.jpg\" alt=\"Close-up details of Caitlyn Cosplay Costume, showcasing fabric and design \" width=\"800\" height=\"712\" srcset=\"https:\/\/yumicos.com\/wp-content\/uploads\/2025\/03\/10-2-1024x911.jpg 1024w, https:\/\/yumicos.com\/wp-content\/uploads\/2025\/03\/10-2-300x267.jpg 300w, https:\/\/yumicos.com\/wp-content\/uploads\/2025\/03\/10-2-768x683.jpg 768w, https:\/\/yumicos.com\/wp-content\/uploads\/2025\/03\/10-2-600x534.jpg 600w, https:\/\/yumicos.com\/wp-content\/uploads\/2025\/03\/10-2.jpg 1200w\" sizes=\"(max-width: 800px) 100vw, 800px\" \/><\/p>\n<p><img loading=\"lazy\" decoding=\"async\" class=\" wp-image-1344\" src=\"https:\/\/yumicos.com\/wp-content\/uploads\/2025\/03\/11-2-1024x705.jpg\" alt=\"Close-up details of Caitlyn Cosplay Costume, showcasing fabric and design \" width=\"800\" height=\"551\" srcset=\"https:\/\/yumicos.com\/wp-content\/uploads\/2025\/03\/11-2-1024x705.jpg 1024w, https:\/\/yumicos.com\/wp-content\/uploads\/2025\/03\/11-2-300x207.jpg 300w, https:\/\/yumicos.com\/wp-content\/uploads\/2025\/03\/11-2-768x529.jpg 768w, https:\/\/yumicos.com\/wp-content\/uploads\/2025\/03\/11-2-600x413.jpg 600w, https:\/\/yumicos.com\/wp-content\/uploads\/2025\/03\/11-2.jpg 1200w\" sizes=\"(max-width: 800px) 100vw, 800px\" \/><\/p>\n<p><img loading=\"lazy\" decoding=\"async\" class=\" wp-image-1345\" src=\"https:\/\/yumicos.com\/wp-content\/uploads\/2025\/03\/12-1-980x1024.jpg\" alt=\"Close-up details of Caitlyn Cosplay Costume, showcasing fabric and design \" width=\"800\" height=\"836\" srcset=\"https:\/\/yumicos.com\/wp-content\/uploads\/2025\/03\/12-1-980x1024.jpg 980w, https:\/\/yumicos.com\/wp-content\/uploads\/2025\/03\/12-1-287x300.jpg 287w, https:\/\/yumicos.com\/wp-content\/uploads\/2025\/03\/12-1-768x803.jpg 768w, https:\/\/yumicos.com\/wp-content\/uploads\/2025\/03\/12-1-600x627.jpg 600w, https:\/\/yumicos.com\/wp-content\/uploads\/2025\/03\/12-1.jpg 1200w\" sizes=\"(max-width: 800px) 100vw, 800px\" \/><\/p>\n","protected":false},"excerpt":{"rendered":"<p>Costume de cosplay Caitlyn de premi\u00e8re qualit\u00e9 inspir\u00e9 de la saison 2 d&#8217;Arcane. Comprend la tenue compl\u00e8te et les accessoires caract\u00e9ristiques pour un look parfait.<\/p>\n","protected":false},"featured_media":10244,"comment_status":"open","ping_status":"closed","template":"","meta":{"_acf_changed":false,"_monsterinsights_skip_tracking":false,"_monsterinsights_sitenote_active":false,"_monsterinsights_sitenote_note":"","_monsterinsights_sitenote_category":0,"site-sidebar-layout":"default","site-content-layout":"","ast-site-content-layout":"default","site-content-style":"default","site-sidebar-style":"default","ast-global-header-display":"","ast-banner-title-visibility":"","ast-main-header-display":"","ast-hfb-above-header-display":"","ast-hfb-below-header-display":"","ast-hfb-mobile-header-display":"","site-post-title":"","ast-breadcrumbs-content":"","ast-featured-img":"","footer-sml-layout":"","theme-transparent-header-meta":"default","adv-header-id-meta":"","stick-header-meta":"default","header-above-stick-meta":"","header-main-stick-meta":"","header-below-stick-meta":"","astra-migrate-meta-layouts":"default","ast-page-background-enabled":"default","ast-page-background-meta":{"desktop":{"background-color":"var(--ast-global-color-4)","background-image":"","background-repeat":"repeat","background-position":"center center","background-size":"auto","background-attachment":"scroll","background-type":"","background-media":"","overlay-type":"","overlay-color":"","overlay-opacity":"","overlay-gradient":""},"tablet":{"background-color":"","background-image":"","background-repeat":"repeat","background-position":"center center","background-size":"auto","background-attachment":"scroll","background-type":"","background-media":"","overlay-type":"","overlay-color":"","overlay-opacity":"","overlay-gradient":""},"mobile":{"background-color":"","background-image":"","background-repeat":"repeat","background-position":"center center","background-size":"auto","background-attachment":"scroll","background-type":"","background-media":"","overlay-type":"","overlay-color":"","overlay-opacity":"","overlay-gradient":""}},"ast-content-background-meta":{"desktop":{"background-color":"var(--ast-global-color-5)","background-image":"","background-repeat":"repeat","background-position":"center center","background-size":"auto","background-attachment":"scroll","background-type":"","background-media":"","overlay-type":"","overlay-color":"","overlay-opacity":"","overlay-gradient":""},"tablet":{"background-color":"var(--ast-global-color-5)","background-image":"","background-repeat":"repeat","background-position":"center center","background-size":"auto","background-attachment":"scroll","background-type":"","background-media":"","overlay-type":"","overlay-color":"","overlay-opacity":"","overlay-gradient":""},"mobile":{"background-color":"var(--ast-global-color-5)","background-image":"","background-repeat":"repeat","background-position":"center center","background-size":"auto","background-attachment":"scroll","background-type":"","background-media":"","overlay-type":"","overlay-color":"","overlay-opacity":"","overlay-gradient":""}}},"product_brand":[],"product_cat":[115,313],"product_tag":[],"class_list":{"0":"post-33041","1":"product","2":"type-product","3":"status-publish","4":"has-post-thumbnail","6":"product_cat-game-cosplay","7":"product_cat-league-of-legends-cosplay","8":"desktop-align-left","9":"tablet-align-left","10":"mobile-align-left","11":"ast-product-gallery-layout-horizontal-slider","12":"ast-product-single-variable","13":"ast-product-tabs-layout-horizontal","15":"first","16":"instock","17":"sale","18":"purchasable","19":"product-type-variable"},"acf":[],"aioseo_notices":[],"_links":{"self":[{"href":"https:\/\/yumicos.com\/fr\/wp-json\/wp\/v2\/product\/33041","targetHints":{"allow":["GET"]}}],"collection":[{"href":"https:\/\/yumicos.com\/fr\/wp-json\/wp\/v2\/product"}],"about":[{"href":"https:\/\/yumicos.com\/fr\/wp-json\/wp\/v2\/types\/product"}],"replies":[{"embeddable":true,"href":"https:\/\/yumicos.com\/fr\/wp-json\/wp\/v2\/comments?post=33041"}],"wp:featuredmedia":[{"embeddable":true,"href":"https:\/\/yumicos.com\/fr\/wp-json\/wp\/v2\/media\/10244"}],"wp:attachment":[{"href":"https:\/\/yumicos.com\/fr\/wp-json\/wp\/v2\/media?parent=33041"}],"wp:term":[{"taxonomy":"product_brand","embeddable":true,"href":"https:\/\/yumicos.com\/fr\/wp-json\/wp\/v2\/product_brand?post=33041"},{"taxonomy":"product_cat","embeddable":true,"href":"https:\/\/yumicos.com\/fr\/wp-json\/wp\/v2\/product_cat?post=33041"},{"taxonomy":"product_tag","embeddable":true,"href":"https:\/\/yumicos.com\/fr\/wp-json\/wp\/v2\/product_tag?post=33041"}],"curies":[{"name":"wp","href":"https:\/\/api.w.org\/{rel}","templated":true}]}}