{"id":32709,"date":"2025-03-17T08:41:32","date_gmt":"2025-03-17T08:41:32","guid":{"rendered":"https:\/\/yumicos.com\/product\/costume-cosplay-varesa-tenue-de-haute-qualite-pour-le-personnage-genshin-impact\/"},"modified":"2025-10-20T15:35:39","modified_gmt":"2025-10-20T15:35:39","slug":"varesa-costume","status":"publish","type":"product","link":"https:\/\/yumicos.com\/fr\/product\/varesa-costume\/","title":{"rendered":"Costume Cosplay Varesa &#8211; Tenue de haute qualit\u00e9 pour le personnage Genshin Impact"},"content":{"rendered":"<p><img fetchpriority=\"high\" decoding=\"async\" class=\"alignnone size-full wp-image-285\" src=\"https:\/\/yumicos.com\/wp-content\/uploads\/2025\/01\/chanp.jpg\" alt=\"\" width=\"790\" height=\"92\" srcset=\"https:\/\/yumicos.com\/wp-content\/uploads\/2025\/01\/chanp.jpg 790w, https:\/\/yumicos.com\/wp-content\/uploads\/2025\/01\/chanp-300x35.jpg 300w, https:\/\/yumicos.com\/wp-content\/uploads\/2025\/01\/chanp-768x89.jpg 768w, https:\/\/yumicos.com\/wp-content\/uploads\/2025\/01\/chanp-600x70.jpg 600w\" sizes=\"(max-width: 790px) 100vw, 790px\" \/><\/p>\n<p><strong>Source : Genshin<\/strong> Impact <a href=\"https:\/\/yumicos.com\/fr\/product-category\/game-cosplay\/genshin-impact-cosplay\/\">Genshin Impact<\/a><\/p>\n<p><strong>Personnage<\/strong>: Varesa<\/p>\n<p><strong>Inclus<\/strong>:Haut, jupe, manchette, collier, ceinture, couvre-chef, ornement de jambe, queue, ornement de cheveux, vision, dragonne<\/p>\n<p data-start=\"0\" data-end=\"105\"><strong data-start=\"0\" data-end=\"13\">Mati\u00e8re :<\/strong> Fabriqu\u00e9 en polyester de haute qualit\u00e9 et en cuir synth\u00e9tique pour un ajustement confortable et durable.<\/p>\n<p data-start=\"107\" data-end=\"204\"><strong data-start=\"107\" data-end=\"129\">Instructions d&#8217;entretien :<\/strong> Laver \u00e0 la main \u00e0 l&#8217;eau froide, \u00e9viter l&#8217;eau de Javel et suspendre pour s\u00e9cher.<\/p>\n<p data-start=\"206\" data-end=\"319\"><strong data-start=\"206\" data-end=\"215\">Taille :<\/strong> Veuillez noter que la taille suit les normes asiatiques et peut varier de 1 \u00e0 3 cm en raison de la mesure manuelle.<\/p>\n<p data-start=\"321\" data-end=\"347\" data-is-last-node=\"\" data-is-only-node=\"\"><strong data-start=\"321\" data-end=\"329\">Conseil :<\/strong> 1 cm \u2248 0.39 inch.<\/p>\n<p data-start=\"321\" data-end=\"347\" data-is-last-node=\"\" data-is-only-node=\"\"><img decoding=\"async\" class=\"alignnone size-full wp-image-288\" src=\"https:\/\/yumicos.com\/wp-content\/uploads\/2025\/01\/shiwuzhanshi.jpg\" alt=\"\" width=\"790\" height=\"92\" srcset=\"https:\/\/yumicos.com\/wp-content\/uploads\/2025\/01\/shiwuzhanshi.jpg 790w, https:\/\/yumicos.com\/wp-content\/uploads\/2025\/01\/shiwuzhanshi-300x35.jpg 300w, https:\/\/yumicos.com\/wp-content\/uploads\/2025\/01\/shiwuzhanshi-768x89.jpg 768w, https:\/\/yumicos.com\/wp-content\/uploads\/2025\/01\/shiwuzhanshi-600x70.jpg 600w\" sizes=\"(max-width: 790px) 100vw, 790px\" \/><\/p>\n<p><img decoding=\"async\" class=\" wp-image-1492\" src=\"https:\/\/yumicos.com\/wp-content\/uploads\/2025\/03\/1742199616.png\" alt=\" Varesa Cosplay Costume Detail View \u2013 Genshin Impact\" width=\"750\" height=\"750\" srcset=\"https:\/\/yumicos.com\/wp-content\/uploads\/2025\/03\/1742199616.png 1000w, https:\/\/yumicos.com\/wp-content\/uploads\/2025\/03\/1742199616-300x300.png 300w, https:\/\/yumicos.com\/wp-content\/uploads\/2025\/03\/1742199616-150x150.png 150w, https:\/\/yumicos.com\/wp-content\/uploads\/2025\/03\/1742199616-768x768.png 768w, https:\/\/yumicos.com\/wp-content\/uploads\/2025\/03\/1742199616-600x600.png 600w, https:\/\/yumicos.com\/wp-content\/uploads\/2025\/03\/1742199616-100x100.png 100w, https:\/\/yumicos.com\/wp-content\/uploads\/2025\/03\/1742199616-50x50.png 50w\" sizes=\"(max-width: 750px) 100vw, 750px\" \/><\/p>\n<p><img loading=\"lazy\" decoding=\"async\" class=\" wp-image-1493\" src=\"https:\/\/yumicos.com\/wp-content\/uploads\/2025\/03\/2-8-897x1024.jpg\" alt=\"Varesa Cosplay Costume Back View \u2013 Genshin Impact\" width=\"750\" height=\"856\" srcset=\"https:\/\/yumicos.com\/wp-content\/uploads\/2025\/03\/2-8-897x1024.jpg 897w, https:\/\/yumicos.com\/wp-content\/uploads\/2025\/03\/2-8-263x300.jpg 263w, https:\/\/yumicos.com\/wp-content\/uploads\/2025\/03\/2-8-768x877.jpg 768w, https:\/\/yumicos.com\/wp-content\/uploads\/2025\/03\/2-8-1345x1536.jpg 1345w, https:\/\/yumicos.com\/wp-content\/uploads\/2025\/03\/2-8-600x685.jpg 600w, https:\/\/yumicos.com\/wp-content\/uploads\/2025\/03\/2-8.jpg 1500w\" sizes=\"(max-width: 750px) 100vw, 750px\" \/><\/p>\n<p><img loading=\"lazy\" decoding=\"async\" class=\"alignnone size-full wp-image-287\" src=\"https:\/\/yumicos.com\/wp-content\/uploads\/2025\/01\/xijie.jpg\" alt=\"\" width=\"790\" height=\"92\" srcset=\"https:\/\/yumicos.com\/wp-content\/uploads\/2025\/01\/xijie.jpg 790w, https:\/\/yumicos.com\/wp-content\/uploads\/2025\/01\/xijie-300x35.jpg 300w, https:\/\/yumicos.com\/wp-content\/uploads\/2025\/01\/xijie-768x89.jpg 768w, https:\/\/yumicos.com\/wp-content\/uploads\/2025\/01\/xijie-600x70.jpg 600w\" sizes=\"(max-width: 790px) 100vw, 790px\" \/><\/p>\n<p><img loading=\"lazy\" decoding=\"async\" class=\" wp-image-1494\" src=\"https:\/\/yumicos.com\/wp-content\/uploads\/2025\/03\/3-6-881x1024.jpg\" alt=\" Varesa Cosplay Costume Detail View \u2013 Genshin Impact\" width=\"750\" height=\"872\" srcset=\"https:\/\/yumicos.com\/wp-content\/uploads\/2025\/03\/3-6-881x1024.jpg 881w, https:\/\/yumicos.com\/wp-content\/uploads\/2025\/03\/3-6-258x300.jpg 258w, https:\/\/yumicos.com\/wp-content\/uploads\/2025\/03\/3-6-768x892.jpg 768w, https:\/\/yumicos.com\/wp-content\/uploads\/2025\/03\/3-6-1322x1536.jpg 1322w, https:\/\/yumicos.com\/wp-content\/uploads\/2025\/03\/3-6-600x697.jpg 600w, https:\/\/yumicos.com\/wp-content\/uploads\/2025\/03\/3-6.jpg 1500w\" sizes=\"(max-width: 750px) 100vw, 750px\" \/><\/p>\n<p><img loading=\"lazy\" decoding=\"async\" class=\"size-large wp-image-1495\" src=\"https:\/\/yumicos.com\/wp-content\/uploads\/2025\/03\/4-5-754x1024.jpg\" alt=\"Varesa Cosplay Costume Detail View \u2013 Genshin Impact\" width=\"754\" height=\"1024\" srcset=\"https:\/\/yumicos.com\/wp-content\/uploads\/2025\/03\/4-5-754x1024.jpg 754w, https:\/\/yumicos.com\/wp-content\/uploads\/2025\/03\/4-5-221x300.jpg 221w, https:\/\/yumicos.com\/wp-content\/uploads\/2025\/03\/4-5-768x1044.jpg 768w, https:\/\/yumicos.com\/wp-content\/uploads\/2025\/03\/4-5-1130x1536.jpg 1130w, https:\/\/yumicos.com\/wp-content\/uploads\/2025\/03\/4-5-600x815.jpg 600w, https:\/\/yumicos.com\/wp-content\/uploads\/2025\/03\/4-5.jpg 1413w\" sizes=\"(max-width: 754px) 100vw, 754px\" \/><\/p>\n<p><img loading=\"lazy\" decoding=\"async\" class=\" wp-image-1496\" src=\"https:\/\/yumicos.com\/wp-content\/uploads\/2025\/03\/5-6-852x1024.jpg\" alt=\"Varesa Cosplay Costume Detail View \u2013 Genshin Impact\" width=\"750\" height=\"902\" srcset=\"https:\/\/yumicos.com\/wp-content\/uploads\/2025\/03\/5-6-852x1024.jpg 852w, https:\/\/yumicos.com\/wp-content\/uploads\/2025\/03\/5-6-250x300.jpg 250w, https:\/\/yumicos.com\/wp-content\/uploads\/2025\/03\/5-6-768x923.jpg 768w, https:\/\/yumicos.com\/wp-content\/uploads\/2025\/03\/5-6-1279x1536.jpg 1279w, https:\/\/yumicos.com\/wp-content\/uploads\/2025\/03\/5-6-600x721.jpg 600w, https:\/\/yumicos.com\/wp-content\/uploads\/2025\/03\/5-6.jpg 1500w\" sizes=\"(max-width: 750px) 100vw, 750px\" \/><\/p>\n<p><img loading=\"lazy\" decoding=\"async\" class=\" wp-image-1497\" src=\"https:\/\/yumicos.com\/wp-content\/uploads\/2025\/03\/6-5-907x1024.jpg\" alt=\"Varesa Cosplay Costume Detail View \u2013 Genshin Impact\" width=\"750\" height=\"847\" srcset=\"https:\/\/yumicos.com\/wp-content\/uploads\/2025\/03\/6-5-907x1024.jpg 907w, https:\/\/yumicos.com\/wp-content\/uploads\/2025\/03\/6-5-266x300.jpg 266w, https:\/\/yumicos.com\/wp-content\/uploads\/2025\/03\/6-5-768x867.jpg 768w, https:\/\/yumicos.com\/wp-content\/uploads\/2025\/03\/6-5-1361x1536.jpg 1361w, https:\/\/yumicos.com\/wp-content\/uploads\/2025\/03\/6-5-600x677.jpg 600w, https:\/\/yumicos.com\/wp-content\/uploads\/2025\/03\/6-5.jpg 1500w\" sizes=\"(max-width: 750px) 100vw, 750px\" \/><\/p>\n","protected":false},"excerpt":{"rendered":"<p data-start=\"643\" data-end=\"830\">Ce costume de Cosplay Varesa est une r\u00e9plique exacte du personnage de Genshin Impact. Fabriqu\u00e9 avec des mat\u00e9riaux de premi\u00e8re qualit\u00e9, ce costume est parfait pour les conventions, les \u00e9v\u00e9nements cosplay et les jeux de r\u00f4le.<\/p>\n","protected":false},"featured_media":10812,"comment_status":"open","ping_status":"closed","template":"","meta":{"_acf_changed":false,"_monsterinsights_skip_tracking":false,"_monsterinsights_sitenote_active":false,"_monsterinsights_sitenote_note":"","_monsterinsights_sitenote_category":0,"site-sidebar-layout":"default","site-content-layout":"","ast-site-content-layout":"default","site-content-style":"default","site-sidebar-style":"default","ast-global-header-display":"","ast-banner-title-visibility":"","ast-main-header-display":"","ast-hfb-above-header-display":"","ast-hfb-below-header-display":"","ast-hfb-mobile-header-display":"","site-post-title":"","ast-breadcrumbs-content":"","ast-featured-img":"","footer-sml-layout":"","theme-transparent-header-meta":"default","adv-header-id-meta":"","stick-header-meta":"default","header-above-stick-meta":"","header-main-stick-meta":"","header-below-stick-meta":"","astra-migrate-meta-layouts":"default","ast-page-background-enabled":"default","ast-page-background-meta":{"desktop":{"background-color":"var(--ast-global-color-4)","background-image":"","background-repeat":"repeat","background-position":"center center","background-size":"auto","background-attachment":"scroll","background-type":"","background-media":"","overlay-type":"","overlay-color":"","overlay-opacity":"","overlay-gradient":""},"tablet":{"background-color":"","background-image":"","background-repeat":"repeat","background-position":"center center","background-size":"auto","background-attachment":"scroll","background-type":"","background-media":"","overlay-type":"","overlay-color":"","overlay-opacity":"","overlay-gradient":""},"mobile":{"background-color":"","background-image":"","background-repeat":"repeat","background-position":"center center","background-size":"auto","background-attachment":"scroll","background-type":"","background-media":"","overlay-type":"","overlay-color":"","overlay-opacity":"","overlay-gradient":""}},"ast-content-background-meta":{"desktop":{"background-color":"var(--ast-global-color-5)","background-image":"","background-repeat":"repeat","background-position":"center center","background-size":"auto","background-attachment":"scroll","background-type":"","background-media":"","overlay-type":"","overlay-color":"","overlay-opacity":"","overlay-gradient":""},"tablet":{"background-color":"var(--ast-global-color-5)","background-image":"","background-repeat":"repeat","background-position":"center center","background-size":"auto","background-attachment":"scroll","background-type":"","background-media":"","overlay-type":"","overlay-color":"","overlay-opacity":"","overlay-gradient":""},"mobile":{"background-color":"var(--ast-global-color-5)","background-image":"","background-repeat":"repeat","background-position":"center center","background-size":"auto","background-attachment":"scroll","background-type":"","background-media":"","overlay-type":"","overlay-color":"","overlay-opacity":"","overlay-gradient":""}}},"product_brand":[],"product_cat":[115,190],"product_tag":[],"class_list":{"0":"post-32709","1":"product","2":"type-product","3":"status-publish","4":"has-post-thumbnail","6":"product_cat-game-cosplay","7":"product_cat-genshin-impact-cosplay","8":"desktop-align-left","9":"tablet-align-left","10":"mobile-align-left","11":"ast-product-gallery-layout-horizontal-slider","12":"ast-product-single-variable","13":"ast-product-tabs-layout-horizontal","15":"first","16":"instock","17":"sale","18":"purchasable","19":"product-type-variable"},"acf":[],"aioseo_notices":[],"_links":{"self":[{"href":"https:\/\/yumicos.com\/fr\/wp-json\/wp\/v2\/product\/32709","targetHints":{"allow":["GET"]}}],"collection":[{"href":"https:\/\/yumicos.com\/fr\/wp-json\/wp\/v2\/product"}],"about":[{"href":"https:\/\/yumicos.com\/fr\/wp-json\/wp\/v2\/types\/product"}],"replies":[{"embeddable":true,"href":"https:\/\/yumicos.com\/fr\/wp-json\/wp\/v2\/comments?post=32709"}],"wp:featuredmedia":[{"embeddable":true,"href":"https:\/\/yumicos.com\/fr\/wp-json\/wp\/v2\/media\/10812"}],"wp:attachment":[{"href":"https:\/\/yumicos.com\/fr\/wp-json\/wp\/v2\/media?parent=32709"}],"wp:term":[{"taxonomy":"product_brand","embeddable":true,"href":"https:\/\/yumicos.com\/fr\/wp-json\/wp\/v2\/product_brand?post=32709"},{"taxonomy":"product_cat","embeddable":true,"href":"https:\/\/yumicos.com\/fr\/wp-json\/wp\/v2\/product_cat?post=32709"},{"taxonomy":"product_tag","embeddable":true,"href":"https:\/\/yumicos.com\/fr\/wp-json\/wp\/v2\/product_tag?post=32709"}],"curies":[{"name":"wp","href":"https:\/\/api.w.org\/{rel}","templated":true}]}}