{"id":32694,"date":"2025-03-17T10:57:43","date_gmt":"2025-03-17T10:57:43","guid":{"rendered":"https:\/\/yumicos.com\/product\/perruque-cosplay-varesa-perruque-synthetique-de-haute-qualite-pour-les-fans-de-genshin-impact\/"},"modified":"2025-03-17T10:57:43","modified_gmt":"2025-03-17T10:57:43","slug":"varesa-hair","status":"publish","type":"product","link":"https:\/\/yumicos.com\/fr\/product\/varesa-hair\/","title":{"rendered":"Perruque Cosplay Varesa &#8211; Perruque synth\u00e9tique de haute qualit\u00e9 pour les fans de Genshin Impact"},"content":{"rendered":"<figure id=\"attachment_1506\" aria-describedby=\"caption-attachment-1506\" style=\"width: 750px\" class=\"wp-caption alignnone\"><img fetchpriority=\"high\" decoding=\"async\" class=\" wp-image-1506\" src=\"https:\/\/yumicos.com\/wp-content\/uploads\/2025\/03\/1742199624-1024x1024.png\" alt=\"Varesa Cosplay Wig Front View \u2013 Genshin Impact\" width=\"750\" height=\"750\" srcset=\"https:\/\/yumicos.com\/wp-content\/uploads\/2025\/03\/1742199624-1024x1024.png 1024w, https:\/\/yumicos.com\/wp-content\/uploads\/2025\/03\/1742199624-300x300.png 300w, https:\/\/yumicos.com\/wp-content\/uploads\/2025\/03\/1742199624-150x150.png 150w, https:\/\/yumicos.com\/wp-content\/uploads\/2025\/03\/1742199624-768x768.png 768w, https:\/\/yumicos.com\/wp-content\/uploads\/2025\/03\/1742199624-600x600.png 600w, https:\/\/yumicos.com\/wp-content\/uploads\/2025\/03\/1742199624-100x100.png 100w, https:\/\/yumicos.com\/wp-content\/uploads\/2025\/03\/1742199624-50x50.png 50w, https:\/\/yumicos.com\/wp-content\/uploads\/2025\/03\/1742199624.png 1500w\" sizes=\"(max-width: 750px) 100vw, 750px\" \/><figcaption id=\"caption-attachment-1506\" class=\"wp-caption-text\">Vue de face de la perruque cosplay Varesa, parfaitement adapt\u00e9e \u00e0 votre personnage de Genshin Impact.<\/figcaption><\/figure>\n","protected":false},"excerpt":{"rendered":"<p data-start=\"626\" data-end=\"806\">Cette perruque Cosplay Varesa est con\u00e7ue pour compl\u00e9ter votre look Genshin Impact. Fabriqu\u00e9e avec des fibres synth\u00e9tiques de qualit\u00e9 sup\u00e9rieure, elle est douce, facile \u00e0 coiffer et parfaite pour les conventions et les s\u00e9ances photos.<\/p>\n","protected":false},"featured_media":10900,"comment_status":"open","ping_status":"closed","template":"","meta":{"_acf_changed":false,"_monsterinsights_skip_tracking":false,"_monsterinsights_sitenote_active":false,"_monsterinsights_sitenote_note":"","_monsterinsights_sitenote_category":0,"site-sidebar-layout":"default","site-content-layout":"","ast-site-content-layout":"default","site-content-style":"default","site-sidebar-style":"default","ast-global-header-display":"","ast-banner-title-visibility":"","ast-main-header-display":"","ast-hfb-above-header-display":"","ast-hfb-below-header-display":"","ast-hfb-mobile-header-display":"","site-post-title":"","ast-breadcrumbs-content":"","ast-featured-img":"","footer-sml-layout":"","theme-transparent-header-meta":"default","adv-header-id-meta":"","stick-header-meta":"default","header-above-stick-meta":"","header-main-stick-meta":"","header-below-stick-meta":"","astra-migrate-meta-layouts":"default","ast-page-background-enabled":"default","ast-page-background-meta":{"desktop":{"background-color":"var(--ast-global-color-4)","background-image":"","background-repeat":"repeat","background-position":"center center","background-size":"auto","background-attachment":"scroll","background-type":"","background-media":"","overlay-type":"","overlay-color":"","overlay-opacity":"","overlay-gradient":""},"tablet":{"background-color":"","background-image":"","background-repeat":"repeat","background-position":"center center","background-size":"auto","background-attachment":"scroll","background-type":"","background-media":"","overlay-type":"","overlay-color":"","overlay-opacity":"","overlay-gradient":""},"mobile":{"background-color":"","background-image":"","background-repeat":"repeat","background-position":"center center","background-size":"auto","background-attachment":"scroll","background-type":"","background-media":"","overlay-type":"","overlay-color":"","overlay-opacity":"","overlay-gradient":""}},"ast-content-background-meta":{"desktop":{"background-color":"var(--ast-global-color-5)","background-image":"","background-repeat":"repeat","background-position":"center center","background-size":"auto","background-attachment":"scroll","background-type":"","background-media":"","overlay-type":"","overlay-color":"","overlay-opacity":"","overlay-gradient":""},"tablet":{"background-color":"var(--ast-global-color-5)","background-image":"","background-repeat":"repeat","background-position":"center center","background-size":"auto","background-attachment":"scroll","background-type":"","background-media":"","overlay-type":"","overlay-color":"","overlay-opacity":"","overlay-gradient":""},"mobile":{"background-color":"var(--ast-global-color-5)","background-image":"","background-repeat":"repeat","background-position":"center center","background-size":"auto","background-attachment":"scroll","background-type":"","background-media":"","overlay-type":"","overlay-color":"","overlay-opacity":"","overlay-gradient":""}}},"product_brand":[],"product_cat":[115,190],"product_tag":[],"class_list":{"0":"post-32694","1":"product","2":"type-product","3":"status-publish","4":"has-post-thumbnail","6":"product_cat-game-cosplay","7":"product_cat-genshin-impact-cosplay","8":"desktop-align-left","9":"tablet-align-left","10":"mobile-align-left","11":"ast-product-gallery-layout-horizontal-slider","12":"ast-product-gallery-with-no-image","13":"ast-product-tabs-layout-horizontal","15":"first","16":"instock","17":"sale","18":"purchasable","19":"product-type-simple"},"acf":[],"aioseo_notices":[],"_links":{"self":[{"href":"https:\/\/yumicos.com\/fr\/wp-json\/wp\/v2\/product\/32694","targetHints":{"allow":["GET"]}}],"collection":[{"href":"https:\/\/yumicos.com\/fr\/wp-json\/wp\/v2\/product"}],"about":[{"href":"https:\/\/yumicos.com\/fr\/wp-json\/wp\/v2\/types\/product"}],"replies":[{"embeddable":true,"href":"https:\/\/yumicos.com\/fr\/wp-json\/wp\/v2\/comments?post=32694"}],"wp:featuredmedia":[{"embeddable":true,"href":"https:\/\/yumicos.com\/fr\/wp-json\/wp\/v2\/media\/10900"}],"wp:attachment":[{"href":"https:\/\/yumicos.com\/fr\/wp-json\/wp\/v2\/media?parent=32694"}],"wp:term":[{"taxonomy":"product_brand","embeddable":true,"href":"https:\/\/yumicos.com\/fr\/wp-json\/wp\/v2\/product_brand?post=32694"},{"taxonomy":"product_cat","embeddable":true,"href":"https:\/\/yumicos.com\/fr\/wp-json\/wp\/v2\/product_cat?post=32694"},{"taxonomy":"product_tag","embeddable":true,"href":"https:\/\/yumicos.com\/fr\/wp-json\/wp\/v2\/product_tag?post=32694"}],"curies":[{"name":"wp","href":"https:\/\/api.w.org\/{rel}","templated":true}]}}