{"id":32234,"date":"2025-03-20T10:10:15","date_gmt":"2025-03-20T10:10:15","guid":{"rendered":"https:\/\/yumicos.com\/product\/perruque-cosplay-ganyu-perruque-cosplay-inspiree-de-genshin-impact\/"},"modified":"2025-03-20T10:10:15","modified_gmt":"2025-03-20T10:10:15","slug":"ganyu-wig","status":"publish","type":"product","link":"https:\/\/yumicos.com\/fr\/product\/ganyu-wig\/","title":{"rendered":"Perruque Cosplay Ganyu &#8211; Perruque Cosplay inspir\u00e9e de Genshin Impact"},"content":{"rendered":"<figure id=\"attachment_1632\" aria-describedby=\"caption-attachment-1632\" style=\"width: 750px\" class=\"wp-caption alignnone\"><img fetchpriority=\"high\" decoding=\"async\" class=\" wp-image-1632\" src=\"https:\/\/yumicos.com\/wp-content\/uploads\/2025\/03\/9-5.jpg\" alt=\"Ganyu Cosplay Wig \u2013 Genshin Impact Inspired\" width=\"750\" height=\"750\" srcset=\"https:\/\/yumicos.com\/wp-content\/uploads\/2025\/03\/9-5.jpg 800w, https:\/\/yumicos.com\/wp-content\/uploads\/2025\/03\/9-5-300x300.jpg 300w, https:\/\/yumicos.com\/wp-content\/uploads\/2025\/03\/9-5-150x150.jpg 150w, https:\/\/yumicos.com\/wp-content\/uploads\/2025\/03\/9-5-768x768.jpg 768w, https:\/\/yumicos.com\/wp-content\/uploads\/2025\/03\/9-5-70x70.jpg 70w, https:\/\/yumicos.com\/wp-content\/uploads\/2025\/03\/9-5-600x600.jpg 600w, https:\/\/yumicos.com\/wp-content\/uploads\/2025\/03\/9-5-100x100.jpg 100w, https:\/\/yumicos.com\/wp-content\/uploads\/2025\/03\/9-5-50x50.jpg 50w\" sizes=\"(max-width: 750px) 100vw, 750px\" \/><figcaption id=\"caption-attachment-1632\" class=\"wp-caption-text\">Ganyu Cosplay Wig for Cosplay Events<\/figcaption><\/figure>\n","protected":false},"excerpt":{"rendered":"<p>Perruque de cosplay Ganyu de haute qualit\u00e9 inspir\u00e9e de <em data-start=\"185\" data-end=\"201\">Genshin Impact<\/em>. Fabriqu\u00e9e \u00e0 partir de fibres synth\u00e9tiques r\u00e9sistantes \u00e0 la chaleur, cette perruque pr\u00e9sente des teintes bleues et lavandes caract\u00e9ristiques et des boucles naturelles. Parfaite pour les conventions d&#8217;anime et les \u00e9v\u00e9nements de cosplay.<\/p>\n","protected":false},"featured_media":11172,"comment_status":"open","ping_status":"closed","template":"","meta":{"_acf_changed":false,"_monsterinsights_skip_tracking":false,"_monsterinsights_sitenote_active":false,"_monsterinsights_sitenote_note":"","_monsterinsights_sitenote_category":0,"site-sidebar-layout":"default","site-content-layout":"","ast-site-content-layout":"default","site-content-style":"default","site-sidebar-style":"default","ast-global-header-display":"","ast-banner-title-visibility":"","ast-main-header-display":"","ast-hfb-above-header-display":"","ast-hfb-below-header-display":"","ast-hfb-mobile-header-display":"","site-post-title":"","ast-breadcrumbs-content":"","ast-featured-img":"","footer-sml-layout":"","theme-transparent-header-meta":"default","adv-header-id-meta":"","stick-header-meta":"default","header-above-stick-meta":"","header-main-stick-meta":"","header-below-stick-meta":"","astra-migrate-meta-layouts":"default","ast-page-background-enabled":"default","ast-page-background-meta":{"desktop":{"background-color":"var(--ast-global-color-4)","background-image":"","background-repeat":"repeat","background-position":"center center","background-size":"auto","background-attachment":"scroll","background-type":"","background-media":"","overlay-type":"","overlay-color":"","overlay-opacity":"","overlay-gradient":""},"tablet":{"background-color":"","background-image":"","background-repeat":"repeat","background-position":"center center","background-size":"auto","background-attachment":"scroll","background-type":"","background-media":"","overlay-type":"","overlay-color":"","overlay-opacity":"","overlay-gradient":""},"mobile":{"background-color":"","background-image":"","background-repeat":"repeat","background-position":"center center","background-size":"auto","background-attachment":"scroll","background-type":"","background-media":"","overlay-type":"","overlay-color":"","overlay-opacity":"","overlay-gradient":""}},"ast-content-background-meta":{"desktop":{"background-color":"var(--ast-global-color-5)","background-image":"","background-repeat":"repeat","background-position":"center center","background-size":"auto","background-attachment":"scroll","background-type":"","background-media":"","overlay-type":"","overlay-color":"","overlay-opacity":"","overlay-gradient":""},"tablet":{"background-color":"var(--ast-global-color-5)","background-image":"","background-repeat":"repeat","background-position":"center center","background-size":"auto","background-attachment":"scroll","background-type":"","background-media":"","overlay-type":"","overlay-color":"","overlay-opacity":"","overlay-gradient":""},"mobile":{"background-color":"var(--ast-global-color-5)","background-image":"","background-repeat":"repeat","background-position":"center center","background-size":"auto","background-attachment":"scroll","background-type":"","background-media":"","overlay-type":"","overlay-color":"","overlay-opacity":"","overlay-gradient":""}}},"product_brand":[],"product_cat":[115,190],"product_tag":[],"class_list":{"0":"post-32234","1":"product","2":"type-product","3":"status-publish","4":"has-post-thumbnail","6":"product_cat-game-cosplay","7":"product_cat-genshin-impact-cosplay","8":"desktop-align-left","9":"tablet-align-left","10":"mobile-align-left","11":"ast-product-gallery-layout-horizontal-slider","12":"ast-product-gallery-with-no-image","13":"ast-product-tabs-layout-horizontal","15":"first","16":"instock","17":"sale","18":"taxable","19":"shipping-taxable","20":"purchasable","21":"product-type-simple"},"acf":[],"aioseo_notices":[],"_links":{"self":[{"href":"https:\/\/yumicos.com\/fr\/wp-json\/wp\/v2\/product\/32234","targetHints":{"allow":["GET"]}}],"collection":[{"href":"https:\/\/yumicos.com\/fr\/wp-json\/wp\/v2\/product"}],"about":[{"href":"https:\/\/yumicos.com\/fr\/wp-json\/wp\/v2\/types\/product"}],"replies":[{"embeddable":true,"href":"https:\/\/yumicos.com\/fr\/wp-json\/wp\/v2\/comments?post=32234"}],"wp:featuredmedia":[{"embeddable":true,"href":"https:\/\/yumicos.com\/fr\/wp-json\/wp\/v2\/media\/11172"}],"wp:attachment":[{"href":"https:\/\/yumicos.com\/fr\/wp-json\/wp\/v2\/media?parent=32234"}],"wp:term":[{"taxonomy":"product_brand","embeddable":true,"href":"https:\/\/yumicos.com\/fr\/wp-json\/wp\/v2\/product_brand?post=32234"},{"taxonomy":"product_cat","embeddable":true,"href":"https:\/\/yumicos.com\/fr\/wp-json\/wp\/v2\/product_cat?post=32234"},{"taxonomy":"product_tag","embeddable":true,"href":"https:\/\/yumicos.com\/fr\/wp-json\/wp\/v2\/product_tag?post=32234"}],"curies":[{"name":"wp","href":"https:\/\/api.w.org\/{rel}","templated":true}]}}