{"id":30883,"date":"2025-04-02T15:41:46","date_gmt":"2025-04-02T15:41:46","guid":{"rendered":"https:\/\/yumicos.com\/product\/nijisanji-kanae-cosplay-shirt-official-kanae-character-outfit\/"},"modified":"2025-10-19T14:20:38","modified_gmt":"2025-10-19T14:20:38","slug":"kanae-nijisanji-cosplay-shirt","status":"publish","type":"product","link":"https:\/\/yumicos.com\/fr\/product\/kanae-nijisanji-cosplay-shirt\/","title":{"rendered":"NIJISANJI Kanae Cosplay Shirt &#8211; Official Kanae Character Outfit"},"content":{"rendered":"<p><img fetchpriority=\"high\" decoding=\"async\" class=\"alignnone size-full wp-image-285\" src=\"https:\/\/yumicos.com\/wp-content\/uploads\/2025\/01\/chanp.jpg\" alt=\"\" width=\"790\" height=\"92\" srcset=\"https:\/\/yumicos.com\/wp-content\/uploads\/2025\/01\/chanp.jpg 790w, https:\/\/yumicos.com\/wp-content\/uploads\/2025\/01\/chanp-300x35.jpg 300w, https:\/\/yumicos.com\/wp-content\/uploads\/2025\/01\/chanp-768x89.jpg 768w, https:\/\/yumicos.com\/wp-content\/uploads\/2025\/01\/chanp-600x70.jpg 600w\" sizes=\"(max-width: 790px) 100vw, 790px\" \/><\/p>\n<p><strong>Source<\/strong>: <a href=\"https:\/\/yumicos.com\/fr\/product-category\/v-youtuber-cosplay\/\">NIJISANJI<\/a><\/p>\n<p><strong>Personnage<\/strong>:Kanae<\/p>\n<p><strong>Inclus<\/strong>::Jupe,Nar<\/p>\n<p data-start=\"0\" data-end=\"105\"><strong data-start=\"0\" data-end=\"13\">Mati\u00e8re :<\/strong> Fabriqu\u00e9 en polyester de haute qualit\u00e9 et en cuir synth\u00e9tique pour une tenue confortable et durable.<\/p>\n<p data-start=\"107\" data-end=\"204\"><strong data-start=\"107\" data-end=\"129\">Instructions d&#8217;entretien :<\/strong> Laver \u00e0 la main \u00e0 l&#8217;eau froide, \u00e9viter l&#8217;eau de Javel et suspendre pour s\u00e9cher.<\/p>\n<p data-start=\"206\" data-end=\"319\"><strong data-start=\"206\" data-end=\"215\">Taille :<\/strong> Veuillez noter que la taille suit les normes asiatiques et peut varier de 1 \u00e0 3 cm en raison de la mesure manuelle.<\/p>\n<p data-start=\"321\" data-end=\"347\" data-is-last-node=\"\" data-is-only-node=\"\"><strong data-start=\"321\" data-end=\"329\">Conseil :<\/strong> 1 cm \u2248 0.39 inch.<\/p>\n<p><img decoding=\"async\" class=\"alignnone size-full wp-image-288\" src=\"https:\/\/yumicos.com\/wp-content\/uploads\/2025\/01\/shiwuzhanshi.jpg\" alt=\"\" width=\"790\" height=\"92\" srcset=\"https:\/\/yumicos.com\/wp-content\/uploads\/2025\/01\/shiwuzhanshi.jpg 790w, https:\/\/yumicos.com\/wp-content\/uploads\/2025\/01\/shiwuzhanshi-300x35.jpg 300w, https:\/\/yumicos.com\/wp-content\/uploads\/2025\/01\/shiwuzhanshi-768x89.jpg 768w, https:\/\/yumicos.com\/wp-content\/uploads\/2025\/01\/shiwuzhanshi-600x70.jpg 600w\" sizes=\"(max-width: 790px) 100vw, 790px\" \/><\/p>\n<p><img decoding=\"async\" class=\"size-full wp-image-2080\" src=\"https:\/\/yumicos.com\/wp-content\/uploads\/2025\/04\/\u9996\u56fe1.jpg\" alt=\"Front view of Kanae Cosplay Shirt from NIJISANJI\" width=\"800\" height=\"800\" srcset=\"https:\/\/yumicos.com\/wp-content\/uploads\/2025\/04\/\u9996\u56fe1.jpg 800w, https:\/\/yumicos.com\/wp-content\/uploads\/2025\/04\/\u9996\u56fe1-300x300.jpg 300w, https:\/\/yumicos.com\/wp-content\/uploads\/2025\/04\/\u9996\u56fe1-150x150.jpg 150w, https:\/\/yumicos.com\/wp-content\/uploads\/2025\/04\/\u9996\u56fe1-768x768.jpg 768w, https:\/\/yumicos.com\/wp-content\/uploads\/2025\/04\/\u9996\u56fe1-12x12.jpg 12w, https:\/\/yumicos.com\/wp-content\/uploads\/2025\/04\/\u9996\u56fe1-70x70.jpg 70w, https:\/\/yumicos.com\/wp-content\/uploads\/2025\/04\/\u9996\u56fe1-600x600.jpg 600w, https:\/\/yumicos.com\/wp-content\/uploads\/2025\/04\/\u9996\u56fe1-100x100.jpg 100w, https:\/\/yumicos.com\/wp-content\/uploads\/2025\/04\/\u9996\u56fe1-50x50.jpg 50w\" sizes=\"(max-width: 800px) 100vw, 800px\" \/><\/p>\n<p><img loading=\"lazy\" decoding=\"async\" class=\"size-full wp-image-2081\" src=\"https:\/\/yumicos.com\/wp-content\/uploads\/2025\/04\/\u9996\u56fe2.jpg\" alt=\"Front view of Kanae Cosplay Shirt from NIJISANJI\" width=\"800\" height=\"800\" srcset=\"https:\/\/yumicos.com\/wp-content\/uploads\/2025\/04\/\u9996\u56fe2.jpg 800w, https:\/\/yumicos.com\/wp-content\/uploads\/2025\/04\/\u9996\u56fe2-300x300.jpg 300w, https:\/\/yumicos.com\/wp-content\/uploads\/2025\/04\/\u9996\u56fe2-150x150.jpg 150w, https:\/\/yumicos.com\/wp-content\/uploads\/2025\/04\/\u9996\u56fe2-768x768.jpg 768w, https:\/\/yumicos.com\/wp-content\/uploads\/2025\/04\/\u9996\u56fe2-12x12.jpg 12w, https:\/\/yumicos.com\/wp-content\/uploads\/2025\/04\/\u9996\u56fe2-70x70.jpg 70w, https:\/\/yumicos.com\/wp-content\/uploads\/2025\/04\/\u9996\u56fe2-600x600.jpg 600w, https:\/\/yumicos.com\/wp-content\/uploads\/2025\/04\/\u9996\u56fe2-100x100.jpg 100w, https:\/\/yumicos.com\/wp-content\/uploads\/2025\/04\/\u9996\u56fe2-50x50.jpg 50w\" sizes=\"(max-width: 800px) 100vw, 800px\" \/><\/p>\n<p><img loading=\"lazy\" decoding=\"async\" class=\"size-full wp-image-2082\" src=\"https:\/\/yumicos.com\/wp-content\/uploads\/2025\/04\/\u9996\u56fe3.jpg\" alt=\"Kanae Cosplay Shirt Accessories\" width=\"800\" height=\"800\" srcset=\"https:\/\/yumicos.com\/wp-content\/uploads\/2025\/04\/\u9996\u56fe3.jpg 800w, https:\/\/yumicos.com\/wp-content\/uploads\/2025\/04\/\u9996\u56fe3-300x300.jpg 300w, https:\/\/yumicos.com\/wp-content\/uploads\/2025\/04\/\u9996\u56fe3-150x150.jpg 150w, https:\/\/yumicos.com\/wp-content\/uploads\/2025\/04\/\u9996\u56fe3-768x768.jpg 768w, https:\/\/yumicos.com\/wp-content\/uploads\/2025\/04\/\u9996\u56fe3-12x12.jpg 12w, https:\/\/yumicos.com\/wp-content\/uploads\/2025\/04\/\u9996\u56fe3-70x70.jpg 70w, https:\/\/yumicos.com\/wp-content\/uploads\/2025\/04\/\u9996\u56fe3-600x600.jpg 600w, https:\/\/yumicos.com\/wp-content\/uploads\/2025\/04\/\u9996\u56fe3-100x100.jpg 100w, https:\/\/yumicos.com\/wp-content\/uploads\/2025\/04\/\u9996\u56fe3-50x50.jpg 50w\" sizes=\"(max-width: 800px) 100vw, 800px\" \/><\/p>\n","protected":false},"excerpt":{"rendered":"<p class=\"\" data-start=\"730\" data-end=\"930\">Cette <strong data-start=\"735\" data-end=\"758\">chemise Cosplay Kanae<\/strong> de <strong data-start=\"764\" data-end=\"777\">NIJISANJI<\/strong> est fabriqu\u00e9e avec des mat\u00e9riaux de haute qualit\u00e9, con\u00e7us pour vous donner un look authentique. Parfaite pour les \u00e9v\u00e9nements de cosplay, les conventions, ou pour \u00eatre port\u00e9e au quotidien par les vrais fans de Kanae.<\/p>\n","protected":false},"featured_media":12156,"comment_status":"open","ping_status":"closed","template":"","meta":{"_acf_changed":false,"_monsterinsights_skip_tracking":false,"_monsterinsights_sitenote_active":false,"_monsterinsights_sitenote_note":"","_monsterinsights_sitenote_category":0,"site-sidebar-layout":"default","site-content-layout":"","ast-site-content-layout":"default","site-content-style":"default","site-sidebar-style":"default","ast-global-header-display":"","ast-banner-title-visibility":"","ast-main-header-display":"","ast-hfb-above-header-display":"","ast-hfb-below-header-display":"","ast-hfb-mobile-header-display":"","site-post-title":"","ast-breadcrumbs-content":"","ast-featured-img":"","footer-sml-layout":"","theme-transparent-header-meta":"default","adv-header-id-meta":"","stick-header-meta":"default","header-above-stick-meta":"","header-main-stick-meta":"","header-below-stick-meta":"","astra-migrate-meta-layouts":"default","ast-page-background-enabled":"default","ast-page-background-meta":{"desktop":{"background-color":"var(--ast-global-color-4)","background-image":"","background-repeat":"repeat","background-position":"center center","background-size":"auto","background-attachment":"scroll","background-type":"","background-media":"","overlay-type":"","overlay-color":"","overlay-opacity":"","overlay-gradient":""},"tablet":{"background-color":"","background-image":"","background-repeat":"repeat","background-position":"center center","background-size":"auto","background-attachment":"scroll","background-type":"","background-media":"","overlay-type":"","overlay-color":"","overlay-opacity":"","overlay-gradient":""},"mobile":{"background-color":"","background-image":"","background-repeat":"repeat","background-position":"center center","background-size":"auto","background-attachment":"scroll","background-type":"","background-media":"","overlay-type":"","overlay-color":"","overlay-opacity":"","overlay-gradient":""}},"ast-content-background-meta":{"desktop":{"background-color":"var(--ast-global-color-5)","background-image":"","background-repeat":"repeat","background-position":"center center","background-size":"auto","background-attachment":"scroll","background-type":"","background-media":"","overlay-type":"","overlay-color":"","overlay-opacity":"","overlay-gradient":""},"tablet":{"background-color":"var(--ast-global-color-5)","background-image":"","background-repeat":"repeat","background-position":"center center","background-size":"auto","background-attachment":"scroll","background-type":"","background-media":"","overlay-type":"","overlay-color":"","overlay-opacity":"","overlay-gradient":""},"mobile":{"background-color":"var(--ast-global-color-5)","background-image":"","background-repeat":"repeat","background-position":"center center","background-size":"auto","background-attachment":"scroll","background-type":"","background-media":"","overlay-type":"","overlay-color":"","overlay-opacity":"","overlay-gradient":""}}},"product_brand":[],"product_cat":[273],"product_tag":[],"class_list":{"0":"post-30883","1":"product","2":"type-product","3":"status-publish","4":"has-post-thumbnail","6":"product_cat-v-youtuber-cosplay","7":"desktop-align-left","8":"tablet-align-left","9":"mobile-align-left","10":"ast-product-gallery-layout-horizontal-slider","11":"ast-product-single-variable","12":"ast-product-tabs-layout-horizontal","14":"first","15":"instock","16":"purchasable","17":"product-type-variable"},"acf":[],"aioseo_notices":[],"_links":{"self":[{"href":"https:\/\/yumicos.com\/fr\/wp-json\/wp\/v2\/product\/30883","targetHints":{"allow":["GET"]}}],"collection":[{"href":"https:\/\/yumicos.com\/fr\/wp-json\/wp\/v2\/product"}],"about":[{"href":"https:\/\/yumicos.com\/fr\/wp-json\/wp\/v2\/types\/product"}],"replies":[{"embeddable":true,"href":"https:\/\/yumicos.com\/fr\/wp-json\/wp\/v2\/comments?post=30883"}],"wp:featuredmedia":[{"embeddable":true,"href":"https:\/\/yumicos.com\/fr\/wp-json\/wp\/v2\/media\/12156"}],"wp:attachment":[{"href":"https:\/\/yumicos.com\/fr\/wp-json\/wp\/v2\/media?parent=30883"}],"wp:term":[{"taxonomy":"product_brand","embeddable":true,"href":"https:\/\/yumicos.com\/fr\/wp-json\/wp\/v2\/product_brand?post=30883"},{"taxonomy":"product_cat","embeddable":true,"href":"https:\/\/yumicos.com\/fr\/wp-json\/wp\/v2\/product_cat?post=30883"},{"taxonomy":"product_tag","embeddable":true,"href":"https:\/\/yumicos.com\/fr\/wp-json\/wp\/v2\/product_tag?post=30883"}],"curies":[{"name":"wp","href":"https:\/\/api.w.org\/{rel}","templated":true}]}}