{"id":29640,"date":"2025-04-12T10:14:39","date_gmt":"2025-04-12T10:14:39","guid":{"rendered":"https:\/\/yumicos.com\/product\/perruque-cosplay-v-singer-classic-project-sekai\/"},"modified":"2025-04-12T10:14:39","modified_gmt":"2025-04-12T10:14:39","slug":"v-singer-cosplay-wig","status":"publish","type":"product","link":"https:\/\/yumicos.com\/fr\/product\/v-singer-cosplay-wig\/","title":{"rendered":"Perruque Cosplay V Singer Classic Project Sekai"},"content":{"rendered":"<figure id=\"attachment_2468\" aria-describedby=\"caption-attachment-2468\" style=\"width: 620px\" class=\"wp-caption alignnone\"><img fetchpriority=\"high\" decoding=\"async\" class=\"size-full wp-image-2468\" src=\"https:\/\/yumicos.com\/wp-content\/uploads\/2025\/04\/O1CN01AFOY5o1WuQuHtm2Ks_2209360102848-0-cib.jpg\" alt=\"V Singer Project Sekai Cosplay Wig front view\" width=\"620\" height=\"620\" srcset=\"https:\/\/yumicos.com\/wp-content\/uploads\/2025\/04\/O1CN01AFOY5o1WuQuHtm2Ks_2209360102848-0-cib.jpg 620w, https:\/\/yumicos.com\/wp-content\/uploads\/2025\/04\/O1CN01AFOY5o1WuQuHtm2Ks_2209360102848-0-cib-300x300.jpg 300w, https:\/\/yumicos.com\/wp-content\/uploads\/2025\/04\/O1CN01AFOY5o1WuQuHtm2Ks_2209360102848-0-cib-150x150.jpg 150w, https:\/\/yumicos.com\/wp-content\/uploads\/2025\/04\/O1CN01AFOY5o1WuQuHtm2Ks_2209360102848-0-cib-12x12.jpg 12w, https:\/\/yumicos.com\/wp-content\/uploads\/2025\/04\/O1CN01AFOY5o1WuQuHtm2Ks_2209360102848-0-cib-70x70.jpg 70w, https:\/\/yumicos.com\/wp-content\/uploads\/2025\/04\/O1CN01AFOY5o1WuQuHtm2Ks_2209360102848-0-cib-600x600.jpg 600w, https:\/\/yumicos.com\/wp-content\/uploads\/2025\/04\/O1CN01AFOY5o1WuQuHtm2Ks_2209360102848-0-cib-100x100.jpg 100w, https:\/\/yumicos.com\/wp-content\/uploads\/2025\/04\/O1CN01AFOY5o1WuQuHtm2Ks_2209360102848-0-cib-50x50.jpg 50w\" sizes=\"(max-width: 620px) 100vw, 620px\" \/><figcaption id=\"caption-attachment-2468\" class=\"wp-caption-text\">Vue de face de la perruque V Singer Project Sekai Cosplay Wig, montrant toute sa longueur et sa couleur vibrante.<\/figcaption><\/figure>\n","protected":false},"excerpt":{"rendered":"<p class=\"\" data-start=\"736\" data-end=\"899\"><strong data-start=\"736\" data-end=\"899\">Compl\u00e9tez votre cosplay V Singer Project Sekai avec cette perruque synth\u00e9tique de qualit\u00e9 sup\u00e9rieure. Con\u00e7ue pour le confort et le r\u00e9alisme, elle est l&#8217;accessoire parfait pour vos \u00e9v\u00e9nements de cosplay.<\/strong><\/p>\n<h4 class=\"\" data-start=\"901\" data-end=\"921\"><\/h4>\n","protected":false},"featured_media":13044,"comment_status":"open","ping_status":"closed","template":"","meta":{"_acf_changed":false,"_monsterinsights_skip_tracking":false,"_monsterinsights_sitenote_active":false,"_monsterinsights_sitenote_note":"","_monsterinsights_sitenote_category":0,"site-sidebar-layout":"default","site-content-layout":"","ast-site-content-layout":"default","site-content-style":"default","site-sidebar-style":"default","ast-global-header-display":"","ast-banner-title-visibility":"","ast-main-header-display":"","ast-hfb-above-header-display":"","ast-hfb-below-header-display":"","ast-hfb-mobile-header-display":"","site-post-title":"","ast-breadcrumbs-content":"","ast-featured-img":"","footer-sml-layout":"","theme-transparent-header-meta":"default","adv-header-id-meta":"","stick-header-meta":"default","header-above-stick-meta":"","header-main-stick-meta":"","header-below-stick-meta":"","astra-migrate-meta-layouts":"default","ast-page-background-enabled":"default","ast-page-background-meta":{"desktop":{"background-color":"var(--ast-global-color-4)","background-image":"","background-repeat":"repeat","background-position":"center center","background-size":"auto","background-attachment":"scroll","background-type":"","background-media":"","overlay-type":"","overlay-color":"","overlay-opacity":"","overlay-gradient":""},"tablet":{"background-color":"","background-image":"","background-repeat":"repeat","background-position":"center center","background-size":"auto","background-attachment":"scroll","background-type":"","background-media":"","overlay-type":"","overlay-color":"","overlay-opacity":"","overlay-gradient":""},"mobile":{"background-color":"","background-image":"","background-repeat":"repeat","background-position":"center center","background-size":"auto","background-attachment":"scroll","background-type":"","background-media":"","overlay-type":"","overlay-color":"","overlay-opacity":"","overlay-gradient":""}},"ast-content-background-meta":{"desktop":{"background-color":"var(--ast-global-color-5)","background-image":"","background-repeat":"repeat","background-position":"center center","background-size":"auto","background-attachment":"scroll","background-type":"","background-media":"","overlay-type":"","overlay-color":"","overlay-opacity":"","overlay-gradient":""},"tablet":{"background-color":"var(--ast-global-color-5)","background-image":"","background-repeat":"repeat","background-position":"center center","background-size":"auto","background-attachment":"scroll","background-type":"","background-media":"","overlay-type":"","overlay-color":"","overlay-opacity":"","overlay-gradient":""},"mobile":{"background-color":"var(--ast-global-color-5)","background-image":"","background-repeat":"repeat","background-position":"center center","background-size":"auto","background-attachment":"scroll","background-type":"","background-media":"","overlay-type":"","overlay-color":"","overlay-opacity":"","overlay-gradient":""}}},"product_brand":[],"product_cat":[297,273],"product_tag":[],"class_list":{"0":"post-29640","1":"product","2":"type-product","3":"status-publish","4":"has-post-thumbnail","6":"product_cat-projectt-sekaii-cosplay","7":"product_cat-v-youtuber-cosplay","8":"desktop-align-left","9":"tablet-align-left","10":"mobile-align-left","11":"ast-product-gallery-layout-horizontal-slider","12":"ast-product-gallery-with-no-image","13":"ast-product-tabs-layout-horizontal","15":"first","16":"instock","17":"sale","18":"purchasable","19":"product-type-simple"},"acf":[],"aioseo_notices":[],"_links":{"self":[{"href":"https:\/\/yumicos.com\/fr\/wp-json\/wp\/v2\/product\/29640","targetHints":{"allow":["GET"]}}],"collection":[{"href":"https:\/\/yumicos.com\/fr\/wp-json\/wp\/v2\/product"}],"about":[{"href":"https:\/\/yumicos.com\/fr\/wp-json\/wp\/v2\/types\/product"}],"replies":[{"embeddable":true,"href":"https:\/\/yumicos.com\/fr\/wp-json\/wp\/v2\/comments?post=29640"}],"wp:featuredmedia":[{"embeddable":true,"href":"https:\/\/yumicos.com\/fr\/wp-json\/wp\/v2\/media\/13044"}],"wp:attachment":[{"href":"https:\/\/yumicos.com\/fr\/wp-json\/wp\/v2\/media?parent=29640"}],"wp:term":[{"taxonomy":"product_brand","embeddable":true,"href":"https:\/\/yumicos.com\/fr\/wp-json\/wp\/v2\/product_brand?post=29640"},{"taxonomy":"product_cat","embeddable":true,"href":"https:\/\/yumicos.com\/fr\/wp-json\/wp\/v2\/product_cat?post=29640"},{"taxonomy":"product_tag","embeddable":true,"href":"https:\/\/yumicos.com\/fr\/wp-json\/wp\/v2\/product_tag?post=29640"}],"curies":[{"name":"wp","href":"https:\/\/api.w.org\/{rel}","templated":true}]}}