{"id":28901,"date":"2025-04-22T18:41:41","date_gmt":"2025-04-22T18:41:41","guid":{"rendered":"https:\/\/yumicos.com\/product\/love-and-deepspace-cosplay-caleb-farspace-colonel-set-costume\/"},"modified":"2025-04-22T18:41:41","modified_gmt":"2025-04-22T18:41:41","slug":"love-and-deepspace-caleb-farspace-cosplay-costume","status":"publish","type":"product","link":"https:\/\/yumicos.com\/fr\/product\/love-and-deepspace-caleb-farspace-cosplay-costume\/","title":{"rendered":"Love and DeepSpace Cosplay &#8211; Caleb Farspace Colonel Set Costume"},"content":{"rendered":"<p><img fetchpriority=\"high\" decoding=\"async\" class=\"alignnone size-full wp-image-285\" src=\"https:\/\/yumicos.com\/wp-content\/uploads\/2025\/01\/chanp.jpg\" alt=\"\" width=\"790\" height=\"92\" srcset=\"https:\/\/yumicos.com\/wp-content\/uploads\/2025\/01\/chanp.jpg 790w, https:\/\/yumicos.com\/wp-content\/uploads\/2025\/01\/chanp-300x35.jpg 300w, https:\/\/yumicos.com\/wp-content\/uploads\/2025\/01\/chanp-768x89.jpg 768w, https:\/\/yumicos.com\/wp-content\/uploads\/2025\/01\/chanp-600x70.jpg 600w\" sizes=\"(max-width: 790px) 100vw, 790px\" \/><\/p>\n<p><strong>Source<\/strong>: <a href=\"https:\/\/yumicos.com\/fr\/product-category\/game-cosplay\/love-and-deepspace\/\">L&#8217;amour et l&#8217;espace profond<\/a><\/p>\n<p><strong>Inclus<\/strong>:Manteau+Shirt+Pantalon+Casquette+Ornement d&#8217;\u00e9paule+Ornement de jambe+Blet+Ornement de cheveux+Ornement de jambe+Ceinture+Ornement de cheveux+Cravate+Ornement de cou+Gants+\u00c9charpe<\/p>\n<p data-start=\"0\" data-end=\"105\"><strong data-start=\"0\" data-end=\"13\">Mati\u00e8re :<\/strong> Fabriqu\u00e9 en polyester de haute qualit\u00e9 et en cuir synth\u00e9tique pour une tenue confortable et durable.<\/p>\n<p data-start=\"107\" data-end=\"204\"><strong data-start=\"107\" data-end=\"129\">Instructions d&#8217;entretien :<\/strong> Laver \u00e0 la main \u00e0 l&#8217;eau froide, \u00e9viter l&#8217;eau de Javel et suspendre pour s\u00e9cher.<\/p>\n<p data-start=\"206\" data-end=\"319\"><strong data-start=\"206\" data-end=\"215\">Taille :<\/strong> Veuillez noter que la taille suit les normes asiatiques et peut varier de 1 \u00e0 3 cm en raison de la mesure manuelle.<\/p>\n<p data-start=\"321\" data-end=\"347\" data-is-last-node=\"\" data-is-only-node=\"\"><strong data-start=\"321\" data-end=\"329\">Conseil :<\/strong> 1 cm \u2248 0.39 inch.<\/p>\n<p><img decoding=\"async\" class=\"alignnone size-full wp-image-288\" src=\"https:\/\/yumicos.com\/wp-content\/uploads\/2025\/01\/shiwuzhanshi.jpg\" alt=\"\" width=\"790\" height=\"92\" srcset=\"https:\/\/yumicos.com\/wp-content\/uploads\/2025\/01\/shiwuzhanshi.jpg 790w, https:\/\/yumicos.com\/wp-content\/uploads\/2025\/01\/shiwuzhanshi-300x35.jpg 300w, https:\/\/yumicos.com\/wp-content\/uploads\/2025\/01\/shiwuzhanshi-768x89.jpg 768w, https:\/\/yumicos.com\/wp-content\/uploads\/2025\/01\/shiwuzhanshi-600x70.jpg 600w\" sizes=\"(max-width: 790px) 100vw, 790px\" \/><\/p>\n<p><img decoding=\"async\" class=\"size-full wp-image-2759\" src=\"https:\/\/yumicos.com\/wp-content\/uploads\/2025\/04\/5-10.jpg\" alt=\"Front view of Caleb Farspace Colonel Set Cosplay Costume\" width=\"1000\" height=\"1000\" srcset=\"https:\/\/yumicos.com\/wp-content\/uploads\/2025\/04\/5-10.jpg 1000w, https:\/\/yumicos.com\/wp-content\/uploads\/2025\/04\/5-10-300x300.jpg 300w, https:\/\/yumicos.com\/wp-content\/uploads\/2025\/04\/5-10-150x150.jpg 150w, https:\/\/yumicos.com\/wp-content\/uploads\/2025\/04\/5-10-768x768.jpg 768w, https:\/\/yumicos.com\/wp-content\/uploads\/2025\/04\/5-10-12x12.jpg 12w, https:\/\/yumicos.com\/wp-content\/uploads\/2025\/04\/5-10-70x70.jpg 70w, https:\/\/yumicos.com\/wp-content\/uploads\/2025\/04\/5-10-600x600.jpg 600w, https:\/\/yumicos.com\/wp-content\/uploads\/2025\/04\/5-10-100x100.jpg 100w, https:\/\/yumicos.com\/wp-content\/uploads\/2025\/04\/5-10-50x50.jpg 50w\" sizes=\"(max-width: 1000px) 100vw, 1000px\" \/><\/p>\n<p><img loading=\"lazy\" decoding=\"async\" class=\"alignnone size-full wp-image-287\" src=\"https:\/\/yumicos.com\/wp-content\/uploads\/2025\/01\/xijie.jpg\" alt=\"\" width=\"790\" height=\"92\" srcset=\"https:\/\/yumicos.com\/wp-content\/uploads\/2025\/01\/xijie.jpg 790w, https:\/\/yumicos.com\/wp-content\/uploads\/2025\/01\/xijie-300x35.jpg 300w, https:\/\/yumicos.com\/wp-content\/uploads\/2025\/01\/xijie-768x89.jpg 768w, https:\/\/yumicos.com\/wp-content\/uploads\/2025\/01\/xijie-600x70.jpg 600w\" sizes=\"(max-width: 790px) 100vw, 790px\" \/><\/p>\n<p><img loading=\"lazy\" decoding=\"async\" class=\"size-full wp-image-2760\" src=\"https:\/\/yumicos.com\/wp-content\/uploads\/2025\/04\/7-9.jpg\" alt=\"Details of Caleb Farspace Cosplay Costume from Love and DeepSpace\" width=\"750\" height=\"1503\" \/><\/p>\n<p><img loading=\"lazy\" decoding=\"async\" class=\"size-full wp-image-2761\" src=\"https:\/\/yumicos.com\/wp-content\/uploads\/2025\/04\/8-9.jpg\" alt=\" Details of Caleb Farspace Cosplay Costume from Love and DeepSpace\" width=\"750\" height=\"1480\" \/><\/p>\n<p><img loading=\"lazy\" decoding=\"async\" class=\"size-full wp-image-2762\" src=\"https:\/\/yumicos.com\/wp-content\/uploads\/2025\/04\/9-8.jpg\" alt=\"Details of Caleb Farspace Cosplay Costume from Love and DeepSpace\" width=\"750\" height=\"1392\" \/><\/p>\n<p><img loading=\"lazy\" decoding=\"async\" class=\"size-full wp-image-2763\" src=\"https:\/\/yumicos.com\/wp-content\/uploads\/2025\/04\/10-7.jpg\" alt=\"Details of Caleb Farspace Cosplay Costume from Love and DeepSpace\" width=\"750\" height=\"1503\" \/><\/p>\n<p><img loading=\"lazy\" decoding=\"async\" class=\"size-full wp-image-2764\" src=\"https:\/\/yumicos.com\/wp-content\/uploads\/2025\/04\/13-8.jpg\" alt=\"Details of Caleb Farspace Cosplay Costume from Love and DeepSpace\" width=\"750\" height=\"1724\" \/><\/p>\n<p><img loading=\"lazy\" decoding=\"async\" class=\"size-full wp-image-2765\" src=\"https:\/\/yumicos.com\/wp-content\/uploads\/2025\/04\/14-4.jpg\" alt=\"Details of Caleb Farspace Cosplay Costume from Love and DeepSpace\" width=\"750\" height=\"1920\" \/><\/p>\n<p><img loading=\"lazy\" decoding=\"async\" class=\"size-full wp-image-2766\" src=\"https:\/\/yumicos.com\/wp-content\/uploads\/2025\/04\/15-4.jpg\" alt=\"Details of Caleb Farspace Cosplay Costume from Love and DeepSpace\" width=\"750\" height=\"1920\" \/><\/p>\n","protected":false},"excerpt":{"rendered":"<p>Transformez-vous en Caleb de <em data-start=\"933\" data-end=\"953\">Love and DeepSpace<\/em> avec ce costume de cosplay du colonel Set ! Inspir\u00e9 du look de la strat\u00e9gie Cloudsreach, il est fabriqu\u00e9 \u00e0 partir de mat\u00e9riaux de premi\u00e8re qualit\u00e9 pour un confort et une pr\u00e9cision optimaux.<\/p>\n","protected":false},"featured_media":13964,"comment_status":"open","ping_status":"closed","template":"","meta":{"_acf_changed":false,"_monsterinsights_skip_tracking":false,"_monsterinsights_sitenote_active":false,"_monsterinsights_sitenote_note":"","_monsterinsights_sitenote_category":0,"site-sidebar-layout":"default","site-content-layout":"","ast-site-content-layout":"default","site-content-style":"default","site-sidebar-style":"default","ast-global-header-display":"","ast-banner-title-visibility":"","ast-main-header-display":"","ast-hfb-above-header-display":"","ast-hfb-below-header-display":"","ast-hfb-mobile-header-display":"","site-post-title":"","ast-breadcrumbs-content":"","ast-featured-img":"","footer-sml-layout":"","theme-transparent-header-meta":"default","adv-header-id-meta":"","stick-header-meta":"default","header-above-stick-meta":"","header-main-stick-meta":"","header-below-stick-meta":"","astra-migrate-meta-layouts":"default","ast-page-background-enabled":"default","ast-page-background-meta":{"desktop":{"background-color":"var(--ast-global-color-4)","background-image":"","background-repeat":"repeat","background-position":"center center","background-size":"auto","background-attachment":"scroll","background-type":"","background-media":"","overlay-type":"","overlay-color":"","overlay-opacity":"","overlay-gradient":""},"tablet":{"background-color":"","background-image":"","background-repeat":"repeat","background-position":"center center","background-size":"auto","background-attachment":"scroll","background-type":"","background-media":"","overlay-type":"","overlay-color":"","overlay-opacity":"","overlay-gradient":""},"mobile":{"background-color":"","background-image":"","background-repeat":"repeat","background-position":"center center","background-size":"auto","background-attachment":"scroll","background-type":"","background-media":"","overlay-type":"","overlay-color":"","overlay-opacity":"","overlay-gradient":""}},"ast-content-background-meta":{"desktop":{"background-color":"var(--ast-global-color-5)","background-image":"","background-repeat":"repeat","background-position":"center center","background-size":"auto","background-attachment":"scroll","background-type":"","background-media":"","overlay-type":"","overlay-color":"","overlay-opacity":"","overlay-gradient":""},"tablet":{"background-color":"var(--ast-global-color-5)","background-image":"","background-repeat":"repeat","background-position":"center center","background-size":"auto","background-attachment":"scroll","background-type":"","background-media":"","overlay-type":"","overlay-color":"","overlay-opacity":"","overlay-gradient":""},"mobile":{"background-color":"var(--ast-global-color-5)","background-image":"","background-repeat":"repeat","background-position":"center center","background-size":"auto","background-attachment":"scroll","background-type":"","background-media":"","overlay-type":"","overlay-color":"","overlay-opacity":"","overlay-gradient":""}}},"product_brand":[],"product_cat":[115,202],"product_tag":[],"class_list":{"0":"post-28901","1":"product","2":"type-product","3":"status-publish","4":"has-post-thumbnail","6":"product_cat-game-cosplay","7":"product_cat-love-and-deepspace","8":"desktop-align-left","9":"tablet-align-left","10":"mobile-align-left","11":"ast-product-gallery-layout-horizontal-slider","12":"ast-product-single-variable","13":"ast-product-tabs-layout-horizontal","15":"first","16":"instock","17":"purchasable","18":"product-type-variable"},"acf":[],"aioseo_notices":[],"_links":{"self":[{"href":"https:\/\/yumicos.com\/fr\/wp-json\/wp\/v2\/product\/28901","targetHints":{"allow":["GET"]}}],"collection":[{"href":"https:\/\/yumicos.com\/fr\/wp-json\/wp\/v2\/product"}],"about":[{"href":"https:\/\/yumicos.com\/fr\/wp-json\/wp\/v2\/types\/product"}],"replies":[{"embeddable":true,"href":"https:\/\/yumicos.com\/fr\/wp-json\/wp\/v2\/comments?post=28901"}],"wp:featuredmedia":[{"embeddable":true,"href":"https:\/\/yumicos.com\/fr\/wp-json\/wp\/v2\/media\/13964"}],"wp:attachment":[{"href":"https:\/\/yumicos.com\/fr\/wp-json\/wp\/v2\/media?parent=28901"}],"wp:term":[{"taxonomy":"product_brand","embeddable":true,"href":"https:\/\/yumicos.com\/fr\/wp-json\/wp\/v2\/product_brand?post=28901"},{"taxonomy":"product_cat","embeddable":true,"href":"https:\/\/yumicos.com\/fr\/wp-json\/wp\/v2\/product_cat?post=28901"},{"taxonomy":"product_tag","embeddable":true,"href":"https:\/\/yumicos.com\/fr\/wp-json\/wp\/v2\/product_tag?post=28901"}],"curies":[{"name":"wp","href":"https:\/\/api.w.org\/{rel}","templated":true}]}}