{"id":27255,"date":"2025-05-07T18:13:26","date_gmt":"2025-05-07T18:13:26","guid":{"rendered":"https:\/\/yumicos.com\/product\/genshin-impact-kinich-cosplay-costume-tenue-inspiree-de-la-region-de-natlan\/"},"modified":"2025-10-13T16:30:19","modified_gmt":"2025-10-13T16:30:19","slug":"genshin-impact-kinich-cosplay-costume-natlan","status":"publish","type":"product","link":"https:\/\/yumicos.com\/fr\/product\/genshin-impact-kinich-cosplay-costume-natlan\/","title":{"rendered":"Genshin Impact Kinich Cosplay Costume &#8211; Tenue inspir\u00e9e de la r\u00e9gion de Natlan"},"content":{"rendered":"<p><img fetchpriority=\"high\" decoding=\"async\" class=\"alignnone size-full wp-image-285\" src=\"https:\/\/yumicos.com\/wp-content\/uploads\/2025\/01\/chanp.jpg\" alt=\"\" width=\"790\" height=\"92\" srcset=\"https:\/\/yumicos.com\/wp-content\/uploads\/2025\/01\/chanp.jpg 790w, https:\/\/yumicos.com\/wp-content\/uploads\/2025\/01\/chanp-300x35.jpg 300w, https:\/\/yumicos.com\/wp-content\/uploads\/2025\/01\/chanp-768x89.jpg 768w, https:\/\/yumicos.com\/wp-content\/uploads\/2025\/01\/chanp-600x70.jpg 600w\" sizes=\"(max-width: 790px) 100vw, 790px\" \/><\/p>\n<p><strong>Source : Genshin<\/strong> Impact <a href=\"https:\/\/yumicos.com\/fr\/product-category\/game-cosplay-fr\/genshin-impact-cosplay-fr\/\">Genshin Impact<\/a><\/p>\n<p><strong>Personnage<\/strong>: Kinich<\/p>\n<p><strong>Inclus<\/strong>:Coiffure+Tops+Pantalon+Ornement de pantalon+Ornement de dos+Ornement de poitrine+Gants+Ornement de poignet<\/p>\n<p>+Autocollants de tatouage + ornement de taille + embout d&#8217;oreille<\/p>\n<p data-start=\"0\" data-end=\"105\"><strong data-start=\"0\" data-end=\"13\">Mati\u00e8re :<\/strong> Fabriqu\u00e9 en polyester de haute qualit\u00e9 et en cuir synth\u00e9tique pour un ajustement confortable et durable.<\/p>\n<p data-start=\"107\" data-end=\"204\"><strong data-start=\"107\" data-end=\"129\">Instructions d&#8217;entretien :<\/strong> Laver \u00e0 la main \u00e0 l&#8217;eau froide, \u00e9viter l&#8217;eau de Javel et suspendre pour s\u00e9cher.<\/p>\n<p data-start=\"206\" data-end=\"319\"><strong data-start=\"206\" data-end=\"215\">Taille :<\/strong> Veuillez noter que la taille suit les normes asiatiques et peut varier de 1 \u00e0 3 cm en raison de la mesure manuelle.<\/p>\n<p data-start=\"321\" data-end=\"347\" data-is-last-node=\"\" data-is-only-node=\"\"><strong data-start=\"321\" data-end=\"329\">Conseil :<\/strong> 1 cm \u2248 0.39 inch.<\/p>\n<p><img decoding=\"async\" class=\"alignnone size-full wp-image-288\" src=\"https:\/\/yumicos.com\/wp-content\/uploads\/2025\/01\/shiwuzhanshi.jpg\" alt=\"\" width=\"790\" height=\"92\" srcset=\"https:\/\/yumicos.com\/wp-content\/uploads\/2025\/01\/shiwuzhanshi.jpg 790w, https:\/\/yumicos.com\/wp-content\/uploads\/2025\/01\/shiwuzhanshi-300x35.jpg 300w, https:\/\/yumicos.com\/wp-content\/uploads\/2025\/01\/shiwuzhanshi-768x89.jpg 768w, https:\/\/yumicos.com\/wp-content\/uploads\/2025\/01\/shiwuzhanshi-600x70.jpg 600w\" sizes=\"(max-width: 790px) 100vw, 790px\" \/><\/p>\n<p><img decoding=\"async\" class=\" wp-image-3237\" src=\"https:\/\/yumicos.com\/wp-content\/uploads\/2025\/05\/2-3.jpg\" alt=\"Front view of Kinich cosplay costume from Genshin Impact\" width=\"750\" height=\"1000\" srcset=\"https:\/\/yumicos.com\/wp-content\/uploads\/2025\/05\/2-3.jpg 1000w, https:\/\/yumicos.com\/wp-content\/uploads\/2025\/05\/2-3-225x300.jpg 225w, https:\/\/yumicos.com\/wp-content\/uploads\/2025\/05\/2-3-768x1024.jpg 768w, https:\/\/yumicos.com\/wp-content\/uploads\/2025\/05\/2-3-9x12.jpg 9w, https:\/\/yumicos.com\/wp-content\/uploads\/2025\/05\/2-3-600x800.jpg 600w\" sizes=\"(max-width: 750px) 100vw, 750px\" \/><\/p>\n<p><img loading=\"lazy\" decoding=\"async\" class=\" wp-image-3238\" src=\"https:\/\/yumicos.com\/wp-content\/uploads\/2025\/05\/3-3.jpg\" alt=\"Back view of Kinich cosplay outfit from Natlan region\" width=\"750\" height=\"1000\" srcset=\"https:\/\/yumicos.com\/wp-content\/uploads\/2025\/05\/3-3.jpg 1000w, https:\/\/yumicos.com\/wp-content\/uploads\/2025\/05\/3-3-225x300.jpg 225w, https:\/\/yumicos.com\/wp-content\/uploads\/2025\/05\/3-3-768x1024.jpg 768w, https:\/\/yumicos.com\/wp-content\/uploads\/2025\/05\/3-3-9x12.jpg 9w, https:\/\/yumicos.com\/wp-content\/uploads\/2025\/05\/3-3-600x800.jpg 600w\" sizes=\"(max-width: 750px) 100vw, 750px\" \/><\/p>\n<p><img loading=\"lazy\" decoding=\"async\" class=\"alignnone size-full wp-image-287\" src=\"https:\/\/yumicos.com\/wp-content\/uploads\/2025\/01\/xijie.jpg\" alt=\"\" width=\"790\" height=\"92\" srcset=\"https:\/\/yumicos.com\/wp-content\/uploads\/2025\/01\/xijie.jpg 790w, https:\/\/yumicos.com\/wp-content\/uploads\/2025\/01\/xijie-300x35.jpg 300w, https:\/\/yumicos.com\/wp-content\/uploads\/2025\/01\/xijie-768x89.jpg 768w, https:\/\/yumicos.com\/wp-content\/uploads\/2025\/01\/xijie-600x70.jpg 600w\" sizes=\"(max-width: 790px) 100vw, 790px\" \/><\/p>\n<p><img loading=\"lazy\" decoding=\"async\" class=\"size-full wp-image-3242\" src=\"https:\/\/yumicos.com\/wp-content\/uploads\/2025\/05\/7-3.jpg\" alt=\"Close-up of fabric and accessories of Kinich costume\" width=\"750\" height=\"1000\" \/><\/p>\n<p><img loading=\"lazy\" decoding=\"async\" class=\"size-full wp-image-3243\" src=\"https:\/\/yumicos.com\/wp-content\/uploads\/2025\/05\/8-3.jpg\" alt=\"Close-up of fabric and accessories of Kinich costume\" width=\"750\" height=\"1000\" \/><\/p>\n<p><img loading=\"lazy\" decoding=\"async\" class=\"size-full wp-image-3244\" src=\"https:\/\/yumicos.com\/wp-content\/uploads\/2025\/05\/9-3.jpg\" alt=\"Close-up of fabric and accessories of Kinich costume\" width=\"750\" height=\"1000\" \/><\/p>\n<p><img loading=\"lazy\" decoding=\"async\" class=\"size-full wp-image-3245\" src=\"https:\/\/yumicos.com\/wp-content\/uploads\/2025\/05\/10-1.jpg\" alt=\"Close-up of fabric and accessories of Kinich costume\" width=\"750\" height=\"952\" \/><\/p>\n<p><img loading=\"lazy\" decoding=\"async\" class=\"size-full wp-image-3246\" src=\"https:\/\/yumicos.com\/wp-content\/uploads\/2025\/05\/11-1.jpg\" alt=\"Close-up of fabric and accessories of Kinich costume\" width=\"750\" height=\"837\" \/><\/p>\n<p><img loading=\"lazy\" decoding=\"async\" class=\"size-full wp-image-3247\" src=\"https:\/\/yumicos.com\/wp-content\/uploads\/2025\/05\/12-2.jpg\" alt=\"Close-up of fabric and accessories of Kinich costume\" width=\"750\" height=\"1042\" \/><\/p>\n<p><img loading=\"lazy\" decoding=\"async\" class=\"size-full wp-image-3248\" src=\"https:\/\/yumicos.com\/wp-content\/uploads\/2025\/05\/13-2.jpg\" alt=\"Close-up of fabric and accessories of Kinich costume\" width=\"750\" height=\"923\" \/><\/p>\n<p><img loading=\"lazy\" decoding=\"async\" class=\"size-full wp-image-3249\" src=\"https:\/\/yumicos.com\/wp-content\/uploads\/2025\/05\/14-2.jpg\" alt=\"\" width=\"750\" height=\"1169\" \/><\/p>\n<p><img loading=\"lazy\" decoding=\"async\" class=\"size-full wp-image-3250\" src=\"https:\/\/yumicos.com\/wp-content\/uploads\/2025\/05\/15-1.jpg\" alt=\"\" width=\"750\" height=\"1377\" \/><\/p>\n<p><img loading=\"lazy\" decoding=\"async\" class=\"size-full wp-image-3251\" src=\"https:\/\/yumicos.com\/wp-content\/uploads\/2025\/05\/16-1.jpg\" alt=\"\" width=\"750\" height=\"1559\" \/><\/p>\n<p><img loading=\"lazy\" decoding=\"async\" class=\"alignnone size-full wp-image-3252\" src=\"https:\/\/yumicos.com\/wp-content\/uploads\/2025\/05\/17-1.jpg\" alt=\"\" width=\"750\" height=\"944\" \/><\/p>\n","protected":false},"excerpt":{"rendered":"<p>Apportez la chaleur de Natlan avec ce costume de cosplay Kinich de Genshin Impact. Fabriqu\u00e9 avec des mat\u00e9riaux de premi\u00e8re qualit\u00e9, il est parfait pour les conventions, les \u00e9v\u00e9nements et les s\u00e9ances photos.<\/p>\n","protected":false},"featured_media":15100,"comment_status":"open","ping_status":"closed","template":"","meta":{"_acf_changed":false,"_monsterinsights_skip_tracking":false,"_monsterinsights_sitenote_active":false,"_monsterinsights_sitenote_note":"","_monsterinsights_sitenote_category":0,"site-sidebar-layout":"default","site-content-layout":"","ast-site-content-layout":"default","site-content-style":"default","site-sidebar-style":"default","ast-global-header-display":"","ast-banner-title-visibility":"","ast-main-header-display":"","ast-hfb-above-header-display":"","ast-hfb-below-header-display":"","ast-hfb-mobile-header-display":"","site-post-title":"","ast-breadcrumbs-content":"","ast-featured-img":"","footer-sml-layout":"","theme-transparent-header-meta":"default","adv-header-id-meta":"","stick-header-meta":"default","header-above-stick-meta":"","header-main-stick-meta":"","header-below-stick-meta":"","astra-migrate-meta-layouts":"default","ast-page-background-enabled":"default","ast-page-background-meta":{"desktop":{"background-color":"var(--ast-global-color-4)","background-image":"","background-repeat":"repeat","background-position":"center center","background-size":"auto","background-attachment":"scroll","background-type":"","background-media":"","overlay-type":"","overlay-color":"","overlay-opacity":"","overlay-gradient":""},"tablet":{"background-color":"","background-image":"","background-repeat":"repeat","background-position":"center center","background-size":"auto","background-attachment":"scroll","background-type":"","background-media":"","overlay-type":"","overlay-color":"","overlay-opacity":"","overlay-gradient":""},"mobile":{"background-color":"","background-image":"","background-repeat":"repeat","background-position":"center center","background-size":"auto","background-attachment":"scroll","background-type":"","background-media":"","overlay-type":"","overlay-color":"","overlay-opacity":"","overlay-gradient":""}},"ast-content-background-meta":{"desktop":{"background-color":"var(--ast-global-color-5)","background-image":"","background-repeat":"repeat","background-position":"center center","background-size":"auto","background-attachment":"scroll","background-type":"","background-media":"","overlay-type":"","overlay-color":"","overlay-opacity":"","overlay-gradient":""},"tablet":{"background-color":"var(--ast-global-color-5)","background-image":"","background-repeat":"repeat","background-position":"center center","background-size":"auto","background-attachment":"scroll","background-type":"","background-media":"","overlay-type":"","overlay-color":"","overlay-opacity":"","overlay-gradient":""},"mobile":{"background-color":"var(--ast-global-color-5)","background-image":"","background-repeat":"repeat","background-position":"center center","background-size":"auto","background-attachment":"scroll","background-type":"","background-media":"","overlay-type":"","overlay-color":"","overlay-opacity":"","overlay-gradient":""}}},"product_brand":[],"product_cat":[115,190],"product_tag":[],"class_list":{"0":"post-27255","1":"product","2":"type-product","3":"status-publish","4":"has-post-thumbnail","6":"product_cat-game-cosplay","7":"product_cat-genshin-impact-cosplay","8":"desktop-align-left","9":"tablet-align-left","10":"mobile-align-left","11":"ast-product-gallery-layout-horizontal-slider","12":"ast-product-single-variable","13":"ast-product-tabs-layout-horizontal","15":"first","16":"instock","17":"purchasable","18":"product-type-variable"},"acf":[],"aioseo_notices":[],"_links":{"self":[{"href":"https:\/\/yumicos.com\/fr\/wp-json\/wp\/v2\/product\/27255","targetHints":{"allow":["GET"]}}],"collection":[{"href":"https:\/\/yumicos.com\/fr\/wp-json\/wp\/v2\/product"}],"about":[{"href":"https:\/\/yumicos.com\/fr\/wp-json\/wp\/v2\/types\/product"}],"replies":[{"embeddable":true,"href":"https:\/\/yumicos.com\/fr\/wp-json\/wp\/v2\/comments?post=27255"}],"wp:featuredmedia":[{"embeddable":true,"href":"https:\/\/yumicos.com\/fr\/wp-json\/wp\/v2\/media\/15100"}],"wp:attachment":[{"href":"https:\/\/yumicos.com\/fr\/wp-json\/wp\/v2\/media?parent=27255"}],"wp:term":[{"taxonomy":"product_brand","embeddable":true,"href":"https:\/\/yumicos.com\/fr\/wp-json\/wp\/v2\/product_brand?post=27255"},{"taxonomy":"product_cat","embeddable":true,"href":"https:\/\/yumicos.com\/fr\/wp-json\/wp\/v2\/product_cat?post=27255"},{"taxonomy":"product_tag","embeddable":true,"href":"https:\/\/yumicos.com\/fr\/wp-json\/wp\/v2\/product_tag?post=27255"}],"curies":[{"name":"wp","href":"https:\/\/api.w.org\/{rel}","templated":true}]}}