{"id":27239,"date":"2025-05-07T18:22:20","date_gmt":"2025-05-07T18:22:20","guid":{"rendered":"https:\/\/yumicos.com\/product\/genshin-impact-kinich-cosplay-wig-golden-yellow-braided-style\/"},"modified":"2025-05-07T18:22:20","modified_gmt":"2025-05-07T18:22:20","slug":"kinich-wig","status":"publish","type":"product","link":"https:\/\/yumicos.com\/fr\/product\/kinich-wig\/","title":{"rendered":"Genshin Impact Kinich Cosplay Wig &#8211; Golden Yellow Braided Style"},"content":{"rendered":"<figure id=\"attachment_3240\" aria-describedby=\"caption-attachment-3240\" style=\"width: 750px\" class=\"wp-caption alignnone\"><img fetchpriority=\"high\" decoding=\"async\" class=\" wp-image-3240\" src=\"https:\/\/yumicos.com\/wp-content\/uploads\/2025\/05\/5-3.jpg\" alt=\"Kinich cosplay wig front braided view for Genshin Impact\" width=\"750\" height=\"750\" srcset=\"https:\/\/yumicos.com\/wp-content\/uploads\/2025\/05\/5-3.jpg 1000w, https:\/\/yumicos.com\/wp-content\/uploads\/2025\/05\/5-3-300x300.jpg 300w, https:\/\/yumicos.com\/wp-content\/uploads\/2025\/05\/5-3-150x150.jpg 150w, https:\/\/yumicos.com\/wp-content\/uploads\/2025\/05\/5-3-768x768.jpg 768w, https:\/\/yumicos.com\/wp-content\/uploads\/2025\/05\/5-3-12x12.jpg 12w, https:\/\/yumicos.com\/wp-content\/uploads\/2025\/05\/5-3-70x70.jpg 70w, https:\/\/yumicos.com\/wp-content\/uploads\/2025\/05\/5-3-600x600.jpg 600w, https:\/\/yumicos.com\/wp-content\/uploads\/2025\/05\/5-3-100x100.jpg 100w, https:\/\/yumicos.com\/wp-content\/uploads\/2025\/05\/5-3-50x50.jpg 50w\" sizes=\"(max-width: 750px) 100vw, 750px\" \/><figcaption id=\"caption-attachment-3240\" class=\"wp-caption-text\">Vue de face avec une frange d\u00e9grad\u00e9e et de longues tresses sur le c\u00f4t\u00e9.<\/figcaption><\/figure>\n","protected":false},"excerpt":{"rendered":"<p>Fabriqu\u00e9e avec des fibres r\u00e9sistantes \u00e0 la chaleur et con\u00e7ue pour le confort, cette perruque cosplay Kinich pr\u00e9sente des teintes jaunes dor\u00e9es vibrantes et des tresses caract\u00e9ristiques, reproduisant parfaitement le look de la r\u00e9gion de Natlan de Genshin Impact. Pr\u00e9-stylis\u00e9e pour un port facile, elle est dot\u00e9e de capuchons int\u00e9rieurs r\u00e9glables.<\/p>\n","protected":false},"featured_media":3240,"comment_status":"open","ping_status":"closed","template":"","meta":{"_acf_changed":false,"_monsterinsights_skip_tracking":false,"_monsterinsights_sitenote_active":false,"_monsterinsights_sitenote_note":"","_monsterinsights_sitenote_category":0,"site-sidebar-layout":"default","site-content-layout":"","ast-site-content-layout":"default","site-content-style":"default","site-sidebar-style":"default","ast-global-header-display":"","ast-banner-title-visibility":"","ast-main-header-display":"","ast-hfb-above-header-display":"","ast-hfb-below-header-display":"","ast-hfb-mobile-header-display":"","site-post-title":"","ast-breadcrumbs-content":"","ast-featured-img":"","footer-sml-layout":"","theme-transparent-header-meta":"default","adv-header-id-meta":"","stick-header-meta":"default","header-above-stick-meta":"","header-main-stick-meta":"","header-below-stick-meta":"","astra-migrate-meta-layouts":"default","ast-page-background-enabled":"default","ast-page-background-meta":{"desktop":{"background-color":"var(--ast-global-color-4)","background-image":"","background-repeat":"repeat","background-position":"center center","background-size":"auto","background-attachment":"scroll","background-type":"","background-media":"","overlay-type":"","overlay-color":"","overlay-opacity":"","overlay-gradient":""},"tablet":{"background-color":"","background-image":"","background-repeat":"repeat","background-position":"center center","background-size":"auto","background-attachment":"scroll","background-type":"","background-media":"","overlay-type":"","overlay-color":"","overlay-opacity":"","overlay-gradient":""},"mobile":{"background-color":"","background-image":"","background-repeat":"repeat","background-position":"center center","background-size":"auto","background-attachment":"scroll","background-type":"","background-media":"","overlay-type":"","overlay-color":"","overlay-opacity":"","overlay-gradient":""}},"ast-content-background-meta":{"desktop":{"background-color":"var(--ast-global-color-5)","background-image":"","background-repeat":"repeat","background-position":"center center","background-size":"auto","background-attachment":"scroll","background-type":"","background-media":"","overlay-type":"","overlay-color":"","overlay-opacity":"","overlay-gradient":""},"tablet":{"background-color":"var(--ast-global-color-5)","background-image":"","background-repeat":"repeat","background-position":"center center","background-size":"auto","background-attachment":"scroll","background-type":"","background-media":"","overlay-type":"","overlay-color":"","overlay-opacity":"","overlay-gradient":""},"mobile":{"background-color":"var(--ast-global-color-5)","background-image":"","background-repeat":"repeat","background-position":"center center","background-size":"auto","background-attachment":"scroll","background-type":"","background-media":"","overlay-type":"","overlay-color":"","overlay-opacity":"","overlay-gradient":""}}},"product_brand":[],"product_cat":[115,190],"product_tag":[],"class_list":{"0":"post-27239","1":"product","2":"type-product","3":"status-publish","4":"has-post-thumbnail","6":"product_cat-game-cosplay","7":"product_cat-genshin-impact-cosplay","8":"desktop-align-left","9":"tablet-align-left","10":"mobile-align-left","11":"ast-product-gallery-layout-horizontal-slider","12":"ast-product-gallery-with-no-image","13":"ast-product-tabs-layout-horizontal","15":"first","16":"instock","17":"purchasable","18":"product-type-simple"},"acf":[],"aioseo_notices":[],"_links":{"self":[{"href":"https:\/\/yumicos.com\/fr\/wp-json\/wp\/v2\/product\/27239","targetHints":{"allow":["GET"]}}],"collection":[{"href":"https:\/\/yumicos.com\/fr\/wp-json\/wp\/v2\/product"}],"about":[{"href":"https:\/\/yumicos.com\/fr\/wp-json\/wp\/v2\/types\/product"}],"replies":[{"embeddable":true,"href":"https:\/\/yumicos.com\/fr\/wp-json\/wp\/v2\/comments?post=27239"}],"wp:featuredmedia":[{"embeddable":true,"href":"https:\/\/yumicos.com\/fr\/wp-json\/wp\/v2\/media\/3240"}],"wp:attachment":[{"href":"https:\/\/yumicos.com\/fr\/wp-json\/wp\/v2\/media?parent=27239"}],"wp:term":[{"taxonomy":"product_brand","embeddable":true,"href":"https:\/\/yumicos.com\/fr\/wp-json\/wp\/v2\/product_brand?post=27239"},{"taxonomy":"product_cat","embeddable":true,"href":"https:\/\/yumicos.com\/fr\/wp-json\/wp\/v2\/product_cat?post=27239"},{"taxonomy":"product_tag","embeddable":true,"href":"https:\/\/yumicos.com\/fr\/wp-json\/wp\/v2\/product_tag?post=27239"}],"curies":[{"name":"wp","href":"https:\/\/api.w.org\/{rel}","templated":true}]}}