{"id":25714,"date":"2025-05-14T16:56:30","date_gmt":"2025-05-14T16:56:30","guid":{"rendered":"https:\/\/yumicos.com\/product\/anaxa-cosplay-shoes-honkai-star-rail-character-boots\/"},"modified":"2025-10-13T15:34:23","modified_gmt":"2025-10-13T15:34:23","slug":"anaxa-cosplay-shoes","status":"publish","type":"product","link":"https:\/\/yumicos.com\/fr\/product\/anaxa-cosplay-shoes\/","title":{"rendered":"Anaxa Cosplay Shoes &#8211; Honkai : Star Rail Character Boots"},"content":{"rendered":"<div style=\"width: 100%;\">\n<p><strong>Note : Les produits seront exp\u00e9di\u00e9s dans un d\u00e9lai de 7 \u00e0 10 jours.<\/strong><\/p>\n<p><strong>Source:<a href=\"https:\/\/yumicos.com\/fr\/product-category\/game-cosplay-fr\/honkai-star-rail-fr\/\">Honkai : Star Rail<\/a><\/strong><\/p>\n<p><strong>Personnage<\/strong>:Anaxa<\/p>\n<p><strong>Inclus<\/strong>: Chaussures<\/p>\n<p><strong>Veuillez noter :<\/strong><\/p>\n<ul>\n<li data-start=\"17\" data-end=\"132\">Les tailles de chaussures sont aux normes chinoises. Veuillez vous r\u00e9f\u00e9rer au tableau des tailles ci-dessous pour choisir la taille qui vous convient.<\/li>\n<li data-start=\"133\" data-end=\"430\">Pour les chaussures \u00e0 talons hauts, si la longueur du pied d\u00e9passe 26,5 cm, elles seront transform\u00e9es en talons bas et devront \u00eatre personnalis\u00e9es.<\/li>\n<li data-start=\"133\" data-end=\"430\">Elles n&#8217;auront pas le m\u00eame aspect que sur les photos. Veuillez r\u00e9fl\u00e9chir attentivement avant d&#8217;acheter si cela vous importe. Contactez le service client\u00e8le si vous avez des questions.<\/li>\n<li data-start=\"431\" data-end=\"544\">Pour les chaussures pour hommes dont la longueur du pied est sup\u00e9rieure \u00e0 26,5 cm, veuillez contacter le service client\u00e8le pour une personnalisation.<\/li>\n<\/ul>\n<table style=\"height: 50px;\" border=\"1px\">\n<tbody>\n<tr>\n<td style=\"width: 20px;\"><strong>Longueur du pied<\/strong><\/td>\n<td style=\"width: 20px;\"><strong>22cm<\/strong><\/td>\n<td style=\"width: 20px;\"><strong>22.5cm<\/strong><\/td>\n<td style=\"width: 20px;\"><strong>23cm<\/strong><\/td>\n<td style=\"width: 20px;\"><strong>23.5cm<\/strong><\/td>\n<td style=\"width: 20px;\"><strong>24 cm<\/strong><\/td>\n<td style=\"width: 20px;\"><strong>24.5cm<\/strong><\/td>\n<td style=\"width: 20px;\"><strong>25cm<\/strong><\/td>\n<td style=\"width: 20px;\"><strong>25.5cm<\/strong><\/td>\n<td style=\"width: 20px;\"><strong>26cm<\/strong><\/td>\n<td style=\"width: 20px;\"><strong>26.5cm<\/strong><\/td>\n<\/tr>\n<tr>\n<td style=\"width: 20px;\"><strong>Taille US<\/strong><\/td>\n<td style=\"width: 20px;\">4.5<\/td>\n<td style=\"width: 20px;\">5<\/td>\n<td style=\"width: 20px;\">6<\/td>\n<td style=\"width: 20px;\">6.5<\/td>\n<td style=\"width: 20px;\">7.5<\/td>\n<td style=\"width: 20px;\">8.5<\/td>\n<td style=\"width: 20px;\">9.5<\/td>\n<td style=\"width: 20px;\">10<\/td>\n<td style=\"width: 20px;\">10.5<\/td>\n<td style=\"width: 20px;\">11<\/td>\n<\/tr>\n<tr>\n<td style=\"width: 20px;\"><strong>Taille UK<\/strong><\/td>\n<td style=\"width: 20px;\">2<\/td>\n<td style=\"width: 20px;\">2.5<\/td>\n<td style=\"width: 20px;\">3.5<\/td>\n<td style=\"width: 20px;\">4<\/td>\n<td style=\"width: 20px;\">5<\/td>\n<td style=\"width: 20px;\">6<\/td>\n<td style=\"width: 20px;\">7<\/td>\n<td style=\"width: 20px;\">7.5<\/td>\n<td style=\"width: 20px;\">8<\/td>\n<td style=\"width: 20px;\">8.5<\/td>\n<\/tr>\n<tr>\n<td style=\"width: 20px;\"><strong>Taille de la Chine<\/strong><\/td>\n<td style=\"width: 20px;\">34<\/td>\n<td style=\"width: 20px;\">35<\/td>\n<td style=\"width: 20px;\">36<\/td>\n<td style=\"width: 20px;\">37<\/td>\n<td style=\"width: 20px;\">38<\/td>\n<td style=\"width: 20px;\">39<\/td>\n<td style=\"width: 20px;\">40<\/td>\n<td style=\"width: 20px;\">41<\/td>\n<td style=\"width: 20px;\">42<\/td>\n<td style=\"width: 20px;\">43<\/td>\n<\/tr>\n<\/tbody>\n<\/table>\n<\/div>\n","protected":false},"excerpt":{"rendered":"<p class=\"\" data-start=\"3648\" data-end=\"3788\">Marchez en toute confiance avec ces bottes de cosplay Anaxa con\u00e7ues pour correspondre \u00e0 son look officiel dans le jeu, parfaites pour les photoshoots et les \u00e9v\u00e9nements.<\/p>\n<h3 class=\"\" data-start=\"3790\" data-end=\"3802\"><\/h3>\n","protected":false},"featured_media":15908,"comment_status":"open","ping_status":"closed","template":"","meta":{"_acf_changed":false,"_monsterinsights_skip_tracking":false,"_monsterinsights_sitenote_active":false,"_monsterinsights_sitenote_note":"","_monsterinsights_sitenote_category":0,"site-sidebar-layout":"default","site-content-layout":"","ast-site-content-layout":"default","site-content-style":"default","site-sidebar-style":"default","ast-global-header-display":"","ast-banner-title-visibility":"","ast-main-header-display":"","ast-hfb-above-header-display":"","ast-hfb-below-header-display":"","ast-hfb-mobile-header-display":"","site-post-title":"","ast-breadcrumbs-content":"","ast-featured-img":"","footer-sml-layout":"","theme-transparent-header-meta":"default","adv-header-id-meta":"","stick-header-meta":"default","header-above-stick-meta":"","header-main-stick-meta":"","header-below-stick-meta":"","astra-migrate-meta-layouts":"default","ast-page-background-enabled":"default","ast-page-background-meta":{"desktop":{"background-color":"var(--ast-global-color-4)","background-image":"","background-repeat":"repeat","background-position":"center center","background-size":"auto","background-attachment":"scroll","background-type":"","background-media":"","overlay-type":"","overlay-color":"","overlay-opacity":"","overlay-gradient":""},"tablet":{"background-color":"","background-image":"","background-repeat":"repeat","background-position":"center center","background-size":"auto","background-attachment":"scroll","background-type":"","background-media":"","overlay-type":"","overlay-color":"","overlay-opacity":"","overlay-gradient":""},"mobile":{"background-color":"","background-image":"","background-repeat":"repeat","background-position":"center center","background-size":"auto","background-attachment":"scroll","background-type":"","background-media":"","overlay-type":"","overlay-color":"","overlay-opacity":"","overlay-gradient":""}},"ast-content-background-meta":{"desktop":{"background-color":"var(--ast-global-color-5)","background-image":"","background-repeat":"repeat","background-position":"center center","background-size":"auto","background-attachment":"scroll","background-type":"","background-media":"","overlay-type":"","overlay-color":"","overlay-opacity":"","overlay-gradient":""},"tablet":{"background-color":"var(--ast-global-color-5)","background-image":"","background-repeat":"repeat","background-position":"center center","background-size":"auto","background-attachment":"scroll","background-type":"","background-media":"","overlay-type":"","overlay-color":"","overlay-opacity":"","overlay-gradient":""},"mobile":{"background-color":"var(--ast-global-color-5)","background-image":"","background-repeat":"repeat","background-position":"center center","background-size":"auto","background-attachment":"scroll","background-type":"","background-media":"","overlay-type":"","overlay-color":"","overlay-opacity":"","overlay-gradient":""}}},"product_brand":[],"product_cat":[115,123],"product_tag":[],"class_list":{"0":"post-25714","1":"product","2":"type-product","3":"status-publish","4":"has-post-thumbnail","6":"product_cat-game-cosplay","7":"product_cat-honkai-star-rail-cosplay","8":"desktop-align-left","9":"tablet-align-left","10":"mobile-align-left","11":"ast-product-gallery-layout-horizontal-slider","12":"ast-product-gallery-with-no-image","13":"ast-product-single-variable","14":"ast-product-tabs-layout-horizontal","16":"first","17":"instock","18":"purchasable","19":"product-type-variable"},"acf":[],"aioseo_notices":[],"_links":{"self":[{"href":"https:\/\/yumicos.com\/fr\/wp-json\/wp\/v2\/product\/25714","targetHints":{"allow":["GET"]}}],"collection":[{"href":"https:\/\/yumicos.com\/fr\/wp-json\/wp\/v2\/product"}],"about":[{"href":"https:\/\/yumicos.com\/fr\/wp-json\/wp\/v2\/types\/product"}],"replies":[{"embeddable":true,"href":"https:\/\/yumicos.com\/fr\/wp-json\/wp\/v2\/comments?post=25714"}],"wp:featuredmedia":[{"embeddable":true,"href":"https:\/\/yumicos.com\/fr\/wp-json\/wp\/v2\/media\/15908"}],"wp:attachment":[{"href":"https:\/\/yumicos.com\/fr\/wp-json\/wp\/v2\/media?parent=25714"}],"wp:term":[{"taxonomy":"product_brand","embeddable":true,"href":"https:\/\/yumicos.com\/fr\/wp-json\/wp\/v2\/product_brand?post=25714"},{"taxonomy":"product_cat","embeddable":true,"href":"https:\/\/yumicos.com\/fr\/wp-json\/wp\/v2\/product_cat?post=25714"},{"taxonomy":"product_tag","embeddable":true,"href":"https:\/\/yumicos.com\/fr\/wp-json\/wp\/v2\/product_tag?post=25714"}],"curies":[{"name":"wp","href":"https:\/\/api.w.org\/{rel}","templated":true}]}}