{"id":24168,"date":"2025-05-30T15:51:38","date_gmt":"2025-05-30T15:51:38","guid":{"rendered":"https:\/\/yumicos.com\/product\/cardcaptor-sakura-kinomoto-blue-date-dress-cosplay-costume\/"},"modified":"2025-10-13T10:47:40","modified_gmt":"2025-10-13T10:47:40","slug":"cardcaptor-sakura-kinomoto-blue-date-dress-cosplay-costume","status":"publish","type":"product","link":"https:\/\/yumicos.com\/fr\/product\/cardcaptor-sakura-kinomoto-blue-date-dress-cosplay-costume\/","title":{"rendered":"Cardcaptor Sakura Kinomoto Blue Date Dress Cosplay Costume"},"content":{"rendered":"<p><img fetchpriority=\"high\" decoding=\"async\" class=\"alignnone size-full wp-image-285\" src=\"https:\/\/yumicos.com\/wp-content\/uploads\/2025\/01\/chanp.jpg\" alt=\"\" width=\"790\" height=\"92\" srcset=\"https:\/\/yumicos.com\/wp-content\/uploads\/2025\/01\/chanp.jpg 790w, https:\/\/yumicos.com\/wp-content\/uploads\/2025\/01\/chanp-300x35.jpg 300w, https:\/\/yumicos.com\/wp-content\/uploads\/2025\/01\/chanp-768x89.jpg 768w, https:\/\/yumicos.com\/wp-content\/uploads\/2025\/01\/chanp-600x70.jpg 600w\" sizes=\"(max-width: 790px) 100vw, 790px\" \/><\/p>\n<p><strong>Source<\/strong>:Cardcaptor Sakura<\/p>\n<p><strong>Personnage<\/strong>:Sakura<\/p>\n<p><strong>Inclus<\/strong>:Manteau+V\u00eatements int\u00e9rieurs+Accessoires de col+Accessoires de t\u00eate<\/p>\n<p data-start=\"0\" data-end=\"105\"><strong data-start=\"0\" data-end=\"13\">Mati\u00e8re :<\/strong> Fabriqu\u00e9 en polyester de haute qualit\u00e9 et en cuir synth\u00e9tique pour une tenue confortable et durable.<\/p>\n<p data-start=\"107\" data-end=\"204\"><strong data-start=\"107\" data-end=\"129\">Instructions d&#8217;entretien :<\/strong> Laver \u00e0 la main \u00e0 l&#8217;eau froide, \u00e9viter l&#8217;eau de Javel et suspendre pour s\u00e9cher.<\/p>\n<p data-start=\"206\" data-end=\"319\"><strong data-start=\"206\" data-end=\"215\">Taille :<\/strong> Veuillez noter que la taille suit les normes asiatiques et peut varier de 1 \u00e0 3 cm en raison de la mesure manuelle.<\/p>\n<p data-start=\"321\" data-end=\"347\" data-is-last-node=\"\" data-is-only-node=\"\"><strong data-start=\"321\" data-end=\"329\">Conseil :<\/strong> 1 cm \u2248 0.39 inch.<\/p>\n<p><img decoding=\"async\" class=\"alignnone size-full wp-image-288\" src=\"https:\/\/yumicos.com\/wp-content\/uploads\/2025\/01\/shiwuzhanshi.jpg\" alt=\"\" width=\"790\" height=\"92\" srcset=\"https:\/\/yumicos.com\/wp-content\/uploads\/2025\/01\/shiwuzhanshi.jpg 790w, https:\/\/yumicos.com\/wp-content\/uploads\/2025\/01\/shiwuzhanshi-300x35.jpg 300w, https:\/\/yumicos.com\/wp-content\/uploads\/2025\/01\/shiwuzhanshi-768x89.jpg 768w, https:\/\/yumicos.com\/wp-content\/uploads\/2025\/01\/shiwuzhanshi-600x70.jpg 600w\" sizes=\"(max-width: 790px) 100vw, 790px\" \/><\/p>\n<p><img decoding=\"async\" class=\"size-full wp-image-4382\" src=\"https:\/\/yumicos.com\/wp-content\/uploads\/2025\/05\/5-15.jpg\" alt=\"Front view of Sakura\u2019s date outfit in blue cosplay dress\" width=\"750\" height=\"1000\" \/><\/p>\n<p><img loading=\"lazy\" decoding=\"async\" class=\"alignnone size-full wp-image-287\" src=\"https:\/\/yumicos.com\/wp-content\/uploads\/2025\/01\/xijie.jpg\" alt=\"\" width=\"790\" height=\"92\" srcset=\"https:\/\/yumicos.com\/wp-content\/uploads\/2025\/01\/xijie.jpg 790w, https:\/\/yumicos.com\/wp-content\/uploads\/2025\/01\/xijie-300x35.jpg 300w, https:\/\/yumicos.com\/wp-content\/uploads\/2025\/01\/xijie-768x89.jpg 768w, https:\/\/yumicos.com\/wp-content\/uploads\/2025\/01\/xijie-600x70.jpg 600w\" sizes=\"(max-width: 790px) 100vw, 790px\" \/><\/p>\n<p><img loading=\"lazy\" decoding=\"async\" class=\"size-full wp-image-4380\" src=\"https:\/\/yumicos.com\/wp-content\/uploads\/2025\/05\/3-16.jpg\" alt=\"Close-up of neckline, cuffs, and stitching\" width=\"750\" height=\"1000\" \/><\/p>\n<p><img loading=\"lazy\" decoding=\"async\" class=\"size-full wp-image-4387\" src=\"https:\/\/yumicos.com\/wp-content\/uploads\/2025\/05\/8-13.jpg\" alt=\"Close-up of neckline, cuffs, and stitching\" width=\"750\" height=\"1000\" \/><\/p>\n","protected":false},"excerpt":{"rendered":"<p>Inspir\u00e9e de l&#8217;adorable tenue de sortie de Sakura dans <em data-start=\"863\" data-end=\"882\">Cardcaptor Sakura<\/em>, cette robe bleue et blanche est fabriqu\u00e9e en coton m\u00e9lang\u00e9 doux et comprend un n\u0153ud et une ceinture assortis. Un m\u00e9lange parfait d&#8217;\u00e9l\u00e9gance et de confort.<\/p>\n","protected":false},"featured_media":16572,"comment_status":"open","ping_status":"closed","template":"","meta":{"_acf_changed":false,"_monsterinsights_skip_tracking":false,"_monsterinsights_sitenote_active":false,"_monsterinsights_sitenote_note":"","_monsterinsights_sitenote_category":0,"site-sidebar-layout":"default","site-content-layout":"","ast-site-content-layout":"default","site-content-style":"default","site-sidebar-style":"default","ast-global-header-display":"","ast-banner-title-visibility":"","ast-main-header-display":"","ast-hfb-above-header-display":"","ast-hfb-below-header-display":"","ast-hfb-mobile-header-display":"","site-post-title":"","ast-breadcrumbs-content":"","ast-featured-img":"","footer-sml-layout":"","theme-transparent-header-meta":"default","adv-header-id-meta":"","stick-header-meta":"default","header-above-stick-meta":"","header-main-stick-meta":"","header-below-stick-meta":"","astra-migrate-meta-layouts":"default","ast-page-background-enabled":"default","ast-page-background-meta":{"desktop":{"background-color":"var(--ast-global-color-4)","background-image":"","background-repeat":"repeat","background-position":"center center","background-size":"auto","background-attachment":"scroll","background-type":"","background-media":"","overlay-type":"","overlay-color":"","overlay-opacity":"","overlay-gradient":""},"tablet":{"background-color":"","background-image":"","background-repeat":"repeat","background-position":"center center","background-size":"auto","background-attachment":"scroll","background-type":"","background-media":"","overlay-type":"","overlay-color":"","overlay-opacity":"","overlay-gradient":""},"mobile":{"background-color":"","background-image":"","background-repeat":"repeat","background-position":"center center","background-size":"auto","background-attachment":"scroll","background-type":"","background-media":"","overlay-type":"","overlay-color":"","overlay-opacity":"","overlay-gradient":""}},"ast-content-background-meta":{"desktop":{"background-color":"var(--ast-global-color-5)","background-image":"","background-repeat":"repeat","background-position":"center center","background-size":"auto","background-attachment":"scroll","background-type":"","background-media":"","overlay-type":"","overlay-color":"","overlay-opacity":"","overlay-gradient":""},"tablet":{"background-color":"var(--ast-global-color-5)","background-image":"","background-repeat":"repeat","background-position":"center center","background-size":"auto","background-attachment":"scroll","background-type":"","background-media":"","overlay-type":"","overlay-color":"","overlay-opacity":"","overlay-gradient":""},"mobile":{"background-color":"var(--ast-global-color-5)","background-image":"","background-repeat":"repeat","background-position":"center center","background-size":"auto","background-attachment":"scroll","background-type":"","background-media":"","overlay-type":"","overlay-color":"","overlay-opacity":"","overlay-gradient":""}}},"product_brand":[],"product_cat":[155,194],"product_tag":[],"class_list":{"0":"post-24168","1":"product","2":"type-product","3":"status-publish","4":"has-post-thumbnail","6":"product_cat-anime","7":"product_cat-game-cardcaptor-sakura-cosplay","8":"desktop-align-left","9":"tablet-align-left","10":"mobile-align-left","11":"ast-product-gallery-layout-horizontal-slider","12":"ast-product-single-variable","13":"ast-product-tabs-layout-horizontal","15":"first","16":"instock","17":"purchasable","18":"product-type-variable"},"acf":[],"aioseo_notices":[],"_links":{"self":[{"href":"https:\/\/yumicos.com\/fr\/wp-json\/wp\/v2\/product\/24168","targetHints":{"allow":["GET"]}}],"collection":[{"href":"https:\/\/yumicos.com\/fr\/wp-json\/wp\/v2\/product"}],"about":[{"href":"https:\/\/yumicos.com\/fr\/wp-json\/wp\/v2\/types\/product"}],"replies":[{"embeddable":true,"href":"https:\/\/yumicos.com\/fr\/wp-json\/wp\/v2\/comments?post=24168"}],"wp:featuredmedia":[{"embeddable":true,"href":"https:\/\/yumicos.com\/fr\/wp-json\/wp\/v2\/media\/16572"}],"wp:attachment":[{"href":"https:\/\/yumicos.com\/fr\/wp-json\/wp\/v2\/media?parent=24168"}],"wp:term":[{"taxonomy":"product_brand","embeddable":true,"href":"https:\/\/yumicos.com\/fr\/wp-json\/wp\/v2\/product_brand?post=24168"},{"taxonomy":"product_cat","embeddable":true,"href":"https:\/\/yumicos.com\/fr\/wp-json\/wp\/v2\/product_cat?post=24168"},{"taxonomy":"product_tag","embeddable":true,"href":"https:\/\/yumicos.com\/fr\/wp-json\/wp\/v2\/product_tag?post=24168"}],"curies":[{"name":"wp","href":"https:\/\/api.w.org\/{rel}","templated":true}]}}