{"id":20709,"date":"2024-12-29T13:44:52","date_gmt":"2024-12-29T13:44:52","guid":{"rendered":"https:\/\/yumicos.com\/a-propos-de-nous\/"},"modified":"2025-09-22T14:06:29","modified_gmt":"2025-09-22T14:06:29","slug":"a-propos-de-nous","status":"publish","type":"page","link":"https:\/\/yumicos.com\/fr\/a-propos-de-nous\/","title":{"rendered":"A propos de nous"},"content":{"rendered":"\t\t<div data-elementor-type=\"wp-page\" data-elementor-id=\"20709\" class=\"elementor elementor-20709 elementor-23\" data-elementor-post-type=\"page\">\n\t\t\t\t<div class=\"elementor-element elementor-element-a72a091 e-flex e-con-boxed e-con e-parent\" data-id=\"a72a091\" data-element_type=\"container\">\n\t\t\t\t\t<div class=\"e-con-inner\">\n\t\t\t\t<div class=\"elementor-element elementor-element-7119802 elementor-widget elementor-widget-text-editor\" data-id=\"7119802\" data-element_type=\"widget\" data-widget_type=\"text-editor.default\">\n\t\t\t\t<div class=\"elementor-widget-container\">\n\t\t\t\t\t\t\t\t\t<p data-start=\"1489\" data-end=\"1501\"><strong data-start=\"1489\" data-end=\"1501\">\u00c0 propos de nous<\/strong><\/p><p data-start=\"1503\" data-end=\"1775\">Chez Yumicos, notre passion est de rendre le cosplay accessible, amusant et abordable. Avec plus de 10 ans d&#8217;exp\u00e9rience dans l&#8217;artisanat du cosplay, nous sommes sp\u00e9cialis\u00e9s dans la cr\u00e9ation de costumes rentables qui concilient design, confort et prix abordables, parfaits pour les fans du monde entier. <\/p><p data-start=\"1777\" data-end=\"2051\">Nous comprenons la joie de devenir votre personnage pr\u00e9f\u00e9r\u00e9, que ce soit pour une convention, une s\u00e9ance photo ou juste pour le plaisir. C&#8217;est pourquoi chaque pi\u00e8ce que nous fabriquons est con\u00e7ue avec soin, en utilisant des mat\u00e9riaux s\u00e9lectionn\u00e9s avec soin et des designs d\u00e9taill\u00e9s pour aider \u00e0 donner vie \u00e0 vos personnages pr\u00e9f\u00e9r\u00e9s. <\/p><p data-start=\"2053\" data-end=\"2264\">Que vous soyez d\u00e9butant ou cosplayeur chevronn\u00e9, vous trouverez ce dont vous avez besoin chez Yumicos, sans vous ruiner. Notre mission est simple : rendre votre exp\u00e9rience du cosplay fluide, excitante et inoubliable. <\/p><p data-start=\"2266\" data-end=\"2501\">Aujourd&#8217;hui, nous sommes fiers de nous d\u00e9velopper \u00e0 l&#8217;\u00e9chelle mondiale gr\u00e2ce \u00e0 notre propre plateforme, en proposant nos produits directement \u00e0 la communaut\u00e9 internationale du cosplay. Nous offrons tout ce dont vous avez besoin pour ressembler \u00e0 vos personnages pr\u00e9f\u00e9r\u00e9s et vous sentir comme eux : facile, abordable et amusant. <\/p><p data-start=\"2503\" data-end=\"2654\">Vous avez des questions sur les tailles, la livraison ou la personnalisation de votre look ? Contactez-nous simplement \u00e0 <a href=\"mailto:yaoqitawo@gmail.com\">yaoqitawo@gmail.com<\/a>\u2014 nous sommes l\u00e0 pour vous aider \u00e0 chaque \u00e9tape. <\/p>\t\t\t\t\t\t\t\t<\/div>\n\t\t\t\t<\/div>\n\t\t\t\t\t<\/div>\n\t\t\t\t<\/div>\n\t\t\t\t<\/div>\n\t\t","protected":false},"excerpt":{"rendered":"<p>\u00c0 propos de nous Chez Yumicos, notre passion est de rendre le cosplay accessible, amusant et abordable. Avec plus de [&hellip;]<\/p>\n","protected":false},"author":1,"featured_media":0,"parent":0,"menu_order":0,"comment_status":"closed","ping_status":"closed","template":"","meta":{"_acf_changed":false,"_monsterinsights_skip_tracking":false,"_monsterinsights_sitenote_active":false,"_monsterinsights_sitenote_note":"","_monsterinsights_sitenote_category":0,"site-sidebar-layout":"no-sidebar","site-content-layout":"","ast-site-content-layout":"full-width-container","site-content-style":"default","site-sidebar-style":"default","ast-global-header-display":"","ast-banner-title-visibility":"","ast-main-header-display":"","ast-hfb-above-header-display":"","ast-hfb-below-header-display":"","ast-hfb-mobile-header-display":"","site-post-title":"disabled","ast-breadcrumbs-content":"","ast-featured-img":"disabled","footer-sml-layout":"","theme-transparent-header-meta":"","adv-header-id-meta":"","stick-header-meta":"","header-above-stick-meta":"","header-main-stick-meta":"","header-below-stick-meta":"","astra-migrate-meta-layouts":"default","ast-page-background-enabled":"default","ast-page-background-meta":{"desktop":{"background-color":"var(--ast-global-color-4)","background-image":"","background-repeat":"repeat","background-position":"center center","background-size":"auto","background-attachment":"scroll","background-type":"","background-media":"","overlay-type":"","overlay-color":"","overlay-opacity":"","overlay-gradient":""},"tablet":{"background-color":"","background-image":"","background-repeat":"repeat","background-position":"center center","background-size":"auto","background-attachment":"scroll","background-type":"","background-media":"","overlay-type":"","overlay-color":"","overlay-opacity":"","overlay-gradient":""},"mobile":{"background-color":"","background-image":"","background-repeat":"repeat","background-position":"center center","background-size":"auto","background-attachment":"scroll","background-type":"","background-media":"","overlay-type":"","overlay-color":"","overlay-opacity":"","overlay-gradient":""}},"ast-content-background-meta":{"desktop":{"background-color":"var(--ast-global-color-5)","background-image":"","background-repeat":"repeat","background-position":"center center","background-size":"auto","background-attachment":"scroll","background-type":"","background-media":"","overlay-type":"","overlay-color":"","overlay-opacity":"","overlay-gradient":""},"tablet":{"background-color":"var(--ast-global-color-5)","background-image":"","background-repeat":"repeat","background-position":"center center","background-size":"auto","background-attachment":"scroll","background-type":"","background-media":"","overlay-type":"","overlay-color":"","overlay-opacity":"","overlay-gradient":""},"mobile":{"background-color":"var(--ast-global-color-5)","background-image":"","background-repeat":"repeat","background-position":"center center","background-size":"auto","background-attachment":"scroll","background-type":"","background-media":"","overlay-type":"","overlay-color":"","overlay-opacity":"","overlay-gradient":""}},"two_page_speed":[],"footnotes":""},"class_list":["post-20709","page","type-page","status-publish","hentry"],"acf":[],"aioseo_notices":[],"_links":{"self":[{"href":"https:\/\/yumicos.com\/fr\/wp-json\/wp\/v2\/pages\/20709","targetHints":{"allow":["GET"]}}],"collection":[{"href":"https:\/\/yumicos.com\/fr\/wp-json\/wp\/v2\/pages"}],"about":[{"href":"https:\/\/yumicos.com\/fr\/wp-json\/wp\/v2\/types\/page"}],"author":[{"embeddable":true,"href":"https:\/\/yumicos.com\/fr\/wp-json\/wp\/v2\/users\/1"}],"replies":[{"embeddable":true,"href":"https:\/\/yumicos.com\/fr\/wp-json\/wp\/v2\/comments?post=20709"}],"version-history":[{"count":6,"href":"https:\/\/yumicos.com\/fr\/wp-json\/wp\/v2\/pages\/20709\/revisions"}],"predecessor-version":[{"id":24564,"href":"https:\/\/yumicos.com\/fr\/wp-json\/wp\/v2\/pages\/20709\/revisions\/24564"}],"wp:attachment":[{"href":"https:\/\/yumicos.com\/fr\/wp-json\/wp\/v2\/media?parent=20709"}],"curies":[{"name":"wp","href":"https:\/\/api.w.org\/{rel}","templated":true}]}}