{"id":19347,"date":"2025-02-19T09:37:09","date_gmt":"2025-02-19T09:37:09","guid":{"rendered":"https:\/\/yumicos.com\/politique-de-remboursement-et-de-retour\/"},"modified":"2025-10-29T16:06:52","modified_gmt":"2025-10-29T16:06:52","slug":"politique-de-remboursement-et-de-retour","status":"publish","type":"page","link":"https:\/\/yumicos.com\/fr\/politique-de-remboursement-et-de-retour\/","title":{"rendered":"Politique de remboursement et de retour"},"content":{"rendered":"\t\t<div data-elementor-type=\"wp-page\" data-elementor-id=\"19347\" class=\"elementor elementor-19347 elementor-9\" data-elementor-post-type=\"page\">\n\t\t\t\t<div class=\"elementor-element elementor-element-6931e233 e-flex e-con-boxed e-con e-parent\" data-id=\"6931e233\" data-element_type=\"container\">\n\t\t\t\t\t<div class=\"e-con-inner\">\n\t\t\t\t<div class=\"elementor-element elementor-element-38699a93 elementor-widget elementor-widget-text-editor\" data-id=\"38699a93\" data-element_type=\"widget\" data-widget_type=\"text-editor.default\">\n\t\t\t\t<div class=\"elementor-widget-container\">\n\t\t\t\t\t\t\t\t\t<h3 data-start=\"83\" data-end=\"94\">Retours<\/h3>\n<p data-start=\"96\" data-end=\"234\">Notre politique a une dur\u00e9e de 15 jours. Si 15 jours se sont \u00e9coul\u00e9s depuis l&#8217;arriv\u00e9e de votre commande, nous ne pouvons malheureusement pas vous proposer de remboursement ou d&#8217;\u00e9change.<\/p>\n<p data-start=\"236\" data-end=\"445\">Pour pouvoir \u00eatre retourn\u00e9, votre article doit \u00eatre inutilis\u00e9, dans le m\u00eame \u00e9tat que celui dans lequel vous l&#8217;avez re\u00e7u et dans son emballage d&#8217;origine (vous pouvez essayer le costume, mais veillez \u00e0 ce qu&#8217;il reste propre et intact). (Vous pouvez essayer le costume, mais veillez \u00e0 ce qu&#8217;il reste propre et intact)<\/p>\n<p data-start=\"447\" data-end=\"514\">Pour compl\u00e9ter votre retour, nous avons besoin d&#8217;un re\u00e7u ou d&#8217;une preuve d&#8217;achat.<\/p>\n<p data-start=\"516\" data-end=\"570\">Les conditions suivantes ne sont pas accept\u00e9es pour les retours :<\/p>\n<ol data-start=\"571\" data-end=\"1127\">\n<li data-start=\"571\" data-end=\"623\">Les retours partiels de costumes ne seront pas rembours\u00e9s.<\/li>\n<li data-start=\"624\" data-end=\"675\">Les articles port\u00e9s, utilis\u00e9s ou modifi\u00e9s ne peuvent \u00eatre retourn\u00e9s.<\/li>\n<li data-start=\"676\" data-end=\"734\">Les sous-v\u00eatements, les chaussettes et les bas ne peuvent pas \u00eatre retourn\u00e9s.<\/li>\n<li data-start=\"735\" data-end=\"844\">Les articles con\u00e7us pour \u00eatre port\u00e9s une seule fois ou pour \u00eatre utilis\u00e9s \u00e0 l&#8217;int\u00e9rieur (tels que les couvre-chaussures, les hauts de bottes, etc.) ne peuvent pas \u00eatre retourn\u00e9s.<\/li>\n<li data-start=\"845\" data-end=\"1127\">Les colis refus\u00e9s sans autorisation seront factur\u00e9s pour le montant total de la commande en tant que frais de retour. Ceci s&#8217;applique aux cas o\u00f9 vous avez oubli\u00e9 de signer pour le colis et qu&#8217;il nous est retourn\u00e9. Si vous souhaitez que l&#8217;article vous soit renvoy\u00e9, vous devrez payer les nouveaux frais d&#8217;exp\u00e9dition.<\/li>\n<\/ol>\n<p data-start=\"1129\" data-end=\"1197\">Certaines situations peuvent donner lieu \u00e0 un remboursement partiel (le cas \u00e9ch\u00e9ant) :<\/p>\n<ol data-start=\"1198\" data-end=\"1363\">\n<li data-start=\"1198\" data-end=\"1308\">Tout article qui n&#8217;est pas dans son \u00e9tat d&#8217;origine, endommag\u00e9 ou auquel il manque des pi\u00e8ces pour des raisons qui ne sont pas dues \u00e0 une erreur de notre part.<\/li>\n<li data-start=\"1309\" data-end=\"1363\">Tout article retourn\u00e9 plus de 15 jours apr\u00e8s la livraison.<\/li>\n<\/ol>\n<p data-start=\"1365\" data-end=\"1562\"><strong data-start=\"1365\" data-end=\"1379\">Important :<\/strong> veuillez nous contacter \u00e0 l&#8217;adresse suivante <strong><span style=\"text-decoration: underline;\">yumicos.cosplay@gmail.com<\/span><\/strong> pour obtenir l&#8217;adresse de retour correcte avant de renvoyer les articles. Les retours non autoris\u00e9s entra\u00eenant l&#8217;introuvabilit\u00e9 du colis ne seront pas rembours\u00e9s.<\/p>\n<hr data-start=\"1564\" data-end=\"1567\" \/>\n<h3 data-start=\"1569\" data-end=\"1580\">Remboursement<\/h3>\n<p data-start=\"1582\" data-end=\"1912\">Une fois votre retour re\u00e7u et inspect\u00e9, nous vous enverrons un courrier \u00e9lectronique pour vous informer que nous avons re\u00e7u votre article retourn\u00e9. Nous vous informerons \u00e9galement de l&#8217;approbation ou du refus de votre remboursement. En cas d&#8217;approbation, votre remboursement sera trait\u00e9 et appliqu\u00e9 automatiquement \u00e0 votre carte de cr\u00e9dit ou \u00e0 votre mode de paiement initial dans les jours qui suivent.<\/p>\n<hr data-start=\"1914\" data-end=\"1917\" \/>\n<h3 data-start=\"1919\" data-end=\"1962\">Remboursements tardifs ou manquants (le cas \u00e9ch\u00e9ant)<\/h3>\n<p data-start=\"1964\" data-end=\"2244\">Si vous n&#8217;avez pas encore re\u00e7u votre remboursement, veuillez d&#8217;abord v\u00e9rifier \u00e0 nouveau votre compte bancaire. Contactez ensuite la soci\u00e9t\u00e9 \u00e9mettrice de votre carte de cr\u00e9dit, car il peut s&#8217;\u00e9couler un certain temps avant que le remboursement ne soit officiellement comptabilis\u00e9. Ensuite, contactez votre banque, car il y a souvent un d\u00e9lai de traitement avant que le remboursement n&#8217;apparaisse.<\/p>\n<p data-start=\"2246\" data-end=\"2360\">Si vous avez fait tout ce qui pr\u00e9c\u00e8de et que vous n&#8217;avez toujours pas re\u00e7u votre remboursement, veuillez nous contacter \u00e0 l&#8217;adresse suivante <br \/><strong><span style=\"text-decoration: underline;\">yumicos.cosplay@gmail.com<\/span><\/strong><\/p>\n<p><\/p>\t\t\t\t\t\t\t\t<\/div>\n\t\t\t\t<\/div>\n\t\t\t\t\t<\/div>\n\t\t\t\t<\/div>\n\t\t\t\t<\/div>\n\t\t","protected":false},"excerpt":{"rendered":"<p>Retours Notre politique a une dur\u00e9e de 15 jours. Si 15 jours se sont \u00e9coul\u00e9s depuis l&#8217;arriv\u00e9e de votre commande, [&hellip;]<\/p>\n","protected":false},"author":1,"featured_media":0,"parent":0,"menu_order":0,"comment_status":"closed","ping_status":"closed","template":"","meta":{"_acf_changed":false,"_monsterinsights_skip_tracking":false,"_monsterinsights_sitenote_active":false,"_monsterinsights_sitenote_note":"","_monsterinsights_sitenote_category":0,"site-sidebar-layout":"default","site-content-layout":"","ast-site-content-layout":"","site-content-style":"default","site-sidebar-style":"default","ast-global-header-display":"","ast-banner-title-visibility":"","ast-main-header-display":"","ast-hfb-above-header-display":"","ast-hfb-below-header-display":"","ast-hfb-mobile-header-display":"","site-post-title":"","ast-breadcrumbs-content":"","ast-featured-img":"","footer-sml-layout":"","theme-transparent-header-meta":"","adv-header-id-meta":"","stick-header-meta":"","header-above-stick-meta":"","header-main-stick-meta":"","header-below-stick-meta":"","astra-migrate-meta-layouts":"default","ast-page-background-enabled":"default","ast-page-background-meta":{"desktop":{"background-color":"var(--ast-global-color-4)","background-image":"","background-repeat":"repeat","background-position":"center center","background-size":"auto","background-attachment":"scroll","background-type":"","background-media":"","overlay-type":"","overlay-color":"","overlay-opacity":"","overlay-gradient":""},"tablet":{"background-color":"","background-image":"","background-repeat":"repeat","background-position":"center center","background-size":"auto","background-attachment":"scroll","background-type":"","background-media":"","overlay-type":"","overlay-color":"","overlay-opacity":"","overlay-gradient":""},"mobile":{"background-color":"","background-image":"","background-repeat":"repeat","background-position":"center center","background-size":"auto","background-attachment":"scroll","background-type":"","background-media":"","overlay-type":"","overlay-color":"","overlay-opacity":"","overlay-gradient":""}},"ast-content-background-meta":{"desktop":{"background-color":"var(--ast-global-color-5)","background-image":"","background-repeat":"repeat","background-position":"center center","background-size":"auto","background-attachment":"scroll","background-type":"","background-media":"","overlay-type":"","overlay-color":"","overlay-opacity":"","overlay-gradient":""},"tablet":{"background-color":"var(--ast-global-color-5)","background-image":"","background-repeat":"repeat","background-position":"center center","background-size":"auto","background-attachment":"scroll","background-type":"","background-media":"","overlay-type":"","overlay-color":"","overlay-opacity":"","overlay-gradient":""},"mobile":{"background-color":"var(--ast-global-color-5)","background-image":"","background-repeat":"repeat","background-position":"center center","background-size":"auto","background-attachment":"scroll","background-type":"","background-media":"","overlay-type":"","overlay-color":"","overlay-opacity":"","overlay-gradient":""}},"two_page_speed":[],"footnotes":""},"class_list":["post-19347","page","type-page","status-publish","hentry"],"acf":[],"aioseo_notices":[],"_links":{"self":[{"href":"https:\/\/yumicos.com\/fr\/wp-json\/wp\/v2\/pages\/19347","targetHints":{"allow":["GET"]}}],"collection":[{"href":"https:\/\/yumicos.com\/fr\/wp-json\/wp\/v2\/pages"}],"about":[{"href":"https:\/\/yumicos.com\/fr\/wp-json\/wp\/v2\/types\/page"}],"author":[{"embeddable":true,"href":"https:\/\/yumicos.com\/fr\/wp-json\/wp\/v2\/users\/1"}],"replies":[{"embeddable":true,"href":"https:\/\/yumicos.com\/fr\/wp-json\/wp\/v2\/comments?post=19347"}],"version-history":[{"count":4,"href":"https:\/\/yumicos.com\/fr\/wp-json\/wp\/v2\/pages\/19347\/revisions"}],"predecessor-version":[{"id":36836,"href":"https:\/\/yumicos.com\/fr\/wp-json\/wp\/v2\/pages\/19347\/revisions\/36836"}],"wp:attachment":[{"href":"https:\/\/yumicos.com\/fr\/wp-json\/wp\/v2\/media?parent=19347"}],"curies":[{"name":"wp","href":"https:\/\/api.w.org\/{rel}","templated":true}]}}