{"id":35080,"date":"2025-02-07T06:31:24","date_gmt":"2025-02-07T06:31:24","guid":{"rendered":"https:\/\/yumicos.com\/product\/spirit-blossom-ahri-cosplay-puku-league-of-legends-inspiroima-asu-league-of-legends-inspiroima-asu\/"},"modified":"2025-10-22T12:31:28","modified_gmt":"2025-10-22T12:31:28","slug":"spirit-blossom-ahri-cosplay","status":"publish","type":"product","link":"https:\/\/yumicos.com\/fi\/product\/spirit-blossom-ahri-cosplay\/","title":{"rendered":"Spirit Blossom Ahri Cosplay puku &#8211; League of Legends inspiroima asu &#8211; League of Legends inspiroima asu"},"content":{"rendered":"<p><img fetchpriority=\"high\" decoding=\"async\" class=\"alignnone size-full wp-image-285\" src=\"https:\/\/yumicos.com\/wp-content\/uploads\/2025\/01\/chanp.jpg\" alt=\"\" width=\"790\" height=\"92\" srcset=\"https:\/\/yumicos.com\/wp-content\/uploads\/2025\/01\/chanp.jpg 790w, https:\/\/yumicos.com\/wp-content\/uploads\/2025\/01\/chanp-300x35.jpg 300w, https:\/\/yumicos.com\/wp-content\/uploads\/2025\/01\/chanp-768x89.jpg 768w, https:\/\/yumicos.com\/wp-content\/uploads\/2025\/01\/chanp-600x70.jpg 600w\" sizes=\"(max-width: 790px) 100vw, 790px\" \/><\/p>\n<p><strong>Peli: <a href=\"https:\/\/yumicos.com\/fi\/product-category\/game-cosplay\/league-of-legends-cosplay\/\" target=\"_blank\" rel=\"noopener\"> League of Legends<\/a><\/strong><\/p>\n<p><strong>Hahmo: <\/strong>Legenda Legends: Spirit Blossom Ahri<\/p>\n<p>Sis\u00e4lt\u00e4\u00e4: Sis\u00e4lt\u00e4\u00e4 vaatteet, vy\u00f6t, rusetit, kellot, kaulakorut, p\u00e4\u00e4korut, s\u00e4\u00e4risukat.<\/p>\n<p><strong>Materiaalia: Materiaalia:<\/strong> Polyesteri<\/p>\n<p><strong>Hoito-ohjeet:<\/strong> K\u00e4sinpesu kylm\u00e4ss\u00e4 vedess\u00e4, ripusta kuivumaan, ei valkaisua<\/p>\n<p><strong>Koko<\/strong>: Huomaa, ett\u00e4 Aasian koot voivat poiketa 1-3 cm mittaustekniikasta johtuen.<\/p>\n<p><img decoding=\"async\" class=\"alignnone size-full wp-image-288\" src=\"https:\/\/yumicos.com\/wp-content\/uploads\/2025\/01\/shiwuzhanshi.jpg\" alt=\"\" width=\"790\" height=\"92\" srcset=\"https:\/\/yumicos.com\/wp-content\/uploads\/2025\/01\/shiwuzhanshi.jpg 790w, https:\/\/yumicos.com\/wp-content\/uploads\/2025\/01\/shiwuzhanshi-300x35.jpg 300w, https:\/\/yumicos.com\/wp-content\/uploads\/2025\/01\/shiwuzhanshi-768x89.jpg 768w, https:\/\/yumicos.com\/wp-content\/uploads\/2025\/01\/shiwuzhanshi-600x70.jpg 600w\" sizes=\"(max-width: 790px) 100vw, 790px\" \/><\/p>\n<p><img decoding=\"async\" class=\" wp-image-439\" src=\"https:\/\/yumicos.com\/wp-content\/uploads\/2025\/02\/1-1024x1024.jpg\" alt=\"Spirit Blossom Ahri cosplay costume from League of Legends \u2013 front view\" width=\"800\" height=\"800\" srcset=\"https:\/\/yumicos.com\/wp-content\/uploads\/2025\/02\/1-1024x1024.jpg 1024w, https:\/\/yumicos.com\/wp-content\/uploads\/2025\/02\/1-300x300.jpg 300w, https:\/\/yumicos.com\/wp-content\/uploads\/2025\/02\/1-150x150.jpg 150w, https:\/\/yumicos.com\/wp-content\/uploads\/2025\/02\/1-768x768.jpg 768w, https:\/\/yumicos.com\/wp-content\/uploads\/2025\/02\/1-1536x1536.jpg 1536w, https:\/\/yumicos.com\/wp-content\/uploads\/2025\/02\/1-600x600.jpg 600w, https:\/\/yumicos.com\/wp-content\/uploads\/2025\/02\/1-100x100.jpg 100w, https:\/\/yumicos.com\/wp-content\/uploads\/2025\/02\/1-50x50.jpg 50w, https:\/\/yumicos.com\/wp-content\/uploads\/2025\/02\/1.jpg 1920w\" sizes=\"(max-width: 800px) 100vw, 800px\" \/><\/p>\n<p><img loading=\"lazy\" decoding=\"async\" class=\" wp-image-441\" src=\"https:\/\/yumicos.com\/wp-content\/uploads\/2025\/02\/3-1024x1024.jpg\" alt=\"Spirit Blossom Ahri cosplay costume from League of Legends \u2013 front view\" width=\"800\" height=\"800\" srcset=\"https:\/\/yumicos.com\/wp-content\/uploads\/2025\/02\/3-1024x1024.jpg 1024w, https:\/\/yumicos.com\/wp-content\/uploads\/2025\/02\/3-300x300.jpg 300w, https:\/\/yumicos.com\/wp-content\/uploads\/2025\/02\/3-150x150.jpg 150w, https:\/\/yumicos.com\/wp-content\/uploads\/2025\/02\/3-768x768.jpg 768w, https:\/\/yumicos.com\/wp-content\/uploads\/2025\/02\/3-1536x1536.jpg 1536w, https:\/\/yumicos.com\/wp-content\/uploads\/2025\/02\/3-600x600.jpg 600w, https:\/\/yumicos.com\/wp-content\/uploads\/2025\/02\/3-100x100.jpg 100w, https:\/\/yumicos.com\/wp-content\/uploads\/2025\/02\/3-50x50.jpg 50w, https:\/\/yumicos.com\/wp-content\/uploads\/2025\/02\/3.jpg 1920w\" sizes=\"(max-width: 800px) 100vw, 800px\" \/><\/p>\n<p><img loading=\"lazy\" decoding=\"async\" class=\"alignnone size-full wp-image-287\" src=\"https:\/\/yumicos.com\/wp-content\/uploads\/2025\/01\/xijie.jpg\" alt=\"\" width=\"790\" height=\"92\" srcset=\"https:\/\/yumicos.com\/wp-content\/uploads\/2025\/01\/xijie.jpg 790w, https:\/\/yumicos.com\/wp-content\/uploads\/2025\/01\/xijie-300x35.jpg 300w, https:\/\/yumicos.com\/wp-content\/uploads\/2025\/01\/xijie-768x89.jpg 768w, https:\/\/yumicos.com\/wp-content\/uploads\/2025\/01\/xijie-600x70.jpg 600w\" sizes=\"(max-width: 790px) 100vw, 790px\" \/><\/p>\n<p><img loading=\"lazy\" decoding=\"async\" class=\" wp-image-450\" src=\"https:\/\/yumicos.com\/wp-content\/uploads\/2025\/02\/4.jpg\" alt=\"Spirit Blossom Ahri cosplay costume from League of Legends \u2013 front view \" width=\"800\" height=\"1678\" srcset=\"https:\/\/yumicos.com\/wp-content\/uploads\/2025\/02\/4.jpg 1000w, https:\/\/yumicos.com\/wp-content\/uploads\/2025\/02\/4-143x300.jpg 143w, https:\/\/yumicos.com\/wp-content\/uploads\/2025\/02\/4-488x1024.jpg 488w, https:\/\/yumicos.com\/wp-content\/uploads\/2025\/02\/4-768x1610.jpg 768w, https:\/\/yumicos.com\/wp-content\/uploads\/2025\/02\/4-732x1536.jpg 732w, https:\/\/yumicos.com\/wp-content\/uploads\/2025\/02\/4-977x2048.jpg 977w, https:\/\/yumicos.com\/wp-content\/uploads\/2025\/02\/4-600x1258.jpg 600w\" sizes=\"(max-width: 800px) 100vw, 800px\" \/><\/p>\n<p><img loading=\"lazy\" decoding=\"async\" class=\" wp-image-451\" src=\"https:\/\/yumicos.com\/wp-content\/uploads\/2025\/02\/7.jpg\" alt=\"Spirit Blossom Ahri cosplay costume from League of Legends \u2013 front view \" width=\"800\" height=\"1665\" srcset=\"https:\/\/yumicos.com\/wp-content\/uploads\/2025\/02\/7.jpg 1000w, https:\/\/yumicos.com\/wp-content\/uploads\/2025\/02\/7-144x300.jpg 144w, https:\/\/yumicos.com\/wp-content\/uploads\/2025\/02\/7-492x1024.jpg 492w, https:\/\/yumicos.com\/wp-content\/uploads\/2025\/02\/7-768x1598.jpg 768w, https:\/\/yumicos.com\/wp-content\/uploads\/2025\/02\/7-738x1536.jpg 738w, https:\/\/yumicos.com\/wp-content\/uploads\/2025\/02\/7-984x2048.jpg 984w, https:\/\/yumicos.com\/wp-content\/uploads\/2025\/02\/7-600x1249.jpg 600w\" sizes=\"(max-width: 800px) 100vw, 800px\" \/><\/p>\n<p><img loading=\"lazy\" decoding=\"async\" class=\" wp-image-452\" src=\"https:\/\/yumicos.com\/wp-content\/uploads\/2025\/02\/10-scaled.jpg\" alt=\"Spirit Blossom Ahri cosplay costume from League of Legends \u2013 front view\" width=\"800\" height=\"2103\" srcset=\"https:\/\/yumicos.com\/wp-content\/uploads\/2025\/02\/10-scaled.jpg 974w, https:\/\/yumicos.com\/wp-content\/uploads\/2025\/02\/10-114x300.jpg 114w, https:\/\/yumicos.com\/wp-content\/uploads\/2025\/02\/10-390x1024.jpg 390w, https:\/\/yumicos.com\/wp-content\/uploads\/2025\/02\/10-768x2018.jpg 768w, https:\/\/yumicos.com\/wp-content\/uploads\/2025\/02\/10-600x1576.jpg 600w\" sizes=\"(max-width: 800px) 100vw, 800px\" \/><\/p>\n","protected":false},"excerpt":{"rendered":"<p>Astu **Spirit Blossom Ahrin** maagiseen valtakuntaan t\u00e4ll\u00e4 hienolla **League of Legends -cosplay-asulla**. T\u00e4m\u00e4 tarkasti valmistettu asu vangitsee Ahrin lumoavan muotoilun jokaisen tyylikk\u00e4\u00e4n yksityiskohdan, joten se sopii erinomaisesti cosplay-tapahtumiin, konventioihin ja valokuvauksiin.<\/p>\n","protected":false},"featured_media":7611,"comment_status":"open","ping_status":"closed","template":"","meta":{"_acf_changed":false,"_monsterinsights_skip_tracking":false,"_monsterinsights_sitenote_active":false,"_monsterinsights_sitenote_note":"","_monsterinsights_sitenote_category":0,"site-sidebar-layout":"default","site-content-layout":"","ast-site-content-layout":"default","site-content-style":"default","site-sidebar-style":"default","ast-global-header-display":"","ast-banner-title-visibility":"","ast-main-header-display":"","ast-hfb-above-header-display":"","ast-hfb-below-header-display":"","ast-hfb-mobile-header-display":"","site-post-title":"","ast-breadcrumbs-content":"","ast-featured-img":"","footer-sml-layout":"","theme-transparent-header-meta":"default","adv-header-id-meta":"","stick-header-meta":"default","header-above-stick-meta":"","header-main-stick-meta":"","header-below-stick-meta":"","astra-migrate-meta-layouts":"default","ast-page-background-enabled":"default","ast-page-background-meta":{"desktop":{"background-color":"var(--ast-global-color-4)","background-image":"","background-repeat":"repeat","background-position":"center center","background-size":"auto","background-attachment":"scroll","background-type":"","background-media":"","overlay-type":"","overlay-color":"","overlay-opacity":"","overlay-gradient":""},"tablet":{"background-color":"","background-image":"","background-repeat":"repeat","background-position":"center center","background-size":"auto","background-attachment":"scroll","background-type":"","background-media":"","overlay-type":"","overlay-color":"","overlay-opacity":"","overlay-gradient":""},"mobile":{"background-color":"","background-image":"","background-repeat":"repeat","background-position":"center center","background-size":"auto","background-attachment":"scroll","background-type":"","background-media":"","overlay-type":"","overlay-color":"","overlay-opacity":"","overlay-gradient":""}},"ast-content-background-meta":{"desktop":{"background-color":"var(--ast-global-color-5)","background-image":"","background-repeat":"repeat","background-position":"center center","background-size":"auto","background-attachment":"scroll","background-type":"","background-media":"","overlay-type":"","overlay-color":"","overlay-opacity":"","overlay-gradient":""},"tablet":{"background-color":"var(--ast-global-color-5)","background-image":"","background-repeat":"repeat","background-position":"center center","background-size":"auto","background-attachment":"scroll","background-type":"","background-media":"","overlay-type":"","overlay-color":"","overlay-opacity":"","overlay-gradient":""},"mobile":{"background-color":"var(--ast-global-color-5)","background-image":"","background-repeat":"repeat","background-position":"center center","background-size":"auto","background-attachment":"scroll","background-type":"","background-media":"","overlay-type":"","overlay-color":"","overlay-opacity":"","overlay-gradient":""}}},"product_brand":[],"product_cat":[312],"product_tag":[],"class_list":{"0":"post-35080","1":"product","2":"type-product","3":"status-publish","4":"has-post-thumbnail","6":"product_cat-league-of-legends-cosplay","7":"desktop-align-left","8":"tablet-align-left","9":"mobile-align-left","10":"ast-product-gallery-layout-horizontal-slider","11":"ast-product-single-variable","12":"ast-product-tabs-layout-horizontal","14":"first","15":"instock","16":"purchasable","17":"product-type-variable"},"acf":[],"aioseo_notices":[],"_links":{"self":[{"href":"https:\/\/yumicos.com\/fi\/wp-json\/wp\/v2\/product\/35080","targetHints":{"allow":["GET"]}}],"collection":[{"href":"https:\/\/yumicos.com\/fi\/wp-json\/wp\/v2\/product"}],"about":[{"href":"https:\/\/yumicos.com\/fi\/wp-json\/wp\/v2\/types\/product"}],"replies":[{"embeddable":true,"href":"https:\/\/yumicos.com\/fi\/wp-json\/wp\/v2\/comments?post=35080"}],"wp:featuredmedia":[{"embeddable":true,"href":"https:\/\/yumicos.com\/fi\/wp-json\/wp\/v2\/media\/7611"}],"wp:attachment":[{"href":"https:\/\/yumicos.com\/fi\/wp-json\/wp\/v2\/media?parent=35080"}],"wp:term":[{"taxonomy":"product_brand","embeddable":true,"href":"https:\/\/yumicos.com\/fi\/wp-json\/wp\/v2\/product_brand?post=35080"},{"taxonomy":"product_cat","embeddable":true,"href":"https:\/\/yumicos.com\/fi\/wp-json\/wp\/v2\/product_cat?post=35080"},{"taxonomy":"product_tag","embeddable":true,"href":"https:\/\/yumicos.com\/fi\/wp-json\/wp\/v2\/product_tag?post=35080"}],"curies":[{"name":"wp","href":"https:\/\/api.w.org\/{rel}","templated":true}]}}