{"id":34888,"date":"2025-02-07T13:03:02","date_gmt":"2025-02-07T13:03:02","guid":{"rendered":"https:\/\/yumicos.com\/product\/genshin-impact-klee-cosplay-peruukki-korkealaatuinen-pitka-punainen-peruukki-cosplayyn\/"},"modified":"2025-10-22T12:02:18","modified_gmt":"2025-10-22T12:02:18","slug":"klee-genshin-impact-cosplay-wig","status":"publish","type":"product","link":"https:\/\/yumicos.com\/fi\/product\/klee-genshin-impact-cosplay-wig\/","title":{"rendered":"Genshin Impact Klee Cosplay-peruukki &#8211; Korkealaatuinen, pitk\u00e4 punainen peruukki Cosplayyn"},"content":{"rendered":"<figure id=\"attachment_505\" aria-describedby=\"caption-attachment-505\" style=\"width: 750px\" class=\"wp-caption alignnone\"><img fetchpriority=\"high\" decoding=\"async\" class=\" wp-image-505\" src=\"https:\/\/yumicos.com\/wp-content\/uploads\/2025\/02\/1738930671.png\" alt=\"Klee Cosplay Wig \u2013 Long Red Wig for Genshin Impact Cosplay\" width=\"750\" height=\"750\" srcset=\"https:\/\/yumicos.com\/wp-content\/uploads\/2025\/02\/1738930671.png 1080w, https:\/\/yumicos.com\/wp-content\/uploads\/2025\/02\/1738930671-300x300.png 300w, https:\/\/yumicos.com\/wp-content\/uploads\/2025\/02\/1738930671-1024x1024.png 1024w, https:\/\/yumicos.com\/wp-content\/uploads\/2025\/02\/1738930671-150x150.png 150w, https:\/\/yumicos.com\/wp-content\/uploads\/2025\/02\/1738930671-768x768.png 768w, https:\/\/yumicos.com\/wp-content\/uploads\/2025\/02\/1738930671-600x600.png 600w, https:\/\/yumicos.com\/wp-content\/uploads\/2025\/02\/1738930671-100x100.png 100w, https:\/\/yumicos.com\/wp-content\/uploads\/2025\/02\/1738930671-50x50.png 50w\" sizes=\"(max-width: 750px) 100vw, 750px\" \/><figcaption id=\"caption-attachment-505\" class=\"wp-caption-text\">Kleen pitk\u00e4 punainen peruukki, joka on suunniteltu tarkkaa cosplay-ilmett\u00e4 varten.<\/figcaption><\/figure>\n","protected":false},"excerpt":{"rendered":"<p>T\u00e4m\u00e4 <strong>Klee Cosplay-peruukki<\/strong> on valmistettu ensiluokkaisista synteettisist\u00e4 kuiduista, jotta saat t\u00e4ydellisen pitk\u00e4n punaisen hiuslookin <strong>Genshin Impact -cosplayta<\/strong> varten. Mukava, kest\u00e4v\u00e4 ja helppo k\u00e4ytt\u00e4\u00e4 &#8211; viimeistele Klee-muutoksesi nyt!<\/p>\n","protected":false},"featured_media":7891,"comment_status":"open","ping_status":"closed","template":"","meta":{"_acf_changed":false,"_monsterinsights_skip_tracking":false,"_monsterinsights_sitenote_active":false,"_monsterinsights_sitenote_note":"","_monsterinsights_sitenote_category":0,"site-sidebar-layout":"default","site-content-layout":"","ast-site-content-layout":"default","site-content-style":"default","site-sidebar-style":"default","ast-global-header-display":"","ast-banner-title-visibility":"","ast-main-header-display":"","ast-hfb-above-header-display":"","ast-hfb-below-header-display":"","ast-hfb-mobile-header-display":"","site-post-title":"","ast-breadcrumbs-content":"","ast-featured-img":"","footer-sml-layout":"","theme-transparent-header-meta":"default","adv-header-id-meta":"","stick-header-meta":"default","header-above-stick-meta":"","header-main-stick-meta":"","header-below-stick-meta":"","astra-migrate-meta-layouts":"default","ast-page-background-enabled":"default","ast-page-background-meta":{"desktop":{"background-color":"var(--ast-global-color-4)","background-image":"","background-repeat":"repeat","background-position":"center center","background-size":"auto","background-attachment":"scroll","background-type":"","background-media":"","overlay-type":"","overlay-color":"","overlay-opacity":"","overlay-gradient":""},"tablet":{"background-color":"","background-image":"","background-repeat":"repeat","background-position":"center center","background-size":"auto","background-attachment":"scroll","background-type":"","background-media":"","overlay-type":"","overlay-color":"","overlay-opacity":"","overlay-gradient":""},"mobile":{"background-color":"","background-image":"","background-repeat":"repeat","background-position":"center center","background-size":"auto","background-attachment":"scroll","background-type":"","background-media":"","overlay-type":"","overlay-color":"","overlay-opacity":"","overlay-gradient":""}},"ast-content-background-meta":{"desktop":{"background-color":"var(--ast-global-color-5)","background-image":"","background-repeat":"repeat","background-position":"center center","background-size":"auto","background-attachment":"scroll","background-type":"","background-media":"","overlay-type":"","overlay-color":"","overlay-opacity":"","overlay-gradient":""},"tablet":{"background-color":"var(--ast-global-color-5)","background-image":"","background-repeat":"repeat","background-position":"center center","background-size":"auto","background-attachment":"scroll","background-type":"","background-media":"","overlay-type":"","overlay-color":"","overlay-opacity":"","overlay-gradient":""},"mobile":{"background-color":"var(--ast-global-color-5)","background-image":"","background-repeat":"repeat","background-position":"center center","background-size":"auto","background-attachment":"scroll","background-type":"","background-media":"","overlay-type":"","overlay-color":"","overlay-opacity":"","overlay-gradient":""}}},"product_brand":[],"product_cat":[191],"product_tag":[],"class_list":{"0":"post-34888","1":"product","2":"type-product","3":"status-publish","4":"has-post-thumbnail","6":"product_cat-genshin-impact-cosplay","7":"desktop-align-left","8":"tablet-align-left","9":"mobile-align-left","10":"ast-product-gallery-layout-horizontal-slider","11":"ast-product-gallery-with-no-image","12":"ast-product-tabs-layout-horizontal","14":"first","15":"instock","16":"purchasable","17":"product-type-simple"},"acf":[],"aioseo_notices":[],"_links":{"self":[{"href":"https:\/\/yumicos.com\/fi\/wp-json\/wp\/v2\/product\/34888","targetHints":{"allow":["GET"]}}],"collection":[{"href":"https:\/\/yumicos.com\/fi\/wp-json\/wp\/v2\/product"}],"about":[{"href":"https:\/\/yumicos.com\/fi\/wp-json\/wp\/v2\/types\/product"}],"replies":[{"embeddable":true,"href":"https:\/\/yumicos.com\/fi\/wp-json\/wp\/v2\/comments?post=34888"}],"wp:featuredmedia":[{"embeddable":true,"href":"https:\/\/yumicos.com\/fi\/wp-json\/wp\/v2\/media\/7891"}],"wp:attachment":[{"href":"https:\/\/yumicos.com\/fi\/wp-json\/wp\/v2\/media?parent=34888"}],"wp:term":[{"taxonomy":"product_brand","embeddable":true,"href":"https:\/\/yumicos.com\/fi\/wp-json\/wp\/v2\/product_brand?post=34888"},{"taxonomy":"product_cat","embeddable":true,"href":"https:\/\/yumicos.com\/fi\/wp-json\/wp\/v2\/product_cat?post=34888"},{"taxonomy":"product_tag","embeddable":true,"href":"https:\/\/yumicos.com\/fi\/wp-json\/wp\/v2\/product_tag?post=34888"}],"curies":[{"name":"wp","href":"https:\/\/api.w.org\/{rel}","templated":true}]}}