{"id":34768,"date":"2025-02-08T05:33:23","date_gmt":"2025-02-08T05:33:23","guid":{"rendered":"https:\/\/yumicos.com\/product\/honkai-star-rail-firefly-cosplay-puku-taydellinen-asu-cosplay-pukuihin\/"},"modified":"2025-10-22T11:54:11","modified_gmt":"2025-10-22T11:54:11","slug":"firefly-honkai-star-rail-cosplay-costume","status":"publish","type":"product","link":"https:\/\/yumicos.com\/fi\/product\/firefly-honkai-star-rail-cosplay-costume\/","title":{"rendered":"Honkai: Star Rail Firefly Cosplay puku &#8211; T\u00e4ydellinen asu Cosplay-pukuihin"},"content":{"rendered":"<p><img fetchpriority=\"high\" decoding=\"async\" class=\"alignnone size-full wp-image-285\" src=\"https:\/\/yumicos.com\/wp-content\/uploads\/2025\/01\/chanp.jpg\" alt=\"\" width=\"790\" height=\"92\" srcset=\"https:\/\/yumicos.com\/wp-content\/uploads\/2025\/01\/chanp.jpg 790w, https:\/\/yumicos.com\/wp-content\/uploads\/2025\/01\/chanp-300x35.jpg 300w, https:\/\/yumicos.com\/wp-content\/uploads\/2025\/01\/chanp-768x89.jpg 768w, https:\/\/yumicos.com\/wp-content\/uploads\/2025\/01\/chanp-600x70.jpg 600w\" sizes=\"(max-width: 790px) 100vw, 790px\" \/><\/p>\n<p><strong>L\u00e4hde<\/strong>:  <a title=\"Honkai Impact 3rd\" href=\"https:\/\/yumicos.com\/fi\/product-category\/game-cosplay\/honkai-star-rail-cosplay\/\" target=\"_blank\" rel=\"noopener noreferrer\"><strong>Honkai: Star Rail<\/strong><\/a><\/p>\n<p><strong>Hahmo<\/strong>: Firefly<\/p>\n<p><strong>Mukana<\/strong>: Kaulaliina,Huivi,P\u00e4\u00e4hine*2,K\u00e4sihihna,Topit,K\u00e4sine,Kaulakoru,Sukkahousut,Hameet,Vy\u00f6t\u00e4r\u00f6koriste.<\/p>\n<p><strong>Materiaali<\/strong>: Materiaali: Polyesteri.<\/p>\n<p><strong>Hoito-ohjeet<\/strong>: K\u00e4sinpesu kylm\u00e4ss\u00e4 vedess\u00e4, ripusta kuivumaan, ei valkaisua<\/p>\n<p><strong>Koko:<\/strong>Huomaa, ett\u00e4 Aasian koot voivat poiketa 1-3 cm mittaustekniikasta johtuen.<\/p>\n<p><strong>K\u00e4rki:<\/strong> 1CM \u2248 0.39Tuuma<\/p>\n<p><img decoding=\"async\" class=\"alignnone size-full wp-image-523\" src=\"https:\/\/yumicos.com\/wp-content\/uploads\/2025\/02\/yumi_01.jpg\" alt=\"\" width=\"750\" height=\"830\" srcset=\"https:\/\/yumicos.com\/wp-content\/uploads\/2025\/02\/yumi_01.jpg 750w, https:\/\/yumicos.com\/wp-content\/uploads\/2025\/02\/yumi_01-271x300.jpg 271w, https:\/\/yumicos.com\/wp-content\/uploads\/2025\/02\/yumi_01-600x664.jpg 600w\" sizes=\"(max-width: 750px) 100vw, 750px\" \/><br \/>\n<img decoding=\"async\" class=\"alignnone size-full wp-image-524\" src=\"https:\/\/yumicos.com\/wp-content\/uploads\/2025\/02\/yumi_02.jpg\" alt=\"\" width=\"750\" height=\"704\" srcset=\"https:\/\/yumicos.com\/wp-content\/uploads\/2025\/02\/yumi_02.jpg 750w, https:\/\/yumicos.com\/wp-content\/uploads\/2025\/02\/yumi_02-300x282.jpg 300w, https:\/\/yumicos.com\/wp-content\/uploads\/2025\/02\/yumi_02-600x563.jpg 600w\" sizes=\"(max-width: 750px) 100vw, 750px\" \/><br \/>\n<img loading=\"lazy\" decoding=\"async\" class=\"alignnone size-full wp-image-525\" src=\"https:\/\/yumicos.com\/wp-content\/uploads\/2025\/02\/yumi_03.jpg\" alt=\"\" width=\"750\" height=\"840\" srcset=\"https:\/\/yumicos.com\/wp-content\/uploads\/2025\/02\/yumi_03.jpg 750w, https:\/\/yumicos.com\/wp-content\/uploads\/2025\/02\/yumi_03-268x300.jpg 268w, https:\/\/yumicos.com\/wp-content\/uploads\/2025\/02\/yumi_03-600x672.jpg 600w\" sizes=\"(max-width: 750px) 100vw, 750px\" \/><br \/>\n<img loading=\"lazy\" decoding=\"async\" class=\"alignnone size-full wp-image-526\" src=\"https:\/\/yumicos.com\/wp-content\/uploads\/2025\/02\/yumi_04.jpg\" alt=\"\" width=\"750\" height=\"826\" srcset=\"https:\/\/yumicos.com\/wp-content\/uploads\/2025\/02\/yumi_04.jpg 750w, https:\/\/yumicos.com\/wp-content\/uploads\/2025\/02\/yumi_04-272x300.jpg 272w, https:\/\/yumicos.com\/wp-content\/uploads\/2025\/02\/yumi_04-600x661.jpg 600w\" sizes=\"(max-width: 750px) 100vw, 750px\" \/><br \/>\n<img loading=\"lazy\" decoding=\"async\" class=\"alignnone size-full wp-image-527\" src=\"https:\/\/yumicos.com\/wp-content\/uploads\/2025\/02\/yumi_05.jpg\" alt=\"\" width=\"750\" height=\"800\" srcset=\"https:\/\/yumicos.com\/wp-content\/uploads\/2025\/02\/yumi_05.jpg 750w, https:\/\/yumicos.com\/wp-content\/uploads\/2025\/02\/yumi_05-281x300.jpg 281w, https:\/\/yumicos.com\/wp-content\/uploads\/2025\/02\/yumi_05-600x640.jpg 600w\" sizes=\"(max-width: 750px) 100vw, 750px\" \/><br \/>\n<img loading=\"lazy\" decoding=\"async\" class=\"alignnone size-full wp-image-528\" src=\"https:\/\/yumicos.com\/wp-content\/uploads\/2025\/02\/yumi_06.jpg\" alt=\"\" width=\"750\" height=\"800\" srcset=\"https:\/\/yumicos.com\/wp-content\/uploads\/2025\/02\/yumi_06.jpg 750w, https:\/\/yumicos.com\/wp-content\/uploads\/2025\/02\/yumi_06-281x300.jpg 281w, https:\/\/yumicos.com\/wp-content\/uploads\/2025\/02\/yumi_06-600x640.jpg 600w\" sizes=\"(max-width: 750px) 100vw, 750px\" \/><br \/>\n<img loading=\"lazy\" decoding=\"async\" class=\"alignnone size-full wp-image-529\" src=\"https:\/\/yumicos.com\/wp-content\/uploads\/2025\/02\/yumi_07.jpg\" alt=\"\" width=\"750\" height=\"830\" srcset=\"https:\/\/yumicos.com\/wp-content\/uploads\/2025\/02\/yumi_07.jpg 750w, https:\/\/yumicos.com\/wp-content\/uploads\/2025\/02\/yumi_07-271x300.jpg 271w, https:\/\/yumicos.com\/wp-content\/uploads\/2025\/02\/yumi_07-600x664.jpg 600w\" sizes=\"(max-width: 750px) 100vw, 750px\" \/><br \/>\n<img loading=\"lazy\" decoding=\"async\" class=\"alignnone size-full wp-image-530\" src=\"https:\/\/yumicos.com\/wp-content\/uploads\/2025\/02\/yumi_08.jpg\" alt=\"\" width=\"750\" height=\"861\" srcset=\"https:\/\/yumicos.com\/wp-content\/uploads\/2025\/02\/yumi_08.jpg 750w, https:\/\/yumicos.com\/wp-content\/uploads\/2025\/02\/yumi_08-261x300.jpg 261w, https:\/\/yumicos.com\/wp-content\/uploads\/2025\/02\/yumi_08-600x689.jpg 600w\" sizes=\"(max-width: 750px) 100vw, 750px\" \/><br \/>\n<img loading=\"lazy\" decoding=\"async\" class=\"alignnone size-full wp-image-531\" src=\"https:\/\/yumicos.com\/wp-content\/uploads\/2025\/02\/yumi_09.jpg\" alt=\"\" width=\"750\" height=\"795\" srcset=\"https:\/\/yumicos.com\/wp-content\/uploads\/2025\/02\/yumi_09.jpg 750w, https:\/\/yumicos.com\/wp-content\/uploads\/2025\/02\/yumi_09-283x300.jpg 283w, https:\/\/yumicos.com\/wp-content\/uploads\/2025\/02\/yumi_09-600x636.jpg 600w\" sizes=\"(max-width: 750px) 100vw, 750px\" \/><br \/>\n<img loading=\"lazy\" decoding=\"async\" class=\"alignnone size-full wp-image-532\" src=\"https:\/\/yumicos.com\/wp-content\/uploads\/2025\/02\/yumi_10.jpg\" alt=\"\" width=\"750\" height=\"714\" srcset=\"https:\/\/yumicos.com\/wp-content\/uploads\/2025\/02\/yumi_10.jpg 750w, https:\/\/yumicos.com\/wp-content\/uploads\/2025\/02\/yumi_10-300x286.jpg 300w, https:\/\/yumicos.com\/wp-content\/uploads\/2025\/02\/yumi_10-600x571.jpg 600w\" sizes=\"(max-width: 750px) 100vw, 750px\" \/><\/p>\n","protected":false},"excerpt":{"rendered":"<p>Muutu <strong>Lumineksi<\/strong> <strong>Genshin Impact<\/strong> -elokuvasta t\u00e4ll\u00e4 laadukkaalla cosplay-asulla. T\u00e4ss\u00e4 asussa on <strong>aitoja yksityiskohtia<\/strong>, kuten <strong>k\u00e4sineet, siivet ja asusteet<\/strong>, ja se sopii t\u00e4ydellisesti coneihin ja cosplay-tapahtumiin. <strong>Tilaa nyt ja saat maailmanlaajuisen toimituksen<\/strong>!<\/p>\n","protected":false},"featured_media":7915,"comment_status":"open","ping_status":"closed","template":"","meta":{"_acf_changed":false,"_monsterinsights_skip_tracking":false,"_monsterinsights_sitenote_active":false,"_monsterinsights_sitenote_note":"","_monsterinsights_sitenote_category":0,"site-sidebar-layout":"default","site-content-layout":"","ast-site-content-layout":"default","site-content-style":"default","site-sidebar-style":"default","ast-global-header-display":"","ast-banner-title-visibility":"","ast-main-header-display":"","ast-hfb-above-header-display":"","ast-hfb-below-header-display":"","ast-hfb-mobile-header-display":"","site-post-title":"","ast-breadcrumbs-content":"","ast-featured-img":"","footer-sml-layout":"","theme-transparent-header-meta":"default","adv-header-id-meta":"","stick-header-meta":"default","header-above-stick-meta":"","header-main-stick-meta":"","header-below-stick-meta":"","astra-migrate-meta-layouts":"default","ast-page-background-enabled":"default","ast-page-background-meta":{"desktop":{"background-color":"var(--ast-global-color-4)","background-image":"","background-repeat":"repeat","background-position":"center center","background-size":"auto","background-attachment":"scroll","background-type":"","background-media":"","overlay-type":"","overlay-color":"","overlay-opacity":"","overlay-gradient":""},"tablet":{"background-color":"","background-image":"","background-repeat":"repeat","background-position":"center center","background-size":"auto","background-attachment":"scroll","background-type":"","background-media":"","overlay-type":"","overlay-color":"","overlay-opacity":"","overlay-gradient":""},"mobile":{"background-color":"","background-image":"","background-repeat":"repeat","background-position":"center center","background-size":"auto","background-attachment":"scroll","background-type":"","background-media":"","overlay-type":"","overlay-color":"","overlay-opacity":"","overlay-gradient":""}},"ast-content-background-meta":{"desktop":{"background-color":"var(--ast-global-color-5)","background-image":"","background-repeat":"repeat","background-position":"center center","background-size":"auto","background-attachment":"scroll","background-type":"","background-media":"","overlay-type":"","overlay-color":"","overlay-opacity":"","overlay-gradient":""},"tablet":{"background-color":"var(--ast-global-color-5)","background-image":"","background-repeat":"repeat","background-position":"center center","background-size":"auto","background-attachment":"scroll","background-type":"","background-media":"","overlay-type":"","overlay-color":"","overlay-opacity":"","overlay-gradient":""},"mobile":{"background-color":"var(--ast-global-color-5)","background-image":"","background-repeat":"repeat","background-position":"center center","background-size":"auto","background-attachment":"scroll","background-type":"","background-media":"","overlay-type":"","overlay-color":"","overlay-opacity":"","overlay-gradient":""}}},"product_brand":[],"product_cat":[117,125],"product_tag":[],"class_list":{"0":"post-34768","1":"product","2":"type-product","3":"status-publish","4":"has-post-thumbnail","6":"product_cat-game-cosplay","7":"product_cat-honkai-star-rail-cosplay","8":"desktop-align-left","9":"tablet-align-left","10":"mobile-align-left","11":"ast-product-gallery-layout-horizontal-slider","12":"ast-product-single-variable","13":"ast-product-tabs-layout-horizontal","15":"first","16":"instock","17":"sale","18":"purchasable","19":"product-type-variable"},"acf":[],"aioseo_notices":[],"_links":{"self":[{"href":"https:\/\/yumicos.com\/fi\/wp-json\/wp\/v2\/product\/34768","targetHints":{"allow":["GET"]}}],"collection":[{"href":"https:\/\/yumicos.com\/fi\/wp-json\/wp\/v2\/product"}],"about":[{"href":"https:\/\/yumicos.com\/fi\/wp-json\/wp\/v2\/types\/product"}],"replies":[{"embeddable":true,"href":"https:\/\/yumicos.com\/fi\/wp-json\/wp\/v2\/comments?post=34768"}],"wp:featuredmedia":[{"embeddable":true,"href":"https:\/\/yumicos.com\/fi\/wp-json\/wp\/v2\/media\/7915"}],"wp:attachment":[{"href":"https:\/\/yumicos.com\/fi\/wp-json\/wp\/v2\/media?parent=34768"}],"wp:term":[{"taxonomy":"product_brand","embeddable":true,"href":"https:\/\/yumicos.com\/fi\/wp-json\/wp\/v2\/product_brand?post=34768"},{"taxonomy":"product_cat","embeddable":true,"href":"https:\/\/yumicos.com\/fi\/wp-json\/wp\/v2\/product_cat?post=34768"},{"taxonomy":"product_tag","embeddable":true,"href":"https:\/\/yumicos.com\/fi\/wp-json\/wp\/v2\/product_tag?post=34768"}],"curies":[{"name":"wp","href":"https:\/\/api.w.org\/{rel}","templated":true}]}}