{"id":33226,"date":"2025-03-04T19:07:19","date_gmt":"2025-03-04T19:07:19","guid":{"rendered":"https:\/\/yumicos.com\/product\/tears-of-the-kingdom-link-cosplay-puku-inspiroitunut-sankari-asu-koko-setti\/"},"modified":"2025-10-21T17:04:59","modified_gmt":"2025-10-21T17:04:59","slug":"totk-link-cosplay-costume","status":"publish","type":"product","link":"https:\/\/yumicos.com\/fi\/product\/totk-link-cosplay-costume\/","title":{"rendered":"Tears of the Kingdom Link Cosplay puku &#8211; Inspiroitunut sankari asu koko setti"},"content":{"rendered":"<p><img fetchpriority=\"high\" decoding=\"async\" class=\"alignnone size-full wp-image-285\" src=\"https:\/\/yumicos.com\/wp-content\/uploads\/2025\/01\/chanp.jpg\" alt=\"\" width=\"790\" height=\"92\" srcset=\"https:\/\/yumicos.com\/wp-content\/uploads\/2025\/01\/chanp.jpg 790w, https:\/\/yumicos.com\/wp-content\/uploads\/2025\/01\/chanp-300x35.jpg 300w, https:\/\/yumicos.com\/wp-content\/uploads\/2025\/01\/chanp-768x89.jpg 768w, https:\/\/yumicos.com\/wp-content\/uploads\/2025\/01\/chanp-600x70.jpg 600w\" sizes=\"(max-width: 790px) 100vw, 790px\" \/><\/p>\n<p><strong>Huomautuksia: Varastossa!!<\/strong><\/p>\n<p><strong>L\u00e4hde<\/strong>: <a href=\"https:\/\/yumicos.com\/fi\/product-category\/game-cosplay\/tears-of-the-kingdom\/\">Tears of the Kingdom<\/a><\/p>\n<p><strong>Hahmo<\/strong>: Link<\/p>\n<p><strong>Sis\u00e4lt\u00e4\u00e4<\/strong>: korvakorut, topit, alusvaatteet, hihat, vy\u00f6t, pannat, viitta, olkap\u00e4\u00e4haarniskat, syd\u00e4nhaarniskat, vy\u00f6, k\u00e4sivarsisuojat, hanskat, vy\u00f6t\u00e4r\u00f6nauha, vy\u00f6laukku, vy\u00f6laukku, sulkijalihas, korvat<\/p>\n<p><strong>Hoito-ohjeet: Hoito-ohjeet: Hoito-ohjeet: Hoito-ohjeet<\/strong>: K\u00e4sinpesu kylm\u00e4ll\u00e4 vedell\u00e4, ripusta kuivumaan, ei valkaisuaineita<\/p>\n<p><strong>Koko:<\/strong>Huomioithan, ett\u00e4 aasialaisissa mitoissa voi olla 1-3 cm:n ero mittaustekniikasta johtuen.<\/p>\n<p><strong>K\u00e4rki:<\/strong> 1CM \u2248 0.39Tuuma<\/p>\n<p><img decoding=\"async\" class=\"alignnone size-full wp-image-288\" src=\"https:\/\/yumicos.com\/wp-content\/uploads\/2025\/01\/shiwuzhanshi.jpg\" alt=\"\" width=\"790\" height=\"92\" srcset=\"https:\/\/yumicos.com\/wp-content\/uploads\/2025\/01\/shiwuzhanshi.jpg 790w, https:\/\/yumicos.com\/wp-content\/uploads\/2025\/01\/shiwuzhanshi-300x35.jpg 300w, https:\/\/yumicos.com\/wp-content\/uploads\/2025\/01\/shiwuzhanshi-768x89.jpg 768w, https:\/\/yumicos.com\/wp-content\/uploads\/2025\/01\/shiwuzhanshi-600x70.jpg 600w\" sizes=\"(max-width: 790px) 100vw, 790px\" \/><\/p>\n<p><img decoding=\"async\" class=\"size-full wp-image-1265\" src=\"https:\/\/yumicos.com\/wp-content\/uploads\/2025\/03\/1200.jpg\" alt=\"Front view of TOTK Link Cosplay Costume\" width=\"800\" height=\"1200\" srcset=\"https:\/\/yumicos.com\/wp-content\/uploads\/2025\/03\/1200.jpg 800w, https:\/\/yumicos.com\/wp-content\/uploads\/2025\/03\/1200-200x300.jpg 200w, https:\/\/yumicos.com\/wp-content\/uploads\/2025\/03\/1200-683x1024.jpg 683w, https:\/\/yumicos.com\/wp-content\/uploads\/2025\/03\/1200-768x1152.jpg 768w, https:\/\/yumicos.com\/wp-content\/uploads\/2025\/03\/1200-600x900.jpg 600w\" sizes=\"(max-width: 800px) 100vw, 800px\" \/><\/p>\n","protected":false},"excerpt":{"rendered":"<p data-start=\"40\" data-end=\"292\">Step into the world of adventure with this <strong data-start=\"83\" data-end=\"112\">TOTK Link Cosplay Costume<\/strong>. Designed with intricate details and high-quality materials, this outfit perfectly captures the heroic look. Perfect for <strong data-start=\"234\" data-end=\"289\">cosplay events, conventions, and themed photoshoots<\/strong>.<\/p>\n","protected":false},"featured_media":9907,"comment_status":"open","ping_status":"closed","template":"","meta":{"_acf_changed":false,"_monsterinsights_skip_tracking":false,"_monsterinsights_sitenote_active":false,"_monsterinsights_sitenote_note":"","_monsterinsights_sitenote_category":0,"site-sidebar-layout":"default","site-content-layout":"","ast-site-content-layout":"default","site-content-style":"default","site-sidebar-style":"default","ast-global-header-display":"","ast-banner-title-visibility":"","ast-main-header-display":"","ast-hfb-above-header-display":"","ast-hfb-below-header-display":"","ast-hfb-mobile-header-display":"","site-post-title":"","ast-breadcrumbs-content":"","ast-featured-img":"","footer-sml-layout":"","theme-transparent-header-meta":"default","adv-header-id-meta":"","stick-header-meta":"default","header-above-stick-meta":"","header-main-stick-meta":"","header-below-stick-meta":"","astra-migrate-meta-layouts":"default","ast-page-background-enabled":"default","ast-page-background-meta":{"desktop":{"background-color":"var(--ast-global-color-4)","background-image":"","background-repeat":"repeat","background-position":"center center","background-size":"auto","background-attachment":"scroll","background-type":"","background-media":"","overlay-type":"","overlay-color":"","overlay-opacity":"","overlay-gradient":""},"tablet":{"background-color":"","background-image":"","background-repeat":"repeat","background-position":"center center","background-size":"auto","background-attachment":"scroll","background-type":"","background-media":"","overlay-type":"","overlay-color":"","overlay-opacity":"","overlay-gradient":""},"mobile":{"background-color":"","background-image":"","background-repeat":"repeat","background-position":"center center","background-size":"auto","background-attachment":"scroll","background-type":"","background-media":"","overlay-type":"","overlay-color":"","overlay-opacity":"","overlay-gradient":""}},"ast-content-background-meta":{"desktop":{"background-color":"var(--ast-global-color-5)","background-image":"","background-repeat":"repeat","background-position":"center center","background-size":"auto","background-attachment":"scroll","background-type":"","background-media":"","overlay-type":"","overlay-color":"","overlay-opacity":"","overlay-gradient":""},"tablet":{"background-color":"var(--ast-global-color-5)","background-image":"","background-repeat":"repeat","background-position":"center center","background-size":"auto","background-attachment":"scroll","background-type":"","background-media":"","overlay-type":"","overlay-color":"","overlay-opacity":"","overlay-gradient":""},"mobile":{"background-color":"var(--ast-global-color-5)","background-image":"","background-repeat":"repeat","background-position":"center center","background-size":"auto","background-attachment":"scroll","background-type":"","background-media":"","overlay-type":"","overlay-color":"","overlay-opacity":"","overlay-gradient":""}}},"product_brand":[],"product_cat":[117,288],"product_tag":[],"class_list":{"0":"post-33226","1":"product","2":"type-product","3":"status-publish","4":"has-post-thumbnail","6":"product_cat-game-cosplay","7":"product_cat-tears-of-the-kingdom","8":"desktop-align-left","9":"tablet-align-left","10":"mobile-align-left","11":"ast-product-gallery-layout-horizontal-slider","12":"ast-product-single-variable","13":"ast-product-tabs-layout-horizontal","15":"first","16":"instock","17":"sale","18":"purchasable","19":"product-type-variable"},"acf":[],"aioseo_notices":[],"_links":{"self":[{"href":"https:\/\/yumicos.com\/fi\/wp-json\/wp\/v2\/product\/33226","targetHints":{"allow":["GET"]}}],"collection":[{"href":"https:\/\/yumicos.com\/fi\/wp-json\/wp\/v2\/product"}],"about":[{"href":"https:\/\/yumicos.com\/fi\/wp-json\/wp\/v2\/types\/product"}],"replies":[{"embeddable":true,"href":"https:\/\/yumicos.com\/fi\/wp-json\/wp\/v2\/comments?post=33226"}],"wp:featuredmedia":[{"embeddable":true,"href":"https:\/\/yumicos.com\/fi\/wp-json\/wp\/v2\/media\/9907"}],"wp:attachment":[{"href":"https:\/\/yumicos.com\/fi\/wp-json\/wp\/v2\/media?parent=33226"}],"wp:term":[{"taxonomy":"product_brand","embeddable":true,"href":"https:\/\/yumicos.com\/fi\/wp-json\/wp\/v2\/product_brand?post=33226"},{"taxonomy":"product_cat","embeddable":true,"href":"https:\/\/yumicos.com\/fi\/wp-json\/wp\/v2\/product_cat?post=33226"},{"taxonomy":"product_tag","embeddable":true,"href":"https:\/\/yumicos.com\/fi\/wp-json\/wp\/v2\/product_tag?post=33226"}],"curies":[{"name":"wp","href":"https:\/\/api.w.org\/{rel}","templated":true}]}}