{"id":33156,"date":"2025-03-06T07:46:13","date_gmt":"2025-03-06T07:46:13","guid":{"rendered":"https:\/\/yumicos.com\/product\/genshin-impact-shenhe-frostflower-dew-cosplay-puku-uudenvuoden-asu-uusi-vuosi-asu\/"},"modified":"2025-10-21T10:14:01","modified_gmt":"2025-10-21T10:14:01","slug":"shenhe-frostflower-dew-cosplay","status":"publish","type":"product","link":"https:\/\/yumicos.com\/fi\/product\/shenhe-frostflower-dew-cosplay\/","title":{"rendered":"Genshin Impact Shenhe Frostflower Dew Cosplay puku &#8211; uudenvuoden asu &#8211; uusi vuosi asu"},"content":{"rendered":"<p><img fetchpriority=\"high\" decoding=\"async\" class=\"alignnone size-full wp-image-285\" src=\"https:\/\/yumicos.com\/wp-content\/uploads\/2025\/01\/chanp.jpg\" alt=\"\" width=\"790\" height=\"92\" srcset=\"https:\/\/yumicos.com\/wp-content\/uploads\/2025\/01\/chanp.jpg 790w, https:\/\/yumicos.com\/wp-content\/uploads\/2025\/01\/chanp-300x35.jpg 300w, https:\/\/yumicos.com\/wp-content\/uploads\/2025\/01\/chanp-768x89.jpg 768w, https:\/\/yumicos.com\/wp-content\/uploads\/2025\/01\/chanp-600x70.jpg 600w\" sizes=\"(max-width: 790px) 100vw, 790px\" \/><\/p>\n<p><strong>L\u00e4hde<\/strong>: <a title=\"Genshin Impact\" href=\"https:\/\/yumicos.com\/fi\/product-category\/game-cosplay\/genshin-impact-cosplay\/\" target=\"_blank\" rel=\"noopener\"><strong>Genshin Impact<\/strong><\/a><\/p>\n<p><strong>Hahmo<\/strong>: Genshinhinhin nimi: Frostflower Dew Shenhe<\/p>\n<p><strong>Mukana<\/strong>: Cheongsam, vuori, hihat, takatarvikkeet, hiustarvikkeet, korvakorut, rannerenkaat ja muut tarvikkeet.<\/p>\n<p><strong>Materiaali<\/strong>: polyesteri.<\/p>\n<div class=\"table\">\n<p><strong>Hoito-ohjeet<\/strong>: K\u00e4sinpesu kylm\u00e4ss\u00e4 vedess\u00e4, ripusta kuivumaan, ei valkaisua<\/p>\n<p><strong>Koko:<\/strong>Huomaa, ett\u00e4 Aasian koot voivat poiketa 1-3 cm mittaustekniikasta johtuen.<\/p>\n<p><strong>K\u00e4rki:<\/strong> 1CM \u2248 0.39Tuuma<\/p>\n<\/div>\n<p><img decoding=\"async\" class=\"alignnone size-full wp-image-288\" src=\"https:\/\/yumicos.com\/wp-content\/uploads\/2025\/01\/shiwuzhanshi.jpg\" alt=\"\" width=\"790\" height=\"92\" srcset=\"https:\/\/yumicos.com\/wp-content\/uploads\/2025\/01\/shiwuzhanshi.jpg 790w, https:\/\/yumicos.com\/wp-content\/uploads\/2025\/01\/shiwuzhanshi-300x35.jpg 300w, https:\/\/yumicos.com\/wp-content\/uploads\/2025\/01\/shiwuzhanshi-768x89.jpg 768w, https:\/\/yumicos.com\/wp-content\/uploads\/2025\/01\/shiwuzhanshi-600x70.jpg 600w\" sizes=\"(max-width: 790px) 100vw, 790px\" \/><\/p>\n<p><img decoding=\"async\" class=\" wp-image-1294\" src=\"https:\/\/yumicos.com\/wp-content\/uploads\/2025\/03\/3972cf8d2336a0fb6346729b283e231e-scaled.jpg\" alt=\" Front view of Shenhe Frostflower Dew Cosplay Costume from Genshin Impact\" width=\"800\" height=\"1250\" srcset=\"https:\/\/yumicos.com\/wp-content\/uploads\/2025\/03\/3972cf8d2336a0fb6346729b283e231e-scaled.jpg 1639w, https:\/\/yumicos.com\/wp-content\/uploads\/2025\/03\/3972cf8d2336a0fb6346729b283e231e-192x300.jpg 192w, https:\/\/yumicos.com\/wp-content\/uploads\/2025\/03\/3972cf8d2336a0fb6346729b283e231e-656x1024.jpg 656w, https:\/\/yumicos.com\/wp-content\/uploads\/2025\/03\/3972cf8d2336a0fb6346729b283e231e-768x1199.jpg 768w, https:\/\/yumicos.com\/wp-content\/uploads\/2025\/03\/3972cf8d2336a0fb6346729b283e231e-984x1536.jpg 984w, https:\/\/yumicos.com\/wp-content\/uploads\/2025\/03\/3972cf8d2336a0fb6346729b283e231e-1311x2048.jpg 1311w, https:\/\/yumicos.com\/wp-content\/uploads\/2025\/03\/3972cf8d2336a0fb6346729b283e231e-600x937.jpg 600w\" sizes=\"(max-width: 800px) 100vw, 800px\" \/><\/p>\n<p><img loading=\"lazy\" decoding=\"async\" class=\"alignnone size-full wp-image-287\" src=\"https:\/\/yumicos.com\/wp-content\/uploads\/2025\/01\/xijie.jpg\" alt=\"\" width=\"790\" height=\"92\" srcset=\"https:\/\/yumicos.com\/wp-content\/uploads\/2025\/01\/xijie.jpg 790w, https:\/\/yumicos.com\/wp-content\/uploads\/2025\/01\/xijie-300x35.jpg 300w, https:\/\/yumicos.com\/wp-content\/uploads\/2025\/01\/xijie-768x89.jpg 768w, https:\/\/yumicos.com\/wp-content\/uploads\/2025\/01\/xijie-600x70.jpg 600w\" sizes=\"(max-width: 790px) 100vw, 790px\" \/><\/p>\n<p><img loading=\"lazy\" decoding=\"async\" class=\"size-full wp-image-1295\" src=\"https:\/\/yumicos.com\/wp-content\/uploads\/2025\/03\/7.jpg\" alt=\"Close-up details of Shenhe Frostflower Dew New Year Outfit\" width=\"800\" height=\"800\" srcset=\"https:\/\/yumicos.com\/wp-content\/uploads\/2025\/03\/7.jpg 800w, https:\/\/yumicos.com\/wp-content\/uploads\/2025\/03\/7-300x300.jpg 300w, https:\/\/yumicos.com\/wp-content\/uploads\/2025\/03\/7-150x150.jpg 150w, https:\/\/yumicos.com\/wp-content\/uploads\/2025\/03\/7-768x768.jpg 768w, https:\/\/yumicos.com\/wp-content\/uploads\/2025\/03\/7-600x600.jpg 600w, https:\/\/yumicos.com\/wp-content\/uploads\/2025\/03\/7-100x100.jpg 100w, https:\/\/yumicos.com\/wp-content\/uploads\/2025\/03\/7-50x50.jpg 50w\" sizes=\"(max-width: 800px) 100vw, 800px\" \/><\/p>\n<p><img loading=\"lazy\" decoding=\"async\" class=\"size-full wp-image-1296\" src=\"https:\/\/yumicos.com\/wp-content\/uploads\/2025\/03\/8.jpg\" alt=\"Close-up details of Shenhe Frostflower Dew New Year Outfit\" width=\"800\" height=\"800\" srcset=\"https:\/\/yumicos.com\/wp-content\/uploads\/2025\/03\/8.jpg 800w, https:\/\/yumicos.com\/wp-content\/uploads\/2025\/03\/8-300x300.jpg 300w, https:\/\/yumicos.com\/wp-content\/uploads\/2025\/03\/8-150x150.jpg 150w, https:\/\/yumicos.com\/wp-content\/uploads\/2025\/03\/8-768x768.jpg 768w, https:\/\/yumicos.com\/wp-content\/uploads\/2025\/03\/8-600x600.jpg 600w, https:\/\/yumicos.com\/wp-content\/uploads\/2025\/03\/8-100x100.jpg 100w, https:\/\/yumicos.com\/wp-content\/uploads\/2025\/03\/8-50x50.jpg 50w\" sizes=\"(max-width: 800px) 100vw, 800px\" \/><\/p>\n<p><img loading=\"lazy\" decoding=\"async\" class=\"size-full wp-image-1297\" src=\"https:\/\/yumicos.com\/wp-content\/uploads\/2025\/03\/9.jpg\" alt=\"Close-up details of Shenhe Frostflower Dew New Year Outfit\" width=\"800\" height=\"800\" srcset=\"https:\/\/yumicos.com\/wp-content\/uploads\/2025\/03\/9.jpg 800w, https:\/\/yumicos.com\/wp-content\/uploads\/2025\/03\/9-300x300.jpg 300w, https:\/\/yumicos.com\/wp-content\/uploads\/2025\/03\/9-150x150.jpg 150w, https:\/\/yumicos.com\/wp-content\/uploads\/2025\/03\/9-768x768.jpg 768w, https:\/\/yumicos.com\/wp-content\/uploads\/2025\/03\/9-600x600.jpg 600w, https:\/\/yumicos.com\/wp-content\/uploads\/2025\/03\/9-100x100.jpg 100w, https:\/\/yumicos.com\/wp-content\/uploads\/2025\/03\/9-50x50.jpg 50w\" sizes=\"(max-width: 800px) 100vw, 800px\" \/><\/p>\n<p><img loading=\"lazy\" decoding=\"async\" class=\"size-full wp-image-1299\" src=\"https:\/\/yumicos.com\/wp-content\/uploads\/2025\/03\/10.jpg\" alt=\"Close-up details of Shenhe Frostflower Dew New Year Outfit\" width=\"800\" height=\"800\" srcset=\"https:\/\/yumicos.com\/wp-content\/uploads\/2025\/03\/10.jpg 800w, https:\/\/yumicos.com\/wp-content\/uploads\/2025\/03\/10-300x300.jpg 300w, https:\/\/yumicos.com\/wp-content\/uploads\/2025\/03\/10-150x150.jpg 150w, https:\/\/yumicos.com\/wp-content\/uploads\/2025\/03\/10-768x768.jpg 768w, https:\/\/yumicos.com\/wp-content\/uploads\/2025\/03\/10-600x600.jpg 600w, https:\/\/yumicos.com\/wp-content\/uploads\/2025\/03\/10-100x100.jpg 100w, https:\/\/yumicos.com\/wp-content\/uploads\/2025\/03\/10-50x50.jpg 50w\" sizes=\"(max-width: 800px) 100vw, 800px\" \/><\/p>\n<p><img loading=\"lazy\" decoding=\"async\" class=\"size-full wp-image-1300\" src=\"https:\/\/yumicos.com\/wp-content\/uploads\/2025\/03\/11.jpg\" alt=\"Close-up details of Shenhe Frostflower Dew New Year Outfit\" width=\"800\" height=\"800\" srcset=\"https:\/\/yumicos.com\/wp-content\/uploads\/2025\/03\/11.jpg 800w, https:\/\/yumicos.com\/wp-content\/uploads\/2025\/03\/11-300x300.jpg 300w, https:\/\/yumicos.com\/wp-content\/uploads\/2025\/03\/11-150x150.jpg 150w, https:\/\/yumicos.com\/wp-content\/uploads\/2025\/03\/11-768x768.jpg 768w, https:\/\/yumicos.com\/wp-content\/uploads\/2025\/03\/11-600x600.jpg 600w, https:\/\/yumicos.com\/wp-content\/uploads\/2025\/03\/11-100x100.jpg 100w, https:\/\/yumicos.com\/wp-content\/uploads\/2025\/03\/11-50x50.jpg 50w\" sizes=\"(max-width: 800px) 100vw, 800px\" \/><\/p>\n","protected":false},"excerpt":{"rendered":"<p data-start=\"736\" data-end=\"1056\">T\u00e4m\u00e4 Genshin Impactin Shenhe Frostflower Dew Cosplay-puku on kauniisti muotoiltu uudenvuoden asu, jossa on monimutkaisia kirjailuja ja ensiluokkaisia materiaaleja. T\u00e4m\u00e4 mukavuutta ja aitoutta varten suunniteltu setti sis\u00e4lt\u00e4\u00e4 koko puvun yksityiskohtaisine lis\u00e4varusteineen. T\u00e4ydellinen cosplay-tapahtumiin, konventioihin ja kuvauksiin!<\/p>\n","protected":false},"featured_media":10003,"comment_status":"open","ping_status":"closed","template":"","meta":{"_acf_changed":false,"_monsterinsights_skip_tracking":false,"_monsterinsights_sitenote_active":false,"_monsterinsights_sitenote_note":"","_monsterinsights_sitenote_category":0,"site-sidebar-layout":"default","site-content-layout":"","ast-site-content-layout":"default","site-content-style":"default","site-sidebar-style":"default","ast-global-header-display":"","ast-banner-title-visibility":"","ast-main-header-display":"","ast-hfb-above-header-display":"","ast-hfb-below-header-display":"","ast-hfb-mobile-header-display":"","site-post-title":"","ast-breadcrumbs-content":"","ast-featured-img":"","footer-sml-layout":"","theme-transparent-header-meta":"default","adv-header-id-meta":"","stick-header-meta":"default","header-above-stick-meta":"","header-main-stick-meta":"","header-below-stick-meta":"","astra-migrate-meta-layouts":"default","ast-page-background-enabled":"default","ast-page-background-meta":{"desktop":{"background-color":"var(--ast-global-color-4)","background-image":"","background-repeat":"repeat","background-position":"center center","background-size":"auto","background-attachment":"scroll","background-type":"","background-media":"","overlay-type":"","overlay-color":"","overlay-opacity":"","overlay-gradient":""},"tablet":{"background-color":"","background-image":"","background-repeat":"repeat","background-position":"center center","background-size":"auto","background-attachment":"scroll","background-type":"","background-media":"","overlay-type":"","overlay-color":"","overlay-opacity":"","overlay-gradient":""},"mobile":{"background-color":"","background-image":"","background-repeat":"repeat","background-position":"center center","background-size":"auto","background-attachment":"scroll","background-type":"","background-media":"","overlay-type":"","overlay-color":"","overlay-opacity":"","overlay-gradient":""}},"ast-content-background-meta":{"desktop":{"background-color":"var(--ast-global-color-5)","background-image":"","background-repeat":"repeat","background-position":"center center","background-size":"auto","background-attachment":"scroll","background-type":"","background-media":"","overlay-type":"","overlay-color":"","overlay-opacity":"","overlay-gradient":""},"tablet":{"background-color":"var(--ast-global-color-5)","background-image":"","background-repeat":"repeat","background-position":"center center","background-size":"auto","background-attachment":"scroll","background-type":"","background-media":"","overlay-type":"","overlay-color":"","overlay-opacity":"","overlay-gradient":""},"mobile":{"background-color":"var(--ast-global-color-5)","background-image":"","background-repeat":"repeat","background-position":"center center","background-size":"auto","background-attachment":"scroll","background-type":"","background-media":"","overlay-type":"","overlay-color":"","overlay-opacity":"","overlay-gradient":""}}},"product_brand":[],"product_cat":[117,191],"product_tag":[],"class_list":{"0":"post-33156","1":"product","2":"type-product","3":"status-publish","4":"has-post-thumbnail","6":"product_cat-game-cosplay","7":"product_cat-genshin-impact-cosplay","8":"desktop-align-left","9":"tablet-align-left","10":"mobile-align-left","11":"ast-product-gallery-layout-horizontal-slider","12":"ast-product-single-variable","13":"ast-product-tabs-layout-horizontal","15":"first","16":"instock","17":"purchasable","18":"product-type-variable"},"acf":[],"aioseo_notices":[],"_links":{"self":[{"href":"https:\/\/yumicos.com\/fi\/wp-json\/wp\/v2\/product\/33156","targetHints":{"allow":["GET"]}}],"collection":[{"href":"https:\/\/yumicos.com\/fi\/wp-json\/wp\/v2\/product"}],"about":[{"href":"https:\/\/yumicos.com\/fi\/wp-json\/wp\/v2\/types\/product"}],"replies":[{"embeddable":true,"href":"https:\/\/yumicos.com\/fi\/wp-json\/wp\/v2\/comments?post=33156"}],"wp:featuredmedia":[{"embeddable":true,"href":"https:\/\/yumicos.com\/fi\/wp-json\/wp\/v2\/media\/10003"}],"wp:attachment":[{"href":"https:\/\/yumicos.com\/fi\/wp-json\/wp\/v2\/media?parent=33156"}],"wp:term":[{"taxonomy":"product_brand","embeddable":true,"href":"https:\/\/yumicos.com\/fi\/wp-json\/wp\/v2\/product_brand?post=33156"},{"taxonomy":"product_cat","embeddable":true,"href":"https:\/\/yumicos.com\/fi\/wp-json\/wp\/v2\/product_cat?post=33156"},{"taxonomy":"product_tag","embeddable":true,"href":"https:\/\/yumicos.com\/fi\/wp-json\/wp\/v2\/product_tag?post=33156"}],"curies":[{"name":"wp","href":"https:\/\/api.w.org\/{rel}","templated":true}]}}