{"id":32613,"date":"2025-03-17T11:17:06","date_gmt":"2025-03-17T11:17:06","guid":{"rendered":"https:\/\/yumicos.com\/product\/tsukishiro-yanagi-z-cosplay-peruukki-korkealaatuinen-synteettinen-peruukki-cosplayyn\/"},"modified":"2025-03-17T11:17:06","modified_gmt":"2025-03-17T11:17:06","slug":"yanagi-z-cosplay-hair","status":"publish","type":"product","link":"https:\/\/yumicos.com\/fi\/product\/yanagi-z-cosplay-hair\/","title":{"rendered":"Tsukishiro Yanagi Z Cosplay peruukki &#8211; Korkealaatuinen synteettinen peruukki cosplayyn"},"content":{"rendered":"<p><figure id=\"attachment_1511\" aria-describedby=\"caption-attachment-1511\" style=\"width: 750px\" class=\"wp-caption alignnone\"><img fetchpriority=\"high\" decoding=\"async\" class=\" wp-image-1511\" src=\"https:\/\/yumicos.com\/wp-content\/uploads\/2025\/03\/1742209628-1024x1024.png\" alt=\"Tsukishiro Yanagi Z Cosplay Wig Front View \u2013 Zenless Zone Zero\" width=\"750\" height=\"750\" srcset=\"https:\/\/yumicos.com\/wp-content\/uploads\/2025\/03\/1742209628-1024x1024.png 1024w, https:\/\/yumicos.com\/wp-content\/uploads\/2025\/03\/1742209628-300x300.png 300w, https:\/\/yumicos.com\/wp-content\/uploads\/2025\/03\/1742209628-150x150.png 150w, https:\/\/yumicos.com\/wp-content\/uploads\/2025\/03\/1742209628-768x768.png 768w, https:\/\/yumicos.com\/wp-content\/uploads\/2025\/03\/1742209628-1536x1536.png 1536w, https:\/\/yumicos.com\/wp-content\/uploads\/2025\/03\/1742209628-600x600.png 600w, https:\/\/yumicos.com\/wp-content\/uploads\/2025\/03\/1742209628-100x100.png 100w, https:\/\/yumicos.com\/wp-content\/uploads\/2025\/03\/1742209628-50x50.png 50w, https:\/\/yumicos.com\/wp-content\/uploads\/2025\/03\/1742209628.png 1920w\" sizes=\"(max-width: 750px) 100vw, 750px\" \/><figcaption id=\"caption-attachment-1511\" class=\"wp-caption-text\">Etukuva Tsukishiro Yanagi Z -cosplayperuukista, joka on muotoiltu ja suunniteltu cosplay-harrastajille<\/figcaption><\/figure>.[\/caption]<\/p>\n","protected":false},"excerpt":{"rendered":"<p data-start=\"688\" data-end=\"918\">T\u00e4m\u00e4 Tsukishiro Yanagi Z Cosplay -peruukki on t\u00e4ydellinen lis\u00e4varuste Zenless Zone Zero -hahmon ulkoasun t\u00e4ydent\u00e4miseksi. Se on valmistettu korkealaatuisista synteettisist\u00e4 kuiduista, joten se on pehme\u00e4, helppohoitoinen ja t\u00e4ydellinen kongresseihin ja kuvauksiin.<\/p>\n","protected":false},"featured_media":10923,"comment_status":"open","ping_status":"closed","template":"","meta":{"_acf_changed":false,"_monsterinsights_skip_tracking":false,"_monsterinsights_sitenote_active":false,"_monsterinsights_sitenote_note":"","_monsterinsights_sitenote_category":0,"site-sidebar-layout":"default","site-content-layout":"","ast-site-content-layout":"default","site-content-style":"default","site-sidebar-style":"default","ast-global-header-display":"","ast-banner-title-visibility":"","ast-main-header-display":"","ast-hfb-above-header-display":"","ast-hfb-below-header-display":"","ast-hfb-mobile-header-display":"","site-post-title":"","ast-breadcrumbs-content":"","ast-featured-img":"","footer-sml-layout":"","theme-transparent-header-meta":"default","adv-header-id-meta":"","stick-header-meta":"default","header-above-stick-meta":"","header-main-stick-meta":"","header-below-stick-meta":"","astra-migrate-meta-layouts":"default","ast-page-background-enabled":"default","ast-page-background-meta":{"desktop":{"background-color":"var(--ast-global-color-4)","background-image":"","background-repeat":"repeat","background-position":"center center","background-size":"auto","background-attachment":"scroll","background-type":"","background-media":"","overlay-type":"","overlay-color":"","overlay-opacity":"","overlay-gradient":""},"tablet":{"background-color":"","background-image":"","background-repeat":"repeat","background-position":"center center","background-size":"auto","background-attachment":"scroll","background-type":"","background-media":"","overlay-type":"","overlay-color":"","overlay-opacity":"","overlay-gradient":""},"mobile":{"background-color":"","background-image":"","background-repeat":"repeat","background-position":"center center","background-size":"auto","background-attachment":"scroll","background-type":"","background-media":"","overlay-type":"","overlay-color":"","overlay-opacity":"","overlay-gradient":""}},"ast-content-background-meta":{"desktop":{"background-color":"var(--ast-global-color-5)","background-image":"","background-repeat":"repeat","background-position":"center center","background-size":"auto","background-attachment":"scroll","background-type":"","background-media":"","overlay-type":"","overlay-color":"","overlay-opacity":"","overlay-gradient":""},"tablet":{"background-color":"var(--ast-global-color-5)","background-image":"","background-repeat":"repeat","background-position":"center center","background-size":"auto","background-attachment":"scroll","background-type":"","background-media":"","overlay-type":"","overlay-color":"","overlay-opacity":"","overlay-gradient":""},"mobile":{"background-color":"var(--ast-global-color-5)","background-image":"","background-repeat":"repeat","background-position":"center center","background-size":"auto","background-attachment":"scroll","background-type":"","background-media":"","overlay-type":"","overlay-color":"","overlay-opacity":"","overlay-gradient":""}}},"product_brand":[],"product_cat":[117,280],"product_tag":[],"class_list":{"0":"post-32613","1":"product","2":"type-product","3":"status-publish","4":"has-post-thumbnail","6":"product_cat-game-cosplay","7":"product_cat-zenless-zone-zero-cosplay","8":"desktop-align-left","9":"tablet-align-left","10":"mobile-align-left","11":"ast-product-gallery-layout-horizontal-slider","12":"ast-product-gallery-with-no-image","13":"ast-product-tabs-layout-horizontal","15":"first","16":"instock","17":"sale","18":"purchasable","19":"product-type-simple"},"acf":[],"aioseo_notices":[],"_links":{"self":[{"href":"https:\/\/yumicos.com\/fi\/wp-json\/wp\/v2\/product\/32613","targetHints":{"allow":["GET"]}}],"collection":[{"href":"https:\/\/yumicos.com\/fi\/wp-json\/wp\/v2\/product"}],"about":[{"href":"https:\/\/yumicos.com\/fi\/wp-json\/wp\/v2\/types\/product"}],"replies":[{"embeddable":true,"href":"https:\/\/yumicos.com\/fi\/wp-json\/wp\/v2\/comments?post=32613"}],"wp:featuredmedia":[{"embeddable":true,"href":"https:\/\/yumicos.com\/fi\/wp-json\/wp\/v2\/media\/10923"}],"wp:attachment":[{"href":"https:\/\/yumicos.com\/fi\/wp-json\/wp\/v2\/media?parent=32613"}],"wp:term":[{"taxonomy":"product_brand","embeddable":true,"href":"https:\/\/yumicos.com\/fi\/wp-json\/wp\/v2\/product_brand?post=32613"},{"taxonomy":"product_cat","embeddable":true,"href":"https:\/\/yumicos.com\/fi\/wp-json\/wp\/v2\/product_cat?post=32613"},{"taxonomy":"product_tag","embeddable":true,"href":"https:\/\/yumicos.com\/fi\/wp-json\/wp\/v2\/product_tag?post=32613"}],"curies":[{"name":"wp","href":"https:\/\/api.w.org\/{rel}","templated":true}]}}