{"id":31832,"date":"2025-03-20T15:13:27","date_gmt":"2025-03-20T15:13:27","guid":{"rendered":"https:\/\/yumicos.com\/product\/order-of-the-sunday-cosplay-kengat-honkai-star-railin-inspiroimat-jalkineet\/"},"modified":"2025-10-20T11:32:01","modified_gmt":"2025-10-20T11:32:01","slug":"order-of-the-sunday-cosplay-shoes","status":"publish","type":"product","link":"https:\/\/yumicos.com\/fi\/product\/order-of-the-sunday-cosplay-shoes\/","title":{"rendered":"Order of the Sunday Cosplay -keng\u00e4t &#8211; Honkai Star Railin inspiroimat jalkineet"},"content":{"rendered":"<div style=\"width: 100%;\">\n<p><strong>Huomautus: Tuotteet toimitetaan 7-10 p\u00e4iv\u00e4n kuluessa.<\/strong><\/p>\n<p><strong>L\u00e4hde<\/strong>:<a title=\"Honkai Impact 3rd\" href=\"https:\/\/yumicos.com\/fi\/product-category\/game-cosplay\/honkai-star-rail-cosplay\/\" target=\"_blank\" rel=\"noopener noreferrer\"><strong>Honkai: Star Rail<\/strong><\/a><\/p>\n<p><strong>Hahmo<\/strong>:Sunday<\/p>\n<p><strong>Mukana<\/strong>: Keng\u00e4t<\/p>\n<p><strong>Huom:<\/strong><\/p>\n<ul>\n<li data-start=\"17\" data-end=\"132\">Keng\u00e4n koot ovat Kiinan standardia. Katso alla olevaa kokotaulukkoa valitaksesi oikean koon sinulle.<\/li>\n<li data-start=\"133\" data-end=\"430\">Korkeakorkoisissa kengiss\u00e4, jos jalan pituus ylitt\u00e4\u00e4 26,5 cm, ne tehd\u00e4\u00e4n matalakorkoisiksi ja vaativat r\u00e4\u00e4t\u00e4l\u00f6inti\u00e4.<\/li>\n<li data-start=\"133\" data-end=\"430\">Ne eiv\u00e4t n\u00e4yt\u00e4 samalta kuin kuvissa. Harkitse huolellisesti ennen ostamista, jos t\u00e4m\u00e4 on sinulle t\u00e4rke\u00e4\u00e4. Ota yhteytt\u00e4 asiakaspalveluun, jos sinulla on kysytt\u00e4v\u00e4\u00e4.<\/li>\n<li data-start=\"431\" data-end=\"544\">Miesten keng\u00e4t, joiden jalan pituus on yli 26,5 cm, ota yhteytt\u00e4 asiakaspalveluun r\u00e4\u00e4t\u00e4l\u00f6inti\u00e4 varten.<\/li>\n<\/ul>\n<table style=\"height: 50px;\" border=\"1px\">\n<tbody>\n<tr>\n<td style=\"width: 20px;\"><strong>Jalan pituus<\/strong><\/td>\n<td style=\"width: 20px;\"><strong>22cm<\/strong><\/td>\n<td style=\"width: 20px;\"><strong>22.5cm<\/strong><\/td>\n<td style=\"width: 20px;\"><strong>23cm<\/strong><\/td>\n<td style=\"width: 20px;\"><strong>23.5cm<\/strong><\/td>\n<td style=\"width: 20px;\"><strong>24cm<\/strong><\/td>\n<td style=\"width: 20px;\"><strong>24.5cm<\/strong><\/td>\n<td style=\"width: 20px;\"><strong>25cm<\/strong><\/td>\n<td style=\"width: 20px;\"><strong>25.5cm<\/strong><\/td>\n<td style=\"width: 20px;\"><strong>26cm<\/strong><\/td>\n<td style=\"width: 20px;\"><strong>26.5cm<\/strong><\/td>\n<\/tr>\n<tr>\n<td style=\"width: 20px;\"><strong>Yhdysvaltain koko<\/strong><\/td>\n<td style=\"width: 20px;\">4.5<\/td>\n<td style=\"width: 20px;\">5<\/td>\n<td style=\"width: 20px;\">6<\/td>\n<td style=\"width: 20px;\">6.5<\/td>\n<td style=\"width: 20px;\">7.5<\/td>\n<td style=\"width: 20px;\">8.5<\/td>\n<td style=\"width: 20px;\">9.5<\/td>\n<td style=\"width: 20px;\">10<\/td>\n<td style=\"width: 20px;\">10.5<\/td>\n<td style=\"width: 20px;\">11<\/td>\n<\/tr>\n<tr>\n<td style=\"width: 20px;\"><strong>Iso-Britannian koko<\/strong><\/td>\n<td style=\"width: 20px;\">2<\/td>\n<td style=\"width: 20px;\">2.5<\/td>\n<td style=\"width: 20px;\">3.5<\/td>\n<td style=\"width: 20px;\">4<\/td>\n<td style=\"width: 20px;\">5<\/td>\n<td style=\"width: 20px;\">6<\/td>\n<td style=\"width: 20px;\">7<\/td>\n<td style=\"width: 20px;\">7.5<\/td>\n<td style=\"width: 20px;\">8<\/td>\n<td style=\"width: 20px;\">8.5<\/td>\n<\/tr>\n<tr>\n<td style=\"width: 20px;\"><strong>Kiina Koko<\/strong><\/td>\n<td style=\"width: 20px;\">34<\/td>\n<td style=\"width: 20px;\">35<\/td>\n<td style=\"width: 20px;\">36<\/td>\n<td style=\"width: 20px;\">37<\/td>\n<td style=\"width: 20px;\">38<\/td>\n<td style=\"width: 20px;\">39<\/td>\n<td style=\"width: 20px;\">40<\/td>\n<td style=\"width: 20px;\">41<\/td>\n<td style=\"width: 20px;\">42<\/td>\n<td style=\"width: 20px;\">43<\/td>\n<\/tr>\n<\/tbody>\n<\/table>\n<\/div>\n","protected":false},"excerpt":{"rendered":"<p>Tyylikk\u00e4\u00e4t Order of the Sunday -cosplay-keng\u00e4t <em data-start=\"1337\" data-end=\"1355\">Honkai Star Railin<\/em> innoittamana. Valmistettu ensiluokkaisista materiaaleista mukavuutta ja tarkkuutta varten. Ihanteelliset cosplay-tapahtumiin ja p\u00e4ivitt\u00e4iseen k\u00e4ytt\u00f6\u00f6n.<\/p>\n","protected":false},"featured_media":11259,"comment_status":"open","ping_status":"closed","template":"","meta":{"_acf_changed":false,"_monsterinsights_skip_tracking":false,"_monsterinsights_sitenote_active":false,"_monsterinsights_sitenote_note":"","_monsterinsights_sitenote_category":0,"site-sidebar-layout":"default","site-content-layout":"","ast-site-content-layout":"default","site-content-style":"default","site-sidebar-style":"default","ast-global-header-display":"","ast-banner-title-visibility":"","ast-main-header-display":"","ast-hfb-above-header-display":"","ast-hfb-below-header-display":"","ast-hfb-mobile-header-display":"","site-post-title":"","ast-breadcrumbs-content":"","ast-featured-img":"","footer-sml-layout":"","theme-transparent-header-meta":"default","adv-header-id-meta":"","stick-header-meta":"default","header-above-stick-meta":"","header-main-stick-meta":"","header-below-stick-meta":"","astra-migrate-meta-layouts":"default","ast-page-background-enabled":"default","ast-page-background-meta":{"desktop":{"background-color":"var(--ast-global-color-4)","background-image":"","background-repeat":"repeat","background-position":"center center","background-size":"auto","background-attachment":"scroll","background-type":"","background-media":"","overlay-type":"","overlay-color":"","overlay-opacity":"","overlay-gradient":""},"tablet":{"background-color":"","background-image":"","background-repeat":"repeat","background-position":"center center","background-size":"auto","background-attachment":"scroll","background-type":"","background-media":"","overlay-type":"","overlay-color":"","overlay-opacity":"","overlay-gradient":""},"mobile":{"background-color":"","background-image":"","background-repeat":"repeat","background-position":"center center","background-size":"auto","background-attachment":"scroll","background-type":"","background-media":"","overlay-type":"","overlay-color":"","overlay-opacity":"","overlay-gradient":""}},"ast-content-background-meta":{"desktop":{"background-color":"var(--ast-global-color-5)","background-image":"","background-repeat":"repeat","background-position":"center center","background-size":"auto","background-attachment":"scroll","background-type":"","background-media":"","overlay-type":"","overlay-color":"","overlay-opacity":"","overlay-gradient":""},"tablet":{"background-color":"var(--ast-global-color-5)","background-image":"","background-repeat":"repeat","background-position":"center center","background-size":"auto","background-attachment":"scroll","background-type":"","background-media":"","overlay-type":"","overlay-color":"","overlay-opacity":"","overlay-gradient":""},"mobile":{"background-color":"var(--ast-global-color-5)","background-image":"","background-repeat":"repeat","background-position":"center center","background-size":"auto","background-attachment":"scroll","background-type":"","background-media":"","overlay-type":"","overlay-color":"","overlay-opacity":"","overlay-gradient":""}}},"product_brand":[],"product_cat":[117,125],"product_tag":[],"class_list":{"0":"post-31832","1":"product","2":"type-product","3":"status-publish","4":"has-post-thumbnail","6":"product_cat-game-cosplay","7":"product_cat-honkai-star-rail-cosplay","8":"desktop-align-left","9":"tablet-align-left","10":"mobile-align-left","11":"ast-product-gallery-layout-horizontal-slider","12":"ast-product-gallery-with-no-image","13":"ast-product-single-variable","14":"ast-product-tabs-layout-horizontal","16":"first","17":"instock","18":"purchasable","19":"product-type-variable"},"acf":[],"aioseo_notices":[],"_links":{"self":[{"href":"https:\/\/yumicos.com\/fi\/wp-json\/wp\/v2\/product\/31832","targetHints":{"allow":["GET"]}}],"collection":[{"href":"https:\/\/yumicos.com\/fi\/wp-json\/wp\/v2\/product"}],"about":[{"href":"https:\/\/yumicos.com\/fi\/wp-json\/wp\/v2\/types\/product"}],"replies":[{"embeddable":true,"href":"https:\/\/yumicos.com\/fi\/wp-json\/wp\/v2\/comments?post=31832"}],"wp:featuredmedia":[{"embeddable":true,"href":"https:\/\/yumicos.com\/fi\/wp-json\/wp\/v2\/media\/11259"}],"wp:attachment":[{"href":"https:\/\/yumicos.com\/fi\/wp-json\/wp\/v2\/media?parent=31832"}],"wp:term":[{"taxonomy":"product_brand","embeddable":true,"href":"https:\/\/yumicos.com\/fi\/wp-json\/wp\/v2\/product_brand?post=31832"},{"taxonomy":"product_cat","embeddable":true,"href":"https:\/\/yumicos.com\/fi\/wp-json\/wp\/v2\/product_cat?post=31832"},{"taxonomy":"product_tag","embeddable":true,"href":"https:\/\/yumicos.com\/fi\/wp-json\/wp\/v2\/product_tag?post=31832"}],"curies":[{"name":"wp","href":"https:\/\/api.w.org\/{rel}","templated":true}]}}