{"id":31250,"date":"2025-03-27T15:19:59","date_gmt":"2025-03-27T15:19:59","guid":{"rendered":"https:\/\/yumicos.com\/product\/oshi-no-ko-ruby-maid-cosplay-costume-hoshino-ruby-cafe-ver-dress-apron-set-mekko-ja-esiliina\/"},"modified":"2025-10-19T15:33:05","modified_gmt":"2025-10-19T15:33:05","slug":"oshi-no-ko-ruby-stage-cosplay","status":"publish","type":"product","link":"https:\/\/yumicos.com\/fi\/product\/oshi-no-ko-ruby-stage-cosplay\/","title":{"rendered":"Oshi no Ko Ruby Maid Cosplay Costume &#8211; Hoshino Ruby Cafe Ver. Dress &#038; Apron Set (Mekko ja esiliina)"},"content":{"rendered":"<p><img fetchpriority=\"high\" decoding=\"async\" class=\"alignnone size-full wp-image-285\" src=\"https:\/\/yumicos.com\/wp-content\/uploads\/2025\/01\/chanp.jpg\" alt=\"\" width=\"790\" height=\"92\" srcset=\"https:\/\/yumicos.com\/wp-content\/uploads\/2025\/01\/chanp.jpg 790w, https:\/\/yumicos.com\/wp-content\/uploads\/2025\/01\/chanp-300x35.jpg 300w, https:\/\/yumicos.com\/wp-content\/uploads\/2025\/01\/chanp-768x89.jpg 768w, https:\/\/yumicos.com\/wp-content\/uploads\/2025\/01\/chanp-600x70.jpg 600w\" sizes=\"(max-width: 790px) 100vw, 790px\" \/><\/p>\n<p><strong>L\u00e4hde<\/strong>:  <a title=\"Honkai Impact 3rd\" href=\"https:\/\/yumicos.com\/fi\/product\/oshi-no-ko-ruby-maid-cosplay-costume-hoshino-ruby-cafe-ver-dress-apron-set-mekko-ja-esiliina\/\" target=\"_blank\" rel=\"noopener noreferrer\"><strong>Oshi no Ko<\/strong><\/a><\/p>\n<p><strong>Hahmo<\/strong>: Hoshino Ruby<\/p>\n<p><strong>Sis\u00e4lt\u00e4\u00e4<\/strong>:: Mekko,Esiliina,P\u00e4\u00e4hine,S\u00e4\u00e4renkaat,Sukkahousut<\/p>\n<p data-start=\"0\" data-end=\"105\"><strong data-start=\"0\" data-end=\"13\">Materiaali: Kangas, puku, puku, puku, puku, puku:<\/strong> Valmistettu korkealaatuisesta polyesterist\u00e4 ja synteettisest\u00e4 nahasta mukavan ja kest\u00e4v\u00e4n istuvuuden takaamiseksi.<\/p>\n<p data-start=\"107\" data-end=\"204\"><strong data-start=\"107\" data-end=\"129\">Hoito-ohjeet: Hoito-ohjeet: Hoito-ohjeet: Hoito-ohjeet: Hoito-ohjeet:<\/strong> K\u00e4sinpesu kylm\u00e4ss\u00e4 vedess\u00e4, v\u00e4lt\u00e4 valkaisuaineita ja ripusta kuivumaan parhaan tuloksen saavuttamiseksi.<\/p>\n<p data-start=\"206\" data-end=\"319\"><strong data-start=\"206\" data-end=\"215\">Size:<\/strong> Huomaathan, ett\u00e4 mitoitus noudattaa Aasian standardeja ja voi vaihdella 1-3 cm manuaalisesta mittauksesta johtuen.<\/p>\n<p data-start=\"321\" data-end=\"347\" data-is-last-node=\"\" data-is-only-node=\"\"><strong data-start=\"321\" data-end=\"329\">K\u00e4rki:<\/strong> 1 cm \u2248 0.39 tuumaa.<\/p>\n<p><img decoding=\"async\" class=\"alignnone size-full wp-image-288\" src=\"https:\/\/yumicos.com\/wp-content\/uploads\/2025\/01\/shiwuzhanshi.jpg\" alt=\"\" width=\"790\" height=\"92\" srcset=\"https:\/\/yumicos.com\/wp-content\/uploads\/2025\/01\/shiwuzhanshi.jpg 790w, https:\/\/yumicos.com\/wp-content\/uploads\/2025\/01\/shiwuzhanshi-300x35.jpg 300w, https:\/\/yumicos.com\/wp-content\/uploads\/2025\/01\/shiwuzhanshi-768x89.jpg 768w, https:\/\/yumicos.com\/wp-content\/uploads\/2025\/01\/shiwuzhanshi-600x70.jpg 600w\" sizes=\"(max-width: 790px) 100vw, 790px\" \/><\/p>\n<p><img decoding=\"async\" class=\"size-full wp-image-1888\" src=\"https:\/\/yumicos.com\/wp-content\/uploads\/2025\/03\/1000-5.jpg\" alt=\"Pink gradient idol dress with star details front angle\" width=\"750\" height=\"1000\" srcset=\"https:\/\/yumicos.com\/wp-content\/uploads\/2025\/03\/1000-5.jpg 750w, https:\/\/yumicos.com\/wp-content\/uploads\/2025\/03\/1000-5-225x300.jpg 225w, https:\/\/yumicos.com\/wp-content\/uploads\/2025\/03\/1000-5-9x12.jpg 9w, https:\/\/yumicos.com\/wp-content\/uploads\/2025\/03\/1000-5-600x800.jpg 600w\" sizes=\"(max-width: 750px) 100vw, 750px\" \/><\/p>\n","protected":false},"excerpt":{"rendered":"<p>\u2728 <strong>Satukirjan vieh\u00e4tys<\/strong>:<\/p>\n<ul>\n<li>Leikkis\u00e4t r\u00f6yhel\u00f6t ja rusetit, jotka py\u00f6riv\u00e4t liikkeen mukana<\/li>\n<li>Hienot pitsikoristeet sopivat satukirjan prinsessalle<\/li>\n<li>P\u00e4\u00e4st\u00e4 varpaisiin koordinoitua s\u00f6p\u00f6ytt\u00e4<\/li>\n<\/ul>\n<p>\u2728 <strong>Wear Your Fantasy<\/strong>:<br \/>\n\u2713 Kultainen p\u00e4\u00e4ntie, joka kehyst\u00e4\u00e4 kasvoja<br \/>\n\u2713 Virtaava hame, jossa on juuri sopivasti t\u00e4ytel\u00e4isyytt\u00e4<br \/>\n\u2713 Allekirjoittanut vieh\u00e4tys yksityiskohtia joka silm\u00e4yksell\u00e4<\/p>\n","protected":false},"featured_media":11659,"comment_status":"open","ping_status":"closed","template":"","meta":{"_acf_changed":false,"_monsterinsights_skip_tracking":false,"_monsterinsights_sitenote_active":false,"_monsterinsights_sitenote_note":"","_monsterinsights_sitenote_category":0,"site-sidebar-layout":"default","site-content-layout":"","ast-site-content-layout":"default","site-content-style":"default","site-sidebar-style":"default","ast-global-header-display":"","ast-banner-title-visibility":"","ast-main-header-display":"","ast-hfb-above-header-display":"","ast-hfb-below-header-display":"","ast-hfb-mobile-header-display":"","site-post-title":"","ast-breadcrumbs-content":"","ast-featured-img":"","footer-sml-layout":"","theme-transparent-header-meta":"default","adv-header-id-meta":"","stick-header-meta":"default","header-above-stick-meta":"","header-main-stick-meta":"","header-below-stick-meta":"","astra-migrate-meta-layouts":"default","ast-page-background-enabled":"default","ast-page-background-meta":{"desktop":{"background-color":"var(--ast-global-color-4)","background-image":"","background-repeat":"repeat","background-position":"center center","background-size":"auto","background-attachment":"scroll","background-type":"","background-media":"","overlay-type":"","overlay-color":"","overlay-opacity":"","overlay-gradient":""},"tablet":{"background-color":"","background-image":"","background-repeat":"repeat","background-position":"center center","background-size":"auto","background-attachment":"scroll","background-type":"","background-media":"","overlay-type":"","overlay-color":"","overlay-opacity":"","overlay-gradient":""},"mobile":{"background-color":"","background-image":"","background-repeat":"repeat","background-position":"center center","background-size":"auto","background-attachment":"scroll","background-type":"","background-media":"","overlay-type":"","overlay-color":"","overlay-opacity":"","overlay-gradient":""}},"ast-content-background-meta":{"desktop":{"background-color":"var(--ast-global-color-5)","background-image":"","background-repeat":"repeat","background-position":"center center","background-size":"auto","background-attachment":"scroll","background-type":"","background-media":"","overlay-type":"","overlay-color":"","overlay-opacity":"","overlay-gradient":""},"tablet":{"background-color":"var(--ast-global-color-5)","background-image":"","background-repeat":"repeat","background-position":"center center","background-size":"auto","background-attachment":"scroll","background-type":"","background-media":"","overlay-type":"","overlay-color":"","overlay-opacity":"","overlay-gradient":""},"mobile":{"background-color":"var(--ast-global-color-5)","background-image":"","background-repeat":"repeat","background-position":"center center","background-size":"auto","background-attachment":"scroll","background-type":"","background-media":"","overlay-type":"","overlay-color":"","overlay-opacity":"","overlay-gradient":""}}},"product_brand":[],"product_cat":[158,362,379],"product_tag":[],"class_list":{"0":"post-31250","1":"product","2":"type-product","3":"status-publish","4":"has-post-thumbnail","6":"product_cat-anime","7":"product_cat-o-p-q-r-s-t","8":"product_cat-oshi-no-ko","9":"desktop-align-left","10":"tablet-align-left","11":"mobile-align-left","12":"ast-product-gallery-layout-horizontal-slider","13":"ast-product-single-variable","14":"ast-product-tabs-layout-horizontal","16":"first","17":"instock","18":"purchasable","19":"product-type-variable"},"acf":[],"aioseo_notices":[],"_links":{"self":[{"href":"https:\/\/yumicos.com\/fi\/wp-json\/wp\/v2\/product\/31250","targetHints":{"allow":["GET"]}}],"collection":[{"href":"https:\/\/yumicos.com\/fi\/wp-json\/wp\/v2\/product"}],"about":[{"href":"https:\/\/yumicos.com\/fi\/wp-json\/wp\/v2\/types\/product"}],"replies":[{"embeddable":true,"href":"https:\/\/yumicos.com\/fi\/wp-json\/wp\/v2\/comments?post=31250"}],"wp:featuredmedia":[{"embeddable":true,"href":"https:\/\/yumicos.com\/fi\/wp-json\/wp\/v2\/media\/11659"}],"wp:attachment":[{"href":"https:\/\/yumicos.com\/fi\/wp-json\/wp\/v2\/media?parent=31250"}],"wp:term":[{"taxonomy":"product_brand","embeddable":true,"href":"https:\/\/yumicos.com\/fi\/wp-json\/wp\/v2\/product_brand?post=31250"},{"taxonomy":"product_cat","embeddable":true,"href":"https:\/\/yumicos.com\/fi\/wp-json\/wp\/v2\/product_cat?post=31250"},{"taxonomy":"product_tag","embeddable":true,"href":"https:\/\/yumicos.com\/fi\/wp-json\/wp\/v2\/product_tag?post=31250"}],"curies":[{"name":"wp","href":"https:\/\/api.w.org\/{rel}","templated":true}]}}