{"id":30991,"date":"2025-03-31T17:31:22","date_gmt":"2025-03-31T17:31:22","guid":{"rendered":"https:\/\/yumicos.com\/product\/rakkaus-chunibyo-muut-harhaluulot-takanashi-rikka-cosplay-puku\/"},"modified":"2025-10-19T14:33:44","modified_gmt":"2025-10-19T14:33:44","slug":"takanashi-rikka-cosplay-costume-chunibyo","status":"publish","type":"product","link":"https:\/\/yumicos.com\/fi\/product\/takanashi-rikka-cosplay-costume-chunibyo\/","title":{"rendered":"Rakkaus, Chunibyo &#038; muut harhaluulot Takanashi Rikka Cosplay puku"},"content":{"rendered":"<p><img fetchpriority=\"high\" decoding=\"async\" class=\"alignnone size-full wp-image-285\" src=\"https:\/\/yumicos.com\/wp-content\/uploads\/2025\/01\/chanp.jpg\" alt=\"\" width=\"790\" height=\"92\" srcset=\"https:\/\/yumicos.com\/wp-content\/uploads\/2025\/01\/chanp.jpg 790w, https:\/\/yumicos.com\/wp-content\/uploads\/2025\/01\/chanp-300x35.jpg 300w, https:\/\/yumicos.com\/wp-content\/uploads\/2025\/01\/chanp-768x89.jpg 768w, https:\/\/yumicos.com\/wp-content\/uploads\/2025\/01\/chanp-600x70.jpg 600w\" sizes=\"(max-width: 790px) 100vw, 790px\" \/><\/p>\n<p><strong>L\u00e4hde<\/strong>:  <a title=\"Honkai Impact 3rd\" href=\"https:\/\/yumicos.com\/fi\/product-category\/anime\/h-i-j-j-k-l-l-m-n\/anime-love-chunibyo-other-delusions\/\" target=\"_blank\" rel=\"noopener noreferrer\"><strong> Love, Chunibyo &amp; Other Delusions!<\/strong><\/a><\/p>\n<p><strong>Hahmo<\/strong><span class=\"text_ETaXO\" data-text=\"true\">:Takanashi Rikka<\/span><\/p>\n<p><strong>Sis\u00e4lt\u00e4\u00e4<\/strong>::Mekko,viitta,esiliina,sukat,solmio,p\u00e4\u00e4hine<\/p>\n<p data-start=\"0\" data-end=\"105\"><strong data-start=\"0\" data-end=\"13\">Material:<\/strong> Valmistettu korkealaatuisesta polyesterist\u00e4 ja synteettisest\u00e4 nahasta, joka takaa mukavan ja kest\u00e4v\u00e4n istuvuuden.<\/p>\n<p data-start=\"107\" data-end=\"204\"><strong data-start=\"107\" data-end=\"129\">Hoito-ohjeet: Hoito-ohjeet: Hoito-ohjeet: Hoito-ohjeet: Hoito-ohjeet:<\/strong> K\u00e4sinpesu kylm\u00e4ss\u00e4 vedess\u00e4, v\u00e4lt\u00e4 valkaisuaineita ja ripusta kuivumaan parhaan tuloksen saavuttamiseksi.<\/p>\n<p data-start=\"206\" data-end=\"319\"><strong data-start=\"206\" data-end=\"215\">Size:<\/strong> Huomaathan, ett\u00e4 mitoitus noudattaa Aasian standardeja ja voi vaihdella 1-3 cm manuaalisesta mittauksesta johtuen.<\/p>\n<p data-start=\"321\" data-end=\"347\" data-is-last-node=\"\" data-is-only-node=\"\"><strong data-start=\"321\" data-end=\"329\">K\u00e4rki:<\/strong> 1 cm \u2248 0.39 tuumaa.<\/p>\n<p><img decoding=\"async\" class=\"alignnone size-full wp-image-288\" src=\"https:\/\/yumicos.com\/wp-content\/uploads\/2025\/01\/shiwuzhanshi.jpg\" alt=\"\" width=\"790\" height=\"92\" srcset=\"https:\/\/yumicos.com\/wp-content\/uploads\/2025\/01\/shiwuzhanshi.jpg 790w, https:\/\/yumicos.com\/wp-content\/uploads\/2025\/01\/shiwuzhanshi-300x35.jpg 300w, https:\/\/yumicos.com\/wp-content\/uploads\/2025\/01\/shiwuzhanshi-768x89.jpg 768w, https:\/\/yumicos.com\/wp-content\/uploads\/2025\/01\/shiwuzhanshi-600x70.jpg 600w\" sizes=\"(max-width: 790px) 100vw, 790px\" \/><\/p>\n<p><img decoding=\"async\" class=\"size-full wp-image-2030\" src=\"https:\/\/yumicos.com\/wp-content\/uploads\/2025\/03\/lh_01.jpg\" alt=\" Front view of Takanashi Rikka Cosplay Costume from Love, Chunibyo &amp; Other Delusions\" width=\"750\" height=\"631\" srcset=\"https:\/\/yumicos.com\/wp-content\/uploads\/2025\/03\/lh_01.jpg 750w, https:\/\/yumicos.com\/wp-content\/uploads\/2025\/03\/lh_01-300x252.jpg 300w, https:\/\/yumicos.com\/wp-content\/uploads\/2025\/03\/lh_01-14x12.jpg 14w, https:\/\/yumicos.com\/wp-content\/uploads\/2025\/03\/lh_01-600x505.jpg 600w\" sizes=\"(max-width: 750px) 100vw, 750px\" \/><br \/>\n<img loading=\"lazy\" decoding=\"async\" class=\"size-full wp-image-2031\" src=\"https:\/\/yumicos.com\/wp-content\/uploads\/2025\/03\/lh_02.jpg\" alt=\"Front view of Takanashi Rikka Cosplay Costume from Love, Chunibyo &amp; Other Delusions\" width=\"750\" height=\"630\" srcset=\"https:\/\/yumicos.com\/wp-content\/uploads\/2025\/03\/lh_02.jpg 750w, https:\/\/yumicos.com\/wp-content\/uploads\/2025\/03\/lh_02-300x252.jpg 300w, https:\/\/yumicos.com\/wp-content\/uploads\/2025\/03\/lh_02-14x12.jpg 14w, https:\/\/yumicos.com\/wp-content\/uploads\/2025\/03\/lh_02-600x504.jpg 600w\" sizes=\"(max-width: 750px) 100vw, 750px\" \/><br \/>\n<img loading=\"lazy\" decoding=\"async\" class=\"size-full wp-image-2032\" src=\"https:\/\/yumicos.com\/wp-content\/uploads\/2025\/03\/lh_03.jpg\" alt=\"Front view of Takanashi Rikka Cosplay Costume from Love, Chunibyo &amp; Other Delusions\" width=\"750\" height=\"631\" srcset=\"https:\/\/yumicos.com\/wp-content\/uploads\/2025\/03\/lh_03.jpg 750w, https:\/\/yumicos.com\/wp-content\/uploads\/2025\/03\/lh_03-300x252.jpg 300w, https:\/\/yumicos.com\/wp-content\/uploads\/2025\/03\/lh_03-14x12.jpg 14w, https:\/\/yumicos.com\/wp-content\/uploads\/2025\/03\/lh_03-600x505.jpg 600w\" sizes=\"(max-width: 750px) 100vw, 750px\" \/><br \/>\n<img loading=\"lazy\" decoding=\"async\" class=\"size-full wp-image-2033\" src=\"https:\/\/yumicos.com\/wp-content\/uploads\/2025\/03\/lh_04.jpg\" alt=\"Front view of Takanashi Rikka Cosplay Costume from Love, Chunibyo &amp; Other Delusions\" width=\"750\" height=\"630\" srcset=\"https:\/\/yumicos.com\/wp-content\/uploads\/2025\/03\/lh_04.jpg 750w, https:\/\/yumicos.com\/wp-content\/uploads\/2025\/03\/lh_04-300x252.jpg 300w, https:\/\/yumicos.com\/wp-content\/uploads\/2025\/03\/lh_04-14x12.jpg 14w, https:\/\/yumicos.com\/wp-content\/uploads\/2025\/03\/lh_04-600x504.jpg 600w\" sizes=\"(max-width: 750px) 100vw, 750px\" \/><br \/>\n<img loading=\"lazy\" decoding=\"async\" class=\"size-full wp-image-2034\" src=\"https:\/\/yumicos.com\/wp-content\/uploads\/2025\/03\/lh_05.jpg\" alt=\" Front view of Takanashi Rikka Cosplay Costume from Love, Chunibyo &amp; Other Delusions\" width=\"750\" height=\"631\" srcset=\"https:\/\/yumicos.com\/wp-content\/uploads\/2025\/03\/lh_05.jpg 750w, https:\/\/yumicos.com\/wp-content\/uploads\/2025\/03\/lh_05-300x252.jpg 300w, https:\/\/yumicos.com\/wp-content\/uploads\/2025\/03\/lh_05-14x12.jpg 14w, https:\/\/yumicos.com\/wp-content\/uploads\/2025\/03\/lh_05-600x505.jpg 600w\" sizes=\"(max-width: 750px) 100vw, 750px\" \/><br \/>\n<img loading=\"lazy\" decoding=\"async\" class=\"size-full wp-image-2035\" src=\"https:\/\/yumicos.com\/wp-content\/uploads\/2025\/03\/lh_06.jpg\" alt=\" Front view of Takanashi Rikka Cosplay Costume from Love, Chunibyo &amp; Other Delusions\" width=\"750\" height=\"630\" srcset=\"https:\/\/yumicos.com\/wp-content\/uploads\/2025\/03\/lh_06.jpg 750w, https:\/\/yumicos.com\/wp-content\/uploads\/2025\/03\/lh_06-300x252.jpg 300w, https:\/\/yumicos.com\/wp-content\/uploads\/2025\/03\/lh_06-14x12.jpg 14w, https:\/\/yumicos.com\/wp-content\/uploads\/2025\/03\/lh_06-600x504.jpg 600w\" sizes=\"(max-width: 750px) 100vw, 750px\" \/><br \/>\n<img loading=\"lazy\" decoding=\"async\" class=\"size-full wp-image-2036\" src=\"https:\/\/yumicos.com\/wp-content\/uploads\/2025\/03\/lh_07.jpg\" alt=\"Front view of Takanashi Rikka Cosplay Costume from Love, Chunibyo &amp; Other Delusions\" width=\"750\" height=\"631\" srcset=\"https:\/\/yumicos.com\/wp-content\/uploads\/2025\/03\/lh_07.jpg 750w, https:\/\/yumicos.com\/wp-content\/uploads\/2025\/03\/lh_07-300x252.jpg 300w, https:\/\/yumicos.com\/wp-content\/uploads\/2025\/03\/lh_07-14x12.jpg 14w, https:\/\/yumicos.com\/wp-content\/uploads\/2025\/03\/lh_07-600x505.jpg 600w\" sizes=\"(max-width: 750px) 100vw, 750px\" \/><br \/>\n<img loading=\"lazy\" decoding=\"async\" class=\"size-full wp-image-2037\" src=\"https:\/\/yumicos.com\/wp-content\/uploads\/2025\/03\/lh_08.jpg\" alt=\"Front view of Takanashi Rikka Cosplay Costume from Love, Chunibyo &amp; Other Delusions\" width=\"750\" height=\"630\" srcset=\"https:\/\/yumicos.com\/wp-content\/uploads\/2025\/03\/lh_08.jpg 750w, https:\/\/yumicos.com\/wp-content\/uploads\/2025\/03\/lh_08-300x252.jpg 300w, https:\/\/yumicos.com\/wp-content\/uploads\/2025\/03\/lh_08-14x12.jpg 14w, https:\/\/yumicos.com\/wp-content\/uploads\/2025\/03\/lh_08-600x504.jpg 600w\" sizes=\"(max-width: 750px) 100vw, 750px\" \/><br \/>\n<img loading=\"lazy\" decoding=\"async\" class=\"size-full wp-image-2038\" src=\"https:\/\/yumicos.com\/wp-content\/uploads\/2025\/03\/lh_09.jpg\" alt=\"Front view of Takanashi Rikka Cosplay Costume from Love, Chunibyo &amp; Other Delusions\" width=\"750\" height=\"631\" srcset=\"https:\/\/yumicos.com\/wp-content\/uploads\/2025\/03\/lh_09.jpg 750w, https:\/\/yumicos.com\/wp-content\/uploads\/2025\/03\/lh_09-300x252.jpg 300w, https:\/\/yumicos.com\/wp-content\/uploads\/2025\/03\/lh_09-14x12.jpg 14w, https:\/\/yumicos.com\/wp-content\/uploads\/2025\/03\/lh_09-600x505.jpg 600w\" sizes=\"(max-width: 750px) 100vw, 750px\" \/><br \/>\n<img loading=\"lazy\" decoding=\"async\" class=\"size-full wp-image-2039\" src=\"https:\/\/yumicos.com\/wp-content\/uploads\/2025\/03\/lh_10.jpg\" alt=\" Front view of Takanashi Rikka Cosplay Costume from Love, Chunibyo &amp; Other Delusions\" width=\"750\" height=\"630\" srcset=\"https:\/\/yumicos.com\/wp-content\/uploads\/2025\/03\/lh_10.jpg 750w, https:\/\/yumicos.com\/wp-content\/uploads\/2025\/03\/lh_10-300x252.jpg 300w, https:\/\/yumicos.com\/wp-content\/uploads\/2025\/03\/lh_10-14x12.jpg 14w, https:\/\/yumicos.com\/wp-content\/uploads\/2025\/03\/lh_10-600x504.jpg 600w\" sizes=\"(max-width: 750px) 100vw, 750px\" \/><\/p>\n","protected":false},"excerpt":{"rendered":"<p>Muutu <em data-start=\"114\" data-end=\"148\">Love, Chunibyo &amp; Other Delusions<\/em> -elokuvan ikoniseksi Takanashi Rikaksi t\u00e4ll\u00e4 laadukkaalla cosplay-asulla. T\u00e4ydellisesti ja yksityiskohtaisesti suunniteltu asu sis\u00e4lt\u00e4\u00e4 kaiken, mit\u00e4 tarvitset rakastetun hahmon esitt\u00e4miseen. Ihanteellinen coneihin, kuvauksiin ja animefaneille!<\/p>\n","protected":false},"featured_media":11931,"comment_status":"open","ping_status":"closed","template":"","meta":{"_acf_changed":false,"_monsterinsights_skip_tracking":false,"_monsterinsights_sitenote_active":false,"_monsterinsights_sitenote_note":"","_monsterinsights_sitenote_category":0,"site-sidebar-layout":"default","site-content-layout":"","ast-site-content-layout":"default","site-content-style":"default","site-sidebar-style":"default","ast-global-header-display":"","ast-banner-title-visibility":"","ast-main-header-display":"","ast-hfb-above-header-display":"","ast-hfb-below-header-display":"","ast-hfb-mobile-header-display":"","site-post-title":"","ast-breadcrumbs-content":"","ast-featured-img":"","footer-sml-layout":"","theme-transparent-header-meta":"default","adv-header-id-meta":"","stick-header-meta":"default","header-above-stick-meta":"","header-main-stick-meta":"","header-below-stick-meta":"","astra-migrate-meta-layouts":"default","ast-page-background-enabled":"default","ast-page-background-meta":{"desktop":{"background-color":"var(--ast-global-color-4)","background-image":"","background-repeat":"repeat","background-position":"center center","background-size":"auto","background-attachment":"scroll","background-type":"","background-media":"","overlay-type":"","overlay-color":"","overlay-opacity":"","overlay-gradient":""},"tablet":{"background-color":"","background-image":"","background-repeat":"repeat","background-position":"center center","background-size":"auto","background-attachment":"scroll","background-type":"","background-media":"","overlay-type":"","overlay-color":"","overlay-opacity":"","overlay-gradient":""},"mobile":{"background-color":"","background-image":"","background-repeat":"repeat","background-position":"center center","background-size":"auto","background-attachment":"scroll","background-type":"","background-media":"","overlay-type":"","overlay-color":"","overlay-opacity":"","overlay-gradient":""}},"ast-content-background-meta":{"desktop":{"background-color":"var(--ast-global-color-5)","background-image":"","background-repeat":"repeat","background-position":"center center","background-size":"auto","background-attachment":"scroll","background-type":"","background-media":"","overlay-type":"","overlay-color":"","overlay-opacity":"","overlay-gradient":""},"tablet":{"background-color":"var(--ast-global-color-5)","background-image":"","background-repeat":"repeat","background-position":"center center","background-size":"auto","background-attachment":"scroll","background-type":"","background-media":"","overlay-type":"","overlay-color":"","overlay-opacity":"","overlay-gradient":""},"mobile":{"background-color":"var(--ast-global-color-5)","background-image":"","background-repeat":"repeat","background-position":"center center","background-size":"auto","background-attachment":"scroll","background-type":"","background-media":"","overlay-type":"","overlay-color":"","overlay-opacity":"","overlay-gradient":""}}},"product_brand":[],"product_cat":[158,174,240],"product_tag":[],"class_list":{"0":"post-30991","1":"product","2":"type-product","3":"status-publish","4":"has-post-thumbnail","6":"product_cat-anime","7":"product_cat-h-i-j-j-k-l-l-m-n","8":"product_cat-anime-love-chunibyo-other-delusions","9":"desktop-align-left","10":"tablet-align-left","11":"mobile-align-left","12":"ast-product-gallery-layout-horizontal-slider","13":"ast-product-single-variable","14":"ast-product-tabs-layout-horizontal","16":"first","17":"instock","18":"taxable","19":"shipping-taxable","20":"purchasable","21":"product-type-variable"},"acf":[],"aioseo_notices":[],"_links":{"self":[{"href":"https:\/\/yumicos.com\/fi\/wp-json\/wp\/v2\/product\/30991","targetHints":{"allow":["GET"]}}],"collection":[{"href":"https:\/\/yumicos.com\/fi\/wp-json\/wp\/v2\/product"}],"about":[{"href":"https:\/\/yumicos.com\/fi\/wp-json\/wp\/v2\/types\/product"}],"replies":[{"embeddable":true,"href":"https:\/\/yumicos.com\/fi\/wp-json\/wp\/v2\/comments?post=30991"}],"wp:featuredmedia":[{"embeddable":true,"href":"https:\/\/yumicos.com\/fi\/wp-json\/wp\/v2\/media\/11931"}],"wp:attachment":[{"href":"https:\/\/yumicos.com\/fi\/wp-json\/wp\/v2\/media?parent=30991"}],"wp:term":[{"taxonomy":"product_brand","embeddable":true,"href":"https:\/\/yumicos.com\/fi\/wp-json\/wp\/v2\/product_brand?post=30991"},{"taxonomy":"product_cat","embeddable":true,"href":"https:\/\/yumicos.com\/fi\/wp-json\/wp\/v2\/product_cat?post=30991"},{"taxonomy":"product_tag","embeddable":true,"href":"https:\/\/yumicos.com\/fi\/wp-json\/wp\/v2\/product_tag?post=30991"}],"curies":[{"name":"wp","href":"https:\/\/api.w.org\/{rel}","templated":true}]}}