{"id":30476,"date":"2025-10-16T18:20:24","date_gmt":"2025-10-16T18:20:24","guid":{"rendered":"https:\/\/yumicos.com\/product\/mira-cosplay-peruukki-how-its-done-kampaus-kpop-demon-hunters-mira-peruukki-by-yumicos\/"},"modified":"2025-10-16T18:20:24","modified_gmt":"2025-10-16T18:20:24","slug":"mira-how-its-done-cosplay-wig","status":"publish","type":"product","link":"https:\/\/yumicos.com\/fi\/product\/mira-how-its-done-cosplay-wig\/","title":{"rendered":"Mira Cosplay peruukki &#8211; &#8220;How It&#8217;s Done&#8221; kampaus | Kpop Demon Hunters Mira peruukki by Yumicos"},"content":{"rendered":"<figure id=\"attachment_30225\" aria-describedby=\"caption-attachment-30225\" style=\"width: 750px\" class=\"wp-caption alignnone\"><img fetchpriority=\"high\" decoding=\"async\" class=\"size-full wp-image-30225\" src=\"https:\/\/yumicos.com\/wp-content\/uploads\/2025\/10\/5-3.jpg\" alt=\"Yumicos Mira \u201cHow It\u2019s Done\u201d Cosplay Wig Front View\" width=\"750\" height=\"750\" srcset=\"https:\/\/yumicos.com\/wp-content\/uploads\/2025\/10\/5-3.jpg 1500w, https:\/\/yumicos.com\/wp-content\/uploads\/2025\/10\/5-3-300x300.jpg 300w, https:\/\/yumicos.com\/wp-content\/uploads\/2025\/10\/5-3-1024x1024.jpg 1024w, https:\/\/yumicos.com\/wp-content\/uploads\/2025\/10\/5-3-150x150.jpg 150w, https:\/\/yumicos.com\/wp-content\/uploads\/2025\/10\/5-3-768x768.jpg 768w, https:\/\/yumicos.com\/wp-content\/uploads\/2025\/10\/5-3-70x70.jpg 70w, https:\/\/yumicos.com\/wp-content\/uploads\/2025\/10\/5-3-600x600.jpg 600w, https:\/\/yumicos.com\/wp-content\/uploads\/2025\/10\/5-3-100x100.jpg 100w, https:\/\/yumicos.com\/wp-content\/uploads\/2025\/10\/5-3-50x50.jpg 50w\" sizes=\"(max-width: 750px) 100vw, 750px\" \/><figcaption id=\"caption-attachment-30225\" class=\"wp-caption-text\">Lyhyt gradienttiperuukki, jossa on violetista vaaleaan vaihtelevia s\u00e4vyj\u00e4 ja joka on muotoiltu Miran esiintymislookia varten<\/figcaption><\/figure>\n","protected":false},"excerpt":{"rendered":"<p>Yumicosin <strong data-start=\"5720\" data-end=\"5740\">Mira-cosplay-peruukki<\/strong> viimeistelee &#8220;How It&#8217;s Done&#8221; -asusi!<br data-start=\"5793\" data-end=\"5796\" \/>T\u00e4m\u00e4 peruukki sis\u00e4lt\u00e4\u00e4 Miran ainutlaatuisen kampauksen, jossa on kirkkaiden s\u00e4vyjen sekoitus, ja se on l\u00e4mm\u00f6nkest\u00e4v\u00e4, valmiiksi muotoiltu ja t\u00e4ydellinen mihin tahansa Kpop Demon Hunters -cosplayyn.<\/p>\n","protected":false},"featured_media":30226,"comment_status":"open","ping_status":"closed","template":"","meta":{"_acf_changed":false,"_monsterinsights_skip_tracking":false,"_monsterinsights_sitenote_active":false,"_monsterinsights_sitenote_note":"","_monsterinsights_sitenote_category":0,"site-sidebar-layout":"default","site-content-layout":"","ast-site-content-layout":"default","site-content-style":"default","site-sidebar-style":"default","ast-global-header-display":"","ast-banner-title-visibility":"","ast-main-header-display":"","ast-hfb-above-header-display":"","ast-hfb-below-header-display":"","ast-hfb-mobile-header-display":"","site-post-title":"","ast-breadcrumbs-content":"","ast-featured-img":"","footer-sml-layout":"","theme-transparent-header-meta":"default","adv-header-id-meta":"","stick-header-meta":"default","header-above-stick-meta":"","header-main-stick-meta":"","header-below-stick-meta":"","astra-migrate-meta-layouts":"default","ast-page-background-enabled":"default","ast-page-background-meta":{"desktop":{"background-color":"var(--ast-global-color-4)","background-image":"","background-repeat":"repeat","background-position":"center center","background-size":"auto","background-attachment":"scroll","background-type":"","background-media":"","overlay-type":"","overlay-color":"","overlay-opacity":"","overlay-gradient":""},"tablet":{"background-color":"","background-image":"","background-repeat":"repeat","background-position":"center center","background-size":"auto","background-attachment":"scroll","background-type":"","background-media":"","overlay-type":"","overlay-color":"","overlay-opacity":"","overlay-gradient":""},"mobile":{"background-color":"","background-image":"","background-repeat":"repeat","background-position":"center center","background-size":"auto","background-attachment":"scroll","background-type":"","background-media":"","overlay-type":"","overlay-color":"","overlay-opacity":"","overlay-gradient":""}},"ast-content-background-meta":{"desktop":{"background-color":"var(--ast-global-color-5)","background-image":"","background-repeat":"repeat","background-position":"center center","background-size":"auto","background-attachment":"scroll","background-type":"","background-media":"","overlay-type":"","overlay-color":"","overlay-opacity":"","overlay-gradient":""},"tablet":{"background-color":"var(--ast-global-color-5)","background-image":"","background-repeat":"repeat","background-position":"center center","background-size":"auto","background-attachment":"scroll","background-type":"","background-media":"","overlay-type":"","overlay-color":"","overlay-opacity":"","overlay-gradient":""},"mobile":{"background-color":"var(--ast-global-color-5)","background-image":"","background-repeat":"repeat","background-position":"center center","background-size":"auto","background-attachment":"scroll","background-type":"","background-media":"","overlay-type":"","overlay-color":"","overlay-opacity":"","overlay-gradient":""}}},"product_brand":[],"product_cat":[346],"product_tag":[],"class_list":{"0":"post-30476","1":"product","2":"type-product","3":"status-publish","4":"has-post-thumbnail","6":"product_cat-kpop-series","7":"desktop-align-left","8":"tablet-align-left","9":"mobile-align-left","10":"ast-product-gallery-layout-horizontal-slider","11":"ast-product-gallery-with-no-image","12":"ast-product-tabs-layout-horizontal","14":"first","15":"instock","16":"purchasable","17":"product-type-simple"},"acf":[],"aioseo_notices":[],"_links":{"self":[{"href":"https:\/\/yumicos.com\/fi\/wp-json\/wp\/v2\/product\/30476","targetHints":{"allow":["GET"]}}],"collection":[{"href":"https:\/\/yumicos.com\/fi\/wp-json\/wp\/v2\/product"}],"about":[{"href":"https:\/\/yumicos.com\/fi\/wp-json\/wp\/v2\/types\/product"}],"replies":[{"embeddable":true,"href":"https:\/\/yumicos.com\/fi\/wp-json\/wp\/v2\/comments?post=30476"}],"wp:featuredmedia":[{"embeddable":true,"href":"https:\/\/yumicos.com\/fi\/wp-json\/wp\/v2\/media\/30226"}],"wp:attachment":[{"href":"https:\/\/yumicos.com\/fi\/wp-json\/wp\/v2\/media?parent=30476"}],"wp:term":[{"taxonomy":"product_brand","embeddable":true,"href":"https:\/\/yumicos.com\/fi\/wp-json\/wp\/v2\/product_brand?post=30476"},{"taxonomy":"product_cat","embeddable":true,"href":"https:\/\/yumicos.com\/fi\/wp-json\/wp\/v2\/product_cat?post=30476"},{"taxonomy":"product_tag","embeddable":true,"href":"https:\/\/yumicos.com\/fi\/wp-json\/wp\/v2\/product_tag?post=30476"}],"curies":[{"name":"wp","href":"https:\/\/api.w.org\/{rel}","templated":true}]}}