{"id":29879,"date":"2025-04-05T14:11:26","date_gmt":"2025-04-05T14:11:26","guid":{"rendered":"https:\/\/yumicos.com\/product\/honkai-star-rail-hyacine-cosplay-puku-elegantti-ja-yksityiskohtainen-asu\/"},"modified":"2025-04-05T14:11:26","modified_gmt":"2025-04-05T14:11:26","slug":"hyacine-honkai-star-rail-cosplay-costume","status":"publish","type":"product","link":"https:\/\/yumicos.com\/fi\/product\/hyacine-honkai-star-rail-cosplay-costume\/","title":{"rendered":"Honkai: Star Rail Hyacine Cosplay puku &#8211; Elegantti ja yksityiskohtainen asu"},"content":{"rendered":"<p><img fetchpriority=\"high\" decoding=\"async\" class=\"alignnone size-full wp-image-285\" src=\"https:\/\/yumicos.com\/wp-content\/uploads\/2025\/01\/chanp.jpg\" alt=\"\" width=\"790\" height=\"92\" srcset=\"https:\/\/yumicos.com\/wp-content\/uploads\/2025\/01\/chanp.jpg 790w, https:\/\/yumicos.com\/wp-content\/uploads\/2025\/01\/chanp-300x35.jpg 300w, https:\/\/yumicos.com\/wp-content\/uploads\/2025\/01\/chanp-768x89.jpg 768w, https:\/\/yumicos.com\/wp-content\/uploads\/2025\/01\/chanp-600x70.jpg 600w\" sizes=\"(max-width: 790px) 100vw, 790px\" \/><\/p>\n<p><strong>L\u00e4hde<\/strong>:  <a title=\"Honkai Impact 3rd\" href=\"https:\/\/yumicos.com\/fi\/product-category\/game-cosplay\/honkai-star-rail-cosplay\/\" target=\"_blank\" rel=\"noopener noreferrer\"><strong>Honkai: Star Rail<\/strong><\/a><\/p>\n<p><strong>Hahmo<\/strong>: Castorix<\/p>\n<p><strong>Sis\u00e4lt\u00e4\u00e4<\/strong>:Vaatteet+Hiha+Rannekoriste+Hattu+Jousi solmio+Lantiokoristeet+Nilkkakoriste+Nilkkakoristeet+Hiuslis\u00e4varusteet+K\u00e4mmenkoriste<\/p>\n<p data-start=\"0\" data-end=\"105\"><strong data-start=\"0\" data-end=\"13\">Material:<\/strong> Valmistettu korkealaatuisesta polyesterist\u00e4 ja synteettisest\u00e4 nahasta mukavan ja kest\u00e4v\u00e4n istuvuuden takaamiseksi.<\/p>\n<p data-start=\"107\" data-end=\"204\"><strong data-start=\"107\" data-end=\"129\">Hoito-ohjeet: Hoito-ohjeet: Hoito-ohjeet: Hoito-ohjeet:<\/strong> K\u00e4sinpesu kylm\u00e4ss\u00e4 vedess\u00e4, v\u00e4lt\u00e4 valkaisuaineita ja ripusta kuivumaan parhaan tuloksen saavuttamiseksi.<\/p>\n<p data-start=\"206\" data-end=\"319\"><strong data-start=\"206\" data-end=\"215\">Size:<\/strong> Huomaathan, ett\u00e4 mitoitus noudattaa Aasian standardeja ja voi vaihdella 1-3 cm manuaalisesta mittauksesta johtuen.<\/p>\n<p data-start=\"321\" data-end=\"347\" data-is-last-node=\"\" data-is-only-node=\"\"><strong data-start=\"321\" data-end=\"329\">K\u00e4rki:<\/strong> 1 cm \u2248 0.39 tuumaa.<\/p>\n<p><img decoding=\"async\" class=\"alignnone size-full wp-image-288\" src=\"https:\/\/yumicos.com\/wp-content\/uploads\/2025\/01\/shiwuzhanshi.jpg\" alt=\"\" width=\"790\" height=\"92\" srcset=\"https:\/\/yumicos.com\/wp-content\/uploads\/2025\/01\/shiwuzhanshi.jpg 790w, https:\/\/yumicos.com\/wp-content\/uploads\/2025\/01\/shiwuzhanshi-300x35.jpg 300w, https:\/\/yumicos.com\/wp-content\/uploads\/2025\/01\/shiwuzhanshi-768x89.jpg 768w, https:\/\/yumicos.com\/wp-content\/uploads\/2025\/01\/shiwuzhanshi-600x70.jpg 600w\" sizes=\"(max-width: 790px) 100vw, 790px\" \/><\/p>\n<p><img decoding=\"async\" class=\" wp-image-2178\" src=\"https:\/\/yumicos.com\/wp-content\/uploads\/2025\/04\/5-1.jpg\" alt=\"Front view of Hyacine Cosplay Costume from Honkai: Star Rail\" width=\"750\" height=\"750\" srcset=\"https:\/\/yumicos.com\/wp-content\/uploads\/2025\/04\/5-1.jpg 1000w, https:\/\/yumicos.com\/wp-content\/uploads\/2025\/04\/5-1-300x300.jpg 300w, https:\/\/yumicos.com\/wp-content\/uploads\/2025\/04\/5-1-150x150.jpg 150w, https:\/\/yumicos.com\/wp-content\/uploads\/2025\/04\/5-1-768x768.jpg 768w, https:\/\/yumicos.com\/wp-content\/uploads\/2025\/04\/5-1-12x12.jpg 12w, https:\/\/yumicos.com\/wp-content\/uploads\/2025\/04\/5-1-70x70.jpg 70w, https:\/\/yumicos.com\/wp-content\/uploads\/2025\/04\/5-1-600x600.jpg 600w, https:\/\/yumicos.com\/wp-content\/uploads\/2025\/04\/5-1-100x100.jpg 100w, https:\/\/yumicos.com\/wp-content\/uploads\/2025\/04\/5-1-50x50.jpg 50w\" sizes=\"(max-width: 750px) 100vw, 750px\" \/><\/p>\n<p><img loading=\"lazy\" decoding=\"async\" class=\"alignnone size-full wp-image-287\" src=\"https:\/\/yumicos.com\/wp-content\/uploads\/2025\/01\/xijie.jpg\" alt=\"\" width=\"790\" height=\"92\" srcset=\"https:\/\/yumicos.com\/wp-content\/uploads\/2025\/01\/xijie.jpg 790w, https:\/\/yumicos.com\/wp-content\/uploads\/2025\/01\/xijie-300x35.jpg 300w, https:\/\/yumicos.com\/wp-content\/uploads\/2025\/01\/xijie-768x89.jpg 768w, https:\/\/yumicos.com\/wp-content\/uploads\/2025\/01\/xijie-600x70.jpg 600w\" sizes=\"(max-width: 790px) 100vw, 790px\" \/><\/p>\n<p><img loading=\"lazy\" decoding=\"async\" class=\" wp-image-2183\" src=\"https:\/\/yumicos.com\/wp-content\/uploads\/2025\/04\/7-1.jpg\" alt=\"Close-up of Hyacine Cosplay Costume details\" width=\"750\" height=\"800\" srcset=\"https:\/\/yumicos.com\/wp-content\/uploads\/2025\/04\/7-1.jpg 1500w, https:\/\/yumicos.com\/wp-content\/uploads\/2025\/04\/7-1-281x300.jpg 281w, https:\/\/yumicos.com\/wp-content\/uploads\/2025\/04\/7-1-960x1024.jpg 960w, https:\/\/yumicos.com\/wp-content\/uploads\/2025\/04\/7-1-768x819.jpg 768w, https:\/\/yumicos.com\/wp-content\/uploads\/2025\/04\/7-1-1440x1536.jpg 1440w, https:\/\/yumicos.com\/wp-content\/uploads\/2025\/04\/7-1-11x12.jpg 11w, https:\/\/yumicos.com\/wp-content\/uploads\/2025\/04\/7-1-600x640.jpg 600w\" sizes=\"(max-width: 750px) 100vw, 750px\" \/><\/p>\n<p><img loading=\"lazy\" decoding=\"async\" class=\" wp-image-2184\" src=\"https:\/\/yumicos.com\/wp-content\/uploads\/2025\/04\/8-1.jpg\" alt=\"Close-up of Hyacine Cosplay Costume details\" width=\"750\" height=\"951\" srcset=\"https:\/\/yumicos.com\/wp-content\/uploads\/2025\/04\/8-1.jpg 1500w, https:\/\/yumicos.com\/wp-content\/uploads\/2025\/04\/8-1-237x300.jpg 237w, https:\/\/yumicos.com\/wp-content\/uploads\/2025\/04\/8-1-808x1024.jpg 808w, https:\/\/yumicos.com\/wp-content\/uploads\/2025\/04\/8-1-768x973.jpg 768w, https:\/\/yumicos.com\/wp-content\/uploads\/2025\/04\/8-1-1212x1536.jpg 1212w, https:\/\/yumicos.com\/wp-content\/uploads\/2025\/04\/8-1-9x12.jpg 9w, https:\/\/yumicos.com\/wp-content\/uploads\/2025\/04\/8-1-600x760.jpg 600w\" sizes=\"(max-width: 750px) 100vw, 750px\" \/><\/p>\n<p><img loading=\"lazy\" decoding=\"async\" class=\" wp-image-2185\" src=\"https:\/\/yumicos.com\/wp-content\/uploads\/2025\/04\/9-1.jpg\" alt=\"Close-up of Hyacine Cosplay Costume details\" width=\"750\" height=\"877\" srcset=\"https:\/\/yumicos.com\/wp-content\/uploads\/2025\/04\/9-1.jpg 1500w, https:\/\/yumicos.com\/wp-content\/uploads\/2025\/04\/9-1-257x300.jpg 257w, https:\/\/yumicos.com\/wp-content\/uploads\/2025\/04\/9-1-876x1024.jpg 876w, https:\/\/yumicos.com\/wp-content\/uploads\/2025\/04\/9-1-768x898.jpg 768w, https:\/\/yumicos.com\/wp-content\/uploads\/2025\/04\/9-1-1314x1536.jpg 1314w, https:\/\/yumicos.com\/wp-content\/uploads\/2025\/04\/9-1-10x12.jpg 10w, https:\/\/yumicos.com\/wp-content\/uploads\/2025\/04\/9-1-600x701.jpg 600w\" sizes=\"(max-width: 750px) 100vw, 750px\" \/><\/p>\n<p><img loading=\"lazy\" decoding=\"async\" class=\" wp-image-2186\" src=\"https:\/\/yumicos.com\/wp-content\/uploads\/2025\/04\/10.jpg\" alt=\"Close-up of Hyacine Cosplay Costume details\" width=\"750\" height=\"844\" srcset=\"https:\/\/yumicos.com\/wp-content\/uploads\/2025\/04\/10.jpg 1500w, https:\/\/yumicos.com\/wp-content\/uploads\/2025\/04\/10-267x300.jpg 267w, https:\/\/yumicos.com\/wp-content\/uploads\/2025\/04\/10-910x1024.jpg 910w, https:\/\/yumicos.com\/wp-content\/uploads\/2025\/04\/10-768x864.jpg 768w, https:\/\/yumicos.com\/wp-content\/uploads\/2025\/04\/10-1366x1536.jpg 1366w, https:\/\/yumicos.com\/wp-content\/uploads\/2025\/04\/10-11x12.jpg 11w, https:\/\/yumicos.com\/wp-content\/uploads\/2025\/04\/10-600x675.jpg 600w\" sizes=\"(max-width: 750px) 100vw, 750px\" \/><\/p>\n","protected":false},"excerpt":{"rendered":"<p>Ota haltuun Honkai: Star Railin Hyacinen vieh\u00e4tysvoima t\u00e4ll\u00e4 upealla cosplay-asulla. T\u00e4m\u00e4 asu on valmistettu korkealaatuisista materiaaleista, ja siin\u00e4 on monimutkaisia yksityiskohtia, jotka her\u00e4tt\u00e4v\u00e4t rakastetun hahmon henkiin. Olitpa sitten osallistumassa cosplay-tapahtumiin tai -konventioihin tai halusitpa vain lis\u00e4t\u00e4 t\u00e4m\u00e4n tyylikk\u00e4\u00e4n kappaleen kokoelmaasi, t\u00e4m\u00e4 Hyacine-cosplay-asu on t\u00e4ydellinen valinta. Puvussa on kest\u00e4v\u00e4\u00e4 ja mukavaa kangasta sek\u00e4 hahmon ikonista ulkoasua mukaileva muotoilu, joten olet valmis astumaan Honkai: Star Railin maailmaan.<\/p>\n","protected":false},"featured_media":12539,"comment_status":"open","ping_status":"closed","template":"","meta":{"_acf_changed":false,"_monsterinsights_skip_tracking":false,"_monsterinsights_sitenote_active":false,"_monsterinsights_sitenote_note":"","_monsterinsights_sitenote_category":0,"site-sidebar-layout":"default","site-content-layout":"","ast-site-content-layout":"default","site-content-style":"default","site-sidebar-style":"default","ast-global-header-display":"","ast-banner-title-visibility":"","ast-main-header-display":"","ast-hfb-above-header-display":"","ast-hfb-below-header-display":"","ast-hfb-mobile-header-display":"","site-post-title":"","ast-breadcrumbs-content":"","ast-featured-img":"","footer-sml-layout":"","theme-transparent-header-meta":"default","adv-header-id-meta":"","stick-header-meta":"default","header-above-stick-meta":"","header-main-stick-meta":"","header-below-stick-meta":"","astra-migrate-meta-layouts":"default","ast-page-background-enabled":"default","ast-page-background-meta":{"desktop":{"background-color":"var(--ast-global-color-4)","background-image":"","background-repeat":"repeat","background-position":"center center","background-size":"auto","background-attachment":"scroll","background-type":"","background-media":"","overlay-type":"","overlay-color":"","overlay-opacity":"","overlay-gradient":""},"tablet":{"background-color":"","background-image":"","background-repeat":"repeat","background-position":"center center","background-size":"auto","background-attachment":"scroll","background-type":"","background-media":"","overlay-type":"","overlay-color":"","overlay-opacity":"","overlay-gradient":""},"mobile":{"background-color":"","background-image":"","background-repeat":"repeat","background-position":"center center","background-size":"auto","background-attachment":"scroll","background-type":"","background-media":"","overlay-type":"","overlay-color":"","overlay-opacity":"","overlay-gradient":""}},"ast-content-background-meta":{"desktop":{"background-color":"var(--ast-global-color-5)","background-image":"","background-repeat":"repeat","background-position":"center center","background-size":"auto","background-attachment":"scroll","background-type":"","background-media":"","overlay-type":"","overlay-color":"","overlay-opacity":"","overlay-gradient":""},"tablet":{"background-color":"var(--ast-global-color-5)","background-image":"","background-repeat":"repeat","background-position":"center center","background-size":"auto","background-attachment":"scroll","background-type":"","background-media":"","overlay-type":"","overlay-color":"","overlay-opacity":"","overlay-gradient":""},"mobile":{"background-color":"var(--ast-global-color-5)","background-image":"","background-repeat":"repeat","background-position":"center center","background-size":"auto","background-attachment":"scroll","background-type":"","background-media":"","overlay-type":"","overlay-color":"","overlay-opacity":"","overlay-gradient":""}}},"product_brand":[],"product_cat":[117,125],"product_tag":[],"class_list":{"0":"post-29879","1":"product","2":"type-product","3":"status-publish","4":"has-post-thumbnail","6":"product_cat-game-cosplay","7":"product_cat-honkai-star-rail-cosplay","8":"desktop-align-left","9":"tablet-align-left","10":"mobile-align-left","11":"ast-product-gallery-layout-horizontal-slider","12":"ast-product-single-variable","13":"ast-product-tabs-layout-horizontal","15":"first","16":"instock","17":"sale","18":"taxable","19":"shipping-taxable","20":"purchasable","21":"product-type-variable"},"acf":[],"aioseo_notices":[],"_links":{"self":[{"href":"https:\/\/yumicos.com\/fi\/wp-json\/wp\/v2\/product\/29879","targetHints":{"allow":["GET"]}}],"collection":[{"href":"https:\/\/yumicos.com\/fi\/wp-json\/wp\/v2\/product"}],"about":[{"href":"https:\/\/yumicos.com\/fi\/wp-json\/wp\/v2\/types\/product"}],"replies":[{"embeddable":true,"href":"https:\/\/yumicos.com\/fi\/wp-json\/wp\/v2\/comments?post=29879"}],"wp:featuredmedia":[{"embeddable":true,"href":"https:\/\/yumicos.com\/fi\/wp-json\/wp\/v2\/media\/12539"}],"wp:attachment":[{"href":"https:\/\/yumicos.com\/fi\/wp-json\/wp\/v2\/media?parent=29879"}],"wp:term":[{"taxonomy":"product_brand","embeddable":true,"href":"https:\/\/yumicos.com\/fi\/wp-json\/wp\/v2\/product_brand?post=29879"},{"taxonomy":"product_cat","embeddable":true,"href":"https:\/\/yumicos.com\/fi\/wp-json\/wp\/v2\/product_cat?post=29879"},{"taxonomy":"product_tag","embeddable":true,"href":"https:\/\/yumicos.com\/fi\/wp-json\/wp\/v2\/product_tag?post=29879"}],"curies":[{"name":"wp","href":"https:\/\/api.w.org\/{rel}","templated":true}]}}