{"id":29358,"date":"2025-04-17T13:39:09","date_gmt":"2025-04-17T13:39:09","guid":{"rendered":"https:\/\/yumicos.com\/product\/infinity-nikki-cosplay-puku-nikki-vaaleanpunainen-mekko\/"},"modified":"2025-10-16T14:48:21","modified_gmt":"2025-10-16T14:48:21","slug":"infinity-nikki-cosplay-nikki-pink-dress","status":"publish","type":"product","link":"https:\/\/yumicos.com\/fi\/product\/infinity-nikki-cosplay-nikki-pink-dress\/","title":{"rendered":"Infinity Nikki Cosplay puku &#8211; Nikki vaaleanpunainen mekko"},"content":{"rendered":"<p><img fetchpriority=\"high\" decoding=\"async\" class=\"alignnone size-full wp-image-285\" src=\"https:\/\/yumicos.com\/wp-content\/uploads\/2025\/01\/chanp.jpg\" alt=\"\" width=\"790\" height=\"92\" srcset=\"https:\/\/yumicos.com\/wp-content\/uploads\/2025\/01\/chanp.jpg 790w, https:\/\/yumicos.com\/wp-content\/uploads\/2025\/01\/chanp-300x35.jpg 300w, https:\/\/yumicos.com\/wp-content\/uploads\/2025\/01\/chanp-768x89.jpg 768w, https:\/\/yumicos.com\/wp-content\/uploads\/2025\/01\/chanp-600x70.jpg 600w\" sizes=\"(max-width: 790px) 100vw, 790px\" \/><\/p>\n<p><strong>L\u00e4hde<\/strong><a href=\"https:\/\/yumicos.com\/fi\/product-category\/game-cosplay\/infinity-nikki\/\">: Infinity Nikki<\/a><\/p>\n<p><strong>Hahmo<\/strong>:Nikki<\/p>\n<p><strong>Sis\u00e4lt\u00e4\u00e4<\/strong>:Mekko,sukat,panta,kaulanauha<\/p>\n<p data-start=\"0\" data-end=\"105\"><strong data-start=\"0\" data-end=\"13\">Materiaali:<\/strong> Valmistettu korkealaatuisesta polyesterist\u00e4 ja synteettisest\u00e4 nahasta mukavan ja kest\u00e4v\u00e4n istuvuuden takaamiseksi.<\/p>\n<p data-start=\"107\" data-end=\"204\"><strong data-start=\"107\" data-end=\"129\">Hoito-ohjeet: Hoito-ohjeet: Hoito-ohjeet: Hoito-ohjeet:<\/strong> K\u00e4sinpesu kylm\u00e4ss\u00e4 vedess\u00e4, v\u00e4lt\u00e4 valkaisuaineita ja ripusta kuivumaan parhaan tuloksen saavuttamiseksi.<\/p>\n<p data-start=\"206\" data-end=\"319\"><strong data-start=\"206\" data-end=\"215\">Koot: Pakkaus: 1:<\/strong> Huomaathan, ett\u00e4 mitoitus noudattaa Aasian standardeja ja voi vaihdella 1-3 cm manuaalisesta mittauksesta johtuen.<\/p>\n<p data-start=\"321\" data-end=\"347\" data-is-last-node=\"\" data-is-only-node=\"\"><strong data-start=\"321\" data-end=\"329\">K\u00e4rki:<\/strong> 1 cm \u2248 0.39 tuumaa.<\/p>\n<p><img decoding=\"async\" class=\"size-full wp-image-2559\" src=\"https:\/\/yumicos.com\/wp-content\/uploads\/2025\/04\/ll_01.jpg\" alt=\"Close-up details of Nikki Cosplay Pink Dress\" width=\"750\" height=\"450\" srcset=\"https:\/\/yumicos.com\/wp-content\/uploads\/2025\/04\/ll_01.jpg 750w, https:\/\/yumicos.com\/wp-content\/uploads\/2025\/04\/ll_01-300x180.jpg 300w, https:\/\/yumicos.com\/wp-content\/uploads\/2025\/04\/ll_01-18x12.jpg 18w, https:\/\/yumicos.com\/wp-content\/uploads\/2025\/04\/ll_01-600x360.jpg 600w\" sizes=\"(max-width: 750px) 100vw, 750px\" \/><br \/>\n<img decoding=\"async\" class=\"size-full wp-image-2560\" src=\"https:\/\/yumicos.com\/wp-content\/uploads\/2025\/04\/ll_02.jpg\" alt=\"Close-up details of Nikki Cosplay Pink Dress\" width=\"750\" height=\"830\" srcset=\"https:\/\/yumicos.com\/wp-content\/uploads\/2025\/04\/ll_02.jpg 750w, https:\/\/yumicos.com\/wp-content\/uploads\/2025\/04\/ll_02-271x300.jpg 271w, https:\/\/yumicos.com\/wp-content\/uploads\/2025\/04\/ll_02-11x12.jpg 11w, https:\/\/yumicos.com\/wp-content\/uploads\/2025\/04\/ll_02-600x664.jpg 600w\" sizes=\"(max-width: 750px) 100vw, 750px\" \/><br \/>\n<img loading=\"lazy\" decoding=\"async\" class=\"size-full wp-image-2561\" src=\"https:\/\/yumicos.com\/wp-content\/uploads\/2025\/04\/ll_03.jpg\" alt=\"Close-up details of Nikki Cosplay Pink Dress\" width=\"750\" height=\"704\" srcset=\"https:\/\/yumicos.com\/wp-content\/uploads\/2025\/04\/ll_03.jpg 750w, https:\/\/yumicos.com\/wp-content\/uploads\/2025\/04\/ll_03-300x282.jpg 300w, https:\/\/yumicos.com\/wp-content\/uploads\/2025\/04\/ll_03-13x12.jpg 13w, https:\/\/yumicos.com\/wp-content\/uploads\/2025\/04\/ll_03-600x563.jpg 600w\" sizes=\"(max-width: 750px) 100vw, 750px\" \/><br \/>\n<img loading=\"lazy\" decoding=\"async\" class=\"size-full wp-image-2562\" src=\"https:\/\/yumicos.com\/wp-content\/uploads\/2025\/04\/ll_04.jpg\" alt=\"Close-up details of Nikki Cosplay Pink Dress\" width=\"750\" height=\"840\" srcset=\"https:\/\/yumicos.com\/wp-content\/uploads\/2025\/04\/ll_04.jpg 750w, https:\/\/yumicos.com\/wp-content\/uploads\/2025\/04\/ll_04-268x300.jpg 268w, https:\/\/yumicos.com\/wp-content\/uploads\/2025\/04\/ll_04-11x12.jpg 11w, https:\/\/yumicos.com\/wp-content\/uploads\/2025\/04\/ll_04-600x672.jpg 600w\" sizes=\"(max-width: 750px) 100vw, 750px\" \/><br \/>\n<img loading=\"lazy\" decoding=\"async\" class=\"size-full wp-image-2563\" src=\"https:\/\/yumicos.com\/wp-content\/uploads\/2025\/04\/ll_05.jpg\" alt=\" Front view of Infinity Nikki Nikki Cosplay Pink Dress \" width=\"750\" height=\"826\" srcset=\"https:\/\/yumicos.com\/wp-content\/uploads\/2025\/04\/ll_05.jpg 750w, https:\/\/yumicos.com\/wp-content\/uploads\/2025\/04\/ll_05-272x300.jpg 272w, https:\/\/yumicos.com\/wp-content\/uploads\/2025\/04\/ll_05-11x12.jpg 11w, https:\/\/yumicos.com\/wp-content\/uploads\/2025\/04\/ll_05-600x661.jpg 600w\" sizes=\"(max-width: 750px) 100vw, 750px\" \/><br \/>\n<img loading=\"lazy\" decoding=\"async\" class=\"size-full wp-image-2564\" src=\"https:\/\/yumicos.com\/wp-content\/uploads\/2025\/04\/ll_06.jpg\" alt=\"Front view of Infinity Nikki Nikki Cosplay Pink Dress\" width=\"750\" height=\"800\" srcset=\"https:\/\/yumicos.com\/wp-content\/uploads\/2025\/04\/ll_06.jpg 750w, https:\/\/yumicos.com\/wp-content\/uploads\/2025\/04\/ll_06-281x300.jpg 281w, https:\/\/yumicos.com\/wp-content\/uploads\/2025\/04\/ll_06-11x12.jpg 11w, https:\/\/yumicos.com\/wp-content\/uploads\/2025\/04\/ll_06-600x640.jpg 600w\" sizes=\"(max-width: 750px) 100vw, 750px\" \/><br \/>\n<img loading=\"lazy\" decoding=\"async\" class=\"size-full wp-image-2565\" src=\"https:\/\/yumicos.com\/wp-content\/uploads\/2025\/04\/ll_07.jpg\" alt=\"Front view of Infinity Nikki Nikki Cosplay Pink Dress\" width=\"750\" height=\"800\" srcset=\"https:\/\/yumicos.com\/wp-content\/uploads\/2025\/04\/ll_07.jpg 750w, https:\/\/yumicos.com\/wp-content\/uploads\/2025\/04\/ll_07-281x300.jpg 281w, https:\/\/yumicos.com\/wp-content\/uploads\/2025\/04\/ll_07-11x12.jpg 11w, https:\/\/yumicos.com\/wp-content\/uploads\/2025\/04\/ll_07-600x640.jpg 600w\" sizes=\"(max-width: 750px) 100vw, 750px\" \/><br \/>\n<img loading=\"lazy\" decoding=\"async\" class=\"size-full wp-image-2566\" src=\"https:\/\/yumicos.com\/wp-content\/uploads\/2025\/04\/ll_08.jpg\" alt=\"Back view of Infinity Nikki Nikki Cosplay Pink Dress\" width=\"750\" height=\"830\" srcset=\"https:\/\/yumicos.com\/wp-content\/uploads\/2025\/04\/ll_08.jpg 750w, https:\/\/yumicos.com\/wp-content\/uploads\/2025\/04\/ll_08-271x300.jpg 271w, https:\/\/yumicos.com\/wp-content\/uploads\/2025\/04\/ll_08-11x12.jpg 11w, https:\/\/yumicos.com\/wp-content\/uploads\/2025\/04\/ll_08-600x664.jpg 600w\" sizes=\"(max-width: 750px) 100vw, 750px\" \/><br \/>\n<img loading=\"lazy\" decoding=\"async\" class=\"size-full wp-image-2567\" src=\"https:\/\/yumicos.com\/wp-content\/uploads\/2025\/04\/ll_09.jpg\" alt=\"Back view of Infinity Nikki Nikki Cosplay Pink Dress\" width=\"750\" height=\"861\" srcset=\"https:\/\/yumicos.com\/wp-content\/uploads\/2025\/04\/ll_09.jpg 750w, https:\/\/yumicos.com\/wp-content\/uploads\/2025\/04\/ll_09-261x300.jpg 261w, https:\/\/yumicos.com\/wp-content\/uploads\/2025\/04\/ll_09-10x12.jpg 10w, https:\/\/yumicos.com\/wp-content\/uploads\/2025\/04\/ll_09-600x689.jpg 600w\" sizes=\"(max-width: 750px) 100vw, 750px\" \/><br \/>\n<img loading=\"lazy\" decoding=\"async\" class=\"size-full wp-image-2568\" src=\"https:\/\/yumicos.com\/wp-content\/uploads\/2025\/04\/ll_10.jpg\" alt=\"Front view of Infinity Nikki Nikki Cosplay Pink Dress\" width=\"750\" height=\"795\" srcset=\"https:\/\/yumicos.com\/wp-content\/uploads\/2025\/04\/ll_10.jpg 750w, https:\/\/yumicos.com\/wp-content\/uploads\/2025\/04\/ll_10-283x300.jpg 283w, https:\/\/yumicos.com\/wp-content\/uploads\/2025\/04\/ll_10-11x12.jpg 11w, https:\/\/yumicos.com\/wp-content\/uploads\/2025\/04\/ll_10-600x636.jpg 600w\" sizes=\"(max-width: 750px) 100vw, 750px\" \/><br \/>\n<img loading=\"lazy\" decoding=\"async\" class=\"size-full wp-image-2569\" src=\"https:\/\/yumicos.com\/wp-content\/uploads\/2025\/04\/ll_11.jpg\" alt=\" Front view of Infinity Nikki Nikki Cosplay Pink Dress\" width=\"750\" height=\"788\" srcset=\"https:\/\/yumicos.com\/wp-content\/uploads\/2025\/04\/ll_11.jpg 750w, https:\/\/yumicos.com\/wp-content\/uploads\/2025\/04\/ll_11-286x300.jpg 286w, https:\/\/yumicos.com\/wp-content\/uploads\/2025\/04\/ll_11-11x12.jpg 11w, https:\/\/yumicos.com\/wp-content\/uploads\/2025\/04\/ll_11-600x630.jpg 600w\" sizes=\"(max-width: 750px) 100vw, 750px\" \/><br \/>\n<img loading=\"lazy\" decoding=\"async\" class=\"size-full wp-image-2570\" src=\"https:\/\/yumicos.com\/wp-content\/uploads\/2025\/04\/ll_12.jpg\" alt=\"Front view of Infinity Nikki Nikki Cosplay Pink Dress\" width=\"750\" height=\"658\" srcset=\"https:\/\/yumicos.com\/wp-content\/uploads\/2025\/04\/ll_12.jpg 750w, https:\/\/yumicos.com\/wp-content\/uploads\/2025\/04\/ll_12-300x263.jpg 300w, https:\/\/yumicos.com\/wp-content\/uploads\/2025\/04\/ll_12-14x12.jpg 14w, https:\/\/yumicos.com\/wp-content\/uploads\/2025\/04\/ll_12-600x526.jpg 600w\" sizes=\"(max-width: 750px) 100vw, 750px\" \/><br \/>\n<img loading=\"lazy\" decoding=\"async\" class=\"size-full wp-image-2571\" src=\"https:\/\/yumicos.com\/wp-content\/uploads\/2025\/04\/ll_13.jpg\" alt=\"Front view of Infinity Nikki Nikki Cosplay Pink Dress\" width=\"750\" height=\"768\" srcset=\"https:\/\/yumicos.com\/wp-content\/uploads\/2025\/04\/ll_13.jpg 750w, https:\/\/yumicos.com\/wp-content\/uploads\/2025\/04\/ll_13-293x300.jpg 293w, https:\/\/yumicos.com\/wp-content\/uploads\/2025\/04\/ll_13-12x12.jpg 12w, https:\/\/yumicos.com\/wp-content\/uploads\/2025\/04\/ll_13-600x614.jpg 600w, https:\/\/yumicos.com\/wp-content\/uploads\/2025\/04\/ll_13-50x50.jpg 50w\" sizes=\"(max-width: 750px) 100vw, 750px\" \/><br \/>\n<img loading=\"lazy\" decoding=\"async\" class=\"size-full wp-image-2572\" src=\"https:\/\/yumicos.com\/wp-content\/uploads\/2025\/04\/ll_14.jpg\" alt=\"Front view of Infinity Nikki Nikki Cosplay Pink Dress\" width=\"750\" height=\"1050\" srcset=\"https:\/\/yumicos.com\/wp-content\/uploads\/2025\/04\/ll_14.jpg 750w, https:\/\/yumicos.com\/wp-content\/uploads\/2025\/04\/ll_14-214x300.jpg 214w, https:\/\/yumicos.com\/wp-content\/uploads\/2025\/04\/ll_14-731x1024.jpg 731w, https:\/\/yumicos.com\/wp-content\/uploads\/2025\/04\/ll_14-9x12.jpg 9w, https:\/\/yumicos.com\/wp-content\/uploads\/2025\/04\/ll_14-600x840.jpg 600w\" sizes=\"(max-width: 750px) 100vw, 750px\" \/><\/p>\n","protected":false},"excerpt":{"rendered":"<p>Astu <strong data-start=\"821\" data-end=\"839\">Infinity Nikkin<\/strong> maailmaan t\u00e4ll\u00e4 upealla <strong data-start=\"859\" data-end=\"887\">Nikki Cosplay vaaleanpunaisella mekolla<\/strong>! Ensiluokkaisista materiaaleista ja autenttisesta suunnittelusta valmistettu puku kuvastaa Nikkin hahmoa t\u00e4ydellisesti. T\u00e4ydellinen cosplay-harrastajille ja <strong data-start=\"1029\" data-end=\"1047\">Infinity Nikki<\/strong> -faneille.<\/p>\n","protected":false},"featured_media":13211,"comment_status":"open","ping_status":"closed","template":"","meta":{"_acf_changed":false,"_monsterinsights_skip_tracking":false,"_monsterinsights_sitenote_active":false,"_monsterinsights_sitenote_note":"","_monsterinsights_sitenote_category":0,"site-sidebar-layout":"default","site-content-layout":"","ast-site-content-layout":"default","site-content-style":"default","site-sidebar-style":"default","ast-global-header-display":"","ast-banner-title-visibility":"","ast-main-header-display":"","ast-hfb-above-header-display":"","ast-hfb-below-header-display":"","ast-hfb-mobile-header-display":"","site-post-title":"","ast-breadcrumbs-content":"","ast-featured-img":"","footer-sml-layout":"","theme-transparent-header-meta":"default","adv-header-id-meta":"","stick-header-meta":"default","header-above-stick-meta":"","header-main-stick-meta":"","header-below-stick-meta":"","astra-migrate-meta-layouts":"default","ast-page-background-enabled":"default","ast-page-background-meta":{"desktop":{"background-color":"var(--ast-global-color-4)","background-image":"","background-repeat":"repeat","background-position":"center center","background-size":"auto","background-attachment":"scroll","background-type":"","background-media":"","overlay-type":"","overlay-color":"","overlay-opacity":"","overlay-gradient":""},"tablet":{"background-color":"","background-image":"","background-repeat":"repeat","background-position":"center center","background-size":"auto","background-attachment":"scroll","background-type":"","background-media":"","overlay-type":"","overlay-color":"","overlay-opacity":"","overlay-gradient":""},"mobile":{"background-color":"","background-image":"","background-repeat":"repeat","background-position":"center center","background-size":"auto","background-attachment":"scroll","background-type":"","background-media":"","overlay-type":"","overlay-color":"","overlay-opacity":"","overlay-gradient":""}},"ast-content-background-meta":{"desktop":{"background-color":"var(--ast-global-color-5)","background-image":"","background-repeat":"repeat","background-position":"center center","background-size":"auto","background-attachment":"scroll","background-type":"","background-media":"","overlay-type":"","overlay-color":"","overlay-opacity":"","overlay-gradient":""},"tablet":{"background-color":"var(--ast-global-color-5)","background-image":"","background-repeat":"repeat","background-position":"center center","background-size":"auto","background-attachment":"scroll","background-type":"","background-media":"","overlay-type":"","overlay-color":"","overlay-opacity":"","overlay-gradient":""},"mobile":{"background-color":"var(--ast-global-color-5)","background-image":"","background-repeat":"repeat","background-position":"center center","background-size":"auto","background-attachment":"scroll","background-type":"","background-media":"","overlay-type":"","overlay-color":"","overlay-opacity":"","overlay-gradient":""}}},"product_brand":[],"product_cat":[117,320],"product_tag":[],"class_list":{"0":"post-29358","1":"product","2":"type-product","3":"status-publish","4":"has-post-thumbnail","6":"product_cat-game-cosplay","7":"product_cat-infinity-nikki","8":"desktop-align-left","9":"tablet-align-left","10":"mobile-align-left","11":"ast-product-gallery-layout-horizontal-slider","12":"ast-product-single-variable","13":"ast-product-tabs-layout-horizontal","15":"first","16":"instock","17":"purchasable","18":"product-type-variable"},"acf":[],"aioseo_notices":[],"_links":{"self":[{"href":"https:\/\/yumicos.com\/fi\/wp-json\/wp\/v2\/product\/29358","targetHints":{"allow":["GET"]}}],"collection":[{"href":"https:\/\/yumicos.com\/fi\/wp-json\/wp\/v2\/product"}],"about":[{"href":"https:\/\/yumicos.com\/fi\/wp-json\/wp\/v2\/types\/product"}],"replies":[{"embeddable":true,"href":"https:\/\/yumicos.com\/fi\/wp-json\/wp\/v2\/comments?post=29358"}],"wp:featuredmedia":[{"embeddable":true,"href":"https:\/\/yumicos.com\/fi\/wp-json\/wp\/v2\/media\/13211"}],"wp:attachment":[{"href":"https:\/\/yumicos.com\/fi\/wp-json\/wp\/v2\/media?parent=29358"}],"wp:term":[{"taxonomy":"product_brand","embeddable":true,"href":"https:\/\/yumicos.com\/fi\/wp-json\/wp\/v2\/product_brand?post=29358"},{"taxonomy":"product_cat","embeddable":true,"href":"https:\/\/yumicos.com\/fi\/wp-json\/wp\/v2\/product_cat?post=29358"},{"taxonomy":"product_tag","embeddable":true,"href":"https:\/\/yumicos.com\/fi\/wp-json\/wp\/v2\/product_tag?post=29358"}],"curies":[{"name":"wp","href":"https:\/\/api.w.org\/{rel}","templated":true}]}}