{"id":28693,"date":"2025-04-27T17:57:43","date_gmt":"2025-04-27T17:57:43","guid":{"rendered":"https:\/\/yumicos.com\/product\/black-butler-15th-anniversary-ciel-phantomhive-cosplay-puku-kuroshitsuji-asu-kuroshitsuji-asu\/"},"modified":"2025-10-16T13:29:04","modified_gmt":"2025-10-16T13:29:04","slug":"black-butler-ciel-phantomhive-15th-anniversary-cosplay-costume","status":"publish","type":"product","link":"https:\/\/yumicos.com\/fi\/product\/black-butler-ciel-phantomhive-15th-anniversary-cosplay-costume\/","title":{"rendered":"Black Butler 15th Anniversary Ciel Phantomhive Cosplay puku | Kuroshitsuji asu | Kuroshitsuji asu"},"content":{"rendered":"<p><img fetchpriority=\"high\" decoding=\"async\" class=\"alignnone size-full wp-image-285\" src=\"https:\/\/yumicos.com\/wp-content\/uploads\/2025\/01\/chanp.jpg\" alt=\"\" width=\"790\" height=\"92\" srcset=\"https:\/\/yumicos.com\/wp-content\/uploads\/2025\/01\/chanp.jpg 790w, https:\/\/yumicos.com\/wp-content\/uploads\/2025\/01\/chanp-300x35.jpg 300w, https:\/\/yumicos.com\/wp-content\/uploads\/2025\/01\/chanp-768x89.jpg 768w, https:\/\/yumicos.com\/wp-content\/uploads\/2025\/01\/chanp-600x70.jpg 600w\" sizes=\"(max-width: 790px) 100vw, 790px\" \/><\/p>\n<p><strong>L\u00e4hde<\/strong>: <a href=\"https:\/\/yumicos.com\/fi\/product-category\/anime\/a-b-c-d-e-f-g\/black-butler-cosplay\/\">Black Butler<\/a><\/p>\n<p><strong>Hahmo: Hahmo: Hahmo: Hahmo: Hahmo: Hahmo<\/strong>: Ciel Phantomhive<\/p>\n<p><strong>Sis\u00e4lt\u00e4\u00e4<\/strong>:Mekko+Hameen helma+Hiuskoriste+Hattu+Silm\u00e4myssy+Takakoriste+Kaulakoriste+Hansikkaat+Rintakoriste<\/p>\n<p data-start=\"0\" data-end=\"105\"><strong data-start=\"0\" data-end=\"13\">Material:<\/strong> Valmistettu korkealaatuisesta polyesterist\u00e4 ja synteettisest\u00e4 nahasta mukavan ja kest\u00e4v\u00e4n istuvuuden takaamiseksi.<\/p>\n<p data-start=\"107\" data-end=\"204\"><strong data-start=\"107\" data-end=\"129\">Hoito-ohjeet: Hoito-ohjeet: Hoito-ohjeet: Hoito-ohjeet:<\/strong> K\u00e4sinpesu kylm\u00e4ss\u00e4 vedess\u00e4, v\u00e4lt\u00e4 valkaisuaineita ja ripusta kuivumaan parhaan tuloksen saavuttamiseksi.<\/p>\n<p data-start=\"206\" data-end=\"319\"><strong data-start=\"206\" data-end=\"215\">Koot: Pakkaus: 1:<\/strong> Huomaathan, ett\u00e4 mitoitus noudattaa Aasian standardeja ja voi vaihdella 1-3 cm manuaalisesta mittauksesta johtuen.<\/p>\n<p data-start=\"321\" data-end=\"347\" data-is-last-node=\"\" data-is-only-node=\"\"><strong data-start=\"321\" data-end=\"329\">K\u00e4rki:<\/strong> 1 cm \u2248 0.39 tuumaa.<\/p>\n<p><img decoding=\"async\" class=\"alignnone size-full wp-image-288\" src=\"https:\/\/yumicos.com\/wp-content\/uploads\/2025\/01\/shiwuzhanshi.jpg\" alt=\"\" width=\"790\" height=\"92\" srcset=\"https:\/\/yumicos.com\/wp-content\/uploads\/2025\/01\/shiwuzhanshi.jpg 790w, https:\/\/yumicos.com\/wp-content\/uploads\/2025\/01\/shiwuzhanshi-300x35.jpg 300w, https:\/\/yumicos.com\/wp-content\/uploads\/2025\/01\/shiwuzhanshi-768x89.jpg 768w, https:\/\/yumicos.com\/wp-content\/uploads\/2025\/01\/shiwuzhanshi-600x70.jpg 600w\" sizes=\"(max-width: 790px) 100vw, 790px\" \/><\/p>\n<p><img decoding=\"async\" class=\"size-full wp-image-2872\" src=\"https:\/\/yumicos.com\/wp-content\/uploads\/2025\/04\/5-12.jpg\" alt=\"Front view of Black Butler Ciel Phantomhive 15th Anniversary Cosplay Costume\" width=\"750\" height=\"1200\" \/><\/p>\n<p><img loading=\"lazy\" decoding=\"async\" class=\"size-full wp-image-2870\" src=\"https:\/\/yumicos.com\/wp-content\/uploads\/2025\/04\/3-14.jpg\" alt=\"Back view of Black Butler Ciel Phantomhive 15th Anniversary Cosplay Costume\" width=\"750\" height=\"1200\" \/><\/p>\n<p><img loading=\"lazy\" decoding=\"async\" class=\"alignnone size-full wp-image-287\" src=\"https:\/\/yumicos.com\/wp-content\/uploads\/2025\/01\/xijie.jpg\" alt=\"\" width=\"790\" height=\"92\" srcset=\"https:\/\/yumicos.com\/wp-content\/uploads\/2025\/01\/xijie.jpg 790w, https:\/\/yumicos.com\/wp-content\/uploads\/2025\/01\/xijie-300x35.jpg 300w, https:\/\/yumicos.com\/wp-content\/uploads\/2025\/01\/xijie-768x89.jpg 768w, https:\/\/yumicos.com\/wp-content\/uploads\/2025\/01\/xijie-600x70.jpg 600w\" sizes=\"(max-width: 790px) 100vw, 790px\" \/><\/p>\n<p><img loading=\"lazy\" decoding=\"async\" class=\"size-full wp-image-2873\" src=\"https:\/\/yumicos.com\/wp-content\/uploads\/2025\/04\/6-11.jpg\" alt=\"Close-up of Black Butler Ciel Phantomhive 15th Anniversary Cosplay details\" width=\"750\" height=\"800\" \/><\/p>\n<p><img loading=\"lazy\" decoding=\"async\" class=\"size-full wp-image-2874\" src=\"https:\/\/yumicos.com\/wp-content\/uploads\/2025\/04\/7-11.jpg\" alt=\"Close-up of Black Butler Ciel Phantomhive 15th Anniversary Cosplay details\" width=\"750\" height=\"800\" \/><\/p>\n<p><img loading=\"lazy\" decoding=\"async\" class=\"size-full wp-image-2875\" src=\"https:\/\/yumicos.com\/wp-content\/uploads\/2025\/04\/8-11.jpg\" alt=\"Close-up of Black Butler Ciel Phantomhive 15th Anniversary Cosplay details\" width=\"750\" height=\"800\" \/><\/p>\n<p><img loading=\"lazy\" decoding=\"async\" class=\"size-full wp-image-2876\" src=\"https:\/\/yumicos.com\/wp-content\/uploads\/2025\/04\/9-10.jpg\" alt=\"Close-up of Black Butler Ciel Phantomhive 15th Anniversary Cosplay details\" width=\"750\" height=\"800\" \/><\/p>\n<p><img loading=\"lazy\" decoding=\"async\" class=\"size-full wp-image-2877\" src=\"https:\/\/yumicos.com\/wp-content\/uploads\/2025\/04\/10-8.jpg\" alt=\"Close-up of Black Butler Ciel Phantomhive 15th Anniversary Cosplay details\" width=\"750\" height=\"800\" \/><\/p>\n<p><img loading=\"lazy\" decoding=\"async\" class=\"size-full wp-image-2878\" src=\"https:\/\/yumicos.com\/wp-content\/uploads\/2025\/04\/11-9.jpg\" alt=\"Close-up of Black Butler Ciel Phantomhive 15th Anniversary Cosplay details\" width=\"750\" height=\"800\" \/><\/p>\n<p><img loading=\"lazy\" decoding=\"async\" class=\"size-full wp-image-2879\" src=\"https:\/\/yumicos.com\/wp-content\/uploads\/2025\/04\/12-9.jpg\" alt=\"Close-up of Black Butler Ciel Phantomhive 15th Anniversary Cosplay details\" width=\"750\" height=\"800\" \/><\/p>\n<p><img loading=\"lazy\" decoding=\"async\" class=\"size-full wp-image-2880\" src=\"https:\/\/yumicos.com\/wp-content\/uploads\/2025\/04\/13-10.jpg\" alt=\"Close-up of Black Butler Ciel Phantomhive 15th Anniversary Cosplay details\" width=\"750\" height=\"800\" \/><\/p>\n","protected":false},"excerpt":{"rendered":"<p>Muista <em data-start=\"1009\" data-end=\"1023\">Black Butlerin<\/em> 15-vuotisjuhlaa t\u00e4ll\u00e4 hienolla Ciel Phantomhive -cosplay-asulla, jossa on ensiluokkaista k\u00e4sity\u00f6t\u00e4 ja autenttista suunnittelua niin faneille kuin ker\u00e4ilij\u00f6illekin.<\/p>\n","protected":false},"featured_media":14187,"comment_status":"open","ping_status":"closed","template":"","meta":{"_acf_changed":false,"_monsterinsights_skip_tracking":false,"_monsterinsights_sitenote_active":false,"_monsterinsights_sitenote_note":"","_monsterinsights_sitenote_category":0,"site-sidebar-layout":"default","site-content-layout":"","ast-site-content-layout":"default","site-content-style":"default","site-sidebar-style":"default","ast-global-header-display":"","ast-banner-title-visibility":"","ast-main-header-display":"","ast-hfb-above-header-display":"","ast-hfb-below-header-display":"","ast-hfb-mobile-header-display":"","site-post-title":"","ast-breadcrumbs-content":"","ast-featured-img":"","footer-sml-layout":"","theme-transparent-header-meta":"default","adv-header-id-meta":"","stick-header-meta":"default","header-above-stick-meta":"","header-main-stick-meta":"","header-below-stick-meta":"","astra-migrate-meta-layouts":"default","ast-page-background-enabled":"default","ast-page-background-meta":{"desktop":{"background-color":"var(--ast-global-color-4)","background-image":"","background-repeat":"repeat","background-position":"center center","background-size":"auto","background-attachment":"scroll","background-type":"","background-media":"","overlay-type":"","overlay-color":"","overlay-opacity":"","overlay-gradient":""},"tablet":{"background-color":"","background-image":"","background-repeat":"repeat","background-position":"center center","background-size":"auto","background-attachment":"scroll","background-type":"","background-media":"","overlay-type":"","overlay-color":"","overlay-opacity":"","overlay-gradient":""},"mobile":{"background-color":"","background-image":"","background-repeat":"repeat","background-position":"center center","background-size":"auto","background-attachment":"scroll","background-type":"","background-media":"","overlay-type":"","overlay-color":"","overlay-opacity":"","overlay-gradient":""}},"ast-content-background-meta":{"desktop":{"background-color":"var(--ast-global-color-5)","background-image":"","background-repeat":"repeat","background-position":"center center","background-size":"auto","background-attachment":"scroll","background-type":"","background-media":"","overlay-type":"","overlay-color":"","overlay-opacity":"","overlay-gradient":""},"tablet":{"background-color":"var(--ast-global-color-5)","background-image":"","background-repeat":"repeat","background-position":"center center","background-size":"auto","background-attachment":"scroll","background-type":"","background-media":"","overlay-type":"","overlay-color":"","overlay-opacity":"","overlay-gradient":""},"mobile":{"background-color":"var(--ast-global-color-5)","background-image":"","background-repeat":"repeat","background-position":"center center","background-size":"auto","background-attachment":"scroll","background-type":"","background-media":"","overlay-type":"","overlay-color":"","overlay-opacity":"","overlay-gradient":""}}},"product_brand":[],"product_cat":[158,337,208],"product_tag":[],"class_list":{"0":"post-28693","1":"product","2":"type-product","3":"status-publish","4":"has-post-thumbnail","6":"product_cat-anime","7":"product_cat-a-b-c-d-e-f-g","8":"product_cat-black-butler-cosplay","9":"desktop-align-left","10":"tablet-align-left","11":"mobile-align-left","12":"ast-product-gallery-layout-horizontal-slider","13":"ast-product-single-variable","14":"ast-product-tabs-layout-horizontal","16":"first","17":"instock","18":"purchasable","19":"product-type-variable"},"acf":[],"aioseo_notices":[],"_links":{"self":[{"href":"https:\/\/yumicos.com\/fi\/wp-json\/wp\/v2\/product\/28693","targetHints":{"allow":["GET"]}}],"collection":[{"href":"https:\/\/yumicos.com\/fi\/wp-json\/wp\/v2\/product"}],"about":[{"href":"https:\/\/yumicos.com\/fi\/wp-json\/wp\/v2\/types\/product"}],"replies":[{"embeddable":true,"href":"https:\/\/yumicos.com\/fi\/wp-json\/wp\/v2\/comments?post=28693"}],"wp:featuredmedia":[{"embeddable":true,"href":"https:\/\/yumicos.com\/fi\/wp-json\/wp\/v2\/media\/14187"}],"wp:attachment":[{"href":"https:\/\/yumicos.com\/fi\/wp-json\/wp\/v2\/media?parent=28693"}],"wp:term":[{"taxonomy":"product_brand","embeddable":true,"href":"https:\/\/yumicos.com\/fi\/wp-json\/wp\/v2\/product_brand?post=28693"},{"taxonomy":"product_cat","embeddable":true,"href":"https:\/\/yumicos.com\/fi\/wp-json\/wp\/v2\/product_cat?post=28693"},{"taxonomy":"product_tag","embeddable":true,"href":"https:\/\/yumicos.com\/fi\/wp-json\/wp\/v2\/product_tag?post=28693"}],"curies":[{"name":"wp","href":"https:\/\/api.w.org\/{rel}","templated":true}]}}