{"id":28204,"date":"2025-04-29T18:20:58","date_gmt":"2025-04-29T18:20:58","guid":{"rendered":"https:\/\/yumicos.com\/product\/genshin-impact-escoffier-cosplay-puku-fontaine-asu-fontaine-outfit\/"},"modified":"2025-04-29T18:20:58","modified_gmt":"2025-04-29T18:20:58","slug":"genshin-impact-escoffier-cosplay-costume-fontaine","status":"publish","type":"product","link":"https:\/\/yumicos.com\/fi\/product\/genshin-impact-escoffier-cosplay-costume-fontaine\/","title":{"rendered":"Genshin Impact Escoffier Cosplay puku &#8211; Fontaine asu &#8211; Fontaine Outfit"},"content":{"rendered":"<p><img fetchpriority=\"high\" decoding=\"async\" class=\"alignnone size-full wp-image-285\" src=\"https:\/\/yumicos.com\/wp-content\/uploads\/2025\/01\/chanp.jpg\" alt=\"\" width=\"790\" height=\"92\" srcset=\"https:\/\/yumicos.com\/wp-content\/uploads\/2025\/01\/chanp.jpg 790w, https:\/\/yumicos.com\/wp-content\/uploads\/2025\/01\/chanp-300x35.jpg 300w, https:\/\/yumicos.com\/wp-content\/uploads\/2025\/01\/chanp-768x89.jpg 768w, https:\/\/yumicos.com\/wp-content\/uploads\/2025\/01\/chanp-600x70.jpg 600w\" sizes=\"(max-width: 790px) 100vw, 790px\" \/><\/p>\n<p><strong>L\u00e4hde<\/strong>: <a href=\"https:\/\/yumicos.com\/fi\/product-category\/game-cosplay-fi\/genshin-impact-cosplay-fi\/\">Genshin Impact<\/a><\/p>\n<p><strong>Hahmo<\/strong>: Mizuki Yumemizuki<\/p>\n<p><strong>Sis\u00e4lt\u00e4\u00e4<\/strong>:Mekko+Hattu+Nauhakoristeet+Nauhakoristeet+Rannekoru+Nauhakoristeet+Sukat+P\u00e4\u00e4hine+P\u00e4\u00e4hine<\/p>\n<p>+H\u00e4nt\u00e4+N\u00e4kym\u00e4<\/p>\n<p data-start=\"0\" data-end=\"105\"><strong data-start=\"0\" data-end=\"13\">Materiaali: Pukumateriaali: Pukumateriaali: Pukumateriaali:<\/strong> Valmistettu korkealaatuisesta polyesterist\u00e4 ja synteettisest\u00e4 nahasta mukavan ja kest\u00e4v\u00e4n istuvuuden takaamiseksi.<\/p>\n<p data-start=\"107\" data-end=\"204\"><strong data-start=\"107\" data-end=\"129\">Hoito-ohjeet: Hoito-ohjeet: Hoito-ohjeet: Hoito-ohjeet:<\/strong> K\u00e4sinpesu kylm\u00e4ss\u00e4 vedess\u00e4, v\u00e4lt\u00e4 valkaisuaineita ja ripusta kuivumaan parhaan tuloksen saavuttamiseksi.<\/p>\n<p data-start=\"206\" data-end=\"319\"><strong data-start=\"206\" data-end=\"215\">Koot: 1:<\/strong> Huomaathan, ett\u00e4 mitoitus noudattaa Aasian standardeja ja voi vaihdella 1-3 cm manuaalisesta mittauksesta johtuen.<\/p>\n<p data-start=\"321\" data-end=\"347\" data-is-last-node=\"\" data-is-only-node=\"\"><strong data-start=\"321\" data-end=\"329\">K\u00e4rki:<\/strong> 1 cm \u2248 0.39 tuumaa.<\/p>\n<p><img decoding=\"async\" class=\"alignnone size-full wp-image-288\" src=\"https:\/\/yumicos.com\/wp-content\/uploads\/2025\/01\/shiwuzhanshi.jpg\" alt=\"\" width=\"790\" height=\"92\" srcset=\"https:\/\/yumicos.com\/wp-content\/uploads\/2025\/01\/shiwuzhanshi.jpg 790w, https:\/\/yumicos.com\/wp-content\/uploads\/2025\/01\/shiwuzhanshi-300x35.jpg 300w, https:\/\/yumicos.com\/wp-content\/uploads\/2025\/01\/shiwuzhanshi-768x89.jpg 768w, https:\/\/yumicos.com\/wp-content\/uploads\/2025\/01\/shiwuzhanshi-600x70.jpg 600w\" sizes=\"(max-width: 790px) 100vw, 790px\" \/><\/p>\n<p><img decoding=\"async\" class=\" wp-image-2989\" src=\"https:\/\/yumicos.com\/wp-content\/uploads\/2025\/04\/5-15.jpg\" alt=\"Front view of Genshin Impact Escoffier Cosplay Costume\" width=\"750\" height=\"750\" srcset=\"https:\/\/yumicos.com\/wp-content\/uploads\/2025\/04\/5-15.jpg 1000w, https:\/\/yumicos.com\/wp-content\/uploads\/2025\/04\/5-15-300x300.jpg 300w, https:\/\/yumicos.com\/wp-content\/uploads\/2025\/04\/5-15-150x150.jpg 150w, https:\/\/yumicos.com\/wp-content\/uploads\/2025\/04\/5-15-768x768.jpg 768w, https:\/\/yumicos.com\/wp-content\/uploads\/2025\/04\/5-15-12x12.jpg 12w, https:\/\/yumicos.com\/wp-content\/uploads\/2025\/04\/5-15-70x70.jpg 70w, https:\/\/yumicos.com\/wp-content\/uploads\/2025\/04\/5-15-600x600.jpg 600w, https:\/\/yumicos.com\/wp-content\/uploads\/2025\/04\/5-15-100x100.jpg 100w, https:\/\/yumicos.com\/wp-content\/uploads\/2025\/04\/5-15-50x50.jpg 50w\" sizes=\"(max-width: 750px) 100vw, 750px\" \/><\/p>\n<p><img loading=\"lazy\" decoding=\"async\" class=\"alignnone size-full wp-image-287\" src=\"https:\/\/yumicos.com\/wp-content\/uploads\/2025\/01\/xijie.jpg\" alt=\"\" width=\"790\" height=\"92\" srcset=\"https:\/\/yumicos.com\/wp-content\/uploads\/2025\/01\/xijie.jpg 790w, https:\/\/yumicos.com\/wp-content\/uploads\/2025\/01\/xijie-300x35.jpg 300w, https:\/\/yumicos.com\/wp-content\/uploads\/2025\/01\/xijie-768x89.jpg 768w, https:\/\/yumicos.com\/wp-content\/uploads\/2025\/01\/xijie-600x70.jpg 600w\" sizes=\"(max-width: 790px) 100vw, 790px\" \/><\/p>\n<p><img loading=\"lazy\" decoding=\"async\" class=\"size-full wp-image-2993\" src=\"https:\/\/yumicos.com\/wp-content\/uploads\/2025\/04\/10-10.jpg\" alt=\"Close-up of Escoffier Cosplay Costume details\" width=\"750\" height=\"1000\" \/><\/p>\n<p><img loading=\"lazy\" decoding=\"async\" class=\"size-full wp-image-2994\" src=\"https:\/\/yumicos.com\/wp-content\/uploads\/2025\/04\/11-11.jpg\" alt=\"Close-up of Escoffier Cosplay Costume details\" width=\"750\" height=\"1440\" \/><\/p>\n<p><img loading=\"lazy\" decoding=\"async\" class=\"size-full wp-image-2995\" src=\"https:\/\/yumicos.com\/wp-content\/uploads\/2025\/04\/12-11.jpg\" alt=\"Close-up of Escoffier Cosplay Costume details\" width=\"750\" height=\"1359\" \/><\/p>\n<p><img loading=\"lazy\" decoding=\"async\" class=\"size-full wp-image-2996\" src=\"https:\/\/yumicos.com\/wp-content\/uploads\/2025\/04\/13-12.jpg\" alt=\"Close-up of Escoffier Cosplay Costume details\" width=\"750\" height=\"1560\" \/><\/p>\n<p><img loading=\"lazy\" decoding=\"async\" class=\"size-full wp-image-2997\" src=\"https:\/\/yumicos.com\/wp-content\/uploads\/2025\/04\/14-7.jpg\" alt=\"Close-up of Escoffier Cosplay Costume details\" width=\"750\" height=\"1351\" \/><\/p>\n<p><img loading=\"lazy\" decoding=\"async\" class=\"size-full wp-image-2999\" src=\"https:\/\/yumicos.com\/wp-content\/uploads\/2025\/04\/16-4.jpg\" alt=\"Close-up of Escoffier Cosplay Costume details\" width=\"750\" height=\"1761\" \/><\/p>\n<p><img loading=\"lazy\" decoding=\"async\" class=\"size-full wp-image-3000\" src=\"https:\/\/yumicos.com\/wp-content\/uploads\/2025\/04\/17-1.jpg\" alt=\"Close-up of Escoffier Cosplay Costume details\" width=\"750\" height=\"1658\" \/><\/p>\n<p><img loading=\"lazy\" decoding=\"async\" class=\"size-full wp-image-3001\" src=\"https:\/\/yumicos.com\/wp-content\/uploads\/2025\/04\/18.jpg\" alt=\"Close-up of Escoffier Cosplay Costume details\" width=\"750\" height=\"1920\" \/><\/p>\n<p><img loading=\"lazy\" decoding=\"async\" class=\"size-full wp-image-3002\" src=\"https:\/\/yumicos.com\/wp-content\/uploads\/2025\/04\/19.jpg\" alt=\"Close-up of Escoffier Cosplay Costume details\" width=\"750\" height=\"1376\" \/><\/p>\n<p><img loading=\"lazy\" decoding=\"async\" class=\"size-full wp-image-3003\" src=\"https:\/\/yumicos.com\/wp-content\/uploads\/2025\/04\/20.jpg\" alt=\"Close-up of Escoffier Cosplay Costume details\" width=\"750\" height=\"1626\" \/><\/p>\n","protected":false},"excerpt":{"rendered":"<p>Astu Fontainen eleganssiin Genshin Impactin Escoffier Cosplay -puvun avulla. Suunniteltu mukavuutta, yksityiskohtia ja aitoutta varten.<\/p>\n","protected":false},"featured_media":14467,"comment_status":"open","ping_status":"closed","template":"","meta":{"_acf_changed":false,"_monsterinsights_skip_tracking":false,"_monsterinsights_sitenote_active":false,"_monsterinsights_sitenote_note":"","_monsterinsights_sitenote_category":0,"site-sidebar-layout":"default","site-content-layout":"","ast-site-content-layout":"default","site-content-style":"default","site-sidebar-style":"default","ast-global-header-display":"","ast-banner-title-visibility":"","ast-main-header-display":"","ast-hfb-above-header-display":"","ast-hfb-below-header-display":"","ast-hfb-mobile-header-display":"","site-post-title":"","ast-breadcrumbs-content":"","ast-featured-img":"","footer-sml-layout":"","theme-transparent-header-meta":"default","adv-header-id-meta":"","stick-header-meta":"default","header-above-stick-meta":"","header-main-stick-meta":"","header-below-stick-meta":"","astra-migrate-meta-layouts":"default","ast-page-background-enabled":"default","ast-page-background-meta":{"desktop":{"background-color":"var(--ast-global-color-4)","background-image":"","background-repeat":"repeat","background-position":"center center","background-size":"auto","background-attachment":"scroll","background-type":"","background-media":"","overlay-type":"","overlay-color":"","overlay-opacity":"","overlay-gradient":""},"tablet":{"background-color":"","background-image":"","background-repeat":"repeat","background-position":"center center","background-size":"auto","background-attachment":"scroll","background-type":"","background-media":"","overlay-type":"","overlay-color":"","overlay-opacity":"","overlay-gradient":""},"mobile":{"background-color":"","background-image":"","background-repeat":"repeat","background-position":"center center","background-size":"auto","background-attachment":"scroll","background-type":"","background-media":"","overlay-type":"","overlay-color":"","overlay-opacity":"","overlay-gradient":""}},"ast-content-background-meta":{"desktop":{"background-color":"var(--ast-global-color-5)","background-image":"","background-repeat":"repeat","background-position":"center center","background-size":"auto","background-attachment":"scroll","background-type":"","background-media":"","overlay-type":"","overlay-color":"","overlay-opacity":"","overlay-gradient":""},"tablet":{"background-color":"var(--ast-global-color-5)","background-image":"","background-repeat":"repeat","background-position":"center center","background-size":"auto","background-attachment":"scroll","background-type":"","background-media":"","overlay-type":"","overlay-color":"","overlay-opacity":"","overlay-gradient":""},"mobile":{"background-color":"var(--ast-global-color-5)","background-image":"","background-repeat":"repeat","background-position":"center center","background-size":"auto","background-attachment":"scroll","background-type":"","background-media":"","overlay-type":"","overlay-color":"","overlay-opacity":"","overlay-gradient":""}}},"product_brand":[],"product_cat":[117,191],"product_tag":[],"class_list":{"0":"post-28204","1":"product","2":"type-product","3":"status-publish","4":"has-post-thumbnail","6":"product_cat-game-cosplay","7":"product_cat-genshin-impact-cosplay","8":"desktop-align-left","9":"tablet-align-left","10":"mobile-align-left","11":"ast-product-gallery-layout-horizontal-slider","12":"ast-product-single-variable","13":"ast-product-tabs-layout-horizontal","15":"first","16":"instock","17":"purchasable","18":"product-type-variable"},"acf":[],"aioseo_notices":[],"_links":{"self":[{"href":"https:\/\/yumicos.com\/fi\/wp-json\/wp\/v2\/product\/28204","targetHints":{"allow":["GET"]}}],"collection":[{"href":"https:\/\/yumicos.com\/fi\/wp-json\/wp\/v2\/product"}],"about":[{"href":"https:\/\/yumicos.com\/fi\/wp-json\/wp\/v2\/types\/product"}],"replies":[{"embeddable":true,"href":"https:\/\/yumicos.com\/fi\/wp-json\/wp\/v2\/comments?post=28204"}],"wp:featuredmedia":[{"embeddable":true,"href":"https:\/\/yumicos.com\/fi\/wp-json\/wp\/v2\/media\/14467"}],"wp:attachment":[{"href":"https:\/\/yumicos.com\/fi\/wp-json\/wp\/v2\/media?parent=28204"}],"wp:term":[{"taxonomy":"product_brand","embeddable":true,"href":"https:\/\/yumicos.com\/fi\/wp-json\/wp\/v2\/product_brand?post=28204"},{"taxonomy":"product_cat","embeddable":true,"href":"https:\/\/yumicos.com\/fi\/wp-json\/wp\/v2\/product_cat?post=28204"},{"taxonomy":"product_tag","embeddable":true,"href":"https:\/\/yumicos.com\/fi\/wp-json\/wp\/v2\/product_tag?post=28204"}],"curies":[{"name":"wp","href":"https:\/\/api.w.org\/{rel}","templated":true}]}}