{"id":27431,"date":"2025-05-04T18:17:35","date_gmt":"2025-05-04T18:17:35","guid":{"rendered":"https:\/\/yumicos.com\/product\/maomao-moon-fairy-cosplay-puku-apteekkarin-paivakirjat-anime-asu\/"},"modified":"2025-05-04T18:17:35","modified_gmt":"2025-05-04T18:17:35","slug":"maomao-moon-fairy-ver-cosplay","status":"publish","type":"product","link":"https:\/\/yumicos.com\/fi\/product\/maomao-moon-fairy-ver-cosplay\/","title":{"rendered":"Maomao Moon Fairy Cosplay puku &#8211; Apteekkarin p\u00e4iv\u00e4kirjat Anime asu"},"content":{"rendered":"<p><img fetchpriority=\"high\" decoding=\"async\" class=\"alignnone size-full wp-image-285\" src=\"https:\/\/yumicos.com\/wp-content\/uploads\/2025\/01\/chanp.jpg\" alt=\"\" width=\"790\" height=\"92\" srcset=\"https:\/\/yumicos.com\/wp-content\/uploads\/2025\/01\/chanp.jpg 790w, https:\/\/yumicos.com\/wp-content\/uploads\/2025\/01\/chanp-300x35.jpg 300w, https:\/\/yumicos.com\/wp-content\/uploads\/2025\/01\/chanp-768x89.jpg 768w, https:\/\/yumicos.com\/wp-content\/uploads\/2025\/01\/chanp-600x70.jpg 600w\" sizes=\"(max-width: 790px) 100vw, 790px\" \/><\/p>\n<p><strong>L\u00e4hde<\/strong>:<a title=\"The Apothecary Diaries\" href=\"https:\/\/yumicos.com\/fi\/product-category\/the-apothecary-diaries-fi\/\" target=\"_blank\" rel=\"noopener noreferrer\"><strong> Apteekkarin p\u00e4iv\u00e4kirjat<\/strong><\/a><\/p>\n<p><strong>Hahmo<\/strong>: Maomao Moon Fairy<\/p>\n<p><strong>Mukana<\/strong>: Takki+alusvaatteet+Hame+Kaulaliina+Huivi<\/p>\n<p><strong>Materiaali<\/strong>: polyesteri, univormu.<\/p>\n<div class=\"table\">\n<p><strong>Hoito-ohjeet<\/strong>: K\u00e4sinpesu kylm\u00e4ll\u00e4 vedell\u00e4, ripustaa kuivumaan, ei valkaisua<\/p>\n<p><strong>Koko:<\/strong>Huomaa, ett\u00e4 Aasian koot voivat poiketa 1-3 cm mittaustekniikasta johtuen.<\/p>\n<p><img decoding=\"async\" class=\"alignnone size-full wp-image-3157\" src=\"https:\/\/yumicos.com\/wp-content\/uploads\/2025\/05\/chima.jpg\" alt=\"\" width=\"790\" height=\"774\" srcset=\"https:\/\/yumicos.com\/wp-content\/uploads\/2025\/05\/chima.jpg 790w, https:\/\/yumicos.com\/wp-content\/uploads\/2025\/05\/chima-300x294.jpg 300w, https:\/\/yumicos.com\/wp-content\/uploads\/2025\/05\/chima-768x752.jpg 768w, https:\/\/yumicos.com\/wp-content\/uploads\/2025\/05\/chima-12x12.jpg 12w, https:\/\/yumicos.com\/wp-content\/uploads\/2025\/05\/chima-70x70.jpg 70w, https:\/\/yumicos.com\/wp-content\/uploads\/2025\/05\/chima-600x588.jpg 600w, https:\/\/yumicos.com\/wp-content\/uploads\/2025\/05\/chima-50x50.jpg 50w\" sizes=\"(max-width: 790px) 100vw, 790px\" \/><\/p>\n<\/div>\n<p><img decoding=\"async\" class=\"alignnone size-full wp-image-288\" src=\"https:\/\/yumicos.com\/wp-content\/uploads\/2025\/01\/shiwuzhanshi.jpg\" alt=\"\" width=\"790\" height=\"92\" srcset=\"https:\/\/yumicos.com\/wp-content\/uploads\/2025\/01\/shiwuzhanshi.jpg 790w, https:\/\/yumicos.com\/wp-content\/uploads\/2025\/01\/shiwuzhanshi-300x35.jpg 300w, https:\/\/yumicos.com\/wp-content\/uploads\/2025\/01\/shiwuzhanshi-768x89.jpg 768w, https:\/\/yumicos.com\/wp-content\/uploads\/2025\/01\/shiwuzhanshi-600x70.jpg 600w\" sizes=\"(max-width: 790px) 100vw, 790px\" \/><\/p>\n<p><img loading=\"lazy\" decoding=\"async\" class=\"size-full wp-image-3148\" src=\"https:\/\/yumicos.com\/wp-content\/uploads\/2025\/05\/6.jpg\" alt=\"Front view of Maomao Moon Fairy cosplay costume with long flowing sleeves\" width=\"790\" height=\"1089\" srcset=\"https:\/\/yumicos.com\/wp-content\/uploads\/2025\/05\/6.jpg 790w, https:\/\/yumicos.com\/wp-content\/uploads\/2025\/05\/6-218x300.jpg 218w, https:\/\/yumicos.com\/wp-content\/uploads\/2025\/05\/6-743x1024.jpg 743w, https:\/\/yumicos.com\/wp-content\/uploads\/2025\/05\/6-768x1059.jpg 768w, https:\/\/yumicos.com\/wp-content\/uploads\/2025\/05\/6-9x12.jpg 9w, https:\/\/yumicos.com\/wp-content\/uploads\/2025\/05\/6-600x827.jpg 600w\" sizes=\"(max-width: 790px) 100vw, 790px\" \/><\/p>\n<p><img loading=\"lazy\" decoding=\"async\" class=\"size-full wp-image-3149\" src=\"https:\/\/yumicos.com\/wp-content\/uploads\/2025\/05\/7.jpg\" alt=\"Front view of Maomao Moon Fairy cosplay costume with long flowing sleeves\" width=\"790\" height=\"1077\" srcset=\"https:\/\/yumicos.com\/wp-content\/uploads\/2025\/05\/7.jpg 790w, https:\/\/yumicos.com\/wp-content\/uploads\/2025\/05\/7-220x300.jpg 220w, https:\/\/yumicos.com\/wp-content\/uploads\/2025\/05\/7-751x1024.jpg 751w, https:\/\/yumicos.com\/wp-content\/uploads\/2025\/05\/7-768x1047.jpg 768w, https:\/\/yumicos.com\/wp-content\/uploads\/2025\/05\/7-9x12.jpg 9w, https:\/\/yumicos.com\/wp-content\/uploads\/2025\/05\/7-600x818.jpg 600w\" sizes=\"(max-width: 790px) 100vw, 790px\" \/><\/p>\n<p><img loading=\"lazy\" decoding=\"async\" class=\"size-full wp-image-3150\" src=\"https:\/\/yumicos.com\/wp-content\/uploads\/2025\/05\/8.jpg\" alt=\"Back view of The Apothecary Diaries Maomao cosplay\" width=\"790\" height=\"1094\" srcset=\"https:\/\/yumicos.com\/wp-content\/uploads\/2025\/05\/8.jpg 790w, https:\/\/yumicos.com\/wp-content\/uploads\/2025\/05\/8-217x300.jpg 217w, https:\/\/yumicos.com\/wp-content\/uploads\/2025\/05\/8-739x1024.jpg 739w, https:\/\/yumicos.com\/wp-content\/uploads\/2025\/05\/8-768x1064.jpg 768w, https:\/\/yumicos.com\/wp-content\/uploads\/2025\/05\/8-9x12.jpg 9w, https:\/\/yumicos.com\/wp-content\/uploads\/2025\/05\/8-600x831.jpg 600w\" sizes=\"(max-width: 790px) 100vw, 790px\" \/><\/p>\n<p><img loading=\"lazy\" decoding=\"async\" class=\"alignnone size-full wp-image-287\" src=\"https:\/\/yumicos.com\/wp-content\/uploads\/2025\/01\/xijie.jpg\" alt=\"\" width=\"790\" height=\"92\" srcset=\"https:\/\/yumicos.com\/wp-content\/uploads\/2025\/01\/xijie.jpg 790w, https:\/\/yumicos.com\/wp-content\/uploads\/2025\/01\/xijie-300x35.jpg 300w, https:\/\/yumicos.com\/wp-content\/uploads\/2025\/01\/xijie-768x89.jpg 768w, https:\/\/yumicos.com\/wp-content\/uploads\/2025\/01\/xijie-600x70.jpg 600w\" sizes=\"(max-width: 790px) 100vw, 790px\" \/><\/p>\n<p><img loading=\"lazy\" decoding=\"async\" class=\"size-full wp-image-3151\" src=\"https:\/\/yumicos.com\/wp-content\/uploads\/2025\/05\/9.jpg\" alt=\"Close-up details of accessories and fabric in Maomao\u2019s cosplay\" width=\"790\" height=\"1099\" srcset=\"https:\/\/yumicos.com\/wp-content\/uploads\/2025\/05\/9.jpg 790w, https:\/\/yumicos.com\/wp-content\/uploads\/2025\/05\/9-216x300.jpg 216w, https:\/\/yumicos.com\/wp-content\/uploads\/2025\/05\/9-736x1024.jpg 736w, https:\/\/yumicos.com\/wp-content\/uploads\/2025\/05\/9-768x1068.jpg 768w, https:\/\/yumicos.com\/wp-content\/uploads\/2025\/05\/9-9x12.jpg 9w, https:\/\/yumicos.com\/wp-content\/uploads\/2025\/05\/9-600x835.jpg 600w\" sizes=\"(max-width: 790px) 100vw, 790px\" \/><\/p>\n<p><img loading=\"lazy\" decoding=\"async\" class=\"size-full wp-image-3154\" src=\"https:\/\/yumicos.com\/wp-content\/uploads\/2025\/05\/12.jpg\" alt=\"Close-up details of accessories and fabric in Maomao\u2019s cosplay\" width=\"790\" height=\"1061\" srcset=\"https:\/\/yumicos.com\/wp-content\/uploads\/2025\/05\/12.jpg 790w, https:\/\/yumicos.com\/wp-content\/uploads\/2025\/05\/12-223x300.jpg 223w, https:\/\/yumicos.com\/wp-content\/uploads\/2025\/05\/12-762x1024.jpg 762w, https:\/\/yumicos.com\/wp-content\/uploads\/2025\/05\/12-768x1031.jpg 768w, https:\/\/yumicos.com\/wp-content\/uploads\/2025\/05\/12-9x12.jpg 9w, https:\/\/yumicos.com\/wp-content\/uploads\/2025\/05\/12-600x806.jpg 600w\" sizes=\"(max-width: 790px) 100vw, 790px\" \/><\/p>\n<p><img loading=\"lazy\" decoding=\"async\" class=\"size-full wp-image-3155\" src=\"https:\/\/yumicos.com\/wp-content\/uploads\/2025\/05\/13.jpg\" alt=\"Close-up details of accessories and fabric in Maomao\u2019s cosplay\" width=\"790\" height=\"1084\" srcset=\"https:\/\/yumicos.com\/wp-content\/uploads\/2025\/05\/13.jpg 790w, https:\/\/yumicos.com\/wp-content\/uploads\/2025\/05\/13-219x300.jpg 219w, https:\/\/yumicos.com\/wp-content\/uploads\/2025\/05\/13-746x1024.jpg 746w, https:\/\/yumicos.com\/wp-content\/uploads\/2025\/05\/13-768x1054.jpg 768w, https:\/\/yumicos.com\/wp-content\/uploads\/2025\/05\/13-9x12.jpg 9w, https:\/\/yumicos.com\/wp-content\/uploads\/2025\/05\/13-600x823.jpg 600w\" sizes=\"(max-width: 790px) 100vw, 790px\" \/><\/p>\n<p><img loading=\"lazy\" decoding=\"async\" class=\"size-full wp-image-3156\" src=\"https:\/\/yumicos.com\/wp-content\/uploads\/2025\/05\/14.jpg\" alt=\"Close-up details of accessories and fabric in Maomao\u2019s cosplay\" width=\"790\" height=\"1088\" srcset=\"https:\/\/yumicos.com\/wp-content\/uploads\/2025\/05\/14.jpg 790w, https:\/\/yumicos.com\/wp-content\/uploads\/2025\/05\/14-218x300.jpg 218w, https:\/\/yumicos.com\/wp-content\/uploads\/2025\/05\/14-744x1024.jpg 744w, https:\/\/yumicos.com\/wp-content\/uploads\/2025\/05\/14-768x1058.jpg 768w, https:\/\/yumicos.com\/wp-content\/uploads\/2025\/05\/14-9x12.jpg 9w, https:\/\/yumicos.com\/wp-content\/uploads\/2025\/05\/14-600x826.jpg 600w\" sizes=\"(max-width: 790px) 100vw, 790px\" \/><\/p>\n","protected":false},"excerpt":{"rendered":"<p>T\u00e4m\u00e4 puku on saanut inspiraationsa <em data-start=\"805\" data-end=\"829\">The Apothecary Diaries<\/em>-elokuvan Maomaon kuukeijuversiosta, ja siin\u00e4 on unenomainen, perinteinen asu, jossa on yksityiskohtaisia kirjailuja ja virtaava kangas &#8211; ihanteellinen anime-kokouksiin ja valokuvauksiin.<\/p>\n","protected":false},"featured_media":14771,"comment_status":"open","ping_status":"closed","template":"","meta":{"_acf_changed":false,"_monsterinsights_skip_tracking":false,"_monsterinsights_sitenote_active":false,"_monsterinsights_sitenote_note":"","_monsterinsights_sitenote_category":0,"site-sidebar-layout":"default","site-content-layout":"","ast-site-content-layout":"default","site-content-style":"default","site-sidebar-style":"default","ast-global-header-display":"","ast-banner-title-visibility":"","ast-main-header-display":"","ast-hfb-above-header-display":"","ast-hfb-below-header-display":"","ast-hfb-mobile-header-display":"","site-post-title":"","ast-breadcrumbs-content":"","ast-featured-img":"","footer-sml-layout":"","theme-transparent-header-meta":"default","adv-header-id-meta":"","stick-header-meta":"default","header-above-stick-meta":"","header-main-stick-meta":"","header-below-stick-meta":"","astra-migrate-meta-layouts":"default","ast-page-background-enabled":"default","ast-page-background-meta":{"desktop":{"background-color":"var(--ast-global-color-4)","background-image":"","background-repeat":"repeat","background-position":"center center","background-size":"auto","background-attachment":"scroll","background-type":"","background-media":"","overlay-type":"","overlay-color":"","overlay-opacity":"","overlay-gradient":""},"tablet":{"background-color":"","background-image":"","background-repeat":"repeat","background-position":"center center","background-size":"auto","background-attachment":"scroll","background-type":"","background-media":"","overlay-type":"","overlay-color":"","overlay-opacity":"","overlay-gradient":""},"mobile":{"background-color":"","background-image":"","background-repeat":"repeat","background-position":"center center","background-size":"auto","background-attachment":"scroll","background-type":"","background-media":"","overlay-type":"","overlay-color":"","overlay-opacity":"","overlay-gradient":""}},"ast-content-background-meta":{"desktop":{"background-color":"var(--ast-global-color-5)","background-image":"","background-repeat":"repeat","background-position":"center center","background-size":"auto","background-attachment":"scroll","background-type":"","background-media":"","overlay-type":"","overlay-color":"","overlay-opacity":"","overlay-gradient":""},"tablet":{"background-color":"var(--ast-global-color-5)","background-image":"","background-repeat":"repeat","background-position":"center center","background-size":"auto","background-attachment":"scroll","background-type":"","background-media":"","overlay-type":"","overlay-color":"","overlay-opacity":"","overlay-gradient":""},"mobile":{"background-color":"var(--ast-global-color-5)","background-image":"","background-repeat":"repeat","background-position":"center center","background-size":"auto","background-attachment":"scroll","background-type":"","background-media":"","overlay-type":"","overlay-color":"","overlay-opacity":"","overlay-gradient":""}}},"product_brand":[],"product_cat":[158,264],"product_tag":[],"class_list":{"0":"post-27431","1":"product","2":"type-product","3":"status-publish","4":"has-post-thumbnail","6":"product_cat-anime","7":"product_cat-the-apothecary-diaries","8":"desktop-align-left","9":"tablet-align-left","10":"mobile-align-left","11":"ast-product-gallery-layout-horizontal-slider","12":"ast-product-single-variable","13":"ast-product-tabs-layout-horizontal","15":"first","16":"instock","17":"purchasable","18":"product-type-variable"},"acf":[],"aioseo_notices":[],"_links":{"self":[{"href":"https:\/\/yumicos.com\/fi\/wp-json\/wp\/v2\/product\/27431","targetHints":{"allow":["GET"]}}],"collection":[{"href":"https:\/\/yumicos.com\/fi\/wp-json\/wp\/v2\/product"}],"about":[{"href":"https:\/\/yumicos.com\/fi\/wp-json\/wp\/v2\/types\/product"}],"replies":[{"embeddable":true,"href":"https:\/\/yumicos.com\/fi\/wp-json\/wp\/v2\/comments?post=27431"}],"wp:featuredmedia":[{"embeddable":true,"href":"https:\/\/yumicos.com\/fi\/wp-json\/wp\/v2\/media\/14771"}],"wp:attachment":[{"href":"https:\/\/yumicos.com\/fi\/wp-json\/wp\/v2\/media?parent=27431"}],"wp:term":[{"taxonomy":"product_brand","embeddable":true,"href":"https:\/\/yumicos.com\/fi\/wp-json\/wp\/v2\/product_brand?post=27431"},{"taxonomy":"product_cat","embeddable":true,"href":"https:\/\/yumicos.com\/fi\/wp-json\/wp\/v2\/product_cat?post=27431"},{"taxonomy":"product_tag","embeddable":true,"href":"https:\/\/yumicos.com\/fi\/wp-json\/wp\/v2\/product_tag?post=27431"}],"curies":[{"name":"wp","href":"https:\/\/api.w.org\/{rel}","templated":true}]}}