{"id":26142,"date":"2025-05-11T20:08:35","date_gmt":"2025-05-11T20:08:35","guid":{"rendered":"https:\/\/yumicos.com\/product\/voiton-jumalatar-nikke-bridge-cosplay-costume-battle-uniform-outfit\/"},"modified":"2025-10-13T15:58:34","modified_gmt":"2025-10-13T15:58:34","slug":"bridge-cosplay-costume-nikke","status":"publish","type":"product","link":"https:\/\/yumicos.com\/fi\/product\/bridge-cosplay-costume-nikke\/","title":{"rendered":"Voiton jumalatar: NIKKE Bridge Cosplay Costume &#8211; Battle Uniform Outfit"},"content":{"rendered":"<p><img fetchpriority=\"high\" decoding=\"async\" class=\"alignnone size-full wp-image-285\" src=\"https:\/\/yumicos.com\/wp-content\/uploads\/2025\/01\/chanp.jpg\" alt=\"\" width=\"790\" height=\"92\" srcset=\"https:\/\/yumicos.com\/wp-content\/uploads\/2025\/01\/chanp.jpg 790w, https:\/\/yumicos.com\/wp-content\/uploads\/2025\/01\/chanp-300x35.jpg 300w, https:\/\/yumicos.com\/wp-content\/uploads\/2025\/01\/chanp-768x89.jpg 768w, https:\/\/yumicos.com\/wp-content\/uploads\/2025\/01\/chanp-600x70.jpg 600w\" sizes=\"(max-width: 790px) 100vw, 790px\" \/><\/p>\n<p><strong>L\u00e4hde<\/strong><a href=\"https:\/\/yumicos.com\/fi\/product-category\/game-cosplay-fi\/goddess-of-victory-nikke-fi\/\">: Voiton jumalatar: NIKKE<\/a><\/p>\n<p><strong>Hahmo: NIKKE: Hahmo<\/strong>: Bridge<\/p>\n<p><strong>Sis\u00e4lt\u00e4\u00e4<\/strong>: Takki+kaulus+kaulusnauha+Hame+jalkasukat+kaulanauha+ranneke+ranneke+ranneke<\/p>\n<p data-start=\"0\" data-end=\"105\"><strong data-start=\"0\" data-end=\"13\">Material:<\/strong> Valmistettu korkealaatuisesta polyesterist\u00e4 ja synteettisest\u00e4 nahasta mukavan ja kest\u00e4v\u00e4n istuvuuden takaamiseksi.<\/p>\n<p data-start=\"107\" data-end=\"204\"><strong data-start=\"107\" data-end=\"129\">Hoito-ohjeet: Hoito-ohjeet: Hoito-ohjeet: Hoito-ohjeet: Hoito-ohjeet:<\/strong> K\u00e4sinpesu kylm\u00e4ss\u00e4 vedess\u00e4, v\u00e4lt\u00e4 valkaisuaineita ja ripusta kuivumaan parhaan tuloksen saavuttamiseksi.<\/p>\n<p data-start=\"206\" data-end=\"319\"><strong data-start=\"206\" data-end=\"215\">Koot: Pakkaus: 1:<\/strong> Huomaathan, ett\u00e4 mitoitus noudattaa Aasian standardeja ja voi vaihdella 1-3 cm manuaalisesta mittauksesta johtuen.<\/p>\n<p data-start=\"321\" data-end=\"347\" data-is-last-node=\"\" data-is-only-node=\"\"><strong data-start=\"321\" data-end=\"329\">K\u00e4rki:<\/strong> 1 cm \u2248 0.39 tuumaa.<\/p>\n<p><img decoding=\"async\" class=\"size-full wp-image-3416\" src=\"https:\/\/yumicos.com\/wp-content\/uploads\/2025\/05\/xq_01.jpg\" alt=\"Close-up of Bridge\u2019s accessories and materials\" width=\"750\" height=\"450\" srcset=\"https:\/\/yumicos.com\/wp-content\/uploads\/2025\/05\/xq_01.jpg 750w, https:\/\/yumicos.com\/wp-content\/uploads\/2025\/05\/xq_01-300x180.jpg 300w, https:\/\/yumicos.com\/wp-content\/uploads\/2025\/05\/xq_01-18x12.jpg 18w, https:\/\/yumicos.com\/wp-content\/uploads\/2025\/05\/xq_01-600x360.jpg 600w\" sizes=\"(max-width: 750px) 100vw, 750px\" \/><br \/>\n<img decoding=\"async\" class=\"size-full wp-image-3417\" src=\"https:\/\/yumicos.com\/wp-content\/uploads\/2025\/05\/xq_02.jpg\" alt=\"Close-up of Bridge\u2019s accessories and materials\" width=\"750\" height=\"830\" srcset=\"https:\/\/yumicos.com\/wp-content\/uploads\/2025\/05\/xq_02.jpg 750w, https:\/\/yumicos.com\/wp-content\/uploads\/2025\/05\/xq_02-271x300.jpg 271w, https:\/\/yumicos.com\/wp-content\/uploads\/2025\/05\/xq_02-11x12.jpg 11w, https:\/\/yumicos.com\/wp-content\/uploads\/2025\/05\/xq_02-600x664.jpg 600w\" sizes=\"(max-width: 750px) 100vw, 750px\" \/><br \/>\n<img loading=\"lazy\" decoding=\"async\" class=\"size-full wp-image-3418\" src=\"https:\/\/yumicos.com\/wp-content\/uploads\/2025\/05\/xq_03.jpg\" alt=\"Close-up of Bridge\u2019s accessories and materials\" width=\"750\" height=\"704\" srcset=\"https:\/\/yumicos.com\/wp-content\/uploads\/2025\/05\/xq_03.jpg 750w, https:\/\/yumicos.com\/wp-content\/uploads\/2025\/05\/xq_03-300x282.jpg 300w, https:\/\/yumicos.com\/wp-content\/uploads\/2025\/05\/xq_03-13x12.jpg 13w, https:\/\/yumicos.com\/wp-content\/uploads\/2025\/05\/xq_03-600x563.jpg 600w\" sizes=\"(max-width: 750px) 100vw, 750px\" \/><br \/>\n<img loading=\"lazy\" decoding=\"async\" class=\"size-full wp-image-3419\" src=\"https:\/\/yumicos.com\/wp-content\/uploads\/2025\/05\/xq_04.jpg\" alt=\"Full front view of Bridge costume from NIKKE\" width=\"750\" height=\"840\" srcset=\"https:\/\/yumicos.com\/wp-content\/uploads\/2025\/05\/xq_04.jpg 750w, https:\/\/yumicos.com\/wp-content\/uploads\/2025\/05\/xq_04-268x300.jpg 268w, https:\/\/yumicos.com\/wp-content\/uploads\/2025\/05\/xq_04-11x12.jpg 11w, https:\/\/yumicos.com\/wp-content\/uploads\/2025\/05\/xq_04-600x672.jpg 600w\" sizes=\"(max-width: 750px) 100vw, 750px\" \/><br \/>\n<img loading=\"lazy\" decoding=\"async\" class=\"size-full wp-image-3420\" src=\"https:\/\/yumicos.com\/wp-content\/uploads\/2025\/05\/xq_05.jpg\" alt=\"Full front view of Bridge costume from NIKKE\" width=\"750\" height=\"826\" srcset=\"https:\/\/yumicos.com\/wp-content\/uploads\/2025\/05\/xq_05.jpg 750w, https:\/\/yumicos.com\/wp-content\/uploads\/2025\/05\/xq_05-272x300.jpg 272w, https:\/\/yumicos.com\/wp-content\/uploads\/2025\/05\/xq_05-11x12.jpg 11w, https:\/\/yumicos.com\/wp-content\/uploads\/2025\/05\/xq_05-600x661.jpg 600w\" sizes=\"(max-width: 750px) 100vw, 750px\" \/><br \/>\n<img loading=\"lazy\" decoding=\"async\" class=\"size-full wp-image-3421\" src=\"https:\/\/yumicos.com\/wp-content\/uploads\/2025\/05\/xq_06.jpg\" alt=\"Full front view of Bridge costume from NIKKE\" width=\"750\" height=\"800\" srcset=\"https:\/\/yumicos.com\/wp-content\/uploads\/2025\/05\/xq_06.jpg 750w, https:\/\/yumicos.com\/wp-content\/uploads\/2025\/05\/xq_06-281x300.jpg 281w, https:\/\/yumicos.com\/wp-content\/uploads\/2025\/05\/xq_06-11x12.jpg 11w, https:\/\/yumicos.com\/wp-content\/uploads\/2025\/05\/xq_06-600x640.jpg 600w\" sizes=\"(max-width: 750px) 100vw, 750px\" \/><br \/>\n<img loading=\"lazy\" decoding=\"async\" class=\"size-full wp-image-3422\" src=\"https:\/\/yumicos.com\/wp-content\/uploads\/2025\/05\/xq_07.jpg\" alt=\"Full front view of Bridge costume from NIKKE\" width=\"750\" height=\"800\" srcset=\"https:\/\/yumicos.com\/wp-content\/uploads\/2025\/05\/xq_07.jpg 750w, https:\/\/yumicos.com\/wp-content\/uploads\/2025\/05\/xq_07-281x300.jpg 281w, https:\/\/yumicos.com\/wp-content\/uploads\/2025\/05\/xq_07-11x12.jpg 11w, https:\/\/yumicos.com\/wp-content\/uploads\/2025\/05\/xq_07-600x640.jpg 600w\" sizes=\"(max-width: 750px) 100vw, 750px\" \/><br \/>\n<img loading=\"lazy\" decoding=\"async\" class=\"size-full wp-image-3423\" src=\"https:\/\/yumicos.com\/wp-content\/uploads\/2025\/05\/xq_08.jpg\" alt=\"Full front view of Bridge costume from NIKKE\" width=\"750\" height=\"830\" srcset=\"https:\/\/yumicos.com\/wp-content\/uploads\/2025\/05\/xq_08.jpg 750w, https:\/\/yumicos.com\/wp-content\/uploads\/2025\/05\/xq_08-271x300.jpg 271w, https:\/\/yumicos.com\/wp-content\/uploads\/2025\/05\/xq_08-11x12.jpg 11w, https:\/\/yumicos.com\/wp-content\/uploads\/2025\/05\/xq_08-600x664.jpg 600w\" sizes=\"(max-width: 750px) 100vw, 750px\" \/><br \/>\n<img loading=\"lazy\" decoding=\"async\" class=\"size-full wp-image-3424\" src=\"https:\/\/yumicos.com\/wp-content\/uploads\/2025\/05\/xq_09.jpg\" alt=\"Full front view of Bridge costume from NIKKE\" width=\"750\" height=\"861\" srcset=\"https:\/\/yumicos.com\/wp-content\/uploads\/2025\/05\/xq_09.jpg 750w, https:\/\/yumicos.com\/wp-content\/uploads\/2025\/05\/xq_09-261x300.jpg 261w, https:\/\/yumicos.com\/wp-content\/uploads\/2025\/05\/xq_09-10x12.jpg 10w, https:\/\/yumicos.com\/wp-content\/uploads\/2025\/05\/xq_09-600x689.jpg 600w\" sizes=\"(max-width: 750px) 100vw, 750px\" \/><br \/>\n<img loading=\"lazy\" decoding=\"async\" class=\"size-full wp-image-3425\" src=\"https:\/\/yumicos.com\/wp-content\/uploads\/2025\/05\/xq_10.jpg\" alt=\"Full front view of Bridge costume from NIKKE\" width=\"750\" height=\"795\" srcset=\"https:\/\/yumicos.com\/wp-content\/uploads\/2025\/05\/xq_10.jpg 750w, https:\/\/yumicos.com\/wp-content\/uploads\/2025\/05\/xq_10-283x300.jpg 283w, https:\/\/yumicos.com\/wp-content\/uploads\/2025\/05\/xq_10-11x12.jpg 11w, https:\/\/yumicos.com\/wp-content\/uploads\/2025\/05\/xq_10-600x636.jpg 600w\" sizes=\"(max-width: 750px) 100vw, 750px\" \/><br \/>\n<img loading=\"lazy\" decoding=\"async\" class=\"size-full wp-image-3426\" src=\"https:\/\/yumicos.com\/wp-content\/uploads\/2025\/05\/xq_11.jpg\" alt=\"Full front view of Bridge costume from NIKKE\" width=\"750\" height=\"788\" srcset=\"https:\/\/yumicos.com\/wp-content\/uploads\/2025\/05\/xq_11.jpg 750w, https:\/\/yumicos.com\/wp-content\/uploads\/2025\/05\/xq_11-286x300.jpg 286w, https:\/\/yumicos.com\/wp-content\/uploads\/2025\/05\/xq_11-11x12.jpg 11w, https:\/\/yumicos.com\/wp-content\/uploads\/2025\/05\/xq_11-600x630.jpg 600w\" sizes=\"(max-width: 750px) 100vw, 750px\" \/><br \/>\n<img loading=\"lazy\" decoding=\"async\" class=\"size-full wp-image-3427\" src=\"https:\/\/yumicos.com\/wp-content\/uploads\/2025\/05\/xq_12.jpg\" alt=\"Rear view of Bridge cosplay outfit from NIKKE\" width=\"750\" height=\"658\" srcset=\"https:\/\/yumicos.com\/wp-content\/uploads\/2025\/05\/xq_12.jpg 750w, https:\/\/yumicos.com\/wp-content\/uploads\/2025\/05\/xq_12-300x263.jpg 300w, https:\/\/yumicos.com\/wp-content\/uploads\/2025\/05\/xq_12-14x12.jpg 14w, https:\/\/yumicos.com\/wp-content\/uploads\/2025\/05\/xq_12-600x526.jpg 600w\" sizes=\"(max-width: 750px) 100vw, 750px\" \/><br \/>\n<img loading=\"lazy\" decoding=\"async\" class=\"size-full wp-image-3428\" src=\"https:\/\/yumicos.com\/wp-content\/uploads\/2025\/05\/xq_13.jpg\" alt=\"Rear view of Bridge cosplay outfit from NIKKE\" width=\"750\" height=\"768\" srcset=\"https:\/\/yumicos.com\/wp-content\/uploads\/2025\/05\/xq_13.jpg 750w, https:\/\/yumicos.com\/wp-content\/uploads\/2025\/05\/xq_13-293x300.jpg 293w, https:\/\/yumicos.com\/wp-content\/uploads\/2025\/05\/xq_13-12x12.jpg 12w, https:\/\/yumicos.com\/wp-content\/uploads\/2025\/05\/xq_13-600x614.jpg 600w, https:\/\/yumicos.com\/wp-content\/uploads\/2025\/05\/xq_13-50x50.jpg 50w\" sizes=\"(max-width: 750px) 100vw, 750px\" \/><br \/>\n<img loading=\"lazy\" decoding=\"async\" class=\"alignnone size-full wp-image-3429\" src=\"https:\/\/yumicos.com\/wp-content\/uploads\/2025\/05\/xq_14.jpg\" alt=\"\" width=\"750\" height=\"129\" srcset=\"https:\/\/yumicos.com\/wp-content\/uploads\/2025\/05\/xq_14.jpg 750w, https:\/\/yumicos.com\/wp-content\/uploads\/2025\/05\/xq_14-300x52.jpg 300w, https:\/\/yumicos.com\/wp-content\/uploads\/2025\/05\/xq_14-18x3.jpg 18w, https:\/\/yumicos.com\/wp-content\/uploads\/2025\/05\/xq_14-600x103.jpg 600w\" sizes=\"(max-width: 750px) 100vw, 750px\" \/><\/p>\n","protected":false},"excerpt":{"rendered":"<p>Astu taistelukent\u00e4lle t\u00e4m\u00e4n <em data-start=\"798\" data-end=\"825\">Goddess of Victory<\/em>-yhti\u00f6n <strong data-start=\"766\" data-end=\"792\">Bridge Cosplay -puvun<\/strong> kanssa <em data-start=\"798\" data-end=\"825\">:<\/em> <em data-start=\"798\" data-end=\"825\">NIKKE<\/em>!<br data-start=\"826\" data-end=\"829\" \/>T\u00e4m\u00e4 voimakas ja komentava asu j\u00e4ljittelee Bridgen taktista univormua silmiinpist\u00e4v\u00e4n yksityiskohtaisesti. Strukturoitu muotoilu, rohkeat siluetit ja dynaaminen v\u00e4rimaailma her\u00e4tt\u00e4v\u00e4t hahmon hurjan energian henkiin.<\/p>\n","protected":false},"featured_media":15475,"comment_status":"open","ping_status":"closed","template":"","meta":{"_acf_changed":false,"_monsterinsights_skip_tracking":false,"_monsterinsights_sitenote_active":false,"_monsterinsights_sitenote_note":"","_monsterinsights_sitenote_category":0,"site-sidebar-layout":"default","site-content-layout":"","ast-site-content-layout":"default","site-content-style":"default","site-sidebar-style":"default","ast-global-header-display":"","ast-banner-title-visibility":"","ast-main-header-display":"","ast-hfb-above-header-display":"","ast-hfb-below-header-display":"","ast-hfb-mobile-header-display":"","site-post-title":"","ast-breadcrumbs-content":"","ast-featured-img":"","footer-sml-layout":"","theme-transparent-header-meta":"default","adv-header-id-meta":"","stick-header-meta":"default","header-above-stick-meta":"","header-main-stick-meta":"","header-below-stick-meta":"","astra-migrate-meta-layouts":"default","ast-page-background-enabled":"default","ast-page-background-meta":{"desktop":{"background-color":"var(--ast-global-color-4)","background-image":"","background-repeat":"repeat","background-position":"center center","background-size":"auto","background-attachment":"scroll","background-type":"","background-media":"","overlay-type":"","overlay-color":"","overlay-opacity":"","overlay-gradient":""},"tablet":{"background-color":"","background-image":"","background-repeat":"repeat","background-position":"center center","background-size":"auto","background-attachment":"scroll","background-type":"","background-media":"","overlay-type":"","overlay-color":"","overlay-opacity":"","overlay-gradient":""},"mobile":{"background-color":"","background-image":"","background-repeat":"repeat","background-position":"center center","background-size":"auto","background-attachment":"scroll","background-type":"","background-media":"","overlay-type":"","overlay-color":"","overlay-opacity":"","overlay-gradient":""}},"ast-content-background-meta":{"desktop":{"background-color":"var(--ast-global-color-5)","background-image":"","background-repeat":"repeat","background-position":"center center","background-size":"auto","background-attachment":"scroll","background-type":"","background-media":"","overlay-type":"","overlay-color":"","overlay-opacity":"","overlay-gradient":""},"tablet":{"background-color":"var(--ast-global-color-5)","background-image":"","background-repeat":"repeat","background-position":"center center","background-size":"auto","background-attachment":"scroll","background-type":"","background-media":"","overlay-type":"","overlay-color":"","overlay-opacity":"","overlay-gradient":""},"mobile":{"background-color":"var(--ast-global-color-5)","background-image":"","background-repeat":"repeat","background-position":"center center","background-size":"auto","background-attachment":"scroll","background-type":"","background-media":"","overlay-type":"","overlay-color":"","overlay-opacity":"","overlay-gradient":""}}},"product_brand":[],"product_cat":[117,165],"product_tag":[],"class_list":{"0":"post-26142","1":"product","2":"type-product","3":"status-publish","4":"has-post-thumbnail","6":"product_cat-game-cosplay","7":"product_cat-goddess-of-victory-nikke","8":"desktop-align-left","9":"tablet-align-left","10":"mobile-align-left","11":"ast-product-gallery-layout-horizontal-slider","12":"ast-product-single-variable","13":"ast-product-tabs-layout-horizontal","15":"first","16":"instock","17":"purchasable","18":"product-type-variable"},"acf":[],"aioseo_notices":[],"_links":{"self":[{"href":"https:\/\/yumicos.com\/fi\/wp-json\/wp\/v2\/product\/26142","targetHints":{"allow":["GET"]}}],"collection":[{"href":"https:\/\/yumicos.com\/fi\/wp-json\/wp\/v2\/product"}],"about":[{"href":"https:\/\/yumicos.com\/fi\/wp-json\/wp\/v2\/types\/product"}],"replies":[{"embeddable":true,"href":"https:\/\/yumicos.com\/fi\/wp-json\/wp\/v2\/comments?post=26142"}],"wp:featuredmedia":[{"embeddable":true,"href":"https:\/\/yumicos.com\/fi\/wp-json\/wp\/v2\/media\/15475"}],"wp:attachment":[{"href":"https:\/\/yumicos.com\/fi\/wp-json\/wp\/v2\/media?parent=26142"}],"wp:term":[{"taxonomy":"product_brand","embeddable":true,"href":"https:\/\/yumicos.com\/fi\/wp-json\/wp\/v2\/product_brand?post=26142"},{"taxonomy":"product_cat","embeddable":true,"href":"https:\/\/yumicos.com\/fi\/wp-json\/wp\/v2\/product_cat?post=26142"},{"taxonomy":"product_tag","embeddable":true,"href":"https:\/\/yumicos.com\/fi\/wp-json\/wp\/v2\/product_tag?post=26142"}],"curies":[{"name":"wp","href":"https:\/\/api.w.org\/{rel}","templated":true}]}}