{"id":24264,"date":"2025-05-27T18:01:10","date_gmt":"2025-05-27T18:01:10","guid":{"rendered":"https:\/\/yumicos.com\/product\/love-and-deepspace-xavier-light-hunter-cosplay-costume-set\/"},"modified":"2025-10-13T15:16:47","modified_gmt":"2025-10-13T15:16:47","slug":"love-and-deepspace-xavier-cosplay","status":"publish","type":"product","link":"https:\/\/yumicos.com\/fi\/product\/love-and-deepspace-xavier-cosplay\/","title":{"rendered":"Rakkautta ja syv\u00e4\u00e4 avaruutta Xavier &#8220;Light Hunter&#8221; Cosplay pukusetti"},"content":{"rendered":"<p><img fetchpriority=\"high\" decoding=\"async\" class=\"alignnone size-full wp-image-285\" src=\"https:\/\/yumicos.com\/wp-content\/uploads\/2025\/01\/chanp.jpg\" alt=\"\" width=\"790\" height=\"92\" srcset=\"https:\/\/yumicos.com\/wp-content\/uploads\/2025\/01\/chanp.jpg 790w, https:\/\/yumicos.com\/wp-content\/uploads\/2025\/01\/chanp-300x35.jpg 300w, https:\/\/yumicos.com\/wp-content\/uploads\/2025\/01\/chanp-768x89.jpg 768w, https:\/\/yumicos.com\/wp-content\/uploads\/2025\/01\/chanp-600x70.jpg 600w\" sizes=\"(max-width: 790px) 100vw, 790px\" \/><\/p>\n<p><strong>L\u00e4hde<\/strong>: <a href=\"https:\/\/yumicos.com\/fi\/product-category\/game-cosplay-fi\/love-and-deepspace-fi\/\">Rakkaus ja DeepSpace<\/a><\/p>\n<p><strong>Hahmo<\/strong>: Xavier<\/p>\n<p><strong>Sis\u00e4lt\u00e4\u00e4<\/strong>: Takki+sis\u00e4vaatteet+housut+kaulus+Kes\u00e4nauha+Hihansuureen koriste+K\u00e4sine+K\u00e4densija+K\u00e4densija+Taivaan koriste+Taivaan koriste+Takana vy\u00f6t\u00e4r\u00f6n koriste<\/p>\n<p data-start=\"0\" data-end=\"105\"><strong data-start=\"0\" data-end=\"13\">Material:<\/strong> Valmistettu korkealaatuisesta polyesterist\u00e4 ja synteettisest\u00e4 nahasta, joka takaa mukavan ja kest\u00e4v\u00e4n istuvuuden.<\/p>\n<p data-start=\"107\" data-end=\"204\"><strong data-start=\"107\" data-end=\"129\">Hoito-ohjeet: Hoito-ohjeet: Hoito-ohjeet: Hoito-ohjeet:<\/strong> K\u00e4sinpesu kylm\u00e4ss\u00e4 vedess\u00e4, v\u00e4lt\u00e4 valkaisuaineita ja ripusta kuivumaan parhaan tuloksen saavuttamiseksi.<\/p>\n<p data-start=\"206\" data-end=\"319\"><strong data-start=\"206\" data-end=\"215\">Koot: Pakkaus: 1:<\/strong> Huomaathan, ett\u00e4 mitoitus noudattaa Aasian standardeja ja voi vaihdella 1-3 cm manuaalisesta mittauksesta johtuen.<\/p>\n<p data-start=\"321\" data-end=\"347\" data-is-last-node=\"\" data-is-only-node=\"\"><strong data-start=\"321\" data-end=\"329\">K\u00e4rki:<\/strong> 1 cm \u2248 0.39 tuumaa.<\/p>\n<p><img decoding=\"async\" class=\"alignnone size-full wp-image-288\" src=\"https:\/\/yumicos.com\/wp-content\/uploads\/2025\/01\/shiwuzhanshi.jpg\" alt=\"\" width=\"790\" height=\"92\" srcset=\"https:\/\/yumicos.com\/wp-content\/uploads\/2025\/01\/shiwuzhanshi.jpg 790w, https:\/\/yumicos.com\/wp-content\/uploads\/2025\/01\/shiwuzhanshi-300x35.jpg 300w, https:\/\/yumicos.com\/wp-content\/uploads\/2025\/01\/shiwuzhanshi-768x89.jpg 768w, https:\/\/yumicos.com\/wp-content\/uploads\/2025\/01\/shiwuzhanshi-600x70.jpg 600w\" sizes=\"(max-width: 790px) 100vw, 790px\" \/><\/p>\n<p><img decoding=\"async\" class=\"size-full wp-image-4157\" src=\"https:\/\/yumicos.com\/wp-content\/uploads\/2025\/05\/7-11.jpg\" alt=\"Love and Deepspace Xavier Light Hunter cosplay front\" width=\"750\" height=\"1764\" \/><\/p>\n<p><img loading=\"lazy\" decoding=\"async\" class=\"size-full wp-image-4158\" src=\"https:\/\/yumicos.com\/wp-content\/uploads\/2025\/05\/8-11.jpg\" alt=\"Xavier cosplay outfit Light Hunter skin \u2013 back\" width=\"750\" height=\"1764\" \/><\/p>\n<p><img loading=\"lazy\" decoding=\"async\" class=\"alignnone size-full wp-image-287\" src=\"https:\/\/yumicos.com\/wp-content\/uploads\/2025\/01\/xijie.jpg\" alt=\"\" width=\"790\" height=\"92\" srcset=\"https:\/\/yumicos.com\/wp-content\/uploads\/2025\/01\/xijie.jpg 790w, https:\/\/yumicos.com\/wp-content\/uploads\/2025\/01\/xijie-300x35.jpg 300w, https:\/\/yumicos.com\/wp-content\/uploads\/2025\/01\/xijie-768x89.jpg 768w, https:\/\/yumicos.com\/wp-content\/uploads\/2025\/01\/xijie-600x70.jpg 600w\" sizes=\"(max-width: 790px) 100vw, 790px\" \/><\/p>\n<p><img loading=\"lazy\" decoding=\"async\" class=\"size-full wp-image-4159\" src=\"https:\/\/yumicos.com\/wp-content\/uploads\/2025\/05\/9-11.jpg\" alt=\"Xavier Light Hunter skin cosplay close-up\" width=\"750\" height=\"1605\" \/><\/p>\n<p><img loading=\"lazy\" decoding=\"async\" class=\"size-full wp-image-4160\" src=\"https:\/\/yumicos.com\/wp-content\/uploads\/2025\/05\/10-8.jpg\" alt=\"Xavier Light Hunter skin cosplay close-up\" width=\"750\" height=\"1701\" \/><\/p>\n<p><img loading=\"lazy\" decoding=\"async\" class=\"size-full wp-image-4161\" src=\"https:\/\/yumicos.com\/wp-content\/uploads\/2025\/05\/11-9.jpg\" alt=\"Xavier Light Hunter skin cosplay close-up\" width=\"750\" height=\"1642\" \/><\/p>\n<p><img loading=\"lazy\" decoding=\"async\" class=\"size-full wp-image-4162\" src=\"https:\/\/yumicos.com\/wp-content\/uploads\/2025\/05\/12-9.jpg\" alt=\"Xavier Light Hunter skin cosplay close-up\" width=\"750\" height=\"1443\" \/><\/p>\n<p><img loading=\"lazy\" decoding=\"async\" class=\"size-full wp-image-4163\" src=\"https:\/\/yumicos.com\/wp-content\/uploads\/2025\/05\/13-9.jpg\" alt=\"Xavier Light Hunter skin cosplay close-up\" width=\"750\" height=\"1518\" \/><\/p>\n<p><img loading=\"lazy\" decoding=\"async\" class=\"size-full wp-image-4164\" src=\"https:\/\/yumicos.com\/wp-content\/uploads\/2025\/05\/14-7.jpg\" alt=\"Xavier Light Hunter skin cosplay close-up\" width=\"750\" height=\"1512\" \/><\/p>\n<p><img loading=\"lazy\" decoding=\"async\" class=\"size-full wp-image-4165\" src=\"https:\/\/yumicos.com\/wp-content\/uploads\/2025\/05\/15-6.jpg\" alt=\"Xavier Light Hunter skin cosplay close-up\" width=\"750\" height=\"1408\" \/><\/p>\n<p><img loading=\"lazy\" decoding=\"async\" class=\"size-full wp-image-4166\" src=\"https:\/\/yumicos.com\/wp-content\/uploads\/2025\/05\/16-5.jpg\" alt=\"Xavier Light Hunter skin cosplay close-up\" width=\"750\" height=\"1433\" \/><\/p>\n<p><img loading=\"lazy\" decoding=\"async\" class=\"size-full wp-image-4167\" src=\"https:\/\/yumicos.com\/wp-content\/uploads\/2025\/05\/17-5.jpg\" alt=\"Xavier Light Hunter skin cosplay close-up\" width=\"750\" height=\"1551\" \/><\/p>\n<p><img loading=\"lazy\" decoding=\"async\" class=\"size-full wp-image-4168\" src=\"https:\/\/yumicos.com\/wp-content\/uploads\/2025\/05\/18-2.jpg\" alt=\"Xavier Light Hunter skin cosplay close-up\" width=\"750\" height=\"1627\" \/><\/p>\n","protected":false},"excerpt":{"rendered":"<p>Her\u00e4t\u00e4 Xavierin uusi &#8220;Light Hunter&#8221; -iho henkiin t\u00e4ll\u00e4 ensiluokkaisella cosplay-asulla. Setti sis\u00e4lt\u00e4\u00e4 tyylikk\u00e4\u00e4n takin, taktiset lis\u00e4varusteet, k\u00e4sineet ja peliss\u00e4 k\u00e4ytetyn ulkoasun mukaiset tunnusmerkit. T\u00e4ydellinen coneihin, kuvauksiin tai <em data-start=\"993\" data-end=\"1013\">Love and Deepspace &#8211;<\/em>faneille.<\/p>\n","protected":false},"featured_media":16299,"comment_status":"open","ping_status":"closed","template":"","meta":{"_acf_changed":false,"_monsterinsights_skip_tracking":false,"_monsterinsights_sitenote_active":false,"_monsterinsights_sitenote_note":"","_monsterinsights_sitenote_category":0,"site-sidebar-layout":"default","site-content-layout":"","ast-site-content-layout":"default","site-content-style":"default","site-sidebar-style":"default","ast-global-header-display":"","ast-banner-title-visibility":"","ast-main-header-display":"","ast-hfb-above-header-display":"","ast-hfb-below-header-display":"","ast-hfb-mobile-header-display":"","site-post-title":"","ast-breadcrumbs-content":"","ast-featured-img":"","footer-sml-layout":"","theme-transparent-header-meta":"default","adv-header-id-meta":"","stick-header-meta":"default","header-above-stick-meta":"","header-main-stick-meta":"","header-below-stick-meta":"","astra-migrate-meta-layouts":"default","ast-page-background-enabled":"default","ast-page-background-meta":{"desktop":{"background-color":"var(--ast-global-color-4)","background-image":"","background-repeat":"repeat","background-position":"center center","background-size":"auto","background-attachment":"scroll","background-type":"","background-media":"","overlay-type":"","overlay-color":"","overlay-opacity":"","overlay-gradient":""},"tablet":{"background-color":"","background-image":"","background-repeat":"repeat","background-position":"center center","background-size":"auto","background-attachment":"scroll","background-type":"","background-media":"","overlay-type":"","overlay-color":"","overlay-opacity":"","overlay-gradient":""},"mobile":{"background-color":"","background-image":"","background-repeat":"repeat","background-position":"center center","background-size":"auto","background-attachment":"scroll","background-type":"","background-media":"","overlay-type":"","overlay-color":"","overlay-opacity":"","overlay-gradient":""}},"ast-content-background-meta":{"desktop":{"background-color":"var(--ast-global-color-5)","background-image":"","background-repeat":"repeat","background-position":"center center","background-size":"auto","background-attachment":"scroll","background-type":"","background-media":"","overlay-type":"","overlay-color":"","overlay-opacity":"","overlay-gradient":""},"tablet":{"background-color":"var(--ast-global-color-5)","background-image":"","background-repeat":"repeat","background-position":"center center","background-size":"auto","background-attachment":"scroll","background-type":"","background-media":"","overlay-type":"","overlay-color":"","overlay-opacity":"","overlay-gradient":""},"mobile":{"background-color":"var(--ast-global-color-5)","background-image":"","background-repeat":"repeat","background-position":"center center","background-size":"auto","background-attachment":"scroll","background-type":"","background-media":"","overlay-type":"","overlay-color":"","overlay-opacity":"","overlay-gradient":""}}},"product_brand":[],"product_cat":[117,203],"product_tag":[],"class_list":{"0":"post-24264","1":"product","2":"type-product","3":"status-publish","4":"has-post-thumbnail","6":"product_cat-game-cosplay","7":"product_cat-love-and-deepspace","8":"desktop-align-left","9":"tablet-align-left","10":"mobile-align-left","11":"ast-product-gallery-layout-horizontal-slider","12":"ast-product-single-variable","13":"ast-product-tabs-layout-horizontal","15":"first","16":"instock","17":"purchasable","18":"product-type-variable"},"acf":[],"aioseo_notices":[],"_links":{"self":[{"href":"https:\/\/yumicos.com\/fi\/wp-json\/wp\/v2\/product\/24264","targetHints":{"allow":["GET"]}}],"collection":[{"href":"https:\/\/yumicos.com\/fi\/wp-json\/wp\/v2\/product"}],"about":[{"href":"https:\/\/yumicos.com\/fi\/wp-json\/wp\/v2\/types\/product"}],"replies":[{"embeddable":true,"href":"https:\/\/yumicos.com\/fi\/wp-json\/wp\/v2\/comments?post=24264"}],"wp:featuredmedia":[{"embeddable":true,"href":"https:\/\/yumicos.com\/fi\/wp-json\/wp\/v2\/media\/16299"}],"wp:attachment":[{"href":"https:\/\/yumicos.com\/fi\/wp-json\/wp\/v2\/media?parent=24264"}],"wp:term":[{"taxonomy":"product_brand","embeddable":true,"href":"https:\/\/yumicos.com\/fi\/wp-json\/wp\/v2\/product_brand?post=24264"},{"taxonomy":"product_cat","embeddable":true,"href":"https:\/\/yumicos.com\/fi\/wp-json\/wp\/v2\/product_cat?post=24264"},{"taxonomy":"product_tag","embeddable":true,"href":"https:\/\/yumicos.com\/fi\/wp-json\/wp\/v2\/product_tag?post=24264"}],"curies":[{"name":"wp","href":"https:\/\/api.w.org\/{rel}","templated":true}]}}