{"id":23338,"date":"2025-06-11T17:09:27","date_gmt":"2025-06-11T17:09:27","guid":{"rendered":"https:\/\/yumicos.com\/product\/utahime-iori-cosplay-puku-jujutsu-kaisen-perinteinen-kaapu-asu\/"},"modified":"2025-10-11T16:04:20","modified_gmt":"2025-10-11T16:04:20","slug":"utahime-iori-cosplay-costume","status":"publish","type":"product","link":"https:\/\/yumicos.com\/fi\/product\/utahime-iori-cosplay-costume\/","title":{"rendered":"Utahime Iori Cosplay puku &#8211; Jujutsu Kaisen perinteinen kaapu asu"},"content":{"rendered":"<p><img fetchpriority=\"high\" decoding=\"async\" class=\"alignnone size-full wp-image-285\" src=\"https:\/\/yumicos.com\/wp-content\/uploads\/2025\/01\/chanp.jpg\" alt=\"\" width=\"790\" height=\"92\" srcset=\"https:\/\/yumicos.com\/wp-content\/uploads\/2025\/01\/chanp.jpg 790w, https:\/\/yumicos.com\/wp-content\/uploads\/2025\/01\/chanp-300x35.jpg 300w, https:\/\/yumicos.com\/wp-content\/uploads\/2025\/01\/chanp-768x89.jpg 768w, https:\/\/yumicos.com\/wp-content\/uploads\/2025\/01\/chanp-600x70.jpg 600w\" sizes=\"(max-width: 790px) 100vw, 790px\" \/><\/p>\n<p><strong>L\u00e4hde<\/strong><a href=\"https:\/\/yumicos.com\/fi\/product-category\/anime-fi\/h-i-j-j-k-l-l-m-n\/jujutsu-kaisen-fi\/\">: Jujutsu Kaisen<\/a><\/p>\n<p><strong>Hahmo<\/strong>: Utahime Iori<\/p>\n<p><strong>Mukana<\/strong>: Takki+Hame+P\u00e4\u00e4hine<\/p>\n<p data-start=\"0\" data-end=\"105\"><strong data-start=\"0\" data-end=\"13\">Materiaali:<\/strong> Materiaali: Valmistettu korkealaatuisesta polyesterist\u00e4 ja synteettisest\u00e4 nahasta, joka takaa mukavan ja kest\u00e4v\u00e4n istuvuuden.<\/p>\n<p data-start=\"107\" data-end=\"204\"><strong data-start=\"107\" data-end=\"129\">Hoito-ohjeet:<\/strong> K\u00e4sinpesu kylm\u00e4ss\u00e4 vedess\u00e4, v\u00e4lt\u00e4 valkaisuaineita ja ripusta kuivumaan parhaan tuloksen saavuttamiseksi.<\/p>\n<p data-start=\"206\" data-end=\"319\"><strong data-start=\"206\" data-end=\"215\">Koko:<\/strong> Huomaathan, ett\u00e4 mitoitus noudattaa Aasian standardeja ja voi vaihdella 1-3 cm manuaalisen mittauksen vuoksi.<\/p>\n<p data-start=\"321\" data-end=\"347\" data-is-last-node=\"\" data-is-only-node=\"\"><strong data-start=\"321\" data-end=\"329\">K\u00e4rki:<\/strong> 1 cm \u2248 0,39 tuumaa.<\/p>\n<p><img decoding=\"async\" class=\"alignnone size-full wp-image-287\" src=\"https:\/\/yumicos.com\/wp-content\/uploads\/2025\/01\/xijie.jpg\" alt=\"\" width=\"790\" height=\"92\" srcset=\"https:\/\/yumicos.com\/wp-content\/uploads\/2025\/01\/xijie.jpg 790w, https:\/\/yumicos.com\/wp-content\/uploads\/2025\/01\/xijie-300x35.jpg 300w, https:\/\/yumicos.com\/wp-content\/uploads\/2025\/01\/xijie-768x89.jpg 768w, https:\/\/yumicos.com\/wp-content\/uploads\/2025\/01\/xijie-600x70.jpg 600w\" sizes=\"(max-width: 790px) 100vw, 790px\" \/><\/p>\n<p><img decoding=\"async\" class=\"alignnone size-full wp-image-4689\" src=\"https:\/\/yumicos.com\/wp-content\/uploads\/2025\/06\/4-3.jpg\" alt=\"\" width=\"750\" height=\"750\" srcset=\"https:\/\/yumicos.com\/wp-content\/uploads\/2025\/06\/4-3-150x150.jpg 150w, https:\/\/yumicos.com\/wp-content\/uploads\/2025\/06\/4-3-70x70.jpg 70w, https:\/\/yumicos.com\/wp-content\/uploads\/2025\/06\/4-3-300x300.jpg 300w, https:\/\/yumicos.com\/wp-content\/uploads\/2025\/06\/4-3-100x100.jpg 100w, https:\/\/yumicos.com\/wp-content\/uploads\/2025\/06\/4-3-50x50.jpg 50w\" sizes=\"(max-width: 750px) 100vw, 750px\" \/><\/p>\n<p><img loading=\"lazy\" decoding=\"async\" class=\"alignnone size-full wp-image-4690\" src=\"https:\/\/yumicos.com\/wp-content\/uploads\/2025\/06\/5-4.jpg\" alt=\"\" width=\"750\" height=\"750\" srcset=\"https:\/\/yumicos.com\/wp-content\/uploads\/2025\/06\/5-4-150x150.jpg 150w, https:\/\/yumicos.com\/wp-content\/uploads\/2025\/06\/5-4-70x70.jpg 70w, https:\/\/yumicos.com\/wp-content\/uploads\/2025\/06\/5-4-300x300.jpg 300w, https:\/\/yumicos.com\/wp-content\/uploads\/2025\/06\/5-4-100x100.jpg 100w, https:\/\/yumicos.com\/wp-content\/uploads\/2025\/06\/5-4-50x50.jpg 50w\" sizes=\"(max-width: 750px) 100vw, 750px\" \/><\/p>\n","protected":false},"excerpt":{"rendered":"<p data-start=\"737\" data-end=\"979\">T\u00e4m\u00e4 Utahime Iori -cosplay-asu kuvastaa h\u00e4nen arvokasta ja siroa tyyli\u00e4\u00e4n, ja siin\u00e4 on tummansininen kimonotyylinen kaapu, valkoinen sis\u00e4kerros ja obi-vy\u00f6. Ihanteellinen Jujutsu Kaisen naispuolisten jujutsuopettajien faneille. <\/p>\n","protected":false},"featured_media":17083,"comment_status":"open","ping_status":"closed","template":"","meta":{"_acf_changed":false,"_monsterinsights_skip_tracking":false,"_monsterinsights_sitenote_active":false,"_monsterinsights_sitenote_note":"","_monsterinsights_sitenote_category":0,"site-sidebar-layout":"default","site-content-layout":"","ast-site-content-layout":"default","site-content-style":"default","site-sidebar-style":"default","ast-global-header-display":"","ast-banner-title-visibility":"","ast-main-header-display":"","ast-hfb-above-header-display":"","ast-hfb-below-header-display":"","ast-hfb-mobile-header-display":"","site-post-title":"","ast-breadcrumbs-content":"","ast-featured-img":"","footer-sml-layout":"","theme-transparent-header-meta":"default","adv-header-id-meta":"","stick-header-meta":"default","header-above-stick-meta":"","header-main-stick-meta":"","header-below-stick-meta":"","astra-migrate-meta-layouts":"default","ast-page-background-enabled":"default","ast-page-background-meta":{"desktop":{"background-color":"var(--ast-global-color-4)","background-image":"","background-repeat":"repeat","background-position":"center center","background-size":"auto","background-attachment":"scroll","background-type":"","background-media":"","overlay-type":"","overlay-color":"","overlay-opacity":"","overlay-gradient":""},"tablet":{"background-color":"","background-image":"","background-repeat":"repeat","background-position":"center center","background-size":"auto","background-attachment":"scroll","background-type":"","background-media":"","overlay-type":"","overlay-color":"","overlay-opacity":"","overlay-gradient":""},"mobile":{"background-color":"","background-image":"","background-repeat":"repeat","background-position":"center center","background-size":"auto","background-attachment":"scroll","background-type":"","background-media":"","overlay-type":"","overlay-color":"","overlay-opacity":"","overlay-gradient":""}},"ast-content-background-meta":{"desktop":{"background-color":"var(--ast-global-color-5)","background-image":"","background-repeat":"repeat","background-position":"center center","background-size":"auto","background-attachment":"scroll","background-type":"","background-media":"","overlay-type":"","overlay-color":"","overlay-opacity":"","overlay-gradient":""},"tablet":{"background-color":"var(--ast-global-color-5)","background-image":"","background-repeat":"repeat","background-position":"center center","background-size":"auto","background-attachment":"scroll","background-type":"","background-media":"","overlay-type":"","overlay-color":"","overlay-opacity":"","overlay-gradient":""},"mobile":{"background-color":"var(--ast-global-color-5)","background-image":"","background-repeat":"repeat","background-position":"center center","background-size":"auto","background-attachment":"scroll","background-type":"","background-media":"","overlay-type":"","overlay-color":"","overlay-opacity":"","overlay-gradient":""}}},"product_brand":[],"product_cat":[158,174,175],"product_tag":[],"class_list":{"0":"post-23338","1":"product","2":"type-product","3":"status-publish","4":"has-post-thumbnail","6":"product_cat-anime","7":"product_cat-h-i-j-j-k-l-l-m-n","8":"product_cat-jujutsu-kaisen","9":"desktop-align-left","10":"tablet-align-left","11":"mobile-align-left","12":"ast-product-gallery-layout-horizontal-slider","13":"ast-product-single-variable","14":"ast-product-tabs-layout-horizontal","16":"first","17":"instock","18":"purchasable","19":"product-type-variable"},"acf":[],"aioseo_notices":[],"_links":{"self":[{"href":"https:\/\/yumicos.com\/fi\/wp-json\/wp\/v2\/product\/23338","targetHints":{"allow":["GET"]}}],"collection":[{"href":"https:\/\/yumicos.com\/fi\/wp-json\/wp\/v2\/product"}],"about":[{"href":"https:\/\/yumicos.com\/fi\/wp-json\/wp\/v2\/types\/product"}],"replies":[{"embeddable":true,"href":"https:\/\/yumicos.com\/fi\/wp-json\/wp\/v2\/comments?post=23338"}],"wp:featuredmedia":[{"embeddable":true,"href":"https:\/\/yumicos.com\/fi\/wp-json\/wp\/v2\/media\/17083"}],"wp:attachment":[{"href":"https:\/\/yumicos.com\/fi\/wp-json\/wp\/v2\/media?parent=23338"}],"wp:term":[{"taxonomy":"product_brand","embeddable":true,"href":"https:\/\/yumicos.com\/fi\/wp-json\/wp\/v2\/product_brand?post=23338"},{"taxonomy":"product_cat","embeddable":true,"href":"https:\/\/yumicos.com\/fi\/wp-json\/wp\/v2\/product_cat?post=23338"},{"taxonomy":"product_tag","embeddable":true,"href":"https:\/\/yumicos.com\/fi\/wp-json\/wp\/v2\/product_tag?post=23338"}],"curies":[{"name":"wp","href":"https:\/\/api.w.org\/{rel}","templated":true}]}}