{"id":23246,"date":"2025-06-11T16:50:58","date_gmt":"2025-06-11T16:50:58","guid":{"rendered":"https:\/\/yumicos.com\/product\/shoko-ieiri-cosplay-puku-jujutsu-kaisen-medical-uniform-outfit-jujutsu-kaisen-laaketieteellinen-univormuasu\/"},"modified":"2025-10-11T16:13:41","modified_gmt":"2025-10-11T16:13:41","slug":"shoko-ieiri-cosplay-costume","status":"publish","type":"product","link":"https:\/\/yumicos.com\/fi\/product\/shoko-ieiri-cosplay-costume\/","title":{"rendered":"Shoko Ieiri Cosplay puku &#8211; Jujutsu Kaisen Medical Uniform Outfit &#8211; Jujutsu Kaisen l\u00e4\u00e4ketieteellinen univormuasu"},"content":{"rendered":"<p><img fetchpriority=\"high\" decoding=\"async\" class=\"alignnone size-full wp-image-285\" src=\"https:\/\/yumicos.com\/wp-content\/uploads\/2025\/01\/chanp.jpg\" alt=\"\" width=\"790\" height=\"92\" srcset=\"https:\/\/yumicos.com\/wp-content\/uploads\/2025\/01\/chanp.jpg 790w, https:\/\/yumicos.com\/wp-content\/uploads\/2025\/01\/chanp-300x35.jpg 300w, https:\/\/yumicos.com\/wp-content\/uploads\/2025\/01\/chanp-768x89.jpg 768w, https:\/\/yumicos.com\/wp-content\/uploads\/2025\/01\/chanp-600x70.jpg 600w\" sizes=\"(max-width: 790px) 100vw, 790px\" \/><\/p>\n<p><strong>L\u00e4hde<\/strong><a href=\"https:\/\/yumicos.com\/fi\/product-category\/anime-fi\/h-i-j-j-k-l-l-m-n\/jujutsu-kaisen-fi\/\">: Jujutsu Kaisen<\/a><\/p>\n<p><strong>Hahmo<\/strong>: Ieiri Shoko<\/p>\n<p><strong>Mukana<\/strong>: takki+hame<\/p>\n<p data-start=\"0\" data-end=\"105\"><strong data-start=\"0\" data-end=\"13\">Materiaali:<\/strong> Materiaali: Valmistettu korkealaatuisesta polyesterist\u00e4 ja synteettisest\u00e4 nahasta, joka takaa mukavan ja kest\u00e4v\u00e4n istuvuuden.<\/p>\n<p data-start=\"107\" data-end=\"204\"><strong data-start=\"107\" data-end=\"129\">Hoito-ohjeet:<\/strong> K\u00e4sinpesu kylm\u00e4ss\u00e4 vedess\u00e4, v\u00e4lt\u00e4 valkaisuaineita ja ripusta kuivumaan parhaan tuloksen saavuttamiseksi.<\/p>\n<p data-start=\"206\" data-end=\"319\"><strong data-start=\"206\" data-end=\"215\">Koko:<\/strong> Huomaathan, ett\u00e4 mitoitus noudattaa Aasian standardeja ja voi vaihdella 1-3 cm manuaalisen mittauksen vuoksi.<\/p>\n<p data-start=\"321\" data-end=\"347\" data-is-last-node=\"\" data-is-only-node=\"\"><strong data-start=\"321\" data-end=\"329\">K\u00e4rki:<\/strong> 1 cm \u2248 0,39 tuumaa.<\/p>\n<p><img decoding=\"async\" class=\"alignnone size-full wp-image-288\" src=\"https:\/\/yumicos.com\/wp-content\/uploads\/2025\/01\/shiwuzhanshi.jpg\" alt=\"\" width=\"790\" height=\"92\" srcset=\"https:\/\/yumicos.com\/wp-content\/uploads\/2025\/01\/shiwuzhanshi.jpg 790w, https:\/\/yumicos.com\/wp-content\/uploads\/2025\/01\/shiwuzhanshi-300x35.jpg 300w, https:\/\/yumicos.com\/wp-content\/uploads\/2025\/01\/shiwuzhanshi-768x89.jpg 768w, https:\/\/yumicos.com\/wp-content\/uploads\/2025\/01\/shiwuzhanshi-600x70.jpg 600w\" sizes=\"(max-width: 790px) 100vw, 790px\" \/><\/p>\n<p><img decoding=\"async\" class=\"size-full wp-image-4660\" src=\"https:\/\/yumicos.com\/wp-content\/uploads\/2025\/06\/2-3.jpg\" alt=\"Shoko Ieirin cosplay-asun koko etukuva edess\u00e4\" width=\"750\" height=\"750\" srcset=\"https:\/\/yumicos.com\/wp-content\/uploads\/2025\/06\/2-3.jpg 1920w, https:\/\/yumicos.com\/wp-content\/uploads\/2025\/06\/2-3-300x300.jpg 300w, https:\/\/yumicos.com\/wp-content\/uploads\/2025\/06\/2-3-1024x1024.jpg 1024w, https:\/\/yumicos.com\/wp-content\/uploads\/2025\/06\/2-3-150x150.jpg 150w, https:\/\/yumicos.com\/wp-content\/uploads\/2025\/06\/2-3-768x768.jpg 768w, https:\/\/yumicos.com\/wp-content\/uploads\/2025\/06\/2-3-1536x1536.jpg 1536w, https:\/\/yumicos.com\/wp-content\/uploads\/2025\/06\/2-3-12x12.jpg 12w, https:\/\/yumicos.com\/wp-content\/uploads\/2025\/06\/2-3-70x70.jpg 70w, https:\/\/yumicos.com\/wp-content\/uploads\/2025\/06\/2-3-600x600.jpg 600w, https:\/\/yumicos.com\/wp-content\/uploads\/2025\/06\/2-3-100x100.jpg 100w, https:\/\/yumicos.com\/wp-content\/uploads\/2025\/06\/2-3-50x50.jpg 50w\" sizes=\"(max-width: 750px) 100vw, 750px\" \/><\/p>\n<p><img loading=\"lazy\" decoding=\"async\" class=\"size-full wp-image-4662\" src=\"https:\/\/yumicos.com\/wp-content\/uploads\/2025\/06\/4-2.jpg\" alt=\"Shoko Ieirin cosplay-puvun takaosa\" width=\"750\" height=\"750\" srcset=\"https:\/\/yumicos.com\/wp-content\/uploads\/2025\/06\/4-2.jpg 1920w, https:\/\/yumicos.com\/wp-content\/uploads\/2025\/06\/4-2-300x300.jpg 300w, https:\/\/yumicos.com\/wp-content\/uploads\/2025\/06\/4-2-1024x1024.jpg 1024w, https:\/\/yumicos.com\/wp-content\/uploads\/2025\/06\/4-2-150x150.jpg 150w, https:\/\/yumicos.com\/wp-content\/uploads\/2025\/06\/4-2-768x768.jpg 768w, https:\/\/yumicos.com\/wp-content\/uploads\/2025\/06\/4-2-1536x1536.jpg 1536w, https:\/\/yumicos.com\/wp-content\/uploads\/2025\/06\/4-2-12x12.jpg 12w, https:\/\/yumicos.com\/wp-content\/uploads\/2025\/06\/4-2-70x70.jpg 70w, https:\/\/yumicos.com\/wp-content\/uploads\/2025\/06\/4-2-600x600.jpg 600w, https:\/\/yumicos.com\/wp-content\/uploads\/2025\/06\/4-2-100x100.jpg 100w, https:\/\/yumicos.com\/wp-content\/uploads\/2025\/06\/4-2-50x50.jpg 50w\" sizes=\"(max-width: 750px) 100vw, 750px\" \/><\/p>\n<p><img loading=\"lazy\" decoding=\"async\" class=\"alignnone size-full wp-image-287\" src=\"https:\/\/yumicos.com\/wp-content\/uploads\/2025\/01\/xijie.jpg\" alt=\"\" width=\"790\" height=\"92\" srcset=\"https:\/\/yumicos.com\/wp-content\/uploads\/2025\/01\/xijie.jpg 790w, https:\/\/yumicos.com\/wp-content\/uploads\/2025\/01\/xijie-300x35.jpg 300w, https:\/\/yumicos.com\/wp-content\/uploads\/2025\/01\/xijie-768x89.jpg 768w, https:\/\/yumicos.com\/wp-content\/uploads\/2025\/01\/xijie-600x70.jpg 600w\" sizes=\"(max-width: 790px) 100vw, 790px\" \/><\/p>\n<p><img loading=\"lazy\" decoding=\"async\" class=\"size-full wp-image-4663\" src=\"https:\/\/yumicos.com\/wp-content\/uploads\/2025\/06\/5-2.jpg\" alt=\"Kauluksen ja nappien yksityiskohdat\" width=\"750\" height=\"750\" srcset=\"https:\/\/yumicos.com\/wp-content\/uploads\/2025\/06\/5-2-150x150.jpg 150w, https:\/\/yumicos.com\/wp-content\/uploads\/2025\/06\/5-2-70x70.jpg 70w, https:\/\/yumicos.com\/wp-content\/uploads\/2025\/06\/5-2-300x300.jpg 300w, https:\/\/yumicos.com\/wp-content\/uploads\/2025\/06\/5-2-100x100.jpg 100w, https:\/\/yumicos.com\/wp-content\/uploads\/2025\/06\/5-2-50x50.jpg 50w\" sizes=\"(max-width: 750px) 100vw, 750px\" \/><\/p>\n<p><img loading=\"lazy\" decoding=\"async\" class=\"size-full wp-image-4664\" src=\"https:\/\/yumicos.com\/wp-content\/uploads\/2025\/06\/6-2.jpg\" alt=\"Kauluksen ja nappien yksityiskohdat\" width=\"750\" height=\"750\" srcset=\"https:\/\/yumicos.com\/wp-content\/uploads\/2025\/06\/6-2-150x150.jpg 150w, https:\/\/yumicos.com\/wp-content\/uploads\/2025\/06\/6-2-70x70.jpg 70w, https:\/\/yumicos.com\/wp-content\/uploads\/2025\/06\/6-2-300x300.jpg 300w, https:\/\/yumicos.com\/wp-content\/uploads\/2025\/06\/6-2-100x100.jpg 100w, https:\/\/yumicos.com\/wp-content\/uploads\/2025\/06\/6-2-50x50.jpg 50w\" sizes=\"(max-width: 750px) 100vw, 750px\" \/><\/p>\n<p><img loading=\"lazy\" decoding=\"async\" class=\"size-full wp-image-4665\" src=\"https:\/\/yumicos.com\/wp-content\/uploads\/2025\/06\/7-1.jpg\" alt=\"Kauluksen ja nappien yksityiskohdat\" width=\"750\" height=\"750\" srcset=\"https:\/\/yumicos.com\/wp-content\/uploads\/2025\/06\/7-1-150x150.jpg 150w, https:\/\/yumicos.com\/wp-content\/uploads\/2025\/06\/7-1-70x70.jpg 70w, https:\/\/yumicos.com\/wp-content\/uploads\/2025\/06\/7-1-300x300.jpg 300w, https:\/\/yumicos.com\/wp-content\/uploads\/2025\/06\/7-1-100x100.jpg 100w, https:\/\/yumicos.com\/wp-content\/uploads\/2025\/06\/7-1-50x50.jpg 50w\" sizes=\"(max-width: 750px) 100vw, 750px\" \/><\/p>\n","protected":false},"excerpt":{"rendered":"<p data-start=\"697\" data-end=\"880\">Kanavoi Shoko Ieirin rauhallinen ja ammattimainen tunnelma t\u00e4ll\u00e4 <em data-start=\"823\" data-end=\"839\">Jujutsu Kaisenin<\/em> tarkalla cosplay-asulla. Ihanteellinen l\u00e4\u00e4ketieteen aiheiseen anime-cosplayyn. <\/p>\n","protected":false},"featured_media":16979,"comment_status":"open","ping_status":"closed","template":"","meta":{"_acf_changed":false,"_monsterinsights_skip_tracking":false,"_monsterinsights_sitenote_active":false,"_monsterinsights_sitenote_note":"","_monsterinsights_sitenote_category":0,"site-sidebar-layout":"default","site-content-layout":"","ast-site-content-layout":"default","site-content-style":"default","site-sidebar-style":"default","ast-global-header-display":"","ast-banner-title-visibility":"","ast-main-header-display":"","ast-hfb-above-header-display":"","ast-hfb-below-header-display":"","ast-hfb-mobile-header-display":"","site-post-title":"","ast-breadcrumbs-content":"","ast-featured-img":"","footer-sml-layout":"","theme-transparent-header-meta":"default","adv-header-id-meta":"","stick-header-meta":"default","header-above-stick-meta":"","header-main-stick-meta":"","header-below-stick-meta":"","astra-migrate-meta-layouts":"default","ast-page-background-enabled":"default","ast-page-background-meta":{"desktop":{"background-color":"var(--ast-global-color-4)","background-image":"","background-repeat":"repeat","background-position":"center center","background-size":"auto","background-attachment":"scroll","background-type":"","background-media":"","overlay-type":"","overlay-color":"","overlay-opacity":"","overlay-gradient":""},"tablet":{"background-color":"","background-image":"","background-repeat":"repeat","background-position":"center center","background-size":"auto","background-attachment":"scroll","background-type":"","background-media":"","overlay-type":"","overlay-color":"","overlay-opacity":"","overlay-gradient":""},"mobile":{"background-color":"","background-image":"","background-repeat":"repeat","background-position":"center center","background-size":"auto","background-attachment":"scroll","background-type":"","background-media":"","overlay-type":"","overlay-color":"","overlay-opacity":"","overlay-gradient":""}},"ast-content-background-meta":{"desktop":{"background-color":"var(--ast-global-color-5)","background-image":"","background-repeat":"repeat","background-position":"center center","background-size":"auto","background-attachment":"scroll","background-type":"","background-media":"","overlay-type":"","overlay-color":"","overlay-opacity":"","overlay-gradient":""},"tablet":{"background-color":"var(--ast-global-color-5)","background-image":"","background-repeat":"repeat","background-position":"center center","background-size":"auto","background-attachment":"scroll","background-type":"","background-media":"","overlay-type":"","overlay-color":"","overlay-opacity":"","overlay-gradient":""},"mobile":{"background-color":"var(--ast-global-color-5)","background-image":"","background-repeat":"repeat","background-position":"center center","background-size":"auto","background-attachment":"scroll","background-type":"","background-media":"","overlay-type":"","overlay-color":"","overlay-opacity":"","overlay-gradient":""}}},"product_brand":[],"product_cat":[158,174,175],"product_tag":[],"class_list":{"0":"post-23246","1":"product","2":"type-product","3":"status-publish","4":"has-post-thumbnail","6":"product_cat-anime","7":"product_cat-h-i-j-j-k-l-l-m-n","8":"product_cat-jujutsu-kaisen","9":"desktop-align-left","10":"tablet-align-left","11":"mobile-align-left","12":"ast-product-gallery-layout-horizontal-slider","13":"ast-product-single-variable","14":"ast-product-tabs-layout-horizontal","16":"first","17":"instock","18":"purchasable","19":"product-type-variable"},"acf":[],"aioseo_notices":[],"_links":{"self":[{"href":"https:\/\/yumicos.com\/fi\/wp-json\/wp\/v2\/product\/23246","targetHints":{"allow":["GET"]}}],"collection":[{"href":"https:\/\/yumicos.com\/fi\/wp-json\/wp\/v2\/product"}],"about":[{"href":"https:\/\/yumicos.com\/fi\/wp-json\/wp\/v2\/types\/product"}],"replies":[{"embeddable":true,"href":"https:\/\/yumicos.com\/fi\/wp-json\/wp\/v2\/comments?post=23246"}],"wp:featuredmedia":[{"embeddable":true,"href":"https:\/\/yumicos.com\/fi\/wp-json\/wp\/v2\/media\/16979"}],"wp:attachment":[{"href":"https:\/\/yumicos.com\/fi\/wp-json\/wp\/v2\/media?parent=23246"}],"wp:term":[{"taxonomy":"product_brand","embeddable":true,"href":"https:\/\/yumicos.com\/fi\/wp-json\/wp\/v2\/product_brand?post=23246"},{"taxonomy":"product_cat","embeddable":true,"href":"https:\/\/yumicos.com\/fi\/wp-json\/wp\/v2\/product_cat?post=23246"},{"taxonomy":"product_tag","embeddable":true,"href":"https:\/\/yumicos.com\/fi\/wp-json\/wp\/v2\/product_tag?post=23246"}],"curies":[{"name":"wp","href":"https:\/\/api.w.org\/{rel}","templated":true}]}}