{"id":35521,"date":"2025-01-07T13:25:42","date_gmt":"2025-01-07T13:25:42","guid":{"rendered":"https:\/\/yumicos.com\/product\/juego-genshin-impacto-ganyu-crepusculo-blossom-nuevo-traje-cosplay-costume\/"},"modified":"2025-10-22T13:09:43","modified_gmt":"2025-10-22T13:09:43","slug":"genshin-impact-ganyu-cosplay-costume","status":"publish","type":"product","link":"https:\/\/yumicos.com\/es\/product\/genshin-impact-ganyu-cosplay-costume\/","title":{"rendered":"Juego Genshin Impacto Ganyu Crep\u00fasculo Blossom Nuevo traje Cosplay Costume"},"content":{"rendered":"<p><img fetchpriority=\"high\" decoding=\"async\" class=\"alignnone size-full wp-image-285\" src=\"https:\/\/yumicos.com\/wp-content\/uploads\/2025\/01\/chanp.jpg\" alt=\"\" width=\"790\" height=\"92\" srcset=\"https:\/\/yumicos.com\/wp-content\/uploads\/2025\/01\/chanp.jpg 790w, https:\/\/yumicos.com\/wp-content\/uploads\/2025\/01\/chanp-300x35.jpg 300w, https:\/\/yumicos.com\/wp-content\/uploads\/2025\/01\/chanp-768x89.jpg 768w, https:\/\/yumicos.com\/wp-content\/uploads\/2025\/01\/chanp-600x70.jpg 600w\" sizes=\"(max-width: 790px) 100vw, 790px\" \/><\/p>\n<p><strong>Fuente<\/strong>: <strong><a href=\"https:\/\/yumicos.com\/es\/product-category\/game-cosplay\/genshin-impact-cosplay\/\">Genshin Impact<\/a><\/strong><\/p>\n<p><strong>Personaje<\/strong>:  Ganyu<\/p>\n<p><strong>Incluye<\/strong>: Ropa,Adornos de brazos+guantes,Adornos de piernas,Sombreros,Adornos de zapatos,Adornos de pecho,Adornos de espalda+visiones<\/p>\n<p><strong>Instrucciones de cuidado<\/strong>: Lavar a mano en agua fr\u00eda, colgar para secar, no usar lej\u00eda<\/p>\n<p><strong>Talla:<\/strong>Tenga en cuenta que las tallas asi\u00e1ticas pueden tener una discrepancia de 1-3 cm debido a la t\u00e9cnica de medici\u00f3n.<\/p>\n<p><img decoding=\"async\" class=\"alignnone wp-image-171 \" src=\"https:\/\/yumicos.com\/wp-content\/uploads\/2025\/01\/2.jpg\" alt=\"\" width=\"750\" height=\"1000\" srcset=\"https:\/\/yumicos.com\/wp-content\/uploads\/2025\/01\/2.jpg 1200w, https:\/\/yumicos.com\/wp-content\/uploads\/2025\/01\/2-225x300.jpg 225w, https:\/\/yumicos.com\/wp-content\/uploads\/2025\/01\/2-768x1024.jpg 768w, https:\/\/yumicos.com\/wp-content\/uploads\/2025\/01\/2-1152x1536.jpg 1152w, https:\/\/yumicos.com\/wp-content\/uploads\/2025\/01\/2-600x800.jpg 600w\" sizes=\"(max-width: 750px) 100vw, 750px\" \/><br \/>\n<img decoding=\"async\" class=\"alignnone size-full wp-image-172\" src=\"https:\/\/yumicos.com\/wp-content\/uploads\/2025\/01\/3.jpg\" alt=\"\" width=\"750\" height=\"1000\" srcset=\"https:\/\/yumicos.com\/wp-content\/uploads\/2025\/01\/3.jpg 1200w, https:\/\/yumicos.com\/wp-content\/uploads\/2025\/01\/3-225x300.jpg 225w, https:\/\/yumicos.com\/wp-content\/uploads\/2025\/01\/3-768x1024.jpg 768w, https:\/\/yumicos.com\/wp-content\/uploads\/2025\/01\/3-1152x1536.jpg 1152w, https:\/\/yumicos.com\/wp-content\/uploads\/2025\/01\/3-600x800.jpg 600w\" sizes=\"(max-width: 750px) 100vw, 750px\" \/><br \/>\n<img loading=\"lazy\" decoding=\"async\" class=\"alignnone size-full wp-image-173\" src=\"https:\/\/yumicos.com\/wp-content\/uploads\/2025\/01\/4.jpg\" alt=\"\" width=\"750\" height=\"1000\" srcset=\"https:\/\/yumicos.com\/wp-content\/uploads\/2025\/01\/4.jpg 1200w, https:\/\/yumicos.com\/wp-content\/uploads\/2025\/01\/4-225x300.jpg 225w, https:\/\/yumicos.com\/wp-content\/uploads\/2025\/01\/4-768x1024.jpg 768w, https:\/\/yumicos.com\/wp-content\/uploads\/2025\/01\/4-1152x1536.jpg 1152w, https:\/\/yumicos.com\/wp-content\/uploads\/2025\/01\/4-600x800.jpg 600w\" sizes=\"(max-width: 750px) 100vw, 750px\" \/><br \/>\n<img loading=\"lazy\" decoding=\"async\" class=\"alignnone size-full wp-image-174\" src=\"https:\/\/yumicos.com\/wp-content\/uploads\/2025\/01\/5.jpg\" alt=\"\" width=\"750\" height=\"1000\" srcset=\"https:\/\/yumicos.com\/wp-content\/uploads\/2025\/01\/5.jpg 1200w, https:\/\/yumicos.com\/wp-content\/uploads\/2025\/01\/5-225x300.jpg 225w, https:\/\/yumicos.com\/wp-content\/uploads\/2025\/01\/5-768x1024.jpg 768w, https:\/\/yumicos.com\/wp-content\/uploads\/2025\/01\/5-1152x1536.jpg 1152w, https:\/\/yumicos.com\/wp-content\/uploads\/2025\/01\/5-600x800.jpg 600w\" sizes=\"(max-width: 750px) 100vw, 750px\" \/><br \/>\n<img loading=\"lazy\" decoding=\"async\" class=\"alignnone wp-image-175\" src=\"https:\/\/yumicos.com\/wp-content\/uploads\/2025\/01\/6.jpg\" alt=\"\" width=\"750\" height=\"1000\" srcset=\"https:\/\/yumicos.com\/wp-content\/uploads\/2025\/01\/6.jpg 1200w, https:\/\/yumicos.com\/wp-content\/uploads\/2025\/01\/6-225x300.jpg 225w, https:\/\/yumicos.com\/wp-content\/uploads\/2025\/01\/6-768x1024.jpg 768w, https:\/\/yumicos.com\/wp-content\/uploads\/2025\/01\/6-1152x1536.jpg 1152w, https:\/\/yumicos.com\/wp-content\/uploads\/2025\/01\/6-600x800.jpg 600w\" sizes=\"(max-width: 750px) 100vw, 750px\" \/><br \/>\n<img loading=\"lazy\" decoding=\"async\" class=\"alignnone wp-image-177\" src=\"https:\/\/yumicos.com\/wp-content\/uploads\/2025\/01\/8.jpg\" alt=\"\" width=\"750\" height=\"750\" srcset=\"https:\/\/yumicos.com\/wp-content\/uploads\/2025\/01\/8.jpg 1200w, https:\/\/yumicos.com\/wp-content\/uploads\/2025\/01\/8-300x300.jpg 300w, https:\/\/yumicos.com\/wp-content\/uploads\/2025\/01\/8-1024x1024.jpg 1024w, https:\/\/yumicos.com\/wp-content\/uploads\/2025\/01\/8-150x150.jpg 150w, https:\/\/yumicos.com\/wp-content\/uploads\/2025\/01\/8-768x768.jpg 768w, https:\/\/yumicos.com\/wp-content\/uploads\/2025\/01\/8-600x600.jpg 600w, https:\/\/yumicos.com\/wp-content\/uploads\/2025\/01\/8-100x100.jpg 100w, https:\/\/yumicos.com\/wp-content\/uploads\/2025\/01\/8-50x50.jpg 50w\" sizes=\"(max-width: 750px) 100vw, 750px\" \/><br \/>\n<img loading=\"lazy\" decoding=\"async\" class=\"alignnone wp-image-179\" src=\"https:\/\/yumicos.com\/wp-content\/uploads\/2025\/01\/10.jpg\" alt=\"\" width=\"750\" height=\"613\" srcset=\"https:\/\/yumicos.com\/wp-content\/uploads\/2025\/01\/10.jpg 1200w, https:\/\/yumicos.com\/wp-content\/uploads\/2025\/01\/10-300x245.jpg 300w, https:\/\/yumicos.com\/wp-content\/uploads\/2025\/01\/10-1024x837.jpg 1024w, https:\/\/yumicos.com\/wp-content\/uploads\/2025\/01\/10-768x628.jpg 768w, https:\/\/yumicos.com\/wp-content\/uploads\/2025\/01\/10-600x491.jpg 600w\" sizes=\"(max-width: 750px) 100vw, 750px\" \/><br \/>\n<img loading=\"lazy\" decoding=\"async\" class=\"alignnone wp-image-180\" src=\"https:\/\/yumicos.com\/wp-content\/uploads\/2025\/01\/11.jpg\" alt=\"\" width=\"750\" height=\"593\" srcset=\"https:\/\/yumicos.com\/wp-content\/uploads\/2025\/01\/11.jpg 1200w, https:\/\/yumicos.com\/wp-content\/uploads\/2025\/01\/11-300x237.jpg 300w, https:\/\/yumicos.com\/wp-content\/uploads\/2025\/01\/11-1024x810.jpg 1024w, https:\/\/yumicos.com\/wp-content\/uploads\/2025\/01\/11-768x607.jpg 768w, https:\/\/yumicos.com\/wp-content\/uploads\/2025\/01\/11-600x475.jpg 600w\" sizes=\"(max-width: 750px) 100vw, 750px\" \/><br \/>\n<img loading=\"lazy\" decoding=\"async\" class=\"alignnone wp-image-181\" src=\"https:\/\/yumicos.com\/wp-content\/uploads\/2025\/01\/12.jpg\" alt=\"\" width=\"750\" height=\"781\" srcset=\"https:\/\/yumicos.com\/wp-content\/uploads\/2025\/01\/12.jpg 1200w, https:\/\/yumicos.com\/wp-content\/uploads\/2025\/01\/12-288x300.jpg 288w, https:\/\/yumicos.com\/wp-content\/uploads\/2025\/01\/12-984x1024.jpg 984w, https:\/\/yumicos.com\/wp-content\/uploads\/2025\/01\/12-768x799.jpg 768w, https:\/\/yumicos.com\/wp-content\/uploads\/2025\/01\/12-600x625.jpg 600w\" sizes=\"(max-width: 750px) 100vw, 750px\" \/><br \/>\n<img loading=\"lazy\" decoding=\"async\" class=\"alignnone wp-image-182\" src=\"https:\/\/yumicos.com\/wp-content\/uploads\/2025\/01\/13.jpg\" alt=\"\" width=\"750\" height=\"1026\" srcset=\"https:\/\/yumicos.com\/wp-content\/uploads\/2025\/01\/13.jpg 1200w, https:\/\/yumicos.com\/wp-content\/uploads\/2025\/01\/13-219x300.jpg 219w, https:\/\/yumicos.com\/wp-content\/uploads\/2025\/01\/13-749x1024.jpg 749w, https:\/\/yumicos.com\/wp-content\/uploads\/2025\/01\/13-768x1050.jpg 768w, https:\/\/yumicos.com\/wp-content\/uploads\/2025\/01\/13-1123x1536.jpg 1123w, https:\/\/yumicos.com\/wp-content\/uploads\/2025\/01\/13-600x821.jpg 600w\" sizes=\"(max-width: 750px) 100vw, 750px\" \/><br \/>\n<img loading=\"lazy\" decoding=\"async\" class=\"alignnone wp-image-183\" src=\"https:\/\/yumicos.com\/wp-content\/uploads\/2025\/01\/14.jpg\" alt=\"\" width=\"750\" height=\"900\" srcset=\"https:\/\/yumicos.com\/wp-content\/uploads\/2025\/01\/14.jpg 1200w, https:\/\/yumicos.com\/wp-content\/uploads\/2025\/01\/14-250x300.jpg 250w, https:\/\/yumicos.com\/wp-content\/uploads\/2025\/01\/14-853x1024.jpg 853w, https:\/\/yumicos.com\/wp-content\/uploads\/2025\/01\/14-768x922.jpg 768w, https:\/\/yumicos.com\/wp-content\/uploads\/2025\/01\/14-600x720.jpg 600w\" sizes=\"(max-width: 750px) 100vw, 750px\" \/><\/p>\n","protected":false},"excerpt":{"rendered":"<div class=\"summary__title\">\n<h6 class=\"h4 accordion__title\">Disfraz de cosplay de Ganyu de alta calidad inspirado en <em data-start=\"70\" data-end=\"86\">Genshin Impact<\/em>. Hecho de tela suave y transpirable con artesan\u00eda detallada para recrear perfectamente el aspecto elegante de Ganyu. Ideal para eventos de cosplay y convenciones de anime.<\/h6>\n<\/div>\n","protected":false},"featured_media":6866,"comment_status":"open","ping_status":"closed","template":"","meta":{"_acf_changed":false,"_monsterinsights_skip_tracking":false,"_monsterinsights_sitenote_active":false,"_monsterinsights_sitenote_note":"","_monsterinsights_sitenote_category":0,"site-sidebar-layout":"default","site-content-layout":"","ast-site-content-layout":"default","site-content-style":"default","site-sidebar-style":"default","ast-global-header-display":"","ast-banner-title-visibility":"","ast-main-header-display":"","ast-hfb-above-header-display":"","ast-hfb-below-header-display":"","ast-hfb-mobile-header-display":"","site-post-title":"","ast-breadcrumbs-content":"","ast-featured-img":"","footer-sml-layout":"","theme-transparent-header-meta":"default","adv-header-id-meta":"","stick-header-meta":"default","header-above-stick-meta":"","header-main-stick-meta":"","header-below-stick-meta":"","astra-migrate-meta-layouts":"default","ast-page-background-enabled":"default","ast-page-background-meta":{"desktop":{"background-color":"var(--ast-global-color-4)","background-image":"","background-repeat":"repeat","background-position":"center center","background-size":"auto","background-attachment":"scroll","background-type":"","background-media":"","overlay-type":"","overlay-color":"","overlay-opacity":"","overlay-gradient":""},"tablet":{"background-color":"","background-image":"","background-repeat":"repeat","background-position":"center center","background-size":"auto","background-attachment":"scroll","background-type":"","background-media":"","overlay-type":"","overlay-color":"","overlay-opacity":"","overlay-gradient":""},"mobile":{"background-color":"","background-image":"","background-repeat":"repeat","background-position":"center center","background-size":"auto","background-attachment":"scroll","background-type":"","background-media":"","overlay-type":"","overlay-color":"","overlay-opacity":"","overlay-gradient":""}},"ast-content-background-meta":{"desktop":{"background-color":"var(--ast-global-color-5)","background-image":"","background-repeat":"repeat","background-position":"center center","background-size":"auto","background-attachment":"scroll","background-type":"","background-media":"","overlay-type":"","overlay-color":"","overlay-opacity":"","overlay-gradient":""},"tablet":{"background-color":"var(--ast-global-color-5)","background-image":"","background-repeat":"repeat","background-position":"center center","background-size":"auto","background-attachment":"scroll","background-type":"","background-media":"","overlay-type":"","overlay-color":"","overlay-opacity":"","overlay-gradient":""},"mobile":{"background-color":"var(--ast-global-color-5)","background-image":"","background-repeat":"repeat","background-position":"center center","background-size":"auto","background-attachment":"scroll","background-type":"","background-media":"","overlay-type":"","overlay-color":"","overlay-opacity":"","overlay-gradient":""}}},"product_brand":[],"product_cat":[112,184],"product_tag":[],"class_list":{"0":"post-35521","1":"product","2":"type-product","3":"status-publish","4":"has-post-thumbnail","6":"product_cat-game-cosplay","7":"product_cat-genshin-impact-cosplay","8":"desktop-align-left","9":"tablet-align-left","10":"mobile-align-left","11":"ast-product-gallery-layout-horizontal-slider","12":"ast-product-single-variable","13":"ast-product-tabs-layout-horizontal","15":"first","16":"instock","17":"purchasable","18":"product-type-variable"},"acf":[],"aioseo_notices":[],"_links":{"self":[{"href":"https:\/\/yumicos.com\/es\/wp-json\/wp\/v2\/product\/35521","targetHints":{"allow":["GET"]}}],"collection":[{"href":"https:\/\/yumicos.com\/es\/wp-json\/wp\/v2\/product"}],"about":[{"href":"https:\/\/yumicos.com\/es\/wp-json\/wp\/v2\/types\/product"}],"replies":[{"embeddable":true,"href":"https:\/\/yumicos.com\/es\/wp-json\/wp\/v2\/comments?post=35521"}],"wp:featuredmedia":[{"embeddable":true,"href":"https:\/\/yumicos.com\/es\/wp-json\/wp\/v2\/media\/6866"}],"wp:attachment":[{"href":"https:\/\/yumicos.com\/es\/wp-json\/wp\/v2\/media?parent=35521"}],"wp:term":[{"taxonomy":"product_brand","embeddable":true,"href":"https:\/\/yumicos.com\/es\/wp-json\/wp\/v2\/product_brand?post=35521"},{"taxonomy":"product_cat","embeddable":true,"href":"https:\/\/yumicos.com\/es\/wp-json\/wp\/v2\/product_cat?post=35521"},{"taxonomy":"product_tag","embeddable":true,"href":"https:\/\/yumicos.com\/es\/wp-json\/wp\/v2\/product_tag?post=35521"}],"curies":[{"name":"wp","href":"https:\/\/api.w.org\/{rel}","templated":true}]}}