{"id":35457,"date":"2025-01-14T14:39:44","date_gmt":"2025-01-14T14:39:44","guid":{"rendered":"https:\/\/yumicos.com\/product\/fuga-tingyun-cosplay-costume-honkai-star-rail-tingyun-outfit\/"},"modified":"2025-10-22T13:09:28","modified_gmt":"2025-10-22T13:09:28","slug":"toum","status":"publish","type":"product","link":"https:\/\/yumicos.com\/es\/product\/toum\/","title":{"rendered":"Fuga Tingyun Cosplay Costume &#8211; Honkai: Star Rail Tingyun Outfit"},"content":{"rendered":"<p><img fetchpriority=\"high\" decoding=\"async\" class=\"alignnone size-full wp-image-285\" src=\"https:\/\/yumicos.com\/wp-content\/uploads\/2025\/01\/chanp.jpg\" alt=\"\" width=\"790\" height=\"92\" srcset=\"https:\/\/yumicos.com\/wp-content\/uploads\/2025\/01\/chanp.jpg 790w, https:\/\/yumicos.com\/wp-content\/uploads\/2025\/01\/chanp-300x35.jpg 300w, https:\/\/yumicos.com\/wp-content\/uploads\/2025\/01\/chanp-768x89.jpg 768w, https:\/\/yumicos.com\/wp-content\/uploads\/2025\/01\/chanp-600x70.jpg 600w\" sizes=\"(max-width: 790px) 100vw, 790px\" \/><\/p>\n<p><strong>Fuente<\/strong>: <strong><a href=\"https:\/\/yumicos.com\/es\/product-category\/game-cosplay\/genshin-impact-cosplay\/\">Honkai: Star Rail<\/a><\/strong><\/p>\n<p><strong>Personaje<\/strong>: Fuga Tingyun<\/p>\n<p><strong>Incluye<\/strong>: Ropa, tocado, adorno de cintura, cintur\u00f3n, adorno de brazo, cola<\/p>\n<p><strong>Material:<\/strong> Poli\u00e9ster, Uniforme<\/p>\n<p><strong>Instrucciones de cuidado<\/strong>: Lavar a mano en agua fr\u00eda, colgar para secar, sin lej\u00eda<\/p>\n<p><strong>Talla: Tenga en cuenta que las tallas asi\u00e1ticas pueden tener una discrepancia de 1-3 cm debido a la t\u00e9cnica de medici\u00f3n.<\/strong><\/p>\n<p style=\"text-align: left;\"><img decoding=\"async\" class=\"size-full wp-image-288 alignnone\" src=\"https:\/\/yumicos.com\/wp-content\/uploads\/2025\/01\/shiwuzhanshi.jpg\" alt=\"\" width=\"790\" height=\"92\" srcset=\"https:\/\/yumicos.com\/wp-content\/uploads\/2025\/01\/shiwuzhanshi.jpg 790w, https:\/\/yumicos.com\/wp-content\/uploads\/2025\/01\/shiwuzhanshi-300x35.jpg 300w, https:\/\/yumicos.com\/wp-content\/uploads\/2025\/01\/shiwuzhanshi-768x89.jpg 768w, https:\/\/yumicos.com\/wp-content\/uploads\/2025\/01\/shiwuzhanshi-600x70.jpg 600w\" sizes=\"(max-width: 790px) 100vw, 790px\" \/><\/p>\n<p style=\"text-align: left;\"><img decoding=\"async\" class=\"wp-image-284 alignnone\" src=\"https:\/\/yumicos.com\/wp-content\/uploads\/2025\/01\/1-1.jpg\" alt=\"\" width=\"1024\" height=\"1167\" srcset=\"https:\/\/yumicos.com\/wp-content\/uploads\/2025\/01\/1-1.jpg 1000w, https:\/\/yumicos.com\/wp-content\/uploads\/2025\/01\/1-1-263x300.jpg 263w, https:\/\/yumicos.com\/wp-content\/uploads\/2025\/01\/1-1-898x1024.jpg 898w, https:\/\/yumicos.com\/wp-content\/uploads\/2025\/01\/1-1-768x876.jpg 768w, https:\/\/yumicos.com\/wp-content\/uploads\/2025\/01\/1-1-600x684.jpg 600w\" sizes=\"(max-width: 1024px) 100vw, 1024px\" \/><\/p>\n<p style=\"text-align: left;\"><img loading=\"lazy\" decoding=\"async\" class=\"alignnone wp-image-286\" src=\"https:\/\/yumicos.com\/wp-content\/uploads\/2025\/01\/2-1.jpg\" alt=\"\" width=\"1024\" height=\"1167\" srcset=\"https:\/\/yumicos.com\/wp-content\/uploads\/2025\/01\/2-1.jpg 1000w, https:\/\/yumicos.com\/wp-content\/uploads\/2025\/01\/2-1-263x300.jpg 263w, https:\/\/yumicos.com\/wp-content\/uploads\/2025\/01\/2-1-898x1024.jpg 898w, https:\/\/yumicos.com\/wp-content\/uploads\/2025\/01\/2-1-768x876.jpg 768w, https:\/\/yumicos.com\/wp-content\/uploads\/2025\/01\/2-1-600x684.jpg 600w\" sizes=\"(max-width: 1024px) 100vw, 1024px\" \/><\/p>\n<p style=\"text-align: left;\"><img loading=\"lazy\" decoding=\"async\" class=\"size-full wp-image-287 alignleft\" src=\"https:\/\/yumicos.com\/wp-content\/uploads\/2025\/01\/xijie.jpg\" alt=\"\" width=\"790\" height=\"92\" srcset=\"https:\/\/yumicos.com\/wp-content\/uploads\/2025\/01\/xijie.jpg 790w, https:\/\/yumicos.com\/wp-content\/uploads\/2025\/01\/xijie-300x35.jpg 300w, https:\/\/yumicos.com\/wp-content\/uploads\/2025\/01\/xijie-768x89.jpg 768w, https:\/\/yumicos.com\/wp-content\/uploads\/2025\/01\/xijie-600x70.jpg 600w\" sizes=\"(max-width: 790px) 100vw, 790px\" \/><\/p>\n<p style=\"text-align: left;\"><img loading=\"lazy\" decoding=\"async\" class=\"wp-image-289 alignnone\" src=\"https:\/\/yumicos.com\/wp-content\/uploads\/2025\/01\/5-1.jpg\" alt=\"\" width=\"1024\" height=\"1387\" srcset=\"https:\/\/yumicos.com\/wp-content\/uploads\/2025\/01\/5-1.jpg 1417w, https:\/\/yumicos.com\/wp-content\/uploads\/2025\/01\/5-1-221x300.jpg 221w, https:\/\/yumicos.com\/wp-content\/uploads\/2025\/01\/5-1-756x1024.jpg 756w, https:\/\/yumicos.com\/wp-content\/uploads\/2025\/01\/5-1-768x1041.jpg 768w, https:\/\/yumicos.com\/wp-content\/uploads\/2025\/01\/5-1-1134x1536.jpg 1134w, https:\/\/yumicos.com\/wp-content\/uploads\/2025\/01\/5-1-600x813.jpg 600w\" sizes=\"(max-width: 1024px) 100vw, 1024px\" \/><\/p>\n<p style=\"text-align: left;\"><img loading=\"lazy\" decoding=\"async\" class=\"alignnone size-large wp-image-290\" src=\"https:\/\/yumicos.com\/wp-content\/uploads\/2025\/01\/7-1-1024x1024.jpg\" alt=\"\" width=\"1024\" height=\"1024\" srcset=\"https:\/\/yumicos.com\/wp-content\/uploads\/2025\/01\/7-1-1024x1024.jpg 1024w, https:\/\/yumicos.com\/wp-content\/uploads\/2025\/01\/7-1-300x300.jpg 300w, https:\/\/yumicos.com\/wp-content\/uploads\/2025\/01\/7-1-150x150.jpg 150w, https:\/\/yumicos.com\/wp-content\/uploads\/2025\/01\/7-1-768x768.jpg 768w, https:\/\/yumicos.com\/wp-content\/uploads\/2025\/01\/7-1-1536x1536.jpg 1536w, https:\/\/yumicos.com\/wp-content\/uploads\/2025\/01\/7-1-600x600.jpg 600w, https:\/\/yumicos.com\/wp-content\/uploads\/2025\/01\/7-1-100x100.jpg 100w, https:\/\/yumicos.com\/wp-content\/uploads\/2025\/01\/7-1-50x50.jpg 50w, https:\/\/yumicos.com\/wp-content\/uploads\/2025\/01\/7-1.jpg 1920w\" sizes=\"(max-width: 1024px) 100vw, 1024px\" \/><\/p>\n<p style=\"text-align: left;\"><img loading=\"lazy\" decoding=\"async\" class=\"alignnone size-large wp-image-294\" src=\"https:\/\/yumicos.com\/wp-content\/uploads\/2025\/01\/11-2-1024x881.jpg\" alt=\"\" width=\"1024\" height=\"881\" srcset=\"https:\/\/yumicos.com\/wp-content\/uploads\/2025\/01\/11-2-1024x881.jpg 1024w, https:\/\/yumicos.com\/wp-content\/uploads\/2025\/01\/11-2-300x258.jpg 300w, https:\/\/yumicos.com\/wp-content\/uploads\/2025\/01\/11-2-768x661.jpg 768w, https:\/\/yumicos.com\/wp-content\/uploads\/2025\/01\/11-2-600x516.jpg 600w, https:\/\/yumicos.com\/wp-content\/uploads\/2025\/01\/11-2.jpg 1500w\" sizes=\"(max-width: 1024px) 100vw, 1024px\" \/><\/p>\n<p style=\"text-align: left;\"><img loading=\"lazy\" decoding=\"async\" class=\"alignnone size-large wp-image-295\" src=\"https:\/\/yumicos.com\/wp-content\/uploads\/2025\/01\/12-2-1024x1024.jpg\" alt=\"\" width=\"1024\" height=\"1024\" srcset=\"https:\/\/yumicos.com\/wp-content\/uploads\/2025\/01\/12-2-1024x1024.jpg 1024w, https:\/\/yumicos.com\/wp-content\/uploads\/2025\/01\/12-2-300x300.jpg 300w, https:\/\/yumicos.com\/wp-content\/uploads\/2025\/01\/12-2-150x150.jpg 150w, https:\/\/yumicos.com\/wp-content\/uploads\/2025\/01\/12-2-768x768.jpg 768w, https:\/\/yumicos.com\/wp-content\/uploads\/2025\/01\/12-2-1536x1536.jpg 1536w, https:\/\/yumicos.com\/wp-content\/uploads\/2025\/01\/12-2-600x600.jpg 600w, https:\/\/yumicos.com\/wp-content\/uploads\/2025\/01\/12-2-100x100.jpg 100w, https:\/\/yumicos.com\/wp-content\/uploads\/2025\/01\/12-2-50x50.jpg 50w, https:\/\/yumicos.com\/wp-content\/uploads\/2025\/01\/12-2.jpg 1920w\" sizes=\"(max-width: 1024px) 100vw, 1024px\" \/><\/p>\n<p style=\"text-align: left;\"><img loading=\"lazy\" decoding=\"async\" class=\"alignnone size-large wp-image-296\" src=\"https:\/\/yumicos.com\/wp-content\/uploads\/2025\/01\/13-1-1024x1024.jpg\" alt=\"\" width=\"1024\" height=\"1024\" srcset=\"https:\/\/yumicos.com\/wp-content\/uploads\/2025\/01\/13-1-1024x1024.jpg 1024w, https:\/\/yumicos.com\/wp-content\/uploads\/2025\/01\/13-1-300x300.jpg 300w, https:\/\/yumicos.com\/wp-content\/uploads\/2025\/01\/13-1-150x150.jpg 150w, https:\/\/yumicos.com\/wp-content\/uploads\/2025\/01\/13-1-768x768.jpg 768w, https:\/\/yumicos.com\/wp-content\/uploads\/2025\/01\/13-1-1536x1536.jpg 1536w, https:\/\/yumicos.com\/wp-content\/uploads\/2025\/01\/13-1-600x600.jpg 600w, https:\/\/yumicos.com\/wp-content\/uploads\/2025\/01\/13-1-100x100.jpg 100w, https:\/\/yumicos.com\/wp-content\/uploads\/2025\/01\/13-1-50x50.jpg 50w, https:\/\/yumicos.com\/wp-content\/uploads\/2025\/01\/13-1.jpg 1920w\" sizes=\"(max-width: 1024px) 100vw, 1024px\" \/><\/p>\n<p style=\"text-align: left;\"><img loading=\"lazy\" decoding=\"async\" class=\"alignnone size-large wp-image-297\" src=\"https:\/\/yumicos.com\/wp-content\/uploads\/2025\/01\/14-1-1024x1024.jpg\" alt=\"\" width=\"1024\" height=\"1024\" srcset=\"https:\/\/yumicos.com\/wp-content\/uploads\/2025\/01\/14-1-1024x1024.jpg 1024w, https:\/\/yumicos.com\/wp-content\/uploads\/2025\/01\/14-1-300x300.jpg 300w, https:\/\/yumicos.com\/wp-content\/uploads\/2025\/01\/14-1-150x150.jpg 150w, https:\/\/yumicos.com\/wp-content\/uploads\/2025\/01\/14-1-768x768.jpg 768w, https:\/\/yumicos.com\/wp-content\/uploads\/2025\/01\/14-1-1536x1536.jpg 1536w, https:\/\/yumicos.com\/wp-content\/uploads\/2025\/01\/14-1-600x600.jpg 600w, https:\/\/yumicos.com\/wp-content\/uploads\/2025\/01\/14-1-100x100.jpg 100w, https:\/\/yumicos.com\/wp-content\/uploads\/2025\/01\/14-1-50x50.jpg 50w, https:\/\/yumicos.com\/wp-content\/uploads\/2025\/01\/14-1.jpg 1920w\" sizes=\"(max-width: 1024px) 100vw, 1024px\" \/><\/p>\n<p style=\"text-align: left;\"><img loading=\"lazy\" decoding=\"async\" class=\"alignnone size-large wp-image-298\" src=\"https:\/\/yumicos.com\/wp-content\/uploads\/2025\/01\/15-1024x1024.jpg\" alt=\"\" width=\"1024\" height=\"1024\" srcset=\"https:\/\/yumicos.com\/wp-content\/uploads\/2025\/01\/15-1024x1024.jpg 1024w, https:\/\/yumicos.com\/wp-content\/uploads\/2025\/01\/15-300x300.jpg 300w, https:\/\/yumicos.com\/wp-content\/uploads\/2025\/01\/15-150x150.jpg 150w, https:\/\/yumicos.com\/wp-content\/uploads\/2025\/01\/15-768x768.jpg 768w, https:\/\/yumicos.com\/wp-content\/uploads\/2025\/01\/15-1536x1536.jpg 1536w, https:\/\/yumicos.com\/wp-content\/uploads\/2025\/01\/15-600x600.jpg 600w, https:\/\/yumicos.com\/wp-content\/uploads\/2025\/01\/15-100x100.jpg 100w, https:\/\/yumicos.com\/wp-content\/uploads\/2025\/01\/15-50x50.jpg 50w, https:\/\/yumicos.com\/wp-content\/uploads\/2025\/01\/15.jpg 1920w\" sizes=\"(max-width: 1024px) 100vw, 1024px\" \/><\/p>\n<p style=\"text-align: left;\"><img loading=\"lazy\" decoding=\"async\" class=\"alignnone size-large wp-image-299\" src=\"https:\/\/yumicos.com\/wp-content\/uploads\/2025\/01\/16-1024x1024.jpg\" alt=\"\" width=\"1024\" height=\"1024\" srcset=\"https:\/\/yumicos.com\/wp-content\/uploads\/2025\/01\/16-1024x1024.jpg 1024w, https:\/\/yumicos.com\/wp-content\/uploads\/2025\/01\/16-300x300.jpg 300w, https:\/\/yumicos.com\/wp-content\/uploads\/2025\/01\/16-150x150.jpg 150w, https:\/\/yumicos.com\/wp-content\/uploads\/2025\/01\/16-768x768.jpg 768w, https:\/\/yumicos.com\/wp-content\/uploads\/2025\/01\/16-1536x1536.jpg 1536w, https:\/\/yumicos.com\/wp-content\/uploads\/2025\/01\/16-600x600.jpg 600w, https:\/\/yumicos.com\/wp-content\/uploads\/2025\/01\/16-100x100.jpg 100w, https:\/\/yumicos.com\/wp-content\/uploads\/2025\/01\/16-50x50.jpg 50w, https:\/\/yumicos.com\/wp-content\/uploads\/2025\/01\/16.jpg 1920w\" sizes=\"(max-width: 1024px) 100vw, 1024px\" \/><\/p>\n<p style=\"text-align: left;\"><img loading=\"lazy\" decoding=\"async\" class=\"alignnone size-large wp-image-300\" src=\"https:\/\/yumicos.com\/wp-content\/uploads\/2025\/01\/17-1024x1024.jpg\" alt=\"\" width=\"1024\" height=\"1024\" srcset=\"https:\/\/yumicos.com\/wp-content\/uploads\/2025\/01\/17-1024x1024.jpg 1024w, https:\/\/yumicos.com\/wp-content\/uploads\/2025\/01\/17-300x300.jpg 300w, https:\/\/yumicos.com\/wp-content\/uploads\/2025\/01\/17-150x150.jpg 150w, https:\/\/yumicos.com\/wp-content\/uploads\/2025\/01\/17-768x768.jpg 768w, https:\/\/yumicos.com\/wp-content\/uploads\/2025\/01\/17-1536x1536.jpg 1536w, https:\/\/yumicos.com\/wp-content\/uploads\/2025\/01\/17-600x600.jpg 600w, https:\/\/yumicos.com\/wp-content\/uploads\/2025\/01\/17-100x100.jpg 100w, https:\/\/yumicos.com\/wp-content\/uploads\/2025\/01\/17-50x50.jpg 50w, https:\/\/yumicos.com\/wp-content\/uploads\/2025\/01\/17.jpg 1920w\" sizes=\"(max-width: 1024px) 100vw, 1024px\" \/><\/p>\n<p><img loading=\"lazy\" decoding=\"async\" class=\"alignnone wp-image-301 alignleft\" src=\"https:\/\/yumicos.com\/wp-content\/uploads\/2025\/01\/18-1024x1024.jpg\" alt=\"\" width=\"1024\" height=\"1024\" srcset=\"https:\/\/yumicos.com\/wp-content\/uploads\/2025\/01\/18-1024x1024.jpg 1024w, https:\/\/yumicos.com\/wp-content\/uploads\/2025\/01\/18-300x300.jpg 300w, https:\/\/yumicos.com\/wp-content\/uploads\/2025\/01\/18-150x150.jpg 150w, https:\/\/yumicos.com\/wp-content\/uploads\/2025\/01\/18-768x768.jpg 768w, https:\/\/yumicos.com\/wp-content\/uploads\/2025\/01\/18-1536x1536.jpg 1536w, https:\/\/yumicos.com\/wp-content\/uploads\/2025\/01\/18-600x600.jpg 600w, https:\/\/yumicos.com\/wp-content\/uploads\/2025\/01\/18-100x100.jpg 100w, https:\/\/yumicos.com\/wp-content\/uploads\/2025\/01\/18-50x50.jpg 50w, https:\/\/yumicos.com\/wp-content\/uploads\/2025\/01\/18.jpg 1920w\" sizes=\"(max-width: 1024px) 100vw, 1024px\" \/><\/p>\n","protected":false},"excerpt":{"rendered":"<p>Da vida a la elegancia de Fugue Tingyun de Honkai: Star Rail con este disfraz de cosplay meticulosamente elaborado. Hecho con materiales de alta calidad, este traje cuenta con detalles intrincados y un ajuste perfecto, por lo que es ideal para eventos de cosplay, sesiones de fotos y convenciones.<\/p>\n","protected":false},"featured_media":7026,"comment_status":"open","ping_status":"closed","template":"","meta":{"_acf_changed":false,"_monsterinsights_skip_tracking":false,"_monsterinsights_sitenote_active":false,"_monsterinsights_sitenote_note":"","_monsterinsights_sitenote_category":0,"site-sidebar-layout":"default","site-content-layout":"","ast-site-content-layout":"default","site-content-style":"default","site-sidebar-style":"default","ast-global-header-display":"","ast-banner-title-visibility":"","ast-main-header-display":"","ast-hfb-above-header-display":"","ast-hfb-below-header-display":"","ast-hfb-mobile-header-display":"","site-post-title":"","ast-breadcrumbs-content":"","ast-featured-img":"","footer-sml-layout":"","theme-transparent-header-meta":"default","adv-header-id-meta":"","stick-header-meta":"default","header-above-stick-meta":"","header-main-stick-meta":"","header-below-stick-meta":"","astra-migrate-meta-layouts":"default","ast-page-background-enabled":"default","ast-page-background-meta":{"desktop":{"background-color":"var(--ast-global-color-4)","background-image":"","background-repeat":"repeat","background-position":"center center","background-size":"auto","background-attachment":"scroll","background-type":"","background-media":"","overlay-type":"","overlay-color":"","overlay-opacity":"","overlay-gradient":""},"tablet":{"background-color":"","background-image":"","background-repeat":"repeat","background-position":"center center","background-size":"auto","background-attachment":"scroll","background-type":"","background-media":"","overlay-type":"","overlay-color":"","overlay-opacity":"","overlay-gradient":""},"mobile":{"background-color":"","background-image":"","background-repeat":"repeat","background-position":"center center","background-size":"auto","background-attachment":"scroll","background-type":"","background-media":"","overlay-type":"","overlay-color":"","overlay-opacity":"","overlay-gradient":""}},"ast-content-background-meta":{"desktop":{"background-color":"var(--ast-global-color-5)","background-image":"","background-repeat":"repeat","background-position":"center center","background-size":"auto","background-attachment":"scroll","background-type":"","background-media":"","overlay-type":"","overlay-color":"","overlay-opacity":"","overlay-gradient":""},"tablet":{"background-color":"var(--ast-global-color-5)","background-image":"","background-repeat":"repeat","background-position":"center center","background-size":"auto","background-attachment":"scroll","background-type":"","background-media":"","overlay-type":"","overlay-color":"","overlay-opacity":"","overlay-gradient":""},"mobile":{"background-color":"var(--ast-global-color-5)","background-image":"","background-repeat":"repeat","background-position":"center center","background-size":"auto","background-attachment":"scroll","background-type":"","background-media":"","overlay-type":"","overlay-color":"","overlay-opacity":"","overlay-gradient":""}}},"product_brand":[],"product_cat":[120],"product_tag":[],"class_list":{"0":"post-35457","1":"product","2":"type-product","3":"status-publish","4":"has-post-thumbnail","6":"product_cat-honkai-star-rail-cosplay","7":"desktop-align-left","8":"tablet-align-left","9":"mobile-align-left","10":"ast-product-gallery-layout-horizontal-slider","11":"ast-product-single-variable","12":"ast-product-tabs-layout-horizontal","14":"first","15":"instock","16":"sale","17":"purchasable","18":"product-type-variable"},"acf":[],"aioseo_notices":[],"_links":{"self":[{"href":"https:\/\/yumicos.com\/es\/wp-json\/wp\/v2\/product\/35457","targetHints":{"allow":["GET"]}}],"collection":[{"href":"https:\/\/yumicos.com\/es\/wp-json\/wp\/v2\/product"}],"about":[{"href":"https:\/\/yumicos.com\/es\/wp-json\/wp\/v2\/types\/product"}],"replies":[{"embeddable":true,"href":"https:\/\/yumicos.com\/es\/wp-json\/wp\/v2\/comments?post=35457"}],"wp:featuredmedia":[{"embeddable":true,"href":"https:\/\/yumicos.com\/es\/wp-json\/wp\/v2\/media\/7026"}],"wp:attachment":[{"href":"https:\/\/yumicos.com\/es\/wp-json\/wp\/v2\/media?parent=35457"}],"wp:term":[{"taxonomy":"product_brand","embeddable":true,"href":"https:\/\/yumicos.com\/es\/wp-json\/wp\/v2\/product_brand?post=35457"},{"taxonomy":"product_cat","embeddable":true,"href":"https:\/\/yumicos.com\/es\/wp-json\/wp\/v2\/product_cat?post=35457"},{"taxonomy":"product_tag","embeddable":true,"href":"https:\/\/yumicos.com\/es\/wp-json\/wp\/v2\/product_tag?post=35457"}],"curies":[{"name":"wp","href":"https:\/\/api.w.org\/{rel}","templated":true}]}}