{"id":34879,"date":"2025-02-07T13:13:18","date_gmt":"2025-02-07T13:13:18","guid":{"rendered":"https:\/\/yumicos.com\/product\/genshin-impact-klee-cosplay-shoes-zapatos-rojos-con-lazo-para-cosplay\/"},"modified":"2025-02-07T13:13:18","modified_gmt":"2025-02-07T13:13:18","slug":"klee-genshin-impact-cosplay-shoes","status":"publish","type":"product","link":"https:\/\/yumicos.com\/es\/product\/klee-genshin-impact-cosplay-shoes\/","title":{"rendered":"Genshin Impact Klee Cosplay Shoes &#8211; Zapatos rojos con lazo para Cosplay"},"content":{"rendered":"<div style=\"width: 100%;\">\n<p><strong>Nota: Los productos se enviar\u00e1n en un plazo de 7-10 d\u00edas.<\/strong><\/p>\n<p><strong>Fuente<\/strong>: <strong><a href=\"https:\/\/yumicos.com\/es\/product-category\/game-cosplay\/genshin-impact-cosplay\/\">Genshin Impact<\/a><\/strong><\/p>\n<p><strong>Personaje<\/strong>:Klee<\/p>\n<p><strong>Incluye<\/strong>: Zapatos<\/p>\n<p><strong>Tenga en cuenta:<\/strong><\/p>\n<ul>\n<li data-start=\"17\" data-end=\"132\">Los tama\u00f1os de los zapatos est\u00e1n en China Standard. Por favor, consulte la siguiente tabla de tallas para elegir la talla adecuada para usted.<\/li>\n<li data-start=\"133\" data-end=\"430\">Para los zapatos de tac\u00f3n alto, si la longitud del pie supera los 26,5 cm, se convertir\u00e1n en zapatos de tac\u00f3n bajo y requerir\u00e1n personalizaci\u00f3n.<\/li>\n<li data-start=\"133\" data-end=\"430\">No tendr\u00e1n el mismo aspecto que se muestra en las im\u00e1genes. Por favor, considere cuidadosamente antes de comprar si esto le importa. P\u00f3ngase en contacto con el servicio de atenci\u00f3n al cliente si tiene alguna duda.<\/li>\n<li data-start=\"431\" data-end=\"544\">Para zapatos de hombre con una longitud de pie superior a 26,5 cm, p\u00f3ngase en contacto con el servicio de atenci\u00f3n al cliente para personalizarlos.<\/li>\n<\/ul>\n<table style=\"height: 50px;\" border=\"1px\">\n<tbody>\n<tr>\n<td style=\"width: 20px;\"><strong>Longitud del pie<\/strong><\/td>\n<td style=\"width: 20px;\"><strong>22 cm<\/strong><\/td>\n<td style=\"width: 20px;\"><strong>22.5 cm<\/strong><\/td>\n<td style=\"width: 20px;\"><strong>23cm<\/strong><\/td>\n<td style=\"width: 20px;\"><strong>23.5cm<\/strong><\/td>\n<td style=\"width: 20px;\"><strong>24cm<\/strong><\/td>\n<td style=\"width: 20px;\"><strong>24.5 cm<\/strong><\/td>\n<td style=\"width: 20px;\"><strong>25 cm<\/strong><\/td>\n<td style=\"width: 20px;\"><strong>25.5 cm<\/strong><\/td>\n<td style=\"width: 20px;\"><strong>26 cm<\/strong><\/td>\n<td style=\"width: 20px;\"><strong>26.5 cm<\/strong><\/td>\n<\/tr>\n<tr>\n<td style=\"width: 20px;\"><strong>Talla US<\/strong><\/td>\n<td style=\"width: 20px;\">4.5<\/td>\n<td style=\"width: 20px;\">5<\/td>\n<td style=\"width: 20px;\">6<\/td>\n<td style=\"width: 20px;\">6.5<\/td>\n<td style=\"width: 20px;\">7.5<\/td>\n<td style=\"width: 20px;\">8.5<\/td>\n<td style=\"width: 20px;\">9.5<\/td>\n<td style=\"width: 20px;\">10<\/td>\n<td style=\"width: 20px;\">10.5<\/td>\n<td style=\"width: 20px;\">11<\/td>\n<\/tr>\n<tr>\n<td style=\"width: 20px;\"><strong>Talla UK<\/strong><\/td>\n<td style=\"width: 20px;\">2<\/td>\n<td style=\"width: 20px;\">2.5<\/td>\n<td style=\"width: 20px;\">3.5<\/td>\n<td style=\"width: 20px;\">4<\/td>\n<td style=\"width: 20px;\">5<\/td>\n<td style=\"width: 20px;\">6<\/td>\n<td style=\"width: 20px;\">7<\/td>\n<td style=\"width: 20px;\">7.5<\/td>\n<td style=\"width: 20px;\">8<\/td>\n<td style=\"width: 20px;\">8.5<\/td>\n<\/tr>\n<tr>\n<td style=\"width: 20px;\"><strong>China Tama\u00f1o<\/strong><\/td>\n<td style=\"width: 20px;\">34<\/td>\n<td style=\"width: 20px;\">35<\/td>\n<td style=\"width: 20px;\">36<\/td>\n<td style=\"width: 20px;\">37<\/td>\n<td style=\"width: 20px;\">38<\/td>\n<td style=\"width: 20px;\">39<\/td>\n<td style=\"width: 20px;\">40<\/td>\n<td style=\"width: 20px;\">41<\/td>\n<td style=\"width: 20px;\">42<\/td>\n<td style=\"width: 20px;\">43<\/td>\n<\/tr>\n<\/tbody>\n<\/table>\n<\/div>\n","protected":false},"excerpt":{"rendered":"<p>Estos <strong>zapatos de cosplay<\/strong> de Klee est\u00e1n dise\u00f1ados para ofrecer comodidad y estilo con un bonito detalle de lazo. Perfectos para completar tu cosplay de <strong>Genshin Impact Klee<\/strong> Disponible ahora para su pr\u00f3ximo evento cosplay o sesi\u00f3n de fotos.<\/p>\n","protected":false},"featured_media":7906,"comment_status":"open","ping_status":"closed","template":"","meta":{"_acf_changed":false,"_monsterinsights_skip_tracking":false,"_monsterinsights_sitenote_active":false,"_monsterinsights_sitenote_note":"","_monsterinsights_sitenote_category":0,"site-sidebar-layout":"default","site-content-layout":"","ast-site-content-layout":"default","site-content-style":"default","site-sidebar-style":"default","ast-global-header-display":"","ast-banner-title-visibility":"","ast-main-header-display":"","ast-hfb-above-header-display":"","ast-hfb-below-header-display":"","ast-hfb-mobile-header-display":"","site-post-title":"","ast-breadcrumbs-content":"","ast-featured-img":"","footer-sml-layout":"","theme-transparent-header-meta":"default","adv-header-id-meta":"","stick-header-meta":"default","header-above-stick-meta":"","header-main-stick-meta":"","header-below-stick-meta":"","astra-migrate-meta-layouts":"default","ast-page-background-enabled":"default","ast-page-background-meta":{"desktop":{"background-color":"var(--ast-global-color-4)","background-image":"","background-repeat":"repeat","background-position":"center center","background-size":"auto","background-attachment":"scroll","background-type":"","background-media":"","overlay-type":"","overlay-color":"","overlay-opacity":"","overlay-gradient":""},"tablet":{"background-color":"","background-image":"","background-repeat":"repeat","background-position":"center center","background-size":"auto","background-attachment":"scroll","background-type":"","background-media":"","overlay-type":"","overlay-color":"","overlay-opacity":"","overlay-gradient":""},"mobile":{"background-color":"","background-image":"","background-repeat":"repeat","background-position":"center center","background-size":"auto","background-attachment":"scroll","background-type":"","background-media":"","overlay-type":"","overlay-color":"","overlay-opacity":"","overlay-gradient":""}},"ast-content-background-meta":{"desktop":{"background-color":"var(--ast-global-color-5)","background-image":"","background-repeat":"repeat","background-position":"center center","background-size":"auto","background-attachment":"scroll","background-type":"","background-media":"","overlay-type":"","overlay-color":"","overlay-opacity":"","overlay-gradient":""},"tablet":{"background-color":"var(--ast-global-color-5)","background-image":"","background-repeat":"repeat","background-position":"center center","background-size":"auto","background-attachment":"scroll","background-type":"","background-media":"","overlay-type":"","overlay-color":"","overlay-opacity":"","overlay-gradient":""},"mobile":{"background-color":"var(--ast-global-color-5)","background-image":"","background-repeat":"repeat","background-position":"center center","background-size":"auto","background-attachment":"scroll","background-type":"","background-media":"","overlay-type":"","overlay-color":"","overlay-opacity":"","overlay-gradient":""}}},"product_brand":[],"product_cat":[184],"product_tag":[],"class_list":{"0":"post-34879","1":"product","2":"type-product","3":"status-publish","4":"has-post-thumbnail","6":"product_cat-genshin-impact-cosplay","7":"desktop-align-left","8":"tablet-align-left","9":"mobile-align-left","10":"ast-product-gallery-layout-horizontal-slider","11":"ast-product-gallery-with-no-image","12":"ast-product-single-variable","13":"ast-product-tabs-layout-horizontal","15":"first","16":"instock","17":"purchasable","18":"product-type-variable"},"acf":[],"aioseo_notices":[],"_links":{"self":[{"href":"https:\/\/yumicos.com\/es\/wp-json\/wp\/v2\/product\/34879","targetHints":{"allow":["GET"]}}],"collection":[{"href":"https:\/\/yumicos.com\/es\/wp-json\/wp\/v2\/product"}],"about":[{"href":"https:\/\/yumicos.com\/es\/wp-json\/wp\/v2\/types\/product"}],"replies":[{"embeddable":true,"href":"https:\/\/yumicos.com\/es\/wp-json\/wp\/v2\/comments?post=34879"}],"wp:featuredmedia":[{"embeddable":true,"href":"https:\/\/yumicos.com\/es\/wp-json\/wp\/v2\/media\/7906"}],"wp:attachment":[{"href":"https:\/\/yumicos.com\/es\/wp-json\/wp\/v2\/media?parent=34879"}],"wp:term":[{"taxonomy":"product_brand","embeddable":true,"href":"https:\/\/yumicos.com\/es\/wp-json\/wp\/v2\/product_brand?post=34879"},{"taxonomy":"product_cat","embeddable":true,"href":"https:\/\/yumicos.com\/es\/wp-json\/wp\/v2\/product_cat?post=34879"},{"taxonomy":"product_tag","embeddable":true,"href":"https:\/\/yumicos.com\/es\/wp-json\/wp\/v2\/product_tag?post=34879"}],"curies":[{"name":"wp","href":"https:\/\/api.w.org\/{rel}","templated":true}]}}